{"id":1954,"date":"2022-05-31T11:54:22","date_gmt":"2022-05-31T09:54:22","guid":{"rendered":"https:\/\/aupair.mondoit.de\/?page_id=1954"},"modified":"2024-12-24T10:37:20","modified_gmt":"2024-12-24T09:37:20","slug":"voici-comment-ca-marche-pour-les-agences","status":"publish","type":"page","link":"https:\/\/aupairscout.com\/fr\/voici-comment-ca-marche-pour-les-agences\/","title":{"rendered":"Agenturen So funktioniert\u2019s"},"content":{"rendered":"<div id=\"pagehead\" class=\"wp-block-group has-global-padding is-layout-constrained wp-block-group-is-layout-constrained\">\n<div class=\"wp-block-columns is-layout-flex wp-container-core-columns-is-layout-28f84493 wp-block-columns-is-layout-flex\">\n<div class=\"wp-block-column is-layout-flow wp-block-column-is-layout-flow\">\n<figure class=\"wp-block-image size-large\"><img loading=\"lazy\" decoding=\"async\" width=\"1024\" height=\"672\" src=\"https:\/\/aupairscout.com\/wp-content\/uploads\/2023\/09\/Registrierung-Agentur-1024x672.jpg\" alt=\"Au-pair Scout peut \u00eatre utilis\u00e9 par les agences comme plateforme au pair : inscrivez-vous, devenez membre, pr\u00e9sentez vos propres au pairs.\" class=\"wp-image-4382\" srcset=\"https:\/\/aupairscout.com\/wp-content\/uploads\/2023\/09\/Registrierung-Agentur-1024x672.jpg 1024w, https:\/\/aupairscout.com\/wp-content\/uploads\/2023\/09\/Registrierung-Agentur-300x197.jpg 300w, https:\/\/aupairscout.com\/wp-content\/uploads\/2023\/09\/Registrierung-Agentur-768x504.jpg 768w, https:\/\/aupairscout.com\/wp-content\/uploads\/2023\/09\/Registrierung-Agentur-18x12.jpg 18w, https:\/\/aupairscout.com\/wp-content\/uploads\/2023\/09\/Registrierung-Agentur.jpg 1280w\" sizes=\"auto, (max-width: 1024px) 100vw, 1024px\" \/><\/figure>\n<\/div>\n\n\n\n<div class=\"wp-block-column is-layout-flow wp-block-column-is-layout-flow\">\n<h2 class=\"wp-block-heading\">Plateforme Au Pair \u2013 voici comment \u00e7a marche pour les agences : Inscription \u00e0 l&#039;agence en 5 \u00e9tapes.<\/h2>\n\n\n\n<p>Ici, vous avez la possibilit\u00e9 de vous inscrire en tant qu&#039;agence au pair et de vous pr\u00e9senter en ligne dans le monde entier avec une adh\u00e9sion. Vous pouvez l&#039;utiliser pour inscrire vos propres jeunes au pair ou communiquer avec des jeunes au pair, des familles d&#039;accueil et des agences demandeurs. Suivez simplement les 5 \u00e9tapes ci-dessous.<\/p>\n<\/div>\n<\/div>\n<\/div>\n\n\n\n<section class=\"wp-block-group near has-global-padding is-layout-constrained wp-block-group-is-layout-constrained\">\n<div class=\"wp-block-getwid-accordion has-icon-left\" data-active-element=\"0\">\n<div class=\"wp-block-getwid-accordion__header-wrapper\"><span class=\"wp-block-getwid-accordion__header\"><a href=\"#\"><span class=\"wp-block-getwid-accordion__header-title\">Inscription<\/span><span class=\"wp-block-getwid-accordion__icon is-active\"><i class=\"\"><\/i><\/span><span class=\"wp-block-getwid-accordion__icon is-passive\"><i class=\"\"><\/i><\/span><\/a><\/span><\/div><div class=\"wp-block-getwid-accordion__content-wrapper\"><div class=\"wp-block-getwid-accordion__content\">\n<p>Souhaitez-vous trouver des filles au pair et des familles d&#039;accueil dans le monde entier en tant qu&#039;agence et placer vos propres filles au pair dans notre galerie ? Alors inscrivez-vous sur notre site en remplissant le questionnaire de mani\u00e8re compl\u00e8te et v\u00e9ridique.<\/p>\n\n\n\n<p>Ajoutez une jolie photo et le logo de votre agence (sans coordonn\u00e9es) et pr\u00e9sentez-vous aux au pairs, familles d&#039;accueil et autres agences.<\/p>\n\n\n\n<p>Une fois votre inscription termin\u00e9e, vous recevrez votre num\u00e9ro de profil et les d\u00e9tails de votre inscription par email. Nous publierons les coordonn\u00e9es de votre agence afin que chacun puisse vous trouver et vous contacter.<\/p>\n<\/div><\/div>\n\n\n\n<div class=\"wp-block-getwid-accordion__header-wrapper\"><span class=\"wp-block-getwid-accordion__header\"><a href=\"#\"><span class=\"wp-block-getwid-accordion__header-title\">Activation<\/span><span class=\"wp-block-getwid-accordion__icon is-active\"><i class=\"\"><\/i><\/span><span class=\"wp-block-getwid-accordion__icon is-passive\"><i class=\"\"><\/i><\/span><\/a><\/span><\/div><div class=\"wp-block-getwid-accordion__content-wrapper\"><div class=\"wp-block-getwid-accordion__content\">\n<p>Apr\u00e8s avoir re\u00e7u votre profil, nous le v\u00e9rifierons et l&#039;activerons avec votre ABONNEMENT dans les 24 \u00e0 48 heures - s&#039;il n&#039;y a aucune question de notre part.<\/p>\n<\/div><\/div>\n\n\n\n<div class=\"wp-block-getwid-accordion__header-wrapper\"><span class=\"wp-block-getwid-accordion__header\"><a href=\"#\"><span class=\"wp-block-getwid-accordion__header-title\">Rechercher et trouver<\/span><span class=\"wp-block-getwid-accordion__icon is-active\"><i class=\"\"><\/i><\/span><span class=\"wp-block-getwid-accordion__icon is-passive\"><i class=\"\"><\/i><\/span><\/a><\/span><\/div><div class=\"wp-block-getwid-accordion__content-wrapper\"><div class=\"wp-block-getwid-accordion__content\">\n<p>Apr\u00e8s votre inscription gratuite, vous avez la possibilit\u00e9 d&#039;acheter l&#039;un des 3 abonnements propos\u00e9s qui ne diff\u00e8rent que par leur dur\u00e9e.<\/p>\n\n\n\n<p>Vous pouvez d\u00e9sormais \u2013 quand vous le souhaitez \u2013 parcourir notre galerie au pair et famille constamment mise \u00e0 jour ou utiliser notre recherche pratique au pair et famille et contacter les au pairs et les familles d&#039;accueil qui vous int\u00e9ressent d&#039;un simple clic de souris.<\/p>\n<\/div><\/div>\n\n\n\n<div class=\"wp-block-getwid-accordion__header-wrapper\"><span class=\"wp-block-getwid-accordion__header\"><a href=\"#\"><span class=\"wp-block-getwid-accordion__header-title\">Discuter<\/span><span class=\"wp-block-getwid-accordion__icon is-active\"><i class=\"\"><\/i><\/span><span class=\"wp-block-getwid-accordion__icon is-passive\"><i class=\"\"><\/i><\/span><\/a><\/span><\/div><div class=\"wp-block-getwid-accordion__content-wrapper\"><div class=\"wp-block-getwid-accordion__content\">\n<p>Vous pouvez contacter les jeunes au pair, les familles d&#039;accueil et les agences via chat, \u00e9changer de nombreuses id\u00e9es avec eux et apprendre \u00e0 les conna\u00eetre, ce qui vous permettra d&#039;exprimer votre s\u00e9rieux int\u00e9r\u00eat. Bien entendu, vous pouvez communiquer avec plusieurs familles d&#039;accueil pour lesquelles vous avez une famille d&#039;accueil adapt\u00e9e ou avec plusieurs familles d&#039;accueil pour lesquelles vous avez une famille d&#039;accueil adapt\u00e9e avant de prendre une d\u00e9cision finale.<\/p>\n<\/div><\/div>\n\n\n\n<div class=\"wp-block-getwid-accordion__header-wrapper\"><span class=\"wp-block-getwid-accordion__header\"><a href=\"#\"><span class=\"wp-block-getwid-accordion__header-title\">La m\u00e9diation<\/span><span class=\"wp-block-getwid-accordion__icon is-active\"><i class=\"\"><\/i><\/span><span class=\"wp-block-getwid-accordion__icon is-passive\"><i class=\"\"><\/i><\/span><\/a><\/span><\/div><div class=\"wp-block-getwid-accordion__content-wrapper\"><div class=\"wp-block-getwid-accordion__content\">\n<p>Avez-vous trouv\u00e9 une fille au pair pour une famille d&#039;accueil ou une famille d&#039;accueil pour votre au pair ? Ensuite, organisez tout le reste en agence.<\/p>\n<\/div><\/div>\n<\/div>\n\n\n\n<div class=\"wp-block-group aupair is-layout-flow wp-block-group-is-layout-flow\">\n<div class=\"wp-block-buttons is-layout-flex wp-block-buttons-is-layout-flex\">\n<div class=\"wp-block-button CTA\"><a class=\"wp-block-button__link wp-element-button\" href=\"\/registrierung-als-agentur\/\">allons-y<\/a><\/div>\n<\/div>\n<\/div>\n<\/section>\n\n\n\n<section class=\"wp-block-group with-background has-global-padding is-layout-constrained wp-block-group-is-layout-constrained\">\n<h3 class=\"wp-block-heading\">Encore des questions ?<\/h3>\n\n\n\n<p>ENCORE DES QUESTIONS ? Si vous avez des questions, des probl\u00e8mes ou des suggestions, nous serons heureux de vous aider pendant les heures normales de bureau. Vous pouvez nous joindre par t\u00e9l\u00e9phone, email ou formulaire de contact. Nous avons dress\u00e9 une liste de questions et r\u00e9ponses, r\u00e9parties par domaine, dans la section \u00ab\u00a0Foire aux questions\u00a0\u00bb.<\/p>\n<\/section>","protected":false},"excerpt":{"rendered":"<p>Au-pair Plattform \u2013 so funktioniert\u2019s f\u00fcr Agenturen: In 5 Schritten zur Agentur-Registrierung. Hier haben Sie die M\u00f6glichkeit, sich als Au-pair Agentur zu registrieren und sich mit einer Mitgliedschaft online weltweit zu pr\u00e4sentieren. Sie k\u00f6nnen damit eigene Au-pairs registrieren oder mit anfragenden Au-pairs, Gastfamilien und Agenturen kommunizieren. Folgen Sie einfach den nachstehenden 5 Schritten.<\/p>","protected":false},"author":990158,"featured_media":0,"parent":0,"menu_order":0,"comment_status":"closed","ping_status":"closed","template":"","meta":{"footnotes":""},"class_list":["post-1954","page","type-page","status-publish","hentry"],"_links":{"self":[{"href":"https:\/\/aupairscout.com\/fr\/wp-json\/wp\/v2\/pages\/1954","targetHints":{"allow":["GET"]}}],"collection":[{"href":"https:\/\/aupairscout.com\/fr\/wp-json\/wp\/v2\/pages"}],"about":[{"href":"https:\/\/aupairscout.com\/fr\/wp-json\/wp\/v2\/types\/page"}],"author":[{"embeddable":true,"href":"https:\/\/aupairscout.com\/fr\/wp-json\/wp\/v2\/users\/990158"}],"replies":[{"embeddable":true,"href":"https:\/\/aupairscout.com\/fr\/wp-json\/wp\/v2\/comments?post=1954"}],"version-history":[{"count":16,"href":"https:\/\/aupairscout.com\/fr\/wp-json\/wp\/v2\/pages\/1954\/revisions"}],"predecessor-version":[{"id":6522,"href":"https:\/\/aupairscout.com\/fr\/wp-json\/wp\/v2\/pages\/1954\/revisions\/6522"}],"wp:attachment":[{"href":"https:\/\/aupairscout.com\/fr\/wp-json\/wp\/v2\/media?parent=1954"}],"curies":[{"name":"wp","href":"https:\/\/api.w.org\/{rel}","templated":true}]}}