{"id":1734,"date":"2022-05-30T13:31:59","date_gmt":"2022-05-30T11:31:59","guid":{"rendered":"https:\/\/aupair.mondoit.de\/?page_id=1734"},"modified":"2024-11-27T23:05:35","modified_gmt":"2024-11-27T22:05:35","slug":"voici-comment-ca-marche-pour-les-au-pairs","status":"publish","type":"page","link":"https:\/\/aupairscout.com\/fr\/voici-comment-ca-marche-pour-les-au-pairs\/","title":{"rendered":"Au-pair so funktioniert\u2019s"},"content":{"rendered":"<div id=\"pagehead\" class=\"wp-block-group has-global-padding is-layout-constrained wp-block-group-is-layout-constrained\">\n<div class=\"wp-block-columns is-layout-flex wp-container-core-columns-is-layout-28f84493 wp-block-columns-is-layout-flex\">\n<div class=\"wp-block-column is-layout-flow wp-block-column-is-layout-flow\">\n<figure class=\"wp-block-image size-large is-resized\"><img loading=\"lazy\" decoding=\"async\" width=\"1024\" height=\"672\" src=\"https:\/\/aupairscout.com\/wp-content\/uploads\/2023\/09\/Registrierung-Au-Pair-1024x672.jpg\" alt=\"Organisez des familles d&#039;accueil pour les jeunes au pair via ce site Web\" class=\"wp-image-4256\" style=\"aspect-ratio:1.5238095238095237;width:404px;height:auto\" srcset=\"https:\/\/aupairscout.com\/wp-content\/uploads\/2023\/09\/Registrierung-Au-Pair-1024x672.jpg 1024w, https:\/\/aupairscout.com\/wp-content\/uploads\/2023\/09\/Registrierung-Au-Pair-300x197.jpg 300w, https:\/\/aupairscout.com\/wp-content\/uploads\/2023\/09\/Registrierung-Au-Pair-768x504.jpg 768w, https:\/\/aupairscout.com\/wp-content\/uploads\/2023\/09\/Registrierung-Au-Pair-18x12.jpg 18w, https:\/\/aupairscout.com\/wp-content\/uploads\/2023\/09\/Registrierung-Au-Pair.jpg 1280w\" sizes=\"auto, (max-width: 1024px) 100vw, 1024px\" \/><\/figure>\n<\/div>\n\n\n\n<div class=\"wp-block-column is-layout-flow wp-block-column-is-layout-flow\">\n<h2 class=\"wp-block-heading\"><p class=\"MsoNormal\">Trouver une famille d&#039;accueil pour les jeunes au pair \u2013 en 5 \u00e9tapes<br>Je souhaite \u00e0 la famille <\/p><\/h2>\n\n\n\n<p>Ici, vous pouvez vous inscrire gratuitement comme Au Pair et trouver une nouvelle famille d&#039;accueil partout dans le monde. Veuillez d&#039;abord lire nos informations pour vous, puis commencer l&#039;inscription gratuite en suivant les 5 \u00e9tapes. Apr\u00e8s votre inscription, n&#039;oubliez pas de t\u00e9l\u00e9charger plus de photos et d&#039;albums\u00a0! Les agences ne peuvent pas inscrire les jeunes au pair ici. Ces profils sont automatiquement supprim\u00e9s. En tant qu&#039;agence, vous disposez de votre propre portail pour embaucher des jeunes au pair.<\/p>\n<\/div>\n<\/div>\n<\/div>\n\n\n\n<section class=\"wp-block-group near has-global-padding is-layout-constrained wp-block-group-is-layout-constrained\">\n<div class=\"wp-block-getwid-accordion has-icon-left\" data-active-element=\"0\">\n<div class=\"wp-block-getwid-accordion__header-wrapper\"><span class=\"wp-block-getwid-accordion__header\"><a href=\"#\"><span class=\"wp-block-getwid-accordion__header-title\">Inscription<\/span><span class=\"wp-block-getwid-accordion__icon is-active\"><i class=\"\"><\/i><\/span><span class=\"wp-block-getwid-accordion__icon is-passive\"><i class=\"\"><\/i><\/span><\/a><\/span><\/div><div class=\"wp-block-getwid-accordion__content-wrapper\"><div class=\"wp-block-getwid-accordion__content\">\n<p>L&#039;inscription et la recherche d&#039;une famille sont gratuites et sans engagement.<\/p>\n\n\n\n<p>Souhaitez-vous rejoindre une famille d&#039;accueil dans le monde entier en tant qu&#039;au pair et poss\u00e9der des comp\u00e9tences linguistiques suffisantes dans le pays s\u00e9lectionn\u00e9 ?<\/p>\n\n\n\n<p>Alors inscrivez-vous sur notre site en remplissant le questionnaire de mani\u00e8re compl\u00e8te et v\u00e9ridique.<\/p>\n\n\n\n<p>Ajoutez votre photo de profil, votre photo de couverture et d&#039;autres belles photos (pas de lunettes de soleil s&#039;il vous pla\u00eet), ainsi qu&#039;une jolie lettre \u00e0 la future famille d&#039;accueil - mais sans coordonn\u00e9es personnelles !<\/p>\n\n\n\n<p>D\u00e8s que vous aurez termin\u00e9 votre inscription, vous recevrez une copie de votre profil, votre num\u00e9ro de profil et vos d\u00e9tails d&#039;inscription par e-mail.<\/p>\n\n\n\n<p><strong>En aucun cas nous ne publierons vos coordonn\u00e9es personnelles.<\/strong><\/p>\n<\/div><\/div>\n\n\n\n<div class=\"wp-block-getwid-accordion__header-wrapper\"><span class=\"wp-block-getwid-accordion__header\"><a href=\"#\"><span class=\"wp-block-getwid-accordion__header-title\">Activation<\/span><span class=\"wp-block-getwid-accordion__icon is-active\"><i class=\"\"><\/i><\/span><span class=\"wp-block-getwid-accordion__icon is-passive\"><i class=\"\"><\/i><\/span><\/a><\/span><\/div><div class=\"wp-block-getwid-accordion__content-wrapper\"><div class=\"wp-block-getwid-accordion__content\">\n<p>Apr\u00e8s r\u00e9ception de votre profil, nous le v\u00e9rifierons et l&#039;activerons dans les 24 \u00e0 48 heures - si nous n&#039;avons aucune question de notre part.<\/p>\n<\/div><\/div>\n\n\n\n<div class=\"wp-block-getwid-accordion__header-wrapper\"><span class=\"wp-block-getwid-accordion__header\"><a href=\"#\"><span class=\"wp-block-getwid-accordion__header-title\">Rechercher et trouver<\/span><span class=\"wp-block-getwid-accordion__icon is-active\"><i class=\"\"><\/i><\/span><span class=\"wp-block-getwid-accordion__icon is-passive\"><i class=\"\"><\/i><\/span><\/a><\/span><\/div><div class=\"wp-block-getwid-accordion__content-wrapper\"><div class=\"wp-block-getwid-accordion__content\">\n<p>D\u00e8s que vous \u00eates activ\u00e9, vous pouvez vous connecter \u00e0 notre site et rechercher une famille d&#039;accueil et discuter. Votre profil appara\u00eet d\u00e9sormais dans la galerie et est \u00e9galement visible par les familles d&#039;accueil.<\/p>\n<\/div><\/div>\n\n\n\n<div class=\"wp-block-getwid-accordion__header-wrapper\"><span class=\"wp-block-getwid-accordion__header\"><a href=\"#\"><span class=\"wp-block-getwid-accordion__header-title\">Discuter<\/span><span class=\"wp-block-getwid-accordion__icon is-active\"><i class=\"\"><\/i><\/span><span class=\"wp-block-getwid-accordion__icon is-passive\"><i class=\"\"><\/i><\/span><\/a><\/span><\/div><div class=\"wp-block-getwid-accordion__content-wrapper\"><div class=\"wp-block-getwid-accordion__content\">\n<p>Vous pouvez contacter la famille de vos r\u00eaves via le chat, \u00e9changer de nombreuses id\u00e9es avec eux et apprendre \u00e0 les conna\u00eetre, ce qui vous permettra d&#039;exprimer votre int\u00e9r\u00eat s\u00e9rieux. Bien entendu, vous avez \u00e9galement la possibilit\u00e9 de communiquer avec d\u2019autres familles d\u2019accueil avant de prendre une d\u00e9cision finale. Nous avons rassembl\u00e9 des conseils pour faire connaissance dans votre espace personnel sous FAQ.<\/p>\n<\/div><\/div>\n\n\n\n<div class=\"wp-block-getwid-accordion__header-wrapper\"><span class=\"wp-block-getwid-accordion__header\"><a href=\"#\"><span class=\"wp-block-getwid-accordion__header-title\">La m\u00e9diation<\/span><span class=\"wp-block-getwid-accordion__icon is-active\"><i class=\"\"><\/i><\/span><span class=\"wp-block-getwid-accordion__icon is-passive\"><i class=\"\"><\/i><\/span><\/a><\/span><\/div><div class=\"wp-block-getwid-accordion__content-wrapper\"><div class=\"wp-block-getwid-accordion__content\">\n<p>Avez-vous opt\u00e9 pour une famille sympathique ?<\/p>\n\n\n\n<p>Ce n&#039;est qu&#039;alors que vous communiquez \u00e0 la famille vos coordonn\u00e9es personnelles, telles que votre adresse, etc., afin qu&#039;un contrat au pair puisse \u00eatre \u00e9tabli ensemble.<\/p>\n<\/div><\/div>\n<\/div>\n\n\n\n<div class=\"wp-block-group aupair is-layout-flow wp-block-group-is-layout-flow\">\n<div class=\"wp-block-buttons is-layout-flex wp-block-buttons-is-layout-flex\">\n<div class=\"wp-block-button CTA\"><a class=\"wp-block-button__link wp-element-button\" href=\"\/au-pair-registrierung\/\">allons-y<\/a><\/div>\n<\/div>\n<\/div>\n<\/section>\n\n\n\n<section class=\"wp-block-group with-background has-global-padding is-layout-constrained wp-block-group-is-layout-constrained\">\n<h3 class=\"wp-block-heading\">Encore des questions ?<\/h3>\n\n\n\n<p>ENCORE DES QUESTIONS ? Si vous avez des questions, des probl\u00e8mes ou des suggestions, nous serons heureux de vous aider pendant les heures normales de bureau. Vous pouvez nous joindre par t\u00e9l\u00e9phone, email ou formulaire de contact. Nous avons dress\u00e9 une liste de questions et r\u00e9ponses, r\u00e9parties par domaine, dans la section \u00ab\u00a0Foire aux questions\u00a0\u00bb.<\/p>\n<\/section>","protected":false},"excerpt":{"rendered":"<p>Gastfamilie vermitteln f\u00fcr Au-pairs \u2013 in 5 Schritten zurWunsch-Familie Hier kannst Du Dich als Au-pair kostenlos selbst registrieren und weltweit eine neue Gastfamilie finden. Lese bitte zuerst unsere Informationen f\u00fcr Dich und beginne dann mit der kostenlosen Registrierung, indem Du den 5 Schritten folgst. Nach der Registrierung bitte nicht vergessen, weitere Fotos und Alben hochzuladen! [&hellip;]<\/p>\n","protected":false},"author":990158,"featured_media":0,"parent":0,"menu_order":0,"comment_status":"closed","ping_status":"closed","template":"","meta":{"footnotes":""},"class_list":["post-1734","page","type-page","status-publish","hentry"],"_links":{"self":[{"href":"https:\/\/aupairscout.com\/fr\/wp-json\/wp\/v2\/pages\/1734","targetHints":{"allow":["GET"]}}],"collection":[{"href":"https:\/\/aupairscout.com\/fr\/wp-json\/wp\/v2\/pages"}],"about":[{"href":"https:\/\/aupairscout.com\/fr\/wp-json\/wp\/v2\/types\/page"}],"author":[{"embeddable":true,"href":"https:\/\/aupairscout.com\/fr\/wp-json\/wp\/v2\/users\/990158"}],"replies":[{"embeddable":true,"href":"https:\/\/aupairscout.com\/fr\/wp-json\/wp\/v2\/comments?post=1734"}],"version-history":[{"count":15,"href":"https:\/\/aupairscout.com\/fr\/wp-json\/wp\/v2\/pages\/1734\/revisions"}],"predecessor-version":[{"id":6473,"href":"https:\/\/aupairscout.com\/fr\/wp-json\/wp\/v2\/pages\/1734\/revisions\/6473"}],"wp:attachment":[{"href":"https:\/\/aupairscout.com\/fr\/wp-json\/wp\/v2\/media?parent=1734"}],"curies":[{"name":"wp","href":"https:\/\/api.w.org\/{rel}","templated":true}]}}