{"id":1693,"date":"2022-05-30T10:37:45","date_gmt":"2022-05-30T08:37:45","guid":{"rendered":"https:\/\/aupair.mondoit.de\/?page_id=1693"},"modified":"2025-09-24T18:24:05","modified_gmt":"2025-09-24T16:24:05","slug":"cest-comme-ca-que-ca-marche-pour-les-familles","status":"publish","type":"page","link":"https:\/\/aupairscout.com\/fr\/cest-comme-ca-que-ca-marche-pour-les-familles\/","title":{"rendered":"Familien so funktioniert\u2019s"},"content":{"rendered":"<div id=\"pagehead\" class=\"wp-block-group has-global-padding is-layout-constrained wp-block-group-is-layout-constrained\">\n<div class=\"wp-block-columns is-layout-flex wp-container-core-columns-is-layout-28f84493 wp-block-columns-is-layout-flex\">\n<div class=\"wp-block-column is-layout-flow wp-block-column-is-layout-flow\">\n<figure class=\"wp-block-image size-large\"><img loading=\"lazy\" decoding=\"async\" width=\"1024\" height=\"672\" src=\"https:\/\/aupairscout.com\/wp-content\/uploads\/2023\/09\/Registrierung-Familie-1024x672.jpg\" alt=\"Placement au pair pour familles d&#039;accueil \" class=\"wp-image-4257\" srcset=\"https:\/\/aupairscout.com\/wp-content\/uploads\/2023\/09\/Registrierung-Familie-1024x672.jpg 1024w, https:\/\/aupairscout.com\/wp-content\/uploads\/2023\/09\/Registrierung-Familie-300x197.jpg 300w, https:\/\/aupairscout.com\/wp-content\/uploads\/2023\/09\/Registrierung-Familie-768x504.jpg 768w, https:\/\/aupairscout.com\/wp-content\/uploads\/2023\/09\/Registrierung-Familie-18x12.jpg 18w, https:\/\/aupairscout.com\/wp-content\/uploads\/2023\/09\/Registrierung-Familie.jpg 1280w\" sizes=\"auto, (max-width: 1024px) 100vw, 1024px\" \/><\/figure>\n<\/div>\n\n\n\n<div class=\"wp-block-column is-layout-flow wp-block-column-is-layout-flow\">\n<h2 class=\"wp-block-heading\"><strong>Placement au pair pour familles d&#039;accueil <\/strong>&#8211; <strong>Devenez l&#039;au pair de vos r\u00eaves en 5 \u00e9tapes<\/strong><\/h2>\n\n\n\n<p>Ici, vous pouvez vous inscrire gratuitement en tant que famille d&#039;accueil et contacter les au pairs. L&#039;adh\u00e9sion vous permet de lire les r\u00e9ponses au pair et de communiquer davantage avec, de s\u00e9lectionner et finalement d&#039;inviter l&#039;au pair. Si vous ne parvenez pas \u00e0 cr\u00e9er vous-m\u00eame les documents d&#039;invitation, nous serons heureux de vous aider sous \u00ab\u00a0Service suppl\u00e9mentaire\u00a0\u00bb. Veuillez maintenant suivre les 5 \u00e9tapes ci-dessous. Apr\u00e8s votre inscription, n&#039;oubliez pas de t\u00e9l\u00e9charger des photos et des albums suppl\u00e9mentaires.<\/p>\n<\/div>\n<\/div>\n<\/div>\n\n\n\n<section class=\"wp-block-group near has-global-padding is-layout-constrained wp-block-group-is-layout-constrained\">\n<div class=\"wp-block-getwid-accordion has-icon-left\" data-active-element=\"0\">\n<div class=\"wp-block-getwid-accordion__header-wrapper\"><span class=\"wp-block-getwid-accordion__header\"><a href=\"#\"><span class=\"wp-block-getwid-accordion__header-title\">Inscription<\/span><span class=\"wp-block-getwid-accordion__icon is-active\"><i class=\"\"><\/i><\/span><span class=\"wp-block-getwid-accordion__icon is-passive\"><i class=\"\"><\/i><\/span><\/a><\/span><\/div><div class=\"wp-block-getwid-accordion__content-wrapper\"><div class=\"wp-block-getwid-accordion__content\">\n<p>Souhaitez-vous trouver une fille au pair en tant que famille d&#039;accueil ? L&#039;inscription est gratuite et sans engagement.<\/p>\n\n\n\n<p>Alors inscrivez-vous sur notre site en remplissant le questionnaire de mani\u00e8re compl\u00e8te et v\u00e9ridique.<\/p>\n\n\n\n<p>Ajoutez de belles photos de votre famille, de vous-m\u00eame, de vos enfants, de votre appartement\/maison\/environnement et de la future chambre du au pair, ainsi qu&#039;une jolie lettre au futur au pair, mais sans coordonn\u00e9es personnelles !<\/p>\n\n\n\n<p>D\u00e8s que vous aurez termin\u00e9 votre inscription, vous recevrez une copie de votre profil, votre num\u00e9ro de profil et vos d\u00e9tails d&#039;inscription par e-mail.<\/p>\n\n\n\n<p><strong>Vos Coordonn\u00e9es, nous en aucun Cas publier.<\/strong><\/p>\n<\/div><\/div>\n\n\n\n<div class=\"wp-block-getwid-accordion__header-wrapper\"><span class=\"wp-block-getwid-accordion__header\"><a href=\"#\"><span class=\"wp-block-getwid-accordion__header-title\">Activation<\/span><span class=\"wp-block-getwid-accordion__icon is-active\"><i class=\"\"><\/i><\/span><span class=\"wp-block-getwid-accordion__icon is-passive\"><i class=\"\"><\/i><\/span><\/a><\/span><\/div><div class=\"wp-block-getwid-accordion__content-wrapper\"><div class=\"wp-block-getwid-accordion__content\">\n<p>Une fois Votre Profil, nous allons l&#039;examiner dans un d\u00e9lai de 24 \u2013 48 Heures \u2013 si c&#039;est de notre part, pas de Questions, y a \u2013 d\u00e9bloquer.<\/p>\n<\/div><\/div>\n\n\n\n<div class=\"wp-block-getwid-accordion__header-wrapper\"><span class=\"wp-block-getwid-accordion__header\"><a href=\"#\"><span class=\"wp-block-getwid-accordion__header-title\">Rechercher et trouver<\/span><span class=\"wp-block-getwid-accordion__icon is-active\"><i class=\"\"><\/i><\/span><span class=\"wp-block-getwid-accordion__icon is-passive\"><i class=\"\"><\/i><\/span><\/a><\/span><\/div><div class=\"wp-block-getwid-accordion__content-wrapper\"><div class=\"wp-block-getwid-accordion__content\">\n<p>Apr\u00e8s votre inscription gratuite, vous avez la possibilit\u00e9 de choisir l&#039;une des 3 adh\u00e9sions propos\u00e9es, qui ne diff\u00e8rent que par leur dur\u00e9e.<\/p>\n\n\n\n<p>Vous pouvez d\u00e9sormais \u2013 quand vous le souhaitez \u2013 parcourir notre galerie au pair constamment mise \u00e0 jour ou utiliser notre recherche au pair pratique et contacter les au pairs appropri\u00e9s d&#039;un simple clic de souris.<\/p>\n\n\n\n<p><strong>Notre garantie pour les familles.<\/strong><\/p>\n\n\n\n<p>Chez nous, vous avez la possibilit\u00e9 de trouver vous-m\u00eame une fille au pair \u00e0 partir de 10 EUR par mois. Pour cela nous nous r\u00e9f\u00e9rons \u00e0 nos \u00ab tarifs d\u2019abonnement \u00bb. Vous avez trouv\u00e9 une fille au pair et souhaitez-vous que nous vous aidions \u00e0 trouver une fille au pair et \u00e0 lancer le processus pour vous ? Dans ce cas, nous vous rembourserons les frais d&#039;abonnement que vous avez d\u00e9j\u00e0 pay\u00e9s et les compenserons avec les frais de courtage applicables.<\/p>\n<\/div><\/div>\n\n\n\n<div class=\"wp-block-getwid-accordion__header-wrapper\"><span class=\"wp-block-getwid-accordion__header\"><a href=\"#\"><span class=\"wp-block-getwid-accordion__header-title\">Discuter<\/span><span class=\"wp-block-getwid-accordion__icon is-active\"><i class=\"\"><\/i><\/span><span class=\"wp-block-getwid-accordion__icon is-passive\"><i class=\"\"><\/i><\/span><\/a><\/span><\/div><div class=\"wp-block-getwid-accordion__content-wrapper\"><div class=\"wp-block-getwid-accordion__content\">\n<p>Vous d\u00e9sirez Au pair, Vous pouvez via le Chat en contact avec l&#039;Au pair largement d&#039;\u00e9changer et d&#039;apprendre \u00e0 conna\u00eetre, en Leur s\u00e9rieux Int\u00e9r\u00eat devraient. Bien s\u00fbr, Vous avez la Possibilit\u00e9, m\u00eame avec d&#039;autres jeunes filles Au pair de communiquer, avant de prendre une D\u00e9cision finale. Conseils pour la D\u00e9couverte de Phase, nous avons dans Votre espace personnel dans la rubrique FAQ compil\u00e9.<\/p>\n<\/div><\/div>\n\n\n\n<div class=\"wp-block-getwid-accordion__header-wrapper\"><span class=\"wp-block-getwid-accordion__header\"><a href=\"#\"><span class=\"wp-block-getwid-accordion__header-title\">La m\u00e9diation<\/span><span class=\"wp-block-getwid-accordion__icon is-active\"><i class=\"\"><\/i><\/span><span class=\"wp-block-getwid-accordion__icon is-passive\"><i class=\"\"><\/i><\/span><\/a><\/span><\/div><div class=\"wp-block-getwid-accordion__content-wrapper\"><div class=\"wp-block-getwid-accordion__content\">\n<p>Vous avez opt\u00e9 pour une fille au pair sympathique et celle-ci s&#039;int\u00e9resse \u00e0 votre famille. Alors, organisez tout le reste vous-m\u00eame ? Vous trouverez de plus amples informations sur la proc\u00e9dure sous \u00ab Questions fr\u00e9quemment pos\u00e9es \u00bb.<\/p>\n\n\n\n<p><strong>Notre garantie pour les familles.<\/strong><\/p>\n\n\n\n<p>Chez nous, vous avez la possibilit\u00e9 de trouver vous-m\u00eame une fille au pair \u00e0 partir de 10 EUR par mois. Pour cela nous nous r\u00e9f\u00e9rons \u00e0 nos \u00ab tarifs d\u2019abonnement \u00bb. Vous avez trouv\u00e9 une fille au pair et souhaitez-vous que nous vous aidions \u00e0 trouver une fille au pair et \u00e0 lancer le processus pour vous ? Dans ce cas, nous vous rembourserons les frais d&#039;abonnement que vous avez d\u00e9j\u00e0 pay\u00e9s et les compenserons avec les frais de courtage applicables.<\/p>\n<\/div><\/div>\n<\/div>\n\n\n\n<div class=\"wp-block-group aupair is-layout-flow wp-block-group-is-layout-flow\">\n<div class=\"wp-block-buttons is-layout-flex wp-block-buttons-is-layout-flex\">\n<div class=\"wp-block-button CTA\"><a class=\"wp-block-button__link wp-element-button\" href=\"\/familien-registrierung\/\">allons-y<\/a><\/div>\n<\/div>\n<\/div>\n<\/section>\n\n\n\n<section class=\"wp-block-group with-background has-global-padding is-layout-constrained wp-block-group-is-layout-constrained\">\n<h3 class=\"wp-block-heading\">Encore des questions ?<\/h3>\n\n\n\n<p>ENCORE DES QUESTIONS ? Si vous avez des questions, des probl\u00e8mes ou des suggestions, nous serons heureux de vous aider pendant les heures normales de bureau. Vous pouvez nous joindre par t\u00e9l\u00e9phone, email ou formulaire de contact. Nous avons dress\u00e9 une liste de questions et r\u00e9ponses, r\u00e9parties par domaine, dans la section \u00ab\u00a0Foire aux questions\u00a0\u00bb.<\/p>\n<\/section>","protected":false},"excerpt":{"rendered":"<p>Au-pair Vermittlung f\u00fcr Gastfamilien &#8211; in 5 Schritten zum Wunsch-Au-pair Hier k\u00f6nnen Sie sich als Gastfamilie kostenlos registrieren und Au-pairs kontaktieren. Eine Mitgliedschaft erm\u00f6glicht es Ihnen, die Au-pair-Antworten zu lesen und mit dem Au-pair weiter zu kommunizieren, es auszuw\u00e4hlen und letztendes einzuladen. Sollte es Ihnen nicht m\u00f6glich sein, selbst die Einladungs-Unterlagen zu erstellen, helfen wir [&hellip;]<\/p>\n","protected":false},"author":990158,"featured_media":0,"parent":0,"menu_order":0,"comment_status":"closed","ping_status":"closed","template":"","meta":{"footnotes":""},"class_list":["post-1693","page","type-page","status-publish","hentry"],"_links":{"self":[{"href":"https:\/\/aupairscout.com\/fr\/wp-json\/wp\/v2\/pages\/1693","targetHints":{"allow":["GET"]}}],"collection":[{"href":"https:\/\/aupairscout.com\/fr\/wp-json\/wp\/v2\/pages"}],"about":[{"href":"https:\/\/aupairscout.com\/fr\/wp-json\/wp\/v2\/types\/page"}],"author":[{"embeddable":true,"href":"https:\/\/aupairscout.com\/fr\/wp-json\/wp\/v2\/users\/990158"}],"replies":[{"embeddable":true,"href":"https:\/\/aupairscout.com\/fr\/wp-json\/wp\/v2\/comments?post=1693"}],"version-history":[{"count":18,"href":"https:\/\/aupairscout.com\/fr\/wp-json\/wp\/v2\/pages\/1693\/revisions"}],"predecessor-version":[{"id":6471,"href":"https:\/\/aupairscout.com\/fr\/wp-json\/wp\/v2\/pages\/1693\/revisions\/6471"}],"wp:attachment":[{"href":"https:\/\/aupairscout.com\/fr\/wp-json\/wp\/v2\/media?parent=1693"}],"curies":[{"name":"wp","href":"https:\/\/api.w.org\/{rel}","templated":true}]}}