{"id":1550,"date":"2022-05-26T11:43:39","date_gmt":"2022-05-26T09:43:39","guid":{"rendered":"https:\/\/aupair.mondoit.de\/?page_id=1550"},"modified":"2024-12-26T09:46:39","modified_gmt":"2024-12-26T08:46:39","slug":"conditions","status":"publish","type":"page","link":"https:\/\/aupairscout.com\/fr\/conditions\/","title":{"rendered":"Conditions"},"content":{"rendered":"<h2 class=\"wp-block-post-title\"><div class=\"breadcrumbs\"><span class=\"crumb\"><a href=\"https:\/\/aupairscout.com\/fr\">AuPairScout - International<\/a> \u00bb <\/span><span class=\"crumb current-page\">Conditions<\/span><\/div><\/h2>\n\n\n\n<section class=\"wp-block-group has-global-padding is-layout-constrained wp-block-group-is-layout-constrained\">\n<p><strong>Conditions g\u00e9n\u00e9rales d&#039;AuPairScout<\/strong><\/p>\n\n\n\n<p><strong>(Stand 01.01.2023)<\/strong><\/p>\n\n\n\n<p>En vous inscrivant en tant qu&#039;utilisateur du site <a href=\"https:\/\/AuPairScout.de\/de\/\" target=\"_blank\" rel=\"noopener\">www.AuPairScout.de<\/a> vous acceptez les pr\u00e9sentes \u00ab\u00a0Conditions g\u00e9n\u00e9rales\u00a0\u00bb comme \u00e9tant contraignantes.<\/p>\n\n\n\n<p>D\u00e9nomm\u00e9e \u00ab AuPairScout \u00bb dans le texte suivant, la soci\u00e9t\u00e9 est AuPairScout.com, Baumgartnerstr. 11, 81373 Munich, Allemagne, dans le but de connecter les utilisateurs du monde entier et de permettre un \u00e9change au pair.<\/p>\n\n\n\n<p>Dans ce qui suit, les au pairs, les familles et les agences sont appel\u00e9s \u00ab\u00a0utilisateurs\u00a0\u00bb.<\/p>\n\n\n\n<p><strong>1. BASE DU CONTRAT<\/strong><\/p>\n\n\n\n<p>1.1, les services d&#039;AuPairScout r\u00e9sultent des pr\u00e9sentes \u00ab Conditions G\u00e9n\u00e9rales \u00bb. De plus amples informations sont sur le site Internet&nbsp;<a href=\"https:\/\/www.aupairscout.com\/\" target=\"_blank\" rel=\"noreferrer noopener\"><strong>www.AuPairScout.com<\/strong><\/a>&nbsp;la section &#034;FAQ&#034; disponibles.<\/p>\n\n\n\n<p>Pour les utilisateurs allemands, nous renvoyons \u00e9galement aux fiches d&#039;information de l&#039;Office f\u00e9d\u00e9ral du travail \u00ab Au pair pour les familles allemandes \u00bb et \u00ab Informations au pair pour les familles d&#039;accueil allemandes \u00bb, dont la version actuelle est publi\u00e9e sur le site Internet d&#039;AuPairScout sous \u00ab FAQ \u00bb.<\/p>\n\n\n\n<p>1.2 Toute transmission de donn\u00e9es \u00e0 des tiers est interdite. Toutes les donn\u00e9es personnelles d&#039;un utilisateur rendues visibles \u00e0 un autre utilisateur lors d&#039;une communication sont strictement confidentielles et ne peuvent \u00eatre transmises \u00e0 des tiers ni publi\u00e9es.<\/p>\n\n\n\n<p>1.3 Les profils, les donn\u00e9es personnelles et les abonnements ne sont pas transf\u00e9rables \u00e0 des tiers. Dans un tel cas, AuPairScout se r\u00e9serve le droit de bloquer l&#039;utilisateur sans indication de motifs.<\/p>\n\n\n\n<p><strong>2. PRESTATIONS DE L&#039;AUPARSCOUT&nbsp; &nbsp;<\/strong><\/p>\n\n\n\n<p>AuPairScout s&#039;engage \u00e0 fournir les services suivants :<\/p>\n\n\n\n<p>2.1 Mise \u00e0 disposition de la base de donn\u00e9es AuPairScout.<br>Les AuPairScout fournit \u00e0 l&#039;Utilisateur les de AuPairScout cr\u00e9\u00e9, visite guid\u00e9e de la Base de donn\u00e9es pour la S\u00e9lection d&#039;un autre Utilisateur (Au pair de Candidats, Famille d&#039;accueil, Agence) \u00e0 votre Disposition.<\/p>\n\n\n\n<p>2.2 AuPairScout v\u00e9rifie autant que possible toutes les donn\u00e9es des utilisateurs et n&#039;inclut dans son fichier ou sa base de donn\u00e9es que les utilisateurs qui ont cr\u00e9\u00e9 une application significative avec des photos et un message\/une lettre.<\/p>\n\n\n\n<p>AuPairScout v\u00e9rifie \u00e9galement les informations fournies par les candidats, g\u00e9n\u00e9ralement par e-mail ou par t\u00e9l\u00e9phone avec le candidat.<br>Aucun utilisateur ne sera inclus dans la base de donn\u00e9es qui, \u00e0 la connaissance d&#039;AupairScout, a manifestement viol\u00e9 les lois applicables ou les bonnes m\u0153urs.<\/p>\n\n\n\n<p>2.3 Informations sur la Gestion administrative des Formalit\u00e9s.<br>AuPairScout fournit toutes les informations de base pour accomplir les formalit\u00e9s officielles dans ses \u00ab FAQ \u00bb. Ces informations incluent notamment quand quelle mesure doit \u00eatre prise et par qui.<\/p>\n\n\n\n<p>Sur demande et moyennant des frais suppl\u00e9mentaires (voir \u00ab Service suppl\u00e9mentaire \u00bb),<br>que vous trouverez dans la \u00ab Liste de prix des services suppl\u00e9mentaires \u00bb en vigueur, nous proposons \u00e0 l&#039;utilisateur d&#039;autres possibilit\u00e9s de m\u00e9diation.<\/p>\n\n\n\n<p><strong>3. INSCRIPTION<\/strong><\/p>\n\n\n\n<p>3.1 Tout Utilisateur \u00e0 la Recherche d&#039;une Au pair de la Famille d&#039;accueil ou dans une Agence, peut s&#039;inscrire gratuitement, s&#039;il est majeur.<\/p>\n\n\n\n<p>3.2 Chaque Utilisateur peut \u00e0 son Profil de mani\u00e8re autonome et \u00e0 tout moment en fonction de ses Besoins sp\u00e9cifiques et de Textes et de Photos personnaliser.<br>Chaque Utilisateur est responsable de son Profil lui-m\u00eame responsable.<\/p>\n\n\n\n<p>3.3 Tout jeune au pair qui recherche une famille d&#039;accueil dans le monde entier peut s&#039;inscrire gratuitement.<\/p>\n\n\n\n<p>Peuvent s&#039;inscrire gratuitement, chaque Famille d&#039;accueil, \u00e0 la Recherche d&#039;un emploi de fille Au pair dans le monde entier.<\/p>\n\n\n\n<p>Peuvent s&#039;inscrire gratuitement chaque Agence, \u00e0 la Recherche de jeunes filles Au Pair et de Familles dans le monde entier.<\/p>\n\n\n\n<p>3.4 Coordonn\u00e9es, Adresse, num\u00e9ro de T\u00e9l\u00e9phone, Adresse E-Mail, de sortir de la Confidentialit\u00e9 pour des Raisons \u00e0 chaque Profil public n&#039;est pas en Apparence.<\/p>\n\n\n\n<p><strong>Les Utilisateurs lors de l&#039;Inscription, par cons\u00e9quent, ne permet pas \u00e0 ces Coordonn\u00e9es dans un Texte, Lettre, Photo \u00e0 l&#039;int\u00e9rieur du Profil, afficher.<\/strong><\/p>\n\n\n\n<p>3.5 La prise de Contact entre les Utilisateurs, c&#039;est \u00e0 dire la Communication, le Chat, sont donn\u00e9s, une fois que l&#039;Utilisateur (Famille d&#039;accueil, Agence) un ABONNEMENT d&#039;Adh\u00e9sion est re\u00e7ue.<\/p>\n\n\n\n<p>Devrait AuPairScout un Pas \u00e0 d\u00e9terminer le Profil de chaque Utilisateur est supprim\u00e9.<\/p>\n\n\n\n<p><strong>4. FRAIS, ABONNEMENT<\/strong><\/p>\n\n\n\n<p>4.1 Pour les personnes Au pair, l&#039;Adh\u00e9sion est gratuite. Au pair pouvez \u00e0 tout moment lire les Messages et y r\u00e9pondre.<\/p>\n\n\n\n<p>4.2 tous les autres Utilisateurs (Famille d&#039;accueil ou de l&#039;Agence peut, \u00e0 tout moment, envoyer des Messages personnalis\u00e9s \u00e0 lire. Gr\u00e2ce \u00e0 un ABONNEMENT-Adh\u00e9sion peut de ces Utilisateurs de communiquer librement, c&#039;est \u00e0 dire les Messages des autres Utilisateurs de lire et de r\u00e9pondre.<\/p>\n\n\n\n<p>4.3 Les frais de Service de la AuPairScout varient en fonction de la vigueur de l&#039;ABONNEMENT-Tarifs de la AuPairScout.<\/p>\n\n\n\n<p>Les frais d&#039;ABONNEMENT Frais d&#039;administration sont \u00e0 l&#039;avance pour la Dur\u00e9e pr\u00e9vue de la P\u00e9riode est due.<br>Tous les Paiements effectu\u00e9s \u00e0 la AuPairScout sont payables au comptant lors de la Conclusion d&#039;un Abonnement.<\/p>\n\n\n\n<p>Les Prix s&#039;entendent en EUROS, y compris la Tva.<br>Chaque ABONNEMENT se termine, selon la Dur\u00e9e choisie et ne doit pas \u00eatre r\u00e9sili\u00e9.<\/p>\n\n\n\n<p>Prix et d\u00e9lais, reportez-vous \u00e0 la section &#034;ABONNEMENT pour les Familles&#034; et &#034;ABONNEMENT pour les Agences&#034;.<\/p>\n\n\n\n<p>4.4 Les avantages de l&#039;adh\u00e9sion \u00e0 ABO sont que les utilisateurs respectifs peuvent - pendant la p\u00e9riode d&#039;abonnement r\u00e9serv\u00e9e - communiquer entre eux, \u00e9crire et lire des messages personnels et \u00e9changer des informations de contact entre eux.<\/p>\n\n\n\n<p>4.5 Il est pr\u00e9vu que les Familles, dans un laps de Temps apr\u00e8s l&#039;Enregistrement de &#034;Membre Premium&#034;, car dans le cas contraire, une Utilisation rationnelle de AuPairScout Services offerts n&#039;est pas possible.<\/p>\n\n\n\n<p>AuPairScout se r\u00e9serve ainsi le droit, les Profils des Familles d&#039;accueil, les AuPairScout sur une longue P\u00e9riode, ne pas utiliser sans Premium, pour les autres Utilisateurs de ne plus afficher et, \u00e9ventuellement, les Possibilit\u00e9s de limiter ou d&#039;\u00e9liminer.<\/p>\n\n\n\n<p>4.6 Seulement Agences d&#039;ABONNEMENT, il est permis d&#039;\u00eatre une fille Au pair pour vous inscrire et contacter. Devrait AuPairScout remarquer qu&#039;une Agence, sans ABONNEMENT, Adh\u00e9sion, Au-pair dans la Galerie est, dans chaque Cas, d&#039;une Amende de 5.000,\u2013 EUR.<\/p>\n\n\n\n<p><strong>5. Service suppl\u00e9mentaire<\/strong><\/p>\n\n\n\n<p>5.1 Le \u00ab Service suppl\u00e9mentaire \u00bb est le placement d&#039;une fille au pair que la famille d&#039;accueil recherche elle-m\u00eame, c&#039;est-\u00e0-dire une fille au pair que la famille d&#039;accueil a trouv\u00e9e dans notre galerie, gr\u00e2ce \u00e0 des connaissances, des annonces, etc.<\/p>\n\n\n\n<p>5.2 Ce Service ne s&#039;applique pas pour les personnes Au pair, par l&#039;interm\u00e9diaire de nos Agences partenaires dans notre Galerie ont \u00e9t\u00e9 recrut\u00e9s. Si une fille Au Pair sur une Agence, est reconnaissable \u00e0 partir du Profil de l&#039;Abonnement. Cette transmission se fait par les Utilisateurs entre eux.<\/p>\n\n\n\n<p>5.3 Vous recevez le Service Suppl\u00e9mentaire que nous les Documents requis pour la D\u00e9livrance d&#039;un pair de Visa et vous Aider dans les Formalit\u00e9s n\u00e9cessaires.<\/p>\n\n\n\n<p>5.4 Veuillez noter que les Frais pour ce Service d&#039;Euros \u00e0 \u00e9ch\u00e9ance et nous ne garantissons pas Elle-m\u00eame trouv\u00e9e Au pair peuvent assumer.<\/p>\n\n\n\n<p><strong>ASSURANCE Au pair<\/strong><\/p>\n\n\n\n<p>Les personnes Au pair en Allemagne ou \u00e0 l&#039;\u00c9tranger et voulez trouver sur notre Site internet via un Lien que nous avons cr\u00e9\u00e9, rapidement et efficacement une Assurance appropri\u00e9e.<\/p>\n\n\n\n<p>Bien s\u00fbr, cela vaut aussi pour les Familles, l&#039;une Au Pair dans la Famille et souhaitez assurer.<\/p>\n\n\n\n<p><strong><br>6. R\u00c9SERVE DE PERFORMANCE, EXCLUSION, RETRAIT<\/strong><\/p>\n\n\n\n<p>6.1 Les AuPairScout se r\u00e9serve le Droit, les Utilisateurs, les Caract\u00e9ristiques essentielles des Informations erron\u00e9es, de lutter contre pour le Programme Au pair aux obligations l\u00e9gales ou violer les Conditions de l&#039;Accord de placement Au pair ne remplissent pas, \u00e0 partir d&#039;un Enregistrement dans le D\u00e9ploiement de la AuPairScout Base de donn\u00e9es de l&#039;en exclure.<\/p>\n\n\n\n<p>6.2 en Outre, les Familles d&#039;accueil d&#039;une Prestation de services de la AuPairScout \u00eatre exclu contre le flottant de la Proc\u00e9dure, un Jugement ou judiciaire, Conditions qui ont \u00e9t\u00e9 rendues dans le Cadre du Arbeitsf\u00f6rderungsgesetz ou le Code de la s\u00e9curit\u00e9 sociale, et ceux qui Au pair \u00e9trangers ill\u00e9gaux qui l&#039;emploient.<\/p>\n\n\n\n<p>6.3 Si les services sont exclus, AuPairScout n&#039;entrera g\u00e9n\u00e9ralement pas dans une relation contractuelle avec l&#039;utilisateur. Si un motif d&#039;exclusion des services appara\u00eet apr\u00e8s la conclusion d&#039;une relation contractuelle, AuPairScout est en droit de r\u00e9silier le contrat.<\/p>\n\n\n\n<p><strong>7. OBLIGATIONS DE L&#039;UTILISATEUR, R\u00c8GLES DE CONDUITE&nbsp;<\/strong><\/p>\n\n\n\n<p>7.1 les Obligations de l&#039;Utilisateur entendu, Son Profil et sa Correspondance \u00e0 tenir \u00e0 jour, c&#039;est \u00e0 dire des Photos, des Lettres de mettre \u00e0 jour et les Demandes rapidement r\u00e9pondre.<\/p>\n\n\n\n<p>7.2 Chaque Utilisateur est tenu de pair R\u00e8gles du pays d&#039;Accueil \u00e0 respecter.<\/p>\n\n\n\n<p>7.3 les r\u00e8gles De Conduite, pour un Utilisateur appartient \u00e0 tout Abstenir, diffamatoire, mena\u00e7ant de Comportement.<br>Il est interdit, ind\u00e9cent, pornographique, Photos \u00e9trangers ou des Textes \u00e0 publier, ou de toute autre Mani\u00e8re ill\u00e9gale de Mat\u00e9riel et de diffuser des Informations ou de la transmettre.<\/p>\n\n\n\n<p>7.4 Profils dans le But, \u00e0 l&#039;exception d&#039;une fille Au Pair, une Famille d&#039;accueil ou une Agence de rechercher, sont imm\u00e9diatement supprim\u00e9s.<br>Si l&#039;un des Utilisateurs sur une Infraction \u00e0 l&#039;\u00e9gard de ces Obligations ou \u00e0 la Conduite rencontrent, il est tenu de cela directement AuPairScout via le Formulaire de contact signaler.<\/p>\n\n\n\n<p>7.5 AuPairScout a le Droit, \u00e0 tout moment, d&#039;exiger des Preuves, afin de v\u00e9rifier les Informations communiqu\u00e9es.<br>Nous dans de tels Cas, de Consultation, ou imm\u00e9diatement en cas de Besoin supprimer le Profil, peu importe si un ABONNEMENT est.<\/p>\n\n\n\n<p><strong>8. ANNULER ET D\u00c9SACTIVER LES PROFILS<\/strong><\/p>\n\n\n\n<p>8.1 AuPairScout a le Droit de chaque Utilisateur, \u00e0 la Demande de contacter.<\/p>\n\n\n\n<p>8.2 Remis \u00e0 l&#039;Usager, dans un d\u00e9lai d&#039;une Semaine suivant la Demande AuPairScout les pi\u00e8ces justificatives n\u00e9cessaires \u00e0 la V\u00e9rification de l&#039;Authenticit\u00e9 de son Compte, le Profil de l&#039;Utilisateur, \u00e0 titre pr\u00e9ventif, verrouill\u00e9 et ne peut qu&#039;apr\u00e8s V\u00e9rification des pi\u00e8ces justificatives requises \u00e0 nouveau \u00eatre activ\u00e9e.<\/p>\n\n\n\n<p>8.3 Nous supposons que toutes les Donn\u00e9es de l&#039;Utilisateur lors de son Inscription sont exactes, compl\u00e8tes et sinc\u00e8res. AuPairScout a le Droit de tous de v\u00e9rifier les Donn\u00e9es et pour des Raisons justifi\u00e9es, le Profil sans Indication de Motifs, de supprimer ou de bloquer.<\/p>\n\n\n\n<p>8.4 nous Nous r\u00e9servons en outre le Droit incompl\u00e8te Profils avant de la supprimer.<\/p>\n\n\n\n<p>8.5 Devrait AuPairScout un Registre \u00e0 un autre, comme le permettaient But de maquillage, est redevable de la Registration de la AuPairScout une P\u00e9nalit\u00e9 d&#039;un Montant de 5.000 Euros pour chaque Registrierungsfall.<\/p>\n\n\n\n<p><strong>9. RESPONSABILIT\u00c9, INDEMNISATION DES R\u00c9CLAMATIONS DE TIERS<\/strong><\/p>\n\n\n\n<p>9.1 Les informations personnelles et autres Informations des Internautes et par la AuPairScout et Conscience, v\u00e9rifie. Une Garantie pour l&#039;Exactitude et l&#039;Exhaustivit\u00e9 des Informations sur les AuPairScout cependant pas assumer.<\/p>\n\n\n\n<p>9.2 Les Prestations de la AuPairScout r\u00e9sultent de Ch. 2 des Conditions G\u00e9n\u00e9rales de vente&#034;. Il repr\u00e9sente la AuPairScout essentiellement les Coordonn\u00e9es et Informations pour un S\u00e9jour Au pair \u00e0 votre Disposition. Un lien Contractuel entre la AuPairScout et un Utilisateur est donc pas justifi\u00e9e, m\u00eame a la AuPairScout pas d&#039;Influence sur la Collusion entre les Utilisateurs.<br>9.2.1, par Cons\u00e9quent, \u00e0 l&#039;\u00e9gard de la AuPairScout pas de Dommages - int\u00e9r\u00eats ou droits au remboursement, \u00eatre invoqu\u00e9e que si, en d\u00e9pit de la Transmission des Utilisateurs de Donn\u00e9es ou Au pair de Candidats, un S\u00e9jour Au pair ne pas se r\u00e9aliser.<br>9.2.2 Les AuPairScout n&#039;assume pas de Frais d&#039;arriv\u00e9e et de D\u00e9part, ainsi que pour les Co\u00fbts d&#039;une \u00e9ventuelle Expulsion de l&#039;Utilisateur.<br>9.2.3 Les AuPairScout ne prend pas en face de l&#039;Utilisateur et d&#039;autres Tiers, la Responsabilit\u00e9 pour les Dommages, les Utilisateurs sont directement ou indirectement en cause.<br>9.2.4 Les AuPairScout ne garantit pas que les Utilisateurs ont des Attentes personnelles d&#039;un autre Utilisateur n&#039;est pas satisfait.<br>9.2.5 Les AuPairScout n&#039;assume aucune Garantie pour la Dur\u00e9e du temps de traitement des Autorit\u00e9s. Un temps exceptionnellement long de la Dur\u00e9e de la proc\u00e9dure d&#039;Autorisation, par exemple en raison d&#039;erreurs de l&#039;Utilisateur, Beh\u00f6rdenurlaub ou perdus, Envois postaux, etc. \u2013 et une r\u00e9sultante de Report de l&#039;Utilisateur-S\u00e9jour, laisse les obligations Contractuelles d&#039;un autre Utilisateur sans pr\u00e9judice.<br>9.2.6 Les AuPairScout ne Garantit pas la AuPairScout consid\u00e9r\u00e9es comme des Interruptions de la Consultation du Site internet de la AuPairScout ou de certains services web. Responsable en particulier de la AuPairScout pas pour le Dysfonctionnement, l&#039;Inaccessibilit\u00e9 ou de mauvaises Conditions d&#039;utilisation de votre Site web, notamment, \u00e0 une mauvaise technique, l&#039;\u00c9quipement de l&#039;Utilisateur, \u00e0 des Dysfonctionnements du Fournisseur d&#039;acc\u00e8s de l&#039;Utilisateur ou \u00e0 l&#039;encombrement du r\u00e9seau Internet sont dus.<br>9.2.7 \u00e0 Condition que l&#039;Utilisation du Site web en raison de travaux de Maintenance, de Mises \u00e0 jour ou des Modifications techniques et\/ou en raison de la Mise \u00e0 jour du Contenu et\/ou la Repr\u00e9sentation d&#039;une interruption temporaire, la responsabilit\u00e9 de la AuPairScout conform\u00e9ment aux Dispositions l\u00e9gales et seulement si l&#039;Interruption de l&#039;objet du contrat, qui met en p\u00e9ril de Fa\u00e7on continue. Dans la mesure du possible, la AuPairScout les Utilisateurs avant toute op\u00e9ration de Maintenance ou de Mises \u00e0 jour \u00e0 l&#039;avance, informer.<\/p>\n\n\n\n<p>9.3 si la AuPairScout en raison d&#039;un manquement d&#039;un Utilisateur, la responsabilit\u00e9 a \u00e9t\u00e9 fait, Vu d&#039;en obtenir un, s&#039;engage \u00e0 AuPairScout contre tous en r\u00e9sultent, les Cons\u00e9quences juridiques de ces Utilisateurs lib\u00e9rer. Cette Exemption comprend un par lui, le cas \u00e9ch\u00e9ant, \u00e0 verser des Dommages-int\u00e9r\u00eats, ainsi que les honoraires d&#039;Avocat et frais de Justice.<\/p>\n\n\n\n<p><strong>10. LIENS VERS DES SITES WEB EXTERNES<\/strong><\/p>\n\n\n\n<p>En d\u00e9pit d&#039;un Contr\u00f4le minutieux, nous n&#039;assumons aucune&nbsp;<strong>Responsabilit\u00e9<\/strong>&nbsp;pour les Contenus de Liens externes. Pour le Contenu des Pages li\u00e9es sont responsables de leurs Op\u00e9rateurs.<\/p>\n\n\n\n<p><strong>11. CONFIDENTIALIT\u00c9 DES UTILISATEURS<\/strong><\/p>\n\n\n\n<p>11.1 Les Utilisateurs sont d&#039;accord pour que vos Donn\u00e9es personnelles pour la mise en \u0152uvre de la fille Au pair Contrat de service local ou sur Internet, sont collect\u00e9es et enregistr\u00e9es.<\/p>\n\n\n\n<p>11.2 en outre, l&#039;Utilisateur reconna\u00eet que votre Adresse et vos Coordonn\u00e9es ainsi que d&#039;autres Informations personnelles lors de l&#039;Inscription sur le Site internet de la AuPairScout d\u00e9pos\u00e9, la prise de Contact avec d&#039;autres Utilisateurs, \u00e0 l&#039;AuPairScout \u00eatre transmises.<\/p>\n\n\n\n<p>11.3 En outre, les exigences l\u00e9gales des Directives pour le Stockage et la Sauvegarde des Donn\u00e9es, ainsi que les publi\u00e9 sur le Site politique de Confidentialit\u00e9 mentionn\u00e9e.<\/p>\n\n\n\n<p>11.4 Les AuPairScout indique express\u00e9ment que la Transmission par des R\u00e9seaux ouverts pour une Consultation par des Tiers de Donn\u00e9es, m\u00eame si ces prot\u00e9g\u00e9s ou crypt\u00e9, ne peut \u00eatre enti\u00e8rement exclus. Les AuPairScout mais tous raisonnables et les Pr\u00e9cautions raisonnables pour Prot\u00e9ger les Donn\u00e9es de la Famille.<\/p>\n\n\n\n<p>11.5 Les Utilisateurs s&#039;engagent \u00e0 toutes les Donn\u00e9es et Informations sur les autres Utilisateurs, via le Site internet de la AuPairScout ou d&#039;autres Moyens, de la AuPairScout re\u00e7oit, de traiter de mani\u00e8re confidentielle. Une Transmission \u00e0 des Tiers ou de la Publication n&#039;est \u00e0 aucun Moment autoris\u00e9, ni avant, ni apr\u00e8s une Prestation AuPairScout.<\/p>\n\n\n\n<p><strong><br>12. DISPOSITIONS FINALES<\/strong><\/p>\n\n\n\n<p>12.1 Les r\u00e8glements qui modifient ou annulent les pr\u00e9sentes \u00ab\u00a0Conditions g\u00e9n\u00e9rales\u00a0\u00bb ne sont valables que s&#039;ils sont approuv\u00e9s ou confirm\u00e9s par \u00e9crit par AuPairScout.<\/p>\n\n\n\n<p>12.2 AuPairScout se r\u00e9serve le droit de modifier ou de compl\u00e9ter les \u00ab Conditions g\u00e9n\u00e9rales \u00bb \u00e0 tout moment.<\/p>\n\n\n\n<p>12.3 Si une ou plusieurs dispositions des pr\u00e9sentes \u00ab Conditions g\u00e9n\u00e9rales \u00bb ne sont pas juridiquement efficaces ou sont inapplicables, cela n&#039;aura aucune incidence sur l&#039;efficacit\u00e9 des autres dispositions. Au lieu de la disposition inefficace, une disposition de remplacement qui correspond ou au moins s&#039;en rapproche \u00e0 l&#039;objectif de l&#039;accord s&#039;applique, car les parties seraient convenues d&#039;atteindre le m\u00eame r\u00e9sultat si elles avaient su que la disposition \u00e9tait inefficace.<\/p>\n\n\n\n<p>12.4 A chaque connexion, les utilisateurs confirment toute modification des \u00ab Conditions g\u00e9n\u00e9rales \u00bb.<\/p>\n\n\n\n<p>12.5 Le droit de la R\u00e9publique f\u00e9d\u00e9rale d&#039;Allemagne s&#039;applique exclusivement \u00e0 toutes les relations juridiques entre AuPairScout et les utilisateurs, \u00e0 l&#039;exception du droit priv\u00e9 international allemand (art. 3-46 EGBGB). Le for juridique est Munich.<\/p>\n<\/section>","protected":false},"excerpt":{"rendered":"<p>Allgemeine Gesch\u00e4ftsbedingungen der AuPairScout (Stand 01.01.2023) Mit der Registrierung als Nutzer der Seite www.AuPairScout.de erkennen Sie die vorliegenden \u201eAllgemeinen Gesch\u00e4ftsbedingungen\u201c als verbindlich an. Im nachfolgenden Text als &#8220;AuPairScout&#8221; bezeichnet, ist die Firma AuPairScout.com, Baumgartnerstr. 11, 81373 M\u00fcnchen, Deutschland, mit dem Zweck, die Nutzer weltweit miteinander zu verbinden und einen Au-pair-Austausch zu erm\u00f6glichen. Im folgenden werden [&hellip;]<\/p>\n","protected":false},"author":990158,"featured_media":0,"parent":0,"menu_order":0,"comment_status":"closed","ping_status":"closed","template":"","meta":{"footnotes":""},"class_list":["post-1550","page","type-page","status-publish","hentry"],"_links":{"self":[{"href":"https:\/\/aupairscout.com\/fr\/wp-json\/wp\/v2\/pages\/1550","targetHints":{"allow":["GET"]}}],"collection":[{"href":"https:\/\/aupairscout.com\/fr\/wp-json\/wp\/v2\/pages"}],"about":[{"href":"https:\/\/aupairscout.com\/fr\/wp-json\/wp\/v2\/types\/page"}],"author":[{"embeddable":true,"href":"https:\/\/aupairscout.com\/fr\/wp-json\/wp\/v2\/users\/990158"}],"replies":[{"embeddable":true,"href":"https:\/\/aupairscout.com\/fr\/wp-json\/wp\/v2\/comments?post=1550"}],"version-history":[{"count":11,"href":"https:\/\/aupairscout.com\/fr\/wp-json\/wp\/v2\/pages\/1550\/revisions"}],"predecessor-version":[{"id":6528,"href":"https:\/\/aupairscout.com\/fr\/wp-json\/wp\/v2\/pages\/1550\/revisions\/6528"}],"wp:attachment":[{"href":"https:\/\/aupairscout.com\/fr\/wp-json\/wp\/v2\/media?parent=1550"}],"curies":[{"name":"wp","href":"https:\/\/api.w.org\/{rel}","templated":true}]}}