{"id":1449,"date":"2018-12-29T14:36:56","date_gmt":"2018-12-29T13:36:56","guid":{"rendered":"https:\/\/au-pair-agency.axiomthemes.com\/?page_id=1449"},"modified":"2024-01-05T08:23:16","modified_gmt":"2024-01-05T07:23:16","slug":"protection-des-donnees","status":"publish","type":"page","link":"https:\/\/aupairscout.com\/fr\/protection-des-donnees\/","title":{"rendered":"protection des donn\u00e9es"},"content":{"rendered":"<h2 class=\"wp-block-post-title\"><div class=\"breadcrumbs\"><span class=\"crumb\"><a href=\"https:\/\/aupairscout.com\/fr\">AuPairScout - International<\/a> \u00bb <\/span><span class=\"crumb current-page\">protection des donn\u00e9es<\/span><\/div><\/h2>\n\n\n\n<section class=\"wp-block-group has-global-padding is-layout-constrained wp-block-group-is-layout-constrained\">\n<p><\/p>\n\n\n\n<p><strong>Protection des donn\u00e9es<\/strong><\/p>\n\n\n\n<p><strong>protection des donn\u00e9es<\/strong><\/p>\n\n\n\n<p>La protection des donn\u00e9es personnelles est tr\u00e8s importante dans notre entreprise. C&#039;est pour cette raison que nous menons nos activit\u00e9s conform\u00e9ment aux lois sur la protection des donn\u00e9es personnelles et la s\u00e9curit\u00e9 des donn\u00e9es. Vous d\u00e9couvrirez ci-dessous quelles donn\u00e9es nous pouvons collecter, comment nous les traitons et les utilisons et \u00e0 qui nous pouvons les transmettre.<\/p>\n\n\n\n<p><strong>Collecte, traitement et utilisation des donn\u00e9es personnelles<\/strong><\/p>\n\n\n\n<p>Lorsque vous visitez les pages d&#039;AuPairScout, nous ne connaissons que des donn\u00e9es anonymes telles que le site Internet \u00e0 partir duquel vous nous visitez, votre fournisseur d&#039;acc\u00e8s Internet et les pages auxquelles vous avez acc\u00e9d\u00e9 chez nous. AuPairScout utilise ces informations exclusivement \u00e0 des fins statistiques afin d&#039;am\u00e9liorer les produits, le service et ce site Web lui-m\u00eame.<\/p>\n\n\n\n<p>Nous ne collectons aucune donn\u00e9e personnelle via nos sites Web, sauf si vous nous fournissez ces donn\u00e9es volontairement - par exemple en vous inscrivant, pour vos \u00e9loges ou critiques, \u00e0 des services en ligne, pour jouer \u00e0 un jeu ou demander du mat\u00e9riel d&#039;information - ou avec votre consentement ou l&#039;autorisation appropri\u00e9e. les dispositions l\u00e9gales concernant la protection de vos donn\u00e9es le permettent.<\/p>\n\n\n\n<p>Les donn\u00e9es d&#039;utilisation, telles que l&#039;adresse IP ou les informations sur le d\u00e9but et la dur\u00e9e de l&#039;utilisation, peuvent dans certaines circonstances \u00eatre g\u00e9n\u00e9r\u00e9es automatiquement en raison des moyens techniques utilis\u00e9s et sont donc absolument n\u00e9cessaires \u00e0 la communication. Nous supprimons ou anonymisons les donn\u00e9es qui ne sont plus n\u00e9cessaires \u00e0 la transmission d&#039;un message.<\/p>\n\n\n\n<p>AuPairScout cr\u00e9era des profils d&#039;utilisateurs sous un pseudonyme uniquement \u00e0 des fins de publicit\u00e9, d&#039;\u00e9tudes de march\u00e9 ou pour adapter ses sites Internet \u00e0 vos besoins, sauf si vous vous y opposez. Vous serez inform\u00e9 en temps utile avant la cr\u00e9ation de tels profils d&#039;utilisateur.<\/p>\n\n\n\n<p>Pour faciliter la mise \u00e0 disposition de nos sites Internet - c&#039;est-\u00e0-dire pour adapter nos sites Internet \u00e0 vos int\u00e9r\u00eats ou pour enregistrer votre mot de passe afin que vous n&#039;ayez pas \u00e0 le saisir \u00e0 nouveau \u00e0 chaque fois ou pour vous reconna\u00eetre automatiquement lors de votre prochaine visite - nous nous autorisons \u00e0 utiliser biscuits. Vous avez toutefois la possibilit\u00e9 de refuser l&#039;enregistrement d&#039;un cookie en param\u00e9trant votre navigateur Internet de mani\u00e8re \u00e0 ce qu&#039;il supprime les cookies du disque dur de votre ordinateur, bloque tous les cookies ou vous avertisse avant l&#039;enregistrement d&#039;un cookie.<\/p>\n\n\n\n<p><strong>Destination<\/strong><\/p>\n\n\n\n<p>Dans le Cadre de nos Services en Ligne, des frais de Donn\u00e9es \u00e0 caract\u00e8re personnel conform\u00e9ment \u00e0 la l\u00e9gislation relative \u00e0 la Protection des Donn\u00e9es \u00e0 caract\u00e8re personnel uniquement aux Fins de l&#039;ex\u00e9cution du Contrat et pour Pr\u00e9server les Int\u00e9r\u00eats commerciaux l\u00e9gitimes en ce qui concerne les Conseils et le Suivi de nos Clients et de r\u00e9pondre aux besoins de Conception des produits collect\u00e9es, trait\u00e9es et utilis\u00e9es.<\/p>\n\n\n\n<p>Pour l&#039;Entretien de Relations avec la client\u00e8le, il peut \u00eatre n\u00e9cessaire que nous ou un Tiers pour notre compte ces Donn\u00e9es personnelles afin de Vous informer de nos Offres.<\/p>\n\n\n\n<p>\u00c0 des Fins de marketing direct ou d&#039;\u00e9tudes de march\u00e9, nous utilisons Vos Donn\u00e9es personnelles uniquement lorsque Vous donnez express\u00e9ment votre consentement.<\/p>\n\n\n\n<p>Vente de Vos Donn\u00e9es personnelles \u00e0 des Tiers ou une autre similaire \u00e0 la Commercialisation, \u00e0 travers nous, n&#039;a pas lieu.<\/p>\n\n\n\n<p><strong>Utilisation Cibl\u00e9e<\/strong><\/p>\n\n\n\n<p>Les AuPairScout Vos Donn\u00e9es personnelles, Vous nous avez mis \u00e0 Disposition en ligne, seulement aux Fins de collecter, traiter et utiliser, qui Vous ont \u00e9t\u00e9 communiqu\u00e9es, sauf si la Collecte, le Traitement ou l&#039;Utilisation pour un But qui est en Rapport direct avec le But initial est responsable de la Pr\u00e9paration, La n\u00e9gociation et l&#039;Ex\u00e9cution d&#039;un Contrat est n\u00e9cessaire en raison d&#039;une R\u00e8gle de droit, ou d&#039;une d\u00e9cision des autorit\u00e9s ou Ordonnance d&#039;un tribunal est n\u00e9cessaire pour Rechtschutzzwecken ou pour la D\u00e9fense de Plaintes n\u00e9cessaire sert \u00e0 Emp\u00eacher une utilisation Abusive ou d&#039;autres Actes contraires \u00e0 l&#039;Int\u00e9grit\u00e9 des Syst\u00e8mes de AuPairScout et donc de menacer la S\u00e9curit\u00e9 des donn\u00e9es<\/p>\n\n\n\n<p><strong>La s\u00e9curit\u00e9 des donn\u00e9es<\/strong><\/p>\n\n\n\n<p>Les AuPairScout gr\u00e2ce \u00e0 des techniques et organisationnelles s\u00fbr que Vos Donn\u00e9es personnelles contre accidentelle ou illicite la Suppression, la Modification ou contre la Perte et contre tout Acc\u00e8s non autoris\u00e9, d&#039;\u00eatre prot\u00e9g\u00e9.<\/p>\n\n\n\n<p><strong>La gauche<\/strong><\/p>\n\n\n\n<p>Les AuPairScout est pour les pratiques de Confidentialit\u00e9 d&#039;autres Sites web ou de son Contenu, dont les Liens sont pas responsables.<\/p>\n\n\n\n<p>Vos Droits en tant qu&#039;Internaute<\/p>\n\n\n\n<p>Les AuPairScout Votre Auskunftsgesuchen, de Rectification et de Radiation, et de Ses autres Droits, volontairement et dans le Cadre l\u00e9gal de leurs descendants.<\/p>\n\n\n\n<p>Gr\u00e2ce \u00e0 l&#039;\u00c9volution de l&#039;Internet, nous aussi, notre politique de Confidentialit\u00e9 Policy adapter en permanence. Modifications sur cette Page, dans les plus brefs d\u00e9lais. Vous devriez donc consulter r\u00e9guli\u00e8rement pour conna\u00eetre les derni\u00e8res avanc\u00e9es de la D\u00e9claration de Protection des donn\u00e9es pour les informer.<\/p>\n\n\n\n<p><strong>Interlocuteur<\/strong><\/p>\n\n\n\n<p>Si Vous avez des Questions concernant le Traitement de vos Donn\u00e9es personnelles, vous pouvez Vous adresser directement \u00e0 nous. Nos Coordonn\u00e9es, consultez nos conseils selon TDG.<\/p>\n\n\n\n<p><strong>Analyse, surveillance et optimisation Web<\/strong><\/p>\n\n\n\n<p>L&#039;analyse Web (\u00e9galement appel\u00e9e \u00ab mesure de la port\u00e9e \u00bb) est utilis\u00e9e pour \u00e9valuer le flux de visiteurs vers notre offre en ligne et peut inclure le comportement, les int\u00e9r\u00eats ou des informations d\u00e9mographiques sur les visiteurs, telles que l&#039;\u00e2ge ou le sexe, sous forme de valeurs pseudonymes. Gr\u00e2ce \u00e0 l&#039;analyse de la port\u00e9e, nous pouvons, par exemple, identifier \u00e0 quel moment notre offre en ligne ou ses fonctions ou contenus sont le plus fr\u00e9quemment utilis\u00e9s ou inviter \u00e0 la r\u00e9utilisation. Nous pouvons \u00e9galement comprendre quels domaines n\u00e9cessitent une optimisation.<\/p>\n\n\n\n<p>Outre l&#039;analyse Web, nous pouvons \u00e9galement utiliser des proc\u00e9dures de test, par exemple pour tester et optimiser diff\u00e9rentes versions de notre offre en ligne ou de ses composants.<\/p>\n\n\n\n<p>\u00c0 ces fins, des profils d&#039;utilisateurs peuvent \u00eatre cr\u00e9\u00e9s et stock\u00e9s dans un fichier (appel\u00e9 \u00ab cookie \u00bb) ou des proc\u00e9dures similaires peuvent \u00eatre utilis\u00e9es dans le m\u00eame but. Ces informations peuvent inclure, par exemple, le contenu consult\u00e9, les sites Web visit\u00e9s et les \u00e9l\u00e9ments qui y sont utilis\u00e9s ainsi que des informations techniques telles que le navigateur utilis\u00e9, le syst\u00e8me informatique utilis\u00e9 et des informations sur les heures d&#039;utilisation. Si les utilisateurs ont consenti \u00e0 la collecte de leurs donn\u00e9es de localisation, celles-ci peuvent \u00e9galement \u00eatre trait\u00e9es, selon le fournisseur.<\/p>\n\n\n\n<p>Les adresses IP des utilisateurs sont \u00e9galement stock\u00e9es. Cependant, nous utilisons un processus de masquage IP (c&#039;est-\u00e0-dire une pseudonymisation en raccourcissant l&#039;adresse IP) pour prot\u00e9ger les utilisateurs. En g\u00e9n\u00e9ral, dans le cadre de l&#039;analyse Web, des tests A\/B et de l&#039;optimisation, aucune donn\u00e9e utilisateur claire (telle que l&#039;adresse e-mail ou le nom) n&#039;est stock\u00e9e, mais plut\u00f4t des pseudonymes. Cela signifie que nous et les fournisseurs des logiciels utilis\u00e9s ne connaissons pas l&#039;identit\u00e9 r\u00e9elle des utilisateurs, mais uniquement les informations stock\u00e9es dans leurs profils aux fins des proc\u00e9dures respectives.<\/p>\n\n\n\n<p class=\"listcaption\"><strong>Informations sur les bases juridiques<\/strong>: Si nous demandons aux utilisateurs leur consentement pour le recours \u00e0 des prestataires tiers, la base juridique du traitement des donn\u00e9es est le consentement. Dans le cas contraire, les donn\u00e9es des utilisateurs seront trait\u00e9es sur la base de nos int\u00e9r\u00eats l\u00e9gitimes (c&#039;est-\u00e0-dire l&#039;int\u00e9r\u00eat pour des services efficaces, \u00e9conomiques et conviviaux). Dans ce contexte, nous attirons \u00e9galement votre attention sur les informations sur l&#039;utilisation des cookies dans cette d\u00e9claration de protection des donn\u00e9es.<\/p>\n\n\n\n<ul class=\"wp-block-list\">\n<li><strong>Personnes concern\u00e9es<\/strong>: Utilisateurs (par exemple visiteurs de sites Web, utilisateurs de services en ligne).<\/li>\n\n\n\n<li><strong>Finalit\u00e9s du traitement<\/strong>: Mesure de port\u00e9e (par exemple statistiques d&#039;acc\u00e8s, reconnaissance des visiteurs r\u00e9currents), suivi (par exemple profilage d&#039;int\u00e9r\u00eat\/comportement, utilisation de cookies), \u00e9valuation des actions de visite, profilage (cr\u00e9ation de profils d&#039;utilisateurs).<\/li>\n\n\n\n<li><strong>Mesures de s\u00e9curit\u00e9<\/strong>: Masquage IP (pseudonymisation de l&#039;adresse IP).<\/li>\n\n\n\n<li><strong>Base l\u00e9gale<\/strong>: Consentement (Art. 6 Para. 1 S. 1 lit. a RGPD), int\u00e9r\u00eats l\u00e9gitimes (Art. 6 Para. 1 S. 1 lit. f. RGPD).<\/li>\n<\/ul>\n\n\n\n<p class=\"listcaption\"><strong>Services et prestataires utilis\u00e9s<\/strong>:<\/p>\n\n\n\n<ul class=\"wp-block-list\">\n<li><strong>Matomo (sans cookies)<\/strong>:<br>\nMatomo est un logiciel d&#039;analyse Web respectueux de la vie priv\u00e9e, utilis\u00e9 sans cookies et dans lequel les utilisateurs qui reviennent sont reconnus \u00e0 l&#039;aide d&#039;une \u00ab empreinte num\u00e9rique \u00bb, qui est stock\u00e9e de mani\u00e8re anonyme et modifi\u00e9e toutes les 24 heures ; Gr\u00e2ce \u00e0 \u00ab l&#039;empreinte num\u00e9rique \u00bb, les mouvements des utilisateurs au sein de notre offre en ligne sont enregistr\u00e9s \u00e0 l&#039;aide d&#039;adresses IP pseudonymis\u00e9es en combinaison avec les param\u00e8tres du navigateur de l&#039;utilisateur, de telle sorte qu&#039;il n&#039;est pas possible de tirer des conclusions sur l&#039;identit\u00e9 des utilisateurs individuels ; Prestataire : analyse web \/ mesure de port\u00e9e en auto-h\u00e9bergement ; Site web: <a href=\"https:\/\/matomo.org\" target=\"blank\" rel=\"noopener\"> matomo.org <\/a>.<\/li>\n<\/ul>\n<\/section>","protected":false},"excerpt":{"rendered":"<p>Datenschutzerkl\u00e4rung Datenschutz Der Schutz personenbezogener Daten nimmt in unserem Unternehmen einen hohen Stellenwert ein. Aus diesem Grunde betreiben wir unsere Aktivit\u00e4ten im Einklang mit den Gesetzen zum Schutz personenbezogener Daten und zur Datensicherheit. Im Folgenden erfahren Sie, welche Daten wir ggf. erheben, wie wir Sie verarbeiten und nutzen und wem wir Sie ggf. \u00fcbermitteln. Erhebung, [&hellip;]<\/p>\n","protected":false},"author":990158,"featured_media":0,"parent":0,"menu_order":0,"comment_status":"closed","ping_status":"closed","template":"","meta":{"footnotes":""},"class_list":["post-1449","page","type-page","status-publish","hentry"],"_links":{"self":[{"href":"https:\/\/aupairscout.com\/fr\/wp-json\/wp\/v2\/pages\/1449","targetHints":{"allow":["GET"]}}],"collection":[{"href":"https:\/\/aupairscout.com\/fr\/wp-json\/wp\/v2\/pages"}],"about":[{"href":"https:\/\/aupairscout.com\/fr\/wp-json\/wp\/v2\/types\/page"}],"author":[{"embeddable":true,"href":"https:\/\/aupairscout.com\/fr\/wp-json\/wp\/v2\/users\/990158"}],"replies":[{"embeddable":true,"href":"https:\/\/aupairscout.com\/fr\/wp-json\/wp\/v2\/comments?post=1449"}],"version-history":[{"count":9,"href":"https:\/\/aupairscout.com\/fr\/wp-json\/wp\/v2\/pages\/1449\/revisions"}],"predecessor-version":[{"id":5722,"href":"https:\/\/aupairscout.com\/fr\/wp-json\/wp\/v2\/pages\/1449\/revisions\/5722"}],"wp:attachment":[{"href":"https:\/\/aupairscout.com\/fr\/wp-json\/wp\/v2\/media?parent=1449"}],"curies":[{"name":"wp","href":"https:\/\/api.w.org\/{rel}","templated":true}]}}