{"id":14,"date":"2016-04-15T14:41:16","date_gmt":"2016-04-15T12:41:16","guid":{"rendered":"https:\/\/au-pair-agency.axiomthemes.com.dv.axiomthemes.com\/?page_id=14"},"modified":"2025-08-19T14:19:37","modified_gmt":"2025-08-19T12:19:37","slug":"familles-premium","status":"publish","type":"page","link":"https:\/\/aupairscout.com\/fr\/familles-premium\/","title":{"rendered":"Tarifs famille"},"content":{"rendered":"<div class=\"wp-block-group pricelist family-premium has-global-padding is-layout-constrained wp-block-group-is-layout-constrained\">\n<section class=\"wp-block-group has-global-padding is-layout-constrained wp-block-group-is-layout-constrained\">\n<div class=\"wp-block-columns tiles aupair is-layout-flex wp-container-core-columns-is-layout-28f84493 wp-block-columns-is-layout-flex\">\n<div class=\"wp-block-column black flipbox is-layout-flow wp-block-column-is-layout-flow\">\n<div class=\"wp-block-group front has-global-padding is-layout-constrained wp-block-group-is-layout-constrained\">\n<figure class=\"wp-block-image size-full\"><img decoding=\"async\" src=\"https:\/\/aupairscout.com\/wp-content\/uploads\/2023\/10\/Abo-Kaufen.png\" alt=\"Acheter une adh\u00e9sion de base pour la famille d&#039;accueil \" class=\"wp-image-5172\"\/><\/figure>\n\n\n\n<h3 class=\"wp-block-heading\"><strong>3 Mois<\/strong><\/h3>\n\n\n\n<p><strong>25,00 \u20ac par mois<\/strong> <br>Total 75,00 \u20ac<\/p>\n\n\n<div class=\"wp-block-buttons is-layout-flex wp-block-buttons-is-layout-flex\"><div class=\"wp-block-button\"><a class=\"wp-block-button__link wp-element-button\" href=\"\/familien-registrierung\">S&#039;inscrire + Acheter<\/a><\/div><!-- .wp-block-button --><\/div><!-- .wp-block-buttons is-layout-flex wp-block-buttons-is-layout-flex -->\n<\/div>\n\n\n\n<div class=\"wp-block-group back has-global-padding is-layout-constrained wp-block-group-is-layout-constrained\">\n<p>Paquet de base<br>Discutez avec des au pairs pendant 3 mois.<\/p>\n<\/div>\n<\/div>\n\n\n\n<div class=\"wp-block-column black flipbox is-layout-flow wp-block-column-is-layout-flow\">\n<div class=\"wp-block-group front has-global-padding is-layout-constrained wp-block-group-is-layout-constrained\">\n<figure class=\"wp-block-image size-full\"><img decoding=\"async\" src=\"https:\/\/aupairscout.com\/wp-content\/uploads\/2023\/10\/Abo-Kaufen.png\" alt=\"Acheter une adh\u00e9sion standard pour famille d&#039;accueil \" class=\"wp-image-5172\"\/><\/figure>\n\n\n\n<h3 class=\"wp-block-heading\"><strong>6 Mois<\/strong><\/h3>\n\n\n\n<p><strong>20.00 \u20ac par Mois<\/strong> <br>Total 120,00 \u20ac<\/p>\n\n\n<div class=\"wp-block-buttons is-layout-flex wp-block-buttons-is-layout-flex\"><div class=\"wp-block-button\"><a class=\"wp-block-button__link wp-element-button\" href=\"\/familien-registrierung\">S&#039;inscrire + Acheter<\/a><\/div><!-- .wp-block-button --><\/div><!-- .wp-block-buttons is-layout-flex wp-block-buttons-is-layout-flex -->\n<\/div>\n\n\n\n<div class=\"wp-block-group back has-global-padding is-layout-constrained wp-block-group-is-layout-constrained\">\n<p>Standard<br>Discuter avec des au pairs pendant 6 mois.<\/p>\n<\/div>\n<\/div>\n\n\n\n<div class=\"wp-block-column black flipbox is-layout-flow wp-block-column-is-layout-flow\">\n<div class=\"wp-block-group front has-global-padding is-layout-constrained wp-block-group-is-layout-constrained\">\n<figure class=\"wp-block-image size-full\"><img decoding=\"async\" src=\"https:\/\/aupairscout.com\/wp-content\/uploads\/2023\/10\/Abo-Kaufen.png\" alt=\"Achetez un abonnement Premium pour famille d&#039;accueil \" class=\"wp-image-5172\"\/><\/figure>\n\n\n\n<h3 class=\"wp-block-heading\"><strong>12 Mois<\/strong><\/h3>\n\n\n\n<p><strong>15.00 \u20ac par Mois<\/strong> <br>Total 180,00 \u20ac<\/p>\n\n\n<div class=\"wp-block-buttons is-layout-flex wp-block-buttons-is-layout-flex\"><div class=\"wp-block-button\"><a class=\"wp-block-button__link wp-element-button\" href=\"\/familien-registrierung\">S&#039;inscrire + Acheter<\/a><\/div><!-- .wp-block-button --><\/div><!-- .wp-block-buttons is-layout-flex wp-block-buttons-is-layout-flex -->\n<\/div>\n\n\n\n<div class=\"wp-block-group back has-global-padding is-layout-constrained wp-block-group-is-layout-constrained\">\n<p>Paquet &#034;premium&#034;<br>Discutez avec des au pairs pendant 12 mois.<\/p>\n<\/div>\n<\/div>\n<\/div>\n<\/section>\n\n\n\n<section class=\"wp-block-group has-global-padding is-layout-constrained wp-block-group-is-layout-constrained\">\n<h2 class=\"wp-block-heading\"><strong>Tarifs famille<\/strong><\/h2>\n\n\n\n<p>Apr\u00e8s votre inscription gratuite, vous avez la possibilit\u00e9 de choisir l&#039;une des trois options pour entrer en contact avec les au pairs. Ces derniers ne diff\u00e8rent que par la dur\u00e9e du mandat.<\/p>\n\n\n\n<p class=\"listcaption\">AuPairScout offre en \u00e9change :<\/p>\n\n\n\n<ul class=\"wp-block-list\">\n<li>Contactez-nous via des messages personnalis\u00e9s<\/li>\n\n\n\n<li>\u00c9change d\u2019autres donn\u00e9es et informations entre utilisateurs<\/li>\n\n\n\n<li>Acc\u00e8s \u00e0 des informations personnelles des Descriptions et des t\u00e9moignages de jeunes filles Au pair<\/li>\n\n\n\n<li>Conseils personnalis\u00e9s d&#039;AuPairScout<\/li>\n\n\n\n<li>Des d\u00e9cennies d&#039;exp\u00e9rience en tant qu&#039;agence au pair<\/li>\n\n\n\n<li>Communication avec notre \u00e9quipe AuPairScout<\/li>\n<\/ul>\n<\/section>\n\n\n\n<section class=\"wp-block-group has-global-padding is-layout-constrained wp-block-group-is-layout-constrained\">\n<p><strong>Ch\u00e8res familles d&#039;accueil allemandes,<\/strong><\/p>\n\n\n\n<p>Avez-vous trouv\u00e9 une fille au pair chez nous ou ailleurs et souhaitez-vous que nous vous aidions dans le processus de placement avec le service suppl\u00e9mentaire et que nous l&#039;initions pour vous ?<\/p>\n\n\n\n<p>Avec notre \u00ab<strong>Service Extra<\/strong>&quot; donc <strong>Juste une m\u00e9diation<\/strong>, nous vous proposons : le placement d&#039;une fille au pair que vous recherchez vous-m\u00eame. Il s&#039;agit d&#039;une fille au pair qui s&#039;est inscrite dans notre galerie et qui a trouv\u00e9 la famille d&#039;accueil dans notre galerie, ou par le biais de connaissances, d&#039;annonces, etc. Nous vous facturons ce service <strong>Frais uniques de 250 \u20ac<\/strong>. Nous vous fournirons les documents et conseils n\u00e9cessaires \u00e0 la d\u00e9livrance d&#039;un visa au pair ainsi qu&#039;une assistance pour les formalit\u00e9s n\u00e9cessaires.<\/p>\n\n\n\n<p>Ce Service ne s&#039;applique pas pour les personnes Au pair, par l&#039;interm\u00e9diaire de nos Agences partenaires dans notre Galerie ont \u00e9t\u00e9 recrut\u00e9s! Si une fille Au Pair sur une Agence, est reconnaissable \u00e0 partir du Profil du jeune Au-pair. Cette transmission se fait exclusivement par l&#039;Agence de l&#039;Utilisateur.<\/p>\n\n\n\n<p>Pour plus d&#039;Informations, reportez-Vous \u00e0 la section \u201cFAQ Service Suppl\u00e9mentaire\u201d.<\/p>\n\n\n\n<p>Veuillez noter que les frais pour ce service sont de\u00a0:&nbsp;<strong>250 euros<\/strong>&nbsp;est d\u00fb imm\u00e9diatement et nous ne pouvons pas garantir que vous avez trouv\u00e9 vous-m\u00eame la fille au pair. Si votre au pair n&#039;entre pas dans le pays pour quelque raison que ce soit ou si la relation au pair prend fin pr\u00e9matur\u00e9ment, nous ne fournirons aucune compensation et vous ne recevrez aucun cr\u00e9dit de notre part.<\/p>\n<\/section>\n\n\n\n<section class=\"wp-block-group has-global-padding is-layout-constrained wp-block-group-is-layout-constrained\">\n<h2 class=\"wp-block-heading list-caption\">Options de paiement<\/h2>\n\n\n\n<ul class=\"wp-block-list\">\n<li>PayPal<\/li>\n\n\n\n<li>Carte de cr\u00e9dit<\/li>\n\n\n\n<li>Transfert<\/li>\n<\/ul>\n<\/section>\n\n\n\n<section class=\"wp-block-group with-background grey has-global-padding is-layout-constrained wp-block-group-is-layout-constrained\">\n<h2 class=\"wp-block-heading\">Des questions ou des pr\u00e9occupations concernant la liste de prix ?<\/h2>\n\n\n\n<div class=\"wp-block-getwid-accordion faq has-icon-left\" data-active-element=\"none\">\n<div class=\"wp-block-getwid-accordion__header-wrapper\"><span class=\"wp-block-getwid-accordion__header\"><a href=\"#\"><span class=\"wp-block-getwid-accordion__header-title\">Comment puis-je entrer en contact avec l&#039;au pair ?<\/span><span class=\"wp-block-getwid-accordion__icon is-active\"><i class=\"fas fa-plus\"><\/i><\/span><span class=\"wp-block-getwid-accordion__icon is-passive\"><i class=\"fas fa-minus\"><\/i><\/span><\/a><\/span><\/div><div class=\"wp-block-getwid-accordion__content-wrapper\"><div class=\"wp-block-getwid-accordion__content\">\n<div class=\"wp-block-getwid-accordion has-icon-left\" data-active-element=\"none\">\n<div class=\"wp-block-getwid-accordion__header-wrapper\"><span class=\"wp-block-getwid-accordion__header\"><a href=\"#\"><span class=\"wp-block-getwid-accordion__header-title\">Offres pour 3, 6 ou 12 mois<\/span><span class=\"wp-block-getwid-accordion__icon is-active\"><i class=\"fas fa-plus\"><\/i><\/span><span class=\"wp-block-getwid-accordion__icon is-passive\"><i class=\"fas fa-minus\"><\/i><\/span><\/a><\/span><\/div><div class=\"wp-block-getwid-accordion__content-wrapper\"><div class=\"wp-block-getwid-accordion__content\">\n<p>Vous pouvez acheter une option de chat apr\u00e8s avoir \u00e9t\u00e9 inscrit et activ\u00e9.<\/p>\n<\/div><\/div>\n\n\n\n<div class=\"wp-block-getwid-accordion__header-wrapper\"><span class=\"wp-block-getwid-accordion__header\"><a href=\"#\"><span class=\"wp-block-getwid-accordion__header-title\">Quels sont les frais factur\u00e9s pour<\/span><span class=\"wp-block-getwid-accordion__icon is-active\"><i class=\"fas fa-plus\"><\/i><\/span><span class=\"wp-block-getwid-accordion__icon is-passive\"><i class=\"fas fa-minus\"><\/i><\/span><\/a><\/span><\/div><div class=\"wp-block-getwid-accordion__content-wrapper\"><div class=\"wp-block-getwid-accordion__content\">\n<p>Vous ne pouvez contacter les au pairs qu&#039;avec une option de chat<\/p>\n<\/div><\/div>\n\n\n\n<div class=\"wp-block-getwid-accordion__header-wrapper\"><span class=\"wp-block-getwid-accordion__header\"><a href=\"#\"><span class=\"wp-block-getwid-accordion__header-title\">AuPairScout offre en \u00e9change :<\/span><span class=\"wp-block-getwid-accordion__icon is-active\"><i class=\"fas fa-plus\"><\/i><\/span><span class=\"wp-block-getwid-accordion__icon is-passive\"><i class=\"fas fa-minus\"><\/i><\/span><\/a><\/span><\/div><div class=\"wp-block-getwid-accordion__content-wrapper\"><div class=\"wp-block-getwid-accordion__content\">\n<ul class=\"wp-block-list\">\n<li>Contactez-nous via des messages personnalis\u00e9s<\/li>\n\n\n\n<li>\u00c9change d\u2019autres donn\u00e9es et informations entre utilisateurs<\/li>\n\n\n\n<li>Acc\u00e8s \u00e0 des informations personnelles des Descriptions et des t\u00e9moignages de jeunes filles Au pair<\/li>\n\n\n\n<li>Des d\u00e9cennies d&#039;exp\u00e9rience en tant qu&#039;agence au pair<\/li>\n\n\n\n<li>Communication avec notre \u00e9quipe AuPairScout<\/li>\n<\/ul>\n<\/div><\/div>\n<\/div>\n<\/div><\/div>\n\n\n\n<div class=\"wp-block-getwid-accordion__header-wrapper\"><span class=\"wp-block-getwid-accordion__header\"><a href=\"#\"><span class=\"wp-block-getwid-accordion__header-title\">Que se passe-t-il \u00e0 la fin de la p\u00e9riode pay\u00e9e ?<\/span><span class=\"wp-block-getwid-accordion__icon is-active\"><i class=\"fas fa-plus\"><\/i><\/span><span class=\"wp-block-getwid-accordion__icon is-passive\"><i class=\"fas fa-minus\"><\/i><\/span><\/a><\/span><\/div><div class=\"wp-block-getwid-accordion__content-wrapper\"><div class=\"wp-block-getwid-accordion__content\">\n<div class=\"wp-block-getwid-accordion has-icon-left\" data-active-element=\"none\">\n<div class=\"wp-block-getwid-accordion__header-wrapper\"><span class=\"wp-block-getwid-accordion__header\"><a href=\"#\"><span class=\"wp-block-getwid-accordion__header-title\">Lorsqu&#039;une opportunit\u00e9 de chat se termine<\/span><span class=\"wp-block-getwid-accordion__icon is-active\"><i class=\"fas fa-plus\"><\/i><\/span><span class=\"wp-block-getwid-accordion__icon is-passive\"><i class=\"fas fa-minus\"><\/i><\/span><\/a><\/span><\/div><div class=\"wp-block-getwid-accordion__content-wrapper\"><div class=\"wp-block-getwid-accordion__content\">\n<p>Une fois l&#039;option de chat ferm\u00e9e, vous ne pourrez plus contacter l&#039;au pair ni lire ou r\u00e9pondre aux messages. Cependant, vous pouvez toujours acheter une nouvelle option de chat et elle fonctionnera \u00e0 nouveau.<\/p>\n<\/div><\/div>\n<\/div>\n<\/div><\/div>\n\n\n\n<div class=\"wp-block-getwid-accordion__header-wrapper\"><span class=\"wp-block-getwid-accordion__header\"><a href=\"#\"><span class=\"wp-block-getwid-accordion__header-title\">Comment puis-je annuler mon abonnement ?<\/span><span class=\"wp-block-getwid-accordion__icon is-active\"><i class=\"fas fa-plus\"><\/i><\/span><span class=\"wp-block-getwid-accordion__icon is-passive\"><i class=\"fas fa-minus\"><\/i><\/span><\/a><\/span><\/div><div class=\"wp-block-getwid-accordion__content-wrapper\"><div class=\"wp-block-getwid-accordion__content\">\n<div class=\"wp-block-getwid-accordion has-icon-left\" data-active-element=\"none\">\n<div class=\"wp-block-getwid-accordion__header-wrapper\"><span class=\"wp-block-getwid-accordion__header\"><a href=\"#\"><span class=\"wp-block-getwid-accordion__header-title\">Comment puis-je annuler un abonnement<\/span><span class=\"wp-block-getwid-accordion__icon is-active\"><i class=\"fas fa-plus\"><\/i><\/span><span class=\"wp-block-getwid-accordion__icon is-passive\"><i class=\"fas fa-minus\"><\/i><\/span><\/a><\/span><\/div><div class=\"wp-block-getwid-accordion__content-wrapper\"><div class=\"wp-block-getwid-accordion__content\">\n<p>Chaque option de chat se termine automatiquement apr\u00e8s le terme s\u00e9lectionn\u00e9 et n&#039;a pas besoin d&#039;\u00eatre annul\u00e9e. Cependant, si vous souhaitez prolonger votre abonnement, vous pouvez acheter une nouvelle option de chat.<\/p>\n<\/div><\/div>\n<\/div>\n<\/div><\/div>\n<\/div>\n<\/section>\n<\/div>\n\n\n\n<section id=\"last-cta\" class=\"wp-block-group with-background small has-global-padding is-layout-constrained wp-block-group-is-layout-constrained\">\n<div class=\"wp-block-columns aupair is-layout-flex wp-container-core-columns-is-layout-28f84493 wp-block-columns-is-layout-flex\">\n<div class=\"wp-block-column is-layout-flow wp-block-column-is-layout-flow\">\n<h2 class=\"wp-block-heading\"><strong>Inscrivez-vous maintenant gratuitement!<\/strong><\/h2>\n\n\n\n<h5 class=\"wp-block-heading\">NOUS R\u00c9UNIONS DES AU PAIRS, DES FAMILLES D&#039;ACCUEIL, DES AGENCES, DES \u00c9COLES DE LANGUES ET DES CLUBS AU PAIR DANS LE MONDE ENTIER DEPUIS 1997.<\/h5>\n<\/div>\n\n\n\n<div class=\"wp-block-column is-layout-flow wp-block-column-is-layout-flow\">\n<div class=\"wp-block-buttons is-layout-flex wp-block-buttons-is-layout-flex\">\n<div class=\"wp-block-button highlighted\"><a class=\"wp-block-button__link wp-element-button\" href=\"\/#registrierung\"><strong>Allons-y<\/strong><\/a><\/div>\n<\/div>\n<\/div>\n<\/div>\n<\/section>","protected":false},"excerpt":{"rendered":"","protected":false},"author":990158,"featured_media":0,"parent":0,"menu_order":0,"comment_status":"closed","ping_status":"closed","template":"","meta":{"footnotes":""},"class_list":["post-14","page","type-page","status-publish","hentry"],"_links":{"self":[{"href":"https:\/\/aupairscout.com\/fr\/wp-json\/wp\/v2\/pages\/14","targetHints":{"allow":["GET"]}}],"collection":[{"href":"https:\/\/aupairscout.com\/fr\/wp-json\/wp\/v2\/pages"}],"about":[{"href":"https:\/\/aupairscout.com\/fr\/wp-json\/wp\/v2\/types\/page"}],"author":[{"embeddable":true,"href":"https:\/\/aupairscout.com\/fr\/wp-json\/wp\/v2\/users\/990158"}],"replies":[{"embeddable":true,"href":"https:\/\/aupairscout.com\/fr\/wp-json\/wp\/v2\/comments?post=14"}],"version-history":[{"count":52,"href":"https:\/\/aupairscout.com\/fr\/wp-json\/wp\/v2\/pages\/14\/revisions"}],"predecessor-version":[{"id":7328,"href":"https:\/\/aupairscout.com\/fr\/wp-json\/wp\/v2\/pages\/14\/revisions\/7328"}],"wp:attachment":[{"href":"https:\/\/aupairscout.com\/fr\/wp-json\/wp\/v2\/media?parent=14"}],"curies":[{"name":"wp","href":"https:\/\/api.w.org\/{rel}","templated":true}]}}