{"id":10,"date":"2016-04-15T14:40:44","date_gmt":"2016-04-15T14:40:44","guid":{"rendered":"https:\/\/au-pair-agency.axiomthemes.com.dv.axiomthemes.com\/?page_id=10"},"modified":"2025-03-13T16:49:58","modified_gmt":"2025-03-13T15:49:58","slug":"a-propos-daupairscout","status":"publish","type":"page","link":"https:\/\/aupairscout.com\/fr\/a-propos-daupairscout\/","title":{"rendered":"Sur AuPairScout"},"content":{"rendered":"<section class=\"wp-block-group has-global-padding is-layout-constrained wp-block-group-is-layout-constrained\">\n<h2 class=\"wp-block-heading centred\"><strong>Le si\u00e8ge social d&#039;Aupair s&#039;appelle d\u00e9sormais AuPairScout<\/strong><\/h2>\n\n\n\n<div class=\"wp-block-columns is-layout-flex wp-container-core-columns-is-layout-28f84493 wp-block-columns-is-layout-flex\">\n<div class=\"wp-block-column is-layout-flow wp-block-column-is-layout-flow\">\n<figure class=\"wp-block-image size-full\"><img loading=\"lazy\" decoding=\"async\" width=\"900\" height=\"600\" src=\"https:\/\/aupairscout.com\/wp-content\/uploads\/2025\/03\/Au-pair-Scout-weltweit.jpg\" alt=\"AuPairScout offre la possibilit\u00e9 d&#039;\u00e9changes mondiaux entre au pairs, familles d&#039;accueil, agences, \u00e9coles de langues et clubs au pair. \" class=\"wp-image-6852\" srcset=\"https:\/\/aupairscout.com\/wp-content\/uploads\/2025\/03\/Au-pair-Scout-weltweit.jpg 900w, https:\/\/aupairscout.com\/wp-content\/uploads\/2025\/03\/Au-pair-Scout-weltweit-300x200.jpg 300w, https:\/\/aupairscout.com\/wp-content\/uploads\/2025\/03\/Au-pair-Scout-weltweit-768x512.jpg 768w, https:\/\/aupairscout.com\/wp-content\/uploads\/2025\/03\/Au-pair-Scout-weltweit-18x12.jpg 18w, https:\/\/aupairscout.com\/wp-content\/uploads\/2025\/03\/Au-pair-Scout-weltweit-600x400.jpg 600w\" sizes=\"auto, (max-width: 900px) 100vw, 900px\" \/><\/figure>\n<\/div>\n\n\n\n<div class=\"wp-block-column is-layout-flow wp-block-column-is-layout-flow\">\n<figure class=\"wp-block-image size-full\"><img loading=\"lazy\" decoding=\"async\" width=\"900\" height=\"600\" src=\"https:\/\/aupairscout.com\/wp-content\/uploads\/2025\/03\/Au-pair-Zentrale-seit-1997.jpg\" alt=\"Depuis la cr\u00e9ation du si\u00e8ge social au pair en 1997, nous pla\u00e7ons avec succ\u00e8s des jeunes au pair dans des familles d&#039;accueil en Allemagne en tant qu&#039;agence Internet \u00e0 service complet.\" class=\"wp-image-6853\" srcset=\"https:\/\/aupairscout.com\/wp-content\/uploads\/2025\/03\/Au-pair-Zentrale-seit-1997.jpg 900w, https:\/\/aupairscout.com\/wp-content\/uploads\/2025\/03\/Au-pair-Zentrale-seit-1997-300x200.jpg 300w, https:\/\/aupairscout.com\/wp-content\/uploads\/2025\/03\/Au-pair-Zentrale-seit-1997-768x512.jpg 768w, https:\/\/aupairscout.com\/wp-content\/uploads\/2025\/03\/Au-pair-Zentrale-seit-1997-18x12.jpg 18w, https:\/\/aupairscout.com\/wp-content\/uploads\/2025\/03\/Au-pair-Zentrale-seit-1997-600x400.jpg 600w\" sizes=\"auto, (max-width: 900px) 100vw, 900px\" \/><\/figure>\n<\/div>\n<\/div>\n\n\n\n<p>Depuis la cr\u00e9ation du si\u00e8ge social au pair en 1997 - 2023, nous pla\u00e7ons avec succ\u00e8s des jeunes au pair dans des familles d&#039;accueil en Allemagne en tant qu&#039;agence Internet \u00e0 service complet.<\/p>\n\n\n\n<p>Avec AuPairScout depuis le 01.2024 \u2013 \u221e . Forts de cette exp\u00e9rience, nous nous sommes r\u00e9orient\u00e9s en mati\u00e8re de placement au pair. Vous disposez d\u00e9sormais d\u2019une pr\u00e9sentation Internet moderne, contemporaine et orient\u00e9e client.<\/p>\n\n\n\n<p>Mais surtout : avec un nouveau concept, AuPairScout vous offrira \u00e0 l&#039;avenir la possibilit\u00e9 d&#039;un \u00e9change global entre au pair, familles d&#039;accueil, agences, \u00e9coles de langues et clubs au pair. Bien entendu, nous restons disponibles pour vous conseiller.<\/p>\n\n\n\n<p><strong>Notre exp\u00e9rience:<\/strong> Au fil du temps, nous avons pu conqu\u00e9rir un tr\u00e8s grand nombre de clients r\u00e9guliers \u2013 parmi lesquels de nombreuses personnalit\u00e9s publiques \u2013 qui continuent de nous faire confiance ann\u00e9e apr\u00e8s ann\u00e9e.<\/p>\n\n\n\n<p><strong>Notre devise:<\/strong> La qualit\u00e9 plut\u00f4t que la quantit\u00e9! La grande majorit\u00e9 de nos jeunes au pair sont inscrits chez nous via nos agences partenaires. Cela vous donne la s\u00e9curit\u00e9 que toutes les informations fournies dans le profil de l&#039;au pair ont \u00e9t\u00e9 v\u00e9rifi\u00e9es sur place. Les Au Pairs qui ne sont pas inscrits aupr\u00e8s d&#039;agences partenaires sont interview\u00e9s en d\u00e9tail par nos soins.<\/p>\n\n\n\n<div class=\"wp-block-columns is-layout-flex wp-container-core-columns-is-layout-28f84493 wp-block-columns-is-layout-flex\">\n<div class=\"wp-block-column is-layout-flow wp-block-column-is-layout-flow\">\n<ul class=\"wp-block-list checked\">\n<li>Au pair Exp\u00e9rience depuis 1997<\/li>\n\n\n\n<li>Inscription Gratuite<\/li>\n\n\n\n<li>La Transparence Des Prix<\/li>\n\n\n\n<li>D\u00e9taill\u00e9e Faq<\/li>\n\n\n\n<li>Contr\u00f4l\u00e9e De Profils<\/li>\n<\/ul>\n<\/div>\n\n\n\n<div class=\"wp-block-column is-layout-flow wp-block-column-is-layout-flow\">\n<ul class=\"wp-block-list checked\">\n<li>SSL crypt\u00e9e s\u00e9curis\u00e9e<\/li>\n\n\n\n<li>E-Mail ou par T\u00e9l\u00e9phone<\/li>\n\n\n\n<li>Agences de conseil<\/li>\n\n\n\n<li>\u00c9coles de langues<\/li>\n\n\n\n<li>Clubs au pair<\/li>\n<\/ul>\n<\/div>\n<\/div>\n<\/section>","protected":false},"excerpt":{"rendered":"<p>Aupairzentrale ist jetzt AuPairScout Seit Gr\u00fcndung der Aupairzentrale im Jahre 1997 &#8211; 2023, vermitteln wir als Full Service Internet-Agentur erfolgreich Au-pairs an Gastfamilien in Deutschland. Mit AuPairScout seit 01.2024 &#8211; \u221e . basierend auf dieser Erfahrung \u2013 haben wir uns bei der Au-pair-Vermittlung neu orientiert. Ihnen er\u00f6ffnet sich nunmehr eine moderne, zeitgem\u00e4\u00dfe und kundenorientierte Internet-Pr\u00e4sentation. [&hellip;]<\/p>\n","protected":false},"author":990158,"featured_media":0,"parent":0,"menu_order":0,"comment_status":"closed","ping_status":"closed","template":"","meta":{"footnotes":""},"class_list":["post-10","page","type-page","status-publish","hentry"],"_links":{"self":[{"href":"https:\/\/aupairscout.com\/fr\/wp-json\/wp\/v2\/pages\/10","targetHints":{"allow":["GET"]}}],"collection":[{"href":"https:\/\/aupairscout.com\/fr\/wp-json\/wp\/v2\/pages"}],"about":[{"href":"https:\/\/aupairscout.com\/fr\/wp-json\/wp\/v2\/types\/page"}],"author":[{"embeddable":true,"href":"https:\/\/aupairscout.com\/fr\/wp-json\/wp\/v2\/users\/990158"}],"replies":[{"embeddable":true,"href":"https:\/\/aupairscout.com\/fr\/wp-json\/wp\/v2\/comments?post=10"}],"version-history":[{"count":11,"href":"https:\/\/aupairscout.com\/fr\/wp-json\/wp\/v2\/pages\/10\/revisions"}],"predecessor-version":[{"id":6856,"href":"https:\/\/aupairscout.com\/fr\/wp-json\/wp\/v2\/pages\/10\/revisions\/6856"}],"wp:attachment":[{"href":"https:\/\/aupairscout.com\/fr\/wp-json\/wp\/v2\/media?parent=10"}],"curies":[{"name":"wp","href":"https:\/\/api.w.org\/{rel}","templated":true}]}}