{"id":3272,"date":"2022-12-22T13:57:17","date_gmt":"2022-12-22T12:57:17","guid":{"rendered":"https:\/\/aupair.mondoit.de\/?post_type=product&#038;p=3272"},"modified":"2025-09-25T09:51:25","modified_gmt":"2025-09-25T07:51:25","slug":"suscripcion-premium","status":"publish","type":"product","link":"https:\/\/aupairscout.com\/es\/producto\/suscripcion-premium\/","title":{"rendered":"Membres\u00eda para la agencia"},"content":{"rendered":"<div class=\"wpb_text_column wpb_content_element\">\n<div class=\"wpb_wrapper\">\n<div class=\"wpb_text_column wpb_content_element\">\n<div class=\"wpb_wrapper\">\n<h5><span style=\"color: #000000;\">MEMBRES\u00cdA PREMIUM EN AUPAIRSCOUT.DE<\/span><\/h5>\n<p><span style=\"color: #000000;\">Al adquirir una membres\u00eda premium, puedes enviar mensajes personales a candidatos: es la forma m\u00e1s r\u00e1pida y sencilla de encontrar un\/a au pair. \u00a1Puedes intercambiar datos de contacto y comenzar tu aventura como au pair! Aqu\u00ed tienes un resumen de las distintas funciones premium:<\/span><\/p>\n<ul>\n<li><span style=\"color: #000000;\">Contacta a los candidatos mediante mensajes personalizados. As\u00ed te aseguras de que leer\u00e1n tus mensajes.<\/span><\/li>\n<li><span style=\"color: #000000;\">Leer y responder los mensajes de las partes interesadas, d\u00e1ndole la oportunidad de intercambiar m\u00e1s informaci\u00f3n.<\/span><\/li>\n<li><span style=\"color: #000000;\">Lea descripciones personales y obtenga acceso a v\u00eddeos y testimonios.<\/span><\/li>\n<li><span style=\"color: #000000;\">Obt\u00e9n acceso a un contrato Au Pair completo con contenido adicional, m\u00e1s informaci\u00f3n y respuestas a las preguntas m\u00e1s frecuentes.<\/span><\/li>\n<li><span style=\"color: #000000;\">Reciba un manual para familias anfitrionas con consejos e informaci\u00f3n adicionales sobre el programa Au Pair, as\u00ed como informaci\u00f3n \u00fatil sobre c\u00f3mo encontrar una Au Pair.<\/span><\/li>\n<\/ul>\n<\/div>\n<\/div>\n<div class=\"wpb_text_column wpb_content_element\">\n<div class=\"wpb_wrapper\"><\/div>\n<\/div>\n<\/div>\n<\/div>","protected":false},"excerpt":{"rendered":"<h5><span style=\"color: #000000;\">ZAHLUNGS-OPTIONEN<\/span><\/h5>\n<ul>\n<li><span style=\"color: #000000;\">PayPal<\/span><\/li>\n<li><span style=\"color: #000000;\">Tarjeta de cr\u00e9dito<\/span><\/li>\n<li><span style=\"color: #000000;\">Transferir<\/span><\/li>\n<\/ul>","protected":false},"featured_media":3167,"template":"","meta":[],"product_brand":[],"product_cat":[122],"product_tag":[],"class_list":{"0":"post-3272","1":"product","2":"type-product","3":"status-publish","4":"has-post-thumbnail","6":"product_cat-abo","8":"first","9":"instock","10":"sold-individually","11":"taxable","12":"shipping-taxable","13":"purchasable","14":"product-type-variable-subscription"},"_links":{"self":[{"href":"https:\/\/aupairscout.com\/es\/wp-json\/wp\/v2\/product\/3272","targetHints":{"allow":["GET"]}}],"collection":[{"href":"https:\/\/aupairscout.com\/es\/wp-json\/wp\/v2\/product"}],"about":[{"href":"https:\/\/aupairscout.com\/es\/wp-json\/wp\/v2\/types\/product"}],"wp:featuredmedia":[{"embeddable":true,"href":"https:\/\/aupairscout.com\/es\/wp-json\/wp\/v2\/media\/3167"}],"wp:attachment":[{"href":"https:\/\/aupairscout.com\/es\/wp-json\/wp\/v2\/media?parent=3272"}],"wp:term":[{"taxonomy":"product_brand","embeddable":true,"href":"https:\/\/aupairscout.com\/es\/wp-json\/wp\/v2\/product_brand?post=3272"},{"taxonomy":"product_cat","embeddable":true,"href":"https:\/\/aupairscout.com\/es\/wp-json\/wp\/v2\/product_cat?post=3272"},{"taxonomy":"product_tag","embeddable":true,"href":"https:\/\/aupairscout.com\/es\/wp-json\/wp\/v2\/product_tag?post=3272"}],"curies":[{"name":"wp","href":"https:\/\/api.w.org\/{rel}","templated":true}]}}