{"id":3165,"date":"2022-11-02T21:10:10","date_gmt":"2022-11-02T20:10:10","guid":{"rendered":"https:\/\/aupair.mondoit.de\/?post_type=product&#038;p=3165"},"modified":"2025-09-01T13:24:02","modified_gmt":"2025-09-01T11:24:02","slug":"familia-anfitriona-miembro","status":"publish","type":"product","link":"https:\/\/aupairscout.com\/es\/producto\/familia-anfitriona-miembro\/","title":{"rendered":"Membres\u00eda para familia anfitriona"},"content":{"rendered":"<div class=\"wpb_text_column wpb_content_element\">\n<div class=\"wpb_wrapper\">\n<h3><span style=\"color: #000000;\">Membres\u00eda de familia anfitriona en AUPAIRSCOUT.DE<\/span><\/h3>\n<p>Para contactar con una au pair, las familias anfitrionas necesitan una membres\u00eda premium. Hay tres paquetes disponibles, cuya \u00fanica diferencia es la duraci\u00f3n de la membres\u00eda.<\/p>\n<p><span style=\"color: #000000;\">AuPairScout garantiza a cambio:<\/span><\/p>\n<ul>\n<li><span style=\"color: #000000;\">D\u00e9cadas de experiencia como agencia au pair<\/span><\/li>\n<li><span style=\"color: #000000;\">Comunicaci\u00f3n con nuestro equipo AuPairScout<\/span><\/li>\n<li><span style=\"color: #000000;\">Cont\u00e1ctanos a trav\u00e9s de mensajes personalizados<\/span><\/li>\n<li><span style=\"color: #000000;\">Intercambio de m\u00e1s datos e informaci\u00f3n entre usuarios.<\/span><\/li>\n<li><span style=\"color: #000000;\">Acceso a descripciones y referencias personales.<\/span><\/li>\n<li>No hay publicidad en nuestro sitio web<\/li>\n<\/ul>\n<\/div>\n<\/div>\n<div class=\"wpb_text_column wpb_content_element\">\n<div class=\"wpb_wrapper\"><\/div>\n<\/div>","protected":false},"excerpt":{"rendered":"<h5><span style=\"color: #000000;\">ZAHLUNGS-OPTIONEN<\/span><\/h5>\n<ul>\n<li><span style=\"color: #000000;\">PayPal<\/span><\/li>\n<li><span style=\"color: #000000;\">Tarjeta de cr\u00e9dito<\/span><\/li>\n<li><span style=\"color: #000000;\">Transferir<\/span><\/li>\n<\/ul>","protected":false},"featured_media":3167,"template":"","meta":[],"product_brand":[],"product_cat":[122],"product_tag":[],"class_list":{"0":"post-3165","1":"product","2":"type-product","3":"status-publish","4":"has-post-thumbnail","6":"product_cat-abo","8":"first","9":"instock","10":"sold-individually","11":"taxable","12":"shipping-taxable","13":"purchasable","14":"product-type-variable-subscription"},"_links":{"self":[{"href":"https:\/\/aupairscout.com\/es\/wp-json\/wp\/v2\/product\/3165","targetHints":{"allow":["GET"]}}],"collection":[{"href":"https:\/\/aupairscout.com\/es\/wp-json\/wp\/v2\/product"}],"about":[{"href":"https:\/\/aupairscout.com\/es\/wp-json\/wp\/v2\/types\/product"}],"wp:featuredmedia":[{"embeddable":true,"href":"https:\/\/aupairscout.com\/es\/wp-json\/wp\/v2\/media\/3167"}],"wp:attachment":[{"href":"https:\/\/aupairscout.com\/es\/wp-json\/wp\/v2\/media?parent=3165"}],"wp:term":[{"taxonomy":"product_brand","embeddable":true,"href":"https:\/\/aupairscout.com\/es\/wp-json\/wp\/v2\/product_brand?post=3165"},{"taxonomy":"product_cat","embeddable":true,"href":"https:\/\/aupairscout.com\/es\/wp-json\/wp\/v2\/product_cat?post=3165"},{"taxonomy":"product_tag","embeddable":true,"href":"https:\/\/aupairscout.com\/es\/wp-json\/wp\/v2\/product_tag?post=3165"}],"curies":[{"name":"wp","href":"https:\/\/api.w.org\/{rel}","templated":true}]}}