{"id":7281,"date":"2025-08-14T11:25:52","date_gmt":"2025-08-14T09:25:52","guid":{"rendered":"https:\/\/aupairscout.com\/?page_id=7281"},"modified":"2025-08-19T12:32:13","modified_gmt":"2025-08-19T10:32:13","slug":"lista-de-precios-de-au-pair","status":"publish","type":"page","link":"https:\/\/aupairscout.com\/es\/lista-de-precios-de-au-pair\/","title":{"rendered":"Lista de precios de au pair"},"content":{"rendered":"<section class=\"wp-block-group pricelist au-pair-premium has-global-padding is-layout-constrained wp-block-group-is-layout-constrained\">\n<div class=\"wp-block-columns tiles text-left aupair is-layout-flex wp-container-core-columns-is-layout-28f84493 wp-block-columns-is-layout-flex\">\n<div class=\"wp-block-column is-layout-flow wp-block-column-is-layout-flow\">\n<h2 class=\"wp-block-heading\">Lista de precios de au pair<\/h2>\n\n\n\n<p>Las au pairs con un perfil b\u00e1sico pueden encontrar y contactar con familias de forma gratuita. Las familias con una membres\u00eda premium pueden responderles.<\/p>\n\n\n\n<p><strong>Nuevo:<\/strong> Ahora, las au pairs tambi\u00e9n tienen la opci\u00f3n de adquirir una membres\u00eda premium, que les permite responder a las familias y a otros participantes incluso sin tener su propia membres\u00eda premium. \u00a1No esperes a que las familias respondan, toma la iniciativa!<\/p>\n\n\n\n<p class=\"listcaption\">AuPairScout ofrece a cambio:<\/p>\n\n\n\n<ul class=\"wp-block-list\">\n<li>Establecer contacto activo con las familias y otros participantes<\/li>\n\n\n\n<li>Las familias y otros participantes pueden responder sin necesidad de ser miembros.<\/li>\n\n\n\n<li>Acceso a todos los datos familiares<\/li>\n\n\n\n<li>Asesoramiento personal de AuPairScout<\/li>\n\n\n\n<li>La membres\u00eda es <strong>V\u00e1lido por 12 meses<\/strong>Esto tambi\u00e9n es suficiente para encontrar otro puesto posteriormente, por ejemplo en otro pa\u00eds anfitri\u00f3n.<\/li>\n<\/ul>\n<\/div>\n\n\n\n<div class=\"wp-block-column black front is-layout-flow wp-block-column-is-layout-flow\">\n<figure class=\"wp-block-image size-large\"><img decoding=\"async\" src=\"https:\/\/aupairscout.com\/wp-content\/uploads\/2023\/10\/Abo-Kaufen.png\" alt=\"Compra una membres\u00eda de au pair \"\/><\/figure>\n\n\n\n<h3 class=\"wp-block-heading\"><strong><strong>Membres\u00eda de 12 meses<\/strong><\/strong><\/h3>\n\n\n\n<p><strong>120.00 \u20ac<\/strong><br>10,00 \u20ac al mes<\/p>\n\n\n<div class=\"wp-block-buttons is-layout-flex wp-block-buttons-is-layout-flex\"><div class=\"wp-block-button\"><a class=\"single_add_to_cart_button button wp-block-button__link wp-element-button\" href=\"\/au-pair-registrierung\">Registrarse + Comprar<\/a><\/div><!-- .wp-block-button --><\/div><!-- .wp-block-buttons is-layout-flex wp-block-buttons-is-layout-flex -->\n\n\n\n<p>Membres\u00eda premium<br>Chatea con las familias durante 12 meses.<\/p>\n<\/div>\n<\/div>\n<\/section>","protected":false},"excerpt":{"rendered":"<p>Au-pair Preisliste Au-pairs mit Basis Profil k\u00f6nnen kostenlos Familien finden und diese kontaktieren. Diese k\u00f6nnen darauf bei eigener Premium Mitgliedschaft antworten. Neu: Auch f\u00fcr Au-pairs besteht nun die M\u00f6glichkeit, eine Premium Mitgliedschaft zu kaufen, dann k\u00f6nnen Familien und anderen Teilnehmern auch ohne eigene Premium Mitgliedschaft antworten. Nicht auf die Familien warten, sondern selbst aktiv werden! [&hellip;]<\/p>\n","protected":false},"author":1,"featured_media":0,"parent":0,"menu_order":0,"comment_status":"closed","ping_status":"closed","template":"","meta":{"footnotes":""},"class_list":["post-7281","page","type-page","status-publish","hentry"],"_links":{"self":[{"href":"https:\/\/aupairscout.com\/es\/wp-json\/wp\/v2\/pages\/7281","targetHints":{"allow":["GET"]}}],"collection":[{"href":"https:\/\/aupairscout.com\/es\/wp-json\/wp\/v2\/pages"}],"about":[{"href":"https:\/\/aupairscout.com\/es\/wp-json\/wp\/v2\/types\/page"}],"author":[{"embeddable":true,"href":"https:\/\/aupairscout.com\/es\/wp-json\/wp\/v2\/users\/1"}],"replies":[{"embeddable":true,"href":"https:\/\/aupairscout.com\/es\/wp-json\/wp\/v2\/comments?post=7281"}],"version-history":[{"count":8,"href":"https:\/\/aupairscout.com\/es\/wp-json\/wp\/v2\/pages\/7281\/revisions"}],"predecessor-version":[{"id":7327,"href":"https:\/\/aupairscout.com\/es\/wp-json\/wp\/v2\/pages\/7281\/revisions\/7327"}],"wp:attachment":[{"href":"https:\/\/aupairscout.com\/es\/wp-json\/wp\/v2\/media?parent=7281"}],"curies":[{"name":"wp","href":"https:\/\/api.w.org\/{rel}","templated":true}]}}