{"id":6987,"date":"2025-04-27T15:38:11","date_gmt":"2025-04-27T13:38:11","guid":{"rendered":"https:\/\/aupairscout.com\/?page_id=6987"},"modified":"2025-07-30T17:40:08","modified_gmt":"2025-07-30T15:40:08","slug":"ampliacion-del-servicio-de-informacion","status":"publish","type":"page","link":"https:\/\/aupairscout.com\/es\/ampliacion-del-servicio-de-informacion\/","title":{"rendered":"Ampliaci\u00f3n del servicio de informaci\u00f3n"},"content":{"rendered":"<section class=\"wp-block-group single-track near has-global-padding is-layout-constrained wp-block-group-is-layout-constrained\">\n<p>Estimado cliente potencial,<\/p>\n\n\n\n<p>Aqu\u00ed puede renovar un servicio de informaci\u00f3n espec\u00edfico si desea seguir recibiendo correos electr\u00f3nicos relacionados con esta b\u00fasqueda. Tambi\u00e9n puede renovar todos los servicios de informaci\u00f3n para su direcci\u00f3n de correo electr\u00f3nico a la vez.<\/p>\n\n\n\n<p>Esperamos que los servicios de informaci\u00f3n le ayuden a encontrar una au pair o una familia anfitriona y le recordaremos nuevamente en unas semanas que debe cancelar su registro o extender su estad\u00eda.<\/p>\n\n\n\n<p>Atentamente,<br>\u00a0 El equipo de AuPairScout<\/p>\n\n\n<p class=\"shortcode-message error\">No se encontraron datos.<\/p>\n<\/section>","protected":false},"excerpt":{"rendered":"<p>Liebe Interessentin \/ lieber Interessent, hier kannst du einen bestimmten Infodienst verl\u00e4ngern, wenn du zu dieser Suchanfrage weiterhin Mails bekommen m\u00f6chtest. Oder du verl\u00e4ngerst alle Infodienste zu deiner E-Mail-Adresse gleichzeitig. Wir hoffen, die Infodienste helfen dir, ein Au-pair oder eine Gastfamilie zu finden und werden wir dich f\u00fcr die Verl\u00e4ngerungen in ein paar Wochen wieder [&hellip;]<\/p>\n","protected":false},"author":1,"featured_media":0,"parent":0,"menu_order":0,"comment_status":"closed","ping_status":"closed","template":"","meta":{"footnotes":""},"class_list":["post-6987","page","type-page","status-publish","hentry"],"_links":{"self":[{"href":"https:\/\/aupairscout.com\/es\/wp-json\/wp\/v2\/pages\/6987","targetHints":{"allow":["GET"]}}],"collection":[{"href":"https:\/\/aupairscout.com\/es\/wp-json\/wp\/v2\/pages"}],"about":[{"href":"https:\/\/aupairscout.com\/es\/wp-json\/wp\/v2\/types\/page"}],"author":[{"embeddable":true,"href":"https:\/\/aupairscout.com\/es\/wp-json\/wp\/v2\/users\/1"}],"replies":[{"embeddable":true,"href":"https:\/\/aupairscout.com\/es\/wp-json\/wp\/v2\/comments?post=6987"}],"version-history":[{"count":2,"href":"https:\/\/aupairscout.com\/es\/wp-json\/wp\/v2\/pages\/6987\/revisions"}],"predecessor-version":[{"id":7192,"href":"https:\/\/aupairscout.com\/es\/wp-json\/wp\/v2\/pages\/6987\/revisions\/7192"}],"wp:attachment":[{"href":"https:\/\/aupairscout.com\/es\/wp-json\/wp\/v2\/media?parent=6987"}],"curies":[{"name":"wp","href":"https:\/\/api.w.org\/{rel}","templated":true}]}}