{"id":6227,"date":"2024-08-25T10:51:23","date_gmt":"2024-08-25T08:51:23","guid":{"rendered":"https:\/\/aupairscout.com\/?page_id=6227"},"modified":"2024-08-25T11:39:11","modified_gmt":"2024-08-25T09:39:11","slug":"traducciones","status":"publish","type":"page","link":"https:\/\/aupairscout.com\/es\/traducciones\/","title":{"rendered":"Traducciones"},"content":{"rendered":"<section id=\"strings\" class=\"wp-block-group no-top has-global-padding is-layout-constrained wp-block-group-is-layout-constrained\">\n<h2 class=\"wp-block-heading\">Archivo de idioma del complemento Au Pair<\/h2>\n\n\n\n<ul class=\"wp-block-list\">\n<li>Agencia<\/li>\n\n\n\n<li>\u00a0Alem\u00e1n<\/li>\n\n\n\n<li>\u00a0Ingl\u00e9s<\/li>\n\n\n\n<li>\u00a0La duraci\u00f3n de la estancia<\/li>\n\n\n\n<li>\u00a0Fecha de inicio m\u00e1s temprana<\/li>\n\n\n\n<li>\u00a0\u00daltima fecha de inicio<\/li>\n\n\n\n<li>\u00a0Licencia de conducir<\/li>\n\n\n\n<li>\u00a0Descubrir<\/li>\n\n\n\n<li>\u00a0fuera de<\/li>\n\n\n\n<li>\u00a0a\u00f1os de edad<\/li>\n\n\n\n<li>\u00a0Pa\u00eds deseado<\/li>\n\n\n\n<li>\u00a0Tel\u00e9fono<\/li>\n\n\n\n<li>\u00a0M\u00f3vil<\/li>\n\n\n\n<li>\u00a0E-Mail<\/li>\n\n\n\n<li>\u00a0Internet<\/li>\n\n\n\n<li>\u00a0Hemos estado proporcionando au pairs desde<\/li>\n\n\n\n<li>\u00a0a los siguientes pa\u00edses<\/li>\n\n\n\n<li>\u00a0Editar foto de portada<\/li>\n\n\n\n<li>\u00a0N\u00famero de perfil<\/li>\n\n\n\n<li>\u00a0El perfil est\u00e1 activado.<\/li>\n\n\n\n<li>\u00a0El perfil est\u00e1 desactivado<\/li>\n\n\n\n<li>\u00a0Querida agencia<\/li>\n\n\n\n<li>\u00a0de sus empleados y de su agencia<\/li>\n\n\n\n<li>\u00a0Querida familia<\/li>\n\n\n\n<li>\u00a0a tu futura au pair<\/li>\n\n\n\n<li>\u00a0Querida au pair<\/li>\n\n\n\n<li>\u00a0a su futura familia anfitriona<\/li>\n\n\n\n<li>\u00a0Querida escuela de idiomas<\/li>\n\n\n\n<li>\u00a0de sus empleados y de su escuela<\/li>\n\n\n\n<li>\u00a0Querido club de au pairs<\/li>\n\n\n\n<li>\u00a0de tu club<\/li>\n\n\n\n<li>\u00a0Gracias por su registro<\/li>\n\n\n\n<li>\u00a0Su n\u00famero de perfil en AuPairScout es<\/li>\n\n\n\n<li>\u00a0Se ha enviado una copia del registro a la direcci\u00f3n de correo electr\u00f3nico que proporcion\u00f3. Si no recibe esto en los pr\u00f3ximos minutos, revise su carpeta de spam o cont\u00e1ctenos usando nuestro formulario de contacto, indicando su n\u00famero de perfil.<\/li>\n\n\n\n<li>Inmediatamente ser\u00e1s redirigido a tu perfil. Por favor completa tu perfil con bonitas fotos.<\/li>\n\n\n\n<li>Despu\u00e9s de la activaci\u00f3n por nuestra parte, su perfil se mostrar\u00e1 a todos los dem\u00e1s usuarios.&#039;,<\/li>\n\n\n\n<li>Te deseamos mucho \u00e9xito<\/li>\n\n\n\n<li>Prop\u00f3sito de uso<\/li>\n<\/ul>\n\n\n\n<h2 class=\"wp-block-heading\">Idiomas<\/h2>\n\n\n\n<ul class=\"wp-block-list\">\n<li>Alem\u00e1n<\/li>\n\n\n\n<li>Ingl\u00e9s<\/li>\n\n\n\n<li>Franc\u00e9s<\/li>\n\n\n\n<li>Espa\u00f1ol<\/li>\n\n\n\n<li>portugu\u00e9s<\/li>\n\n\n\n<li>italiano<\/li>\n\n\n\n<li>Holand\u00e9s<\/li>\n\n\n\n<li>dan\u00e9s<\/li>\n\n\n\n<li>sueco<\/li>\n<\/ul>\n<\/section>","protected":false},"excerpt":{"rendered":"<p>Archivo de idioma del complemento Au-pair<\/p>","protected":false},"author":1,"featured_media":0,"parent":0,"menu_order":0,"comment_status":"closed","ping_status":"closed","template":"","meta":{"footnotes":""},"class_list":["post-6227","page","type-page","status-publish","hentry"],"_links":{"self":[{"href":"https:\/\/aupairscout.com\/es\/wp-json\/wp\/v2\/pages\/6227","targetHints":{"allow":["GET"]}}],"collection":[{"href":"https:\/\/aupairscout.com\/es\/wp-json\/wp\/v2\/pages"}],"about":[{"href":"https:\/\/aupairscout.com\/es\/wp-json\/wp\/v2\/types\/page"}],"author":[{"embeddable":true,"href":"https:\/\/aupairscout.com\/es\/wp-json\/wp\/v2\/users\/1"}],"replies":[{"embeddable":true,"href":"https:\/\/aupairscout.com\/es\/wp-json\/wp\/v2\/comments?post=6227"}],"version-history":[{"count":2,"href":"https:\/\/aupairscout.com\/es\/wp-json\/wp\/v2\/pages\/6227\/revisions"}],"predecessor-version":[{"id":6229,"href":"https:\/\/aupairscout.com\/es\/wp-json\/wp\/v2\/pages\/6227\/revisions\/6229"}],"wp:attachment":[{"href":"https:\/\/aupairscout.com\/es\/wp-json\/wp\/v2\/media?parent=6227"}],"curies":[{"name":"wp","href":"https:\/\/api.w.org\/{rel}","templated":true}]}}