{"id":6128,"date":"2024-06-19T12:54:57","date_gmt":"2024-06-19T10:54:57","guid":{"rendered":"https:\/\/aupairscout.com\/?page_id=6128"},"modified":"2025-03-21T08:22:39","modified_gmt":"2025-03-21T07:22:39","slug":"taller-de-idiomas","status":"publish","type":"page","link":"https:\/\/aupairscout.com\/es\/taller-de-idiomas\/","title":{"rendered":"Taller de idiomas"},"content":{"rendered":"<section id=\"Profilseite\" class=\"wp-block-group has-global-padding is-layout-constrained wp-block-group-is-layout-constrained\">\n<p>Membres\u00eda familiar en aupairscout.de<\/p>\n\n\n\n<p>Membres\u00eda de agencia en aupairscout.de<\/p>\n\n\n\n<p>Escuelas de idiomas Membres\u00eda en aupairscout.de<\/p>\n\n\n\n<p>\u00a1Compra una membres\u00eda de familia anfitriona y activa los mensajes!<\/p>\n\n\n\n<p>\u00a1Compra la membres\u00eda de agencia y activa los mensajes!<\/p>\n\n\n\n<p>\u00a1Compra una membres\u00eda de escuela de idiomas y activa los mensajes!<\/p>\n<\/section>\n\n\n\n<section id=\"Meldungen\" class=\"wp-block-group has-global-padding is-layout-constrained wp-block-group-is-layout-constrained\">\n<p><strong>Desafortunadamente, la base de datos de AuPairScout actualmente no contiene ning\u00fan club au pair que coincida con su b\u00fasqueda.<\/strong>. Por lo tanto, primero intente ampliar su b\u00fasqueda evitando criterios de b\u00fasqueda restrictivos.<\/p>\n\n\n\n<p>Si a\u00fan no encuentras lo que buscas, utiliza nuestro gratuito&nbsp;<a href=\"https:\/\/aupairscout.com\/%20au-pair-club-finden#info-service\">Servicio de informaci\u00f3n<\/a>. Consejo: si usted&nbsp;<a href=\"https:\/\/aupairscout.com\/au-pair-registrierung\">Reg\u00edstrese aqu\u00ed en el sitio web<\/a>, las familias anfitrionas, las agencias y las escuelas de idiomas te encontrar\u00e1n y se pondr\u00e1n en contacto contigo.<\/p>\n\n\n\n<p><strong>Desafortunadamente, la base de datos de AuPairScout actualmente no contiene ninguna escuela de idiomas que coincida con tu b\u00fasqueda.<\/strong>. Por lo tanto, primero intente ampliar su b\u00fasqueda evitando criterios de b\u00fasqueda restrictivos.<\/p>\n\n\n\n<p>Si a\u00fan no encuentras lo que buscas, utiliza nuestro gratuito&nbsp;<a href=\"https:\/\/aupairscout.com\/sprachschule-finden#info-service\">Servicio de informaci\u00f3n<\/a>. O tu&nbsp;<a href=\"https:\/\/aupairscout.com\/au-pair-registrierung\">Lo mejor es registrarse aqu\u00ed mismo en el sitio web.<\/a>, las familias anfitrionas, las agencias y las escuelas de idiomas te encontrar\u00e1n y se pondr\u00e1n en contacto contigo.<\/p>\n\n\n\n<p><strong>Desafortunadamente, la base de datos de AuPairScout actualmente no contiene ninguna agencia que coincida con su b\u00fasqueda.<\/strong>. Por lo tanto, primero intente ampliar su b\u00fasqueda evitando criterios de b\u00fasqueda restrictivos.<\/p>\n\n\n\n<p>Si a\u00fan no encuentras lo que buscas, utiliza nuestro gratuito&nbsp;<a href=\"https:\/\/aupairscout.com\/agenturen-finden#info-service\">Servicio de informaci\u00f3n<\/a>. O tu&nbsp;<a href=\"https:\/\/aupairscout.com\/au-pair-registrierung\">Lo mejor es registrarse aqu\u00ed mismo en el sitio web.<\/a>, las agencias lo encontrar\u00e1n y se comunicar\u00e1n con usted mismo.<\/p>\n\n\n\n<p><strong>Desafortunadamente, la base de datos de AuPairScout actualmente no contiene ninguna familia anfitriona que coincida con tu b\u00fasqueda.<\/strong>. Por lo tanto, primero intente ampliar su b\u00fasqueda evitando criterios de b\u00fasqueda restrictivos. Tal vez, despu\u00e9s de todo, haya una familia adecuada para ti.<\/p>\n\n\n\n<p>Si a\u00fan no encuentras lo que buscas, utiliza nuestro gratuito&nbsp;<a href=\"https:\/\/aupairscout.com\/gastfamilie-finden#info-service\">Servicio de informaci\u00f3n<\/a>. Cuanto mejor especifiques lo que est\u00e1s buscando, antes podremos informarte por correo electr\u00f3nico sobre nuevas familias anfitrionas en Au-Pair Scout que coincidan con tu b\u00fasqueda. O es mejor registrarse&nbsp;<a href=\"https:\/\/aupairscout.com\/au-pair-registrierung\">aqu\u00ed mismo en el sitio web<\/a>, entonces usted mismo ser\u00e1 encontrado y contactado.<\/p>\n\n\n\n<p><strong>Desafortunadamente, la base de datos de AuPairScout actualmente no contiene ning\u00fan au pair que coincida con tu b\u00fasqueda.<\/strong>. Por lo tanto, primero intente ampliar su b\u00fasqueda evitando criterios de b\u00fasqueda restrictivos. Tal vez, despu\u00e9s de todo, haya una au pair adecuada para ti.<\/p>\n\n\n\n<p>Si a\u00fan no encuentras lo que buscas, utiliza nuestro gratuito&nbsp;<a href=\"https:\/\/aupairscout.com\/au-pair-finden#info-service\">Servicio de informaci\u00f3n<\/a>. Cuanto mejor especifiques lo que est\u00e1s buscando, antes podremos informarte por correo electr\u00f3nico sobre nuevos au pairs en Au-pair Scout que coincidan con tu b\u00fasqueda. O lo mejor es registrarse&nbsp;<a href=\"https:\/\/aupairscout.com\/familien-registrierung\">aqu\u00ed mismo en el sitio web<\/a>, luego ellos mismos ser\u00e1n encontrados y contactados.<\/p>\n<\/section>","protected":false},"excerpt":{"rendered":"<p>Familien Mitgliedschaft bei aupairscout.de Agentur Mitgliedschaft bei aupairscout.de Sprachschulen Mitgliedschaft bei aupairscout.de Mitgliedschaft f\u00fcr Gastfamilie kaufen und Nachrichten aktivieren! Mitgliedschaft f\u00fcr Agentur kaufen und Nachrichten aktivieren! Mitgliedschaft f\u00fcr Sprachschule kaufen und Nachrichten aktivieren! Leider enth\u00e4lt die AuPairScout Datenbank derzeit keine Au-pair Clubs, die zu deiner Suche passen. Versuche daher zun\u00e4chst die Suche zu erweitern, indem [&hellip;]<\/p>\n","protected":false},"author":1,"featured_media":0,"parent":0,"menu_order":0,"comment_status":"closed","ping_status":"closed","template":"","meta":{"footnotes":""},"class_list":["post-6128","page","type-page","status-publish","hentry"],"_links":{"self":[{"href":"https:\/\/aupairscout.com\/es\/wp-json\/wp\/v2\/pages\/6128","targetHints":{"allow":["GET"]}}],"collection":[{"href":"https:\/\/aupairscout.com\/es\/wp-json\/wp\/v2\/pages"}],"about":[{"href":"https:\/\/aupairscout.com\/es\/wp-json\/wp\/v2\/types\/page"}],"author":[{"embeddable":true,"href":"https:\/\/aupairscout.com\/es\/wp-json\/wp\/v2\/users\/1"}],"replies":[{"embeddable":true,"href":"https:\/\/aupairscout.com\/es\/wp-json\/wp\/v2\/comments?post=6128"}],"version-history":[{"count":9,"href":"https:\/\/aupairscout.com\/es\/wp-json\/wp\/v2\/pages\/6128\/revisions"}],"predecessor-version":[{"id":6902,"href":"https:\/\/aupairscout.com\/es\/wp-json\/wp\/v2\/pages\/6128\/revisions\/6902"}],"wp:attachment":[{"href":"https:\/\/aupairscout.com\/es\/wp-json\/wp\/v2\/media?parent=6128"}],"curies":[{"name":"wp","href":"https:\/\/api.w.org\/{rel}","templated":true}]}}