{"id":5499,"date":"2023-10-27T18:25:22","date_gmt":"2023-10-27T16:25:22","guid":{"rendered":"https:\/\/aupairscout.com\/?page_id=5499"},"modified":"2025-08-19T14:28:58","modified_gmt":"2025-08-19T12:28:58","slug":"escuelas-de-idiomas-premium","status":"publish","type":"page","link":"https:\/\/aupairscout.com\/es\/escuelas-de-idiomas-premium\/","title":{"rendered":"Lista de precios de escuelas de idiomas"},"content":{"rendered":"<div class=\"wp-block-group pricelist language-school-premium has-global-padding is-layout-constrained wp-block-group-is-layout-constrained\">\n<section class=\"wp-block-group has-global-padding is-layout-constrained wp-block-group-is-layout-constrained\">\n<div class=\"wp-block-columns tiles aupair is-layout-flex wp-container-core-columns-is-layout-28f84493 wp-block-columns-is-layout-flex\">\n<div class=\"wp-block-column black flipbox is-layout-flow wp-block-column-is-layout-flow\">\n<div class=\"wp-block-group front has-global-padding is-layout-constrained wp-block-group-is-layout-constrained\">\n<figure class=\"wp-block-image size-full\"><img decoding=\"async\" src=\"https:\/\/aupairscout.com\/wp-content\/uploads\/2023\/10\/Abo-Kaufen.png\" alt=\"Comprar membres\u00eda b\u00e1sica para escuelas de idiomas  \" class=\"wp-image-5172\"\/><\/figure>\n\n\n\n<h3 class=\"wp-block-heading\"><strong><strong>3 meses<\/strong><\/strong><\/h3>\n\n\n\n<p><strong>60.00 \u20ac<\/strong><br>20.00 \u20ac por mes<\/p>\n\n\n<div class=\"wp-block-buttons is-layout-flex wp-block-buttons-is-layout-flex\"><div class=\"wp-block-button\"><a class=\"wp-block-button__link wp-element-button\" href=\"\/registrierung-als-sprachschule\">Registrarse + Comprar<\/a><\/div><!-- .wp-block-button --><\/div><!-- .wp-block-buttons is-layout-flex wp-block-buttons-is-layout-flex -->\n<\/div>\n\n\n\n<div class=\"wp-block-group back has-global-padding is-layout-constrained wp-block-group-is-layout-constrained\">\n<p>Paquete b\u00e1sico<br>Su membres\u00eda no se renovar\u00e1 autom\u00e1ticamente.<\/p>\n<\/div>\n<\/div>\n\n\n\n<div class=\"wp-block-column black flipbox is-layout-flow wp-block-column-is-layout-flow\">\n<div class=\"wp-block-group front has-global-padding is-layout-constrained wp-block-group-is-layout-constrained\">\n<figure class=\"wp-block-image size-full\"><img decoding=\"async\" src=\"https:\/\/aupairscout.com\/wp-content\/uploads\/2023\/10\/Abo-Kaufen.png\" alt=\"Comprar membres\u00eda est\u00e1ndar para escuelas de idiomas \" class=\"wp-image-5172\"\/><\/figure>\n\n\n\n<h3 class=\"wp-block-heading\"><strong><strong>6 meses<\/strong><\/strong><\/h3>\n\n\n\n<p><strong>90.00 \u20ac<\/strong><br>15.00 \u20ac por mes<\/p>\n\n\n<div class=\"wp-block-buttons is-layout-flex wp-block-buttons-is-layout-flex\"><div class=\"wp-block-button\"><a class=\"wp-block-button__link wp-element-button\" href=\"\/registrierung-als-sprachschule\">Registrarse + Comprar<\/a><\/div><!-- .wp-block-button --><\/div><!-- .wp-block-buttons is-layout-flex wp-block-buttons-is-layout-flex -->\n<\/div>\n\n\n\n<div class=\"wp-block-group back has-global-padding is-layout-constrained wp-block-group-is-layout-constrained\">\n<p>Paquete est\u00e1ndar<br>Su membres\u00eda no se renovar\u00e1 autom\u00e1ticamente.<\/p>\n<\/div>\n<\/div>\n\n\n\n<div class=\"wp-block-column black flipbox is-layout-flow wp-block-column-is-layout-flow\">\n<div class=\"wp-block-group front has-global-padding is-layout-constrained wp-block-group-is-layout-constrained\">\n<figure class=\"wp-block-image size-full\"><img decoding=\"async\" src=\"https:\/\/aupairscout.com\/wp-content\/uploads\/2023\/10\/Abo-Kaufen.png\" alt=\"Comprar membres\u00eda premium para escuelas de idiomas  \" class=\"wp-image-5172\"\/><\/figure>\n\n\n\n<h3 class=\"wp-block-heading\"><strong><strong>12 meses<\/strong><\/strong><\/h3>\n\n\n\n<p><strong>120.00 \u20ac<\/strong><br>10,00 \u20ac al mes<\/p>\n\n\n<div class=\"wp-block-buttons is-layout-flex wp-block-buttons-is-layout-flex\"><div class=\"wp-block-button\"><a class=\"wp-block-button__link wp-element-button\" href=\"\/registrierung-als-sprachschule\">Registrarse + Comprar<\/a><\/div><!-- .wp-block-button --><\/div><!-- .wp-block-buttons is-layout-flex wp-block-buttons-is-layout-flex -->\n<\/div>\n\n\n\n<div class=\"wp-block-group back has-global-padding is-layout-constrained wp-block-group-is-layout-constrained\">\n<p>Paquete Premium<br>Su membres\u00eda no se renovar\u00e1 autom\u00e1ticamente.<\/p>\n<\/div>\n<\/div>\n<\/div>\n<\/section>\n\n\n\n<section class=\"wp-block-group has-global-padding is-layout-constrained wp-block-group-is-layout-constrained\">\n<h2 class=\"wp-block-heading\">Membres\u00eda premium para escuelas de idiomas<\/h2>\n\n\n\n<p>Despu\u00e9s de tu registro gratuito, tienes la opci\u00f3n de comprar la membres\u00eda anual de las escuelas de idiomas para que sean visibles con tu perfil.<\/p>\n\n\n\n<p class=\"listcaption\">AuPairScout ofrece a cambio:<\/p>\n\n\n\n<ul class=\"wp-block-list\">\n<li>Cont\u00e1ctanos a trav\u00e9s de mensajes personalizados<\/li>\n\n\n\n<li>Intercambio de m\u00e1s datos e informaci\u00f3n entre usuarios.<\/li>\n\n\n\n<li>Acceso a descripciones y referencias personales.<\/li>\n\n\n\n<li>D\u00e9cadas de experiencia como agencia au pair<\/li>\n\n\n\n<li>Comunicaci\u00f3n con nuestro equipo AuPairScout<\/li>\n<\/ul>\n\n\n\n<h2 class=\"wp-block-heading list-caption\">Opciones de pago<\/h2>\n\n\n\n<ul class=\"wp-block-list\">\n<li>PayPal<\/li>\n\n\n\n<li>Tarjeta de cr\u00e9dito<\/li>\n\n\n\n<li>Transferir<\/li>\n<\/ul>\n<\/section>\n\n\n\n<section class=\"wp-block-group with-background grey has-global-padding is-layout-constrained wp-block-group-is-layout-constrained\">\n<h2 class=\"wp-block-heading\">Preguntas o inquietudes sobre la membres\u00eda<\/h2>\n\n\n\n<div class=\"wp-block-getwid-accordion faq has-icon-left\" data-active-element=\"none\">\n<div class=\"wp-block-getwid-accordion__header-wrapper\"><span class=\"wp-block-getwid-accordion__header\"><a href=\"#\"><span class=\"wp-block-getwid-accordion__header-title\">\u00bfC\u00f3mo puedo obtener una membres\u00eda en una escuela de idiomas?<\/span><span class=\"wp-block-getwid-accordion__icon is-active\"><i class=\"fas fa-plus\"><\/i><\/span><span class=\"wp-block-getwid-accordion__icon is-passive\"><i class=\"fas fa-minus\"><\/i><\/span><\/a><\/span><\/div><div class=\"wp-block-getwid-accordion__content-wrapper\"><div class=\"wp-block-getwid-accordion__content\">\n<div class=\"wp-block-getwid-accordion has-icon-left\" data-active-element=\"none\">\n<div class=\"wp-block-getwid-accordion__header-wrapper\"><span class=\"wp-block-getwid-accordion__header\"><a href=\"#\"><span class=\"wp-block-getwid-accordion__header-title\">Comprar membres\u00eda anual<\/span><span class=\"wp-block-getwid-accordion__icon is-active\"><i class=\"fas fa-plus\"><\/i><\/span><span class=\"wp-block-getwid-accordion__icon is-passive\"><i class=\"fas fa-minus\"><\/i><\/span><\/a><\/span><\/div><div class=\"wp-block-getwid-accordion__content-wrapper\"><div class=\"wp-block-getwid-accordion__content\">\n<p>Podr\u00e1s adquirir una membres\u00eda en una escuela de idiomas despu\u00e9s de haberte registrado y activado.<\/p>\n<\/div><\/div>\n\n\n\n<div class=\"wp-block-getwid-accordion__header-wrapper\"><span class=\"wp-block-getwid-accordion__header\"><a href=\"#\"><span class=\"wp-block-getwid-accordion__header-title\">\u00bfPor qu\u00e9 se cobran tarifas?<\/span><span class=\"wp-block-getwid-accordion__icon is-active\"><i class=\"fas fa-plus\"><\/i><\/span><span class=\"wp-block-getwid-accordion__icon is-passive\"><i class=\"fas fa-minus\"><\/i><\/span><\/a><\/span><\/div><div class=\"wp-block-getwid-accordion__content-wrapper\"><div class=\"wp-block-getwid-accordion__content\">\n<p>S\u00f3lo con una membres\u00eda tu perfil ser\u00e1 visible para au pairs, familias anfitrionas y agencias.<\/p>\n<\/div><\/div>\n\n\n\n<div class=\"wp-block-getwid-accordion__header-wrapper\"><span class=\"wp-block-getwid-accordion__header\"><a href=\"#\"><span class=\"wp-block-getwid-accordion__header-title\">AuPairScout ofrece a cambio:<\/span><span class=\"wp-block-getwid-accordion__icon is-active\"><i class=\"fas fa-plus\"><\/i><\/span><span class=\"wp-block-getwid-accordion__icon is-passive\"><i class=\"fas fa-minus\"><\/i><\/span><\/a><\/span><\/div><div class=\"wp-block-getwid-accordion__content-wrapper\"><div class=\"wp-block-getwid-accordion__content\">\n<ul class=\"wp-block-list\">\n<li>Cont\u00e1ctanos a trav\u00e9s de mensajes personalizados<\/li>\n\n\n\n<li>Intercambio de m\u00e1s datos e informaci\u00f3n entre usuarios.<\/li>\n\n\n\n<li>Acceso a descripciones y referencias personales.<\/li>\n\n\n\n<li>D\u00e9cadas de experiencia como agencia au pair<\/li>\n\n\n\n<li>Comunicaci\u00f3n con nuestro equipo AuPairScout<\/li>\n<\/ul>\n<\/div><\/div>\n<\/div>\n<\/div><\/div>\n\n\n\n<div class=\"wp-block-getwid-accordion__header-wrapper\"><span class=\"wp-block-getwid-accordion__header\"><a href=\"#\"><span class=\"wp-block-getwid-accordion__header-title\">\u00bfQu\u00e9 sucede al final del per\u00edodo pagado?<\/span><span class=\"wp-block-getwid-accordion__icon is-active\"><i class=\"fas fa-plus\"><\/i><\/span><span class=\"wp-block-getwid-accordion__icon is-passive\"><i class=\"fas fa-minus\"><\/i><\/span><\/a><\/span><\/div><div class=\"wp-block-getwid-accordion__content-wrapper\"><div class=\"wp-block-getwid-accordion__content\">\n<div class=\"wp-block-getwid-accordion has-icon-left\" data-active-element=\"none\">\n<div class=\"wp-block-getwid-accordion__header-wrapper\"><span class=\"wp-block-getwid-accordion__header\"><a href=\"#\"><span class=\"wp-block-getwid-accordion__header-title\">Cuando termina una membres\u00eda<\/span><span class=\"wp-block-getwid-accordion__icon is-active\"><i class=\"fas fa-plus\"><\/i><\/span><span class=\"wp-block-getwid-accordion__icon is-passive\"><i class=\"fas fa-minus\"><\/i><\/span><\/a><\/span><\/div><div class=\"wp-block-getwid-accordion__content-wrapper\"><div class=\"wp-block-getwid-accordion__content\">\n<p>Cuando finalice tu membres\u00eda, tu perfil ya no ser\u00e1 visible. Sin embargo, siempre puedes comprar una nueva membres\u00eda para que vuelva a ser visible.<\/p>\n<\/div><\/div>\n<\/div>\n<\/div><\/div>\n\n\n\n<div class=\"wp-block-getwid-accordion__header-wrapper\"><span class=\"wp-block-getwid-accordion__header\"><a href=\"#\"><span class=\"wp-block-getwid-accordion__header-title\">\u00bfC\u00f3mo puedo cancelar mi membres\u00eda?<\/span><span class=\"wp-block-getwid-accordion__icon is-active\"><i class=\"fas fa-plus\"><\/i><\/span><span class=\"wp-block-getwid-accordion__icon is-passive\"><i class=\"fas fa-minus\"><\/i><\/span><\/a><\/span><\/div><div class=\"wp-block-getwid-accordion__content-wrapper\"><div class=\"wp-block-getwid-accordion__content\">\n<div class=\"wp-block-getwid-accordion has-icon-left\" data-active-element=\"none\">\n<div class=\"wp-block-getwid-accordion__header-wrapper\"><span class=\"wp-block-getwid-accordion__header\"><a href=\"#\"><span class=\"wp-block-getwid-accordion__header-title\">\u00bfC\u00f3mo cancelo una membres\u00eda?<\/span><span class=\"wp-block-getwid-accordion__icon is-active\"><i class=\"fas fa-plus\"><\/i><\/span><span class=\"wp-block-getwid-accordion__icon is-passive\"><i class=\"fas fa-minus\"><\/i><\/span><\/a><\/span><\/div><div class=\"wp-block-getwid-accordion__content-wrapper\"><div class=\"wp-block-getwid-accordion__content\">\n<p>Cada membres\u00eda finaliza autom\u00e1ticamente despu\u00e9s del per\u00edodo seleccionado y no es necesario cancelarla.<\/p>\n<\/div><\/div>\n<\/div>\n<\/div><\/div>\n<\/div>\n<\/section>\n<\/div>\n\n\n\n<section id=\"last-cta\" class=\"wp-block-group with-background small has-global-padding is-layout-constrained wp-block-group-is-layout-constrained\">\n<div class=\"wp-block-columns aupair is-layout-flex wp-container-core-columns-is-layout-28f84493 wp-block-columns-is-layout-flex\">\n<div class=\"wp-block-column is-layout-flow wp-block-column-is-layout-flow\">\n<h2 class=\"wp-block-heading\"><strong>\u00a1Reg\u00edstrate ahora gratis!<\/strong><\/h2>\n\n\n\n<h5 class=\"wp-block-heading\">HEMOS REUNIDO A AU PAIRS, FAMILIAS ANFITRIONES, AGENCIAS, ESCUELAS DE IDIOMAS Y CLUBS AU PAIR EN TODO EL MUNDO DESDE 1997.<\/h5>\n<\/div>\n\n\n\n<div class=\"wp-block-column is-layout-flow wp-block-column-is-layout-flow\">\n<div class=\"wp-block-buttons is-layout-flex wp-block-buttons-is-layout-flex\">\n<div class=\"wp-block-button highlighted\"><a class=\"wp-block-button__link wp-element-button\" href=\"\/#registrierung\"><strong>Vamos a ir<\/strong><\/a><\/div>\n<\/div>\n<\/div>\n<\/div>\n<\/section>","protected":false},"excerpt":{"rendered":"","protected":false},"author":990158,"featured_media":0,"parent":0,"menu_order":0,"comment_status":"closed","ping_status":"closed","template":"","meta":{"footnotes":""},"class_list":["post-5499","page","type-page","status-publish","hentry"],"_links":{"self":[{"href":"https:\/\/aupairscout.com\/es\/wp-json\/wp\/v2\/pages\/5499","targetHints":{"allow":["GET"]}}],"collection":[{"href":"https:\/\/aupairscout.com\/es\/wp-json\/wp\/v2\/pages"}],"about":[{"href":"https:\/\/aupairscout.com\/es\/wp-json\/wp\/v2\/types\/page"}],"author":[{"embeddable":true,"href":"https:\/\/aupairscout.com\/es\/wp-json\/wp\/v2\/users\/990158"}],"replies":[{"embeddable":true,"href":"https:\/\/aupairscout.com\/es\/wp-json\/wp\/v2\/comments?post=5499"}],"version-history":[{"count":18,"href":"https:\/\/aupairscout.com\/es\/wp-json\/wp\/v2\/pages\/5499\/revisions"}],"predecessor-version":[{"id":7330,"href":"https:\/\/aupairscout.com\/es\/wp-json\/wp\/v2\/pages\/5499\/revisions\/7330"}],"wp:attachment":[{"href":"https:\/\/aupairscout.com\/es\/wp-json\/wp\/v2\/media?parent=5499"}],"curies":[{"name":"wp","href":"https:\/\/api.w.org\/{rel}","templated":true}]}}