{"id":5138,"date":"2023-10-15T17:43:57","date_gmt":"2023-10-15T15:43:57","guid":{"rendered":"https:\/\/aupairscout.com\/?page_id=5138"},"modified":"2023-10-15T17:44:01","modified_gmt":"2023-10-15T15:44:01","slug":"sesion-de-terapia-familiar","status":"publish","type":"page","link":"https:\/\/aupairscout.com\/es\/sesion-de-terapia-familiar\/","title":{"rendered":"Consulta Familiar"},"content":{"rendered":"<h2 class=\"wp-block-post-title\"><div class=\"breadcrumbs\"><span class=\"crumb\"><a href=\"https:\/\/aupairscout.com\/es\">AuPairScout - Internacional<\/a> \u00bb <\/span><span class=\"crumb current-page\">Consulta Familiar<\/span><\/div><\/h2>\n\n\n\n<h2 class=\"wp-block-heading\">Estimadas familias anfitrionas,<\/h2>\n\n\n\n<p>\u00bfTiene preguntas derivadas de su situaci\u00f3n espec\u00edfica que no est\u00e1n respondidas en la secci\u00f3n de preguntas frecuentes o simplemente desea recibir asesoramiento directo de un experto sobre sus planes como au pair?<\/p>\n\n\n\n<p>Por una tarifa sujeta a tiempo, ofrecemos una consulta, para la cual puede reservar una cita aqu\u00ed.<\/p>\n\n\n\n<p>\u2026<\/p>","protected":false},"excerpt":{"rendered":"<p>Estimadas familias anfitrionas, \u00bftienen preguntas sobre su situaci\u00f3n espec\u00edfica que no se responden en la secci\u00f3n de preguntas frecuentes o simplemente desean recibir asesoramiento experto sobre sus planes como au pair? Ofrecemos una consulta con un precio que var\u00eda seg\u00fan la duraci\u00f3n, y pueden reservar una cita aqu\u00ed.<\/p>","protected":false},"author":1,"featured_media":0,"parent":0,"menu_order":0,"comment_status":"closed","ping_status":"closed","template":"","meta":{"footnotes":""},"class_list":["post-5138","page","type-page","status-publish","hentry"],"_links":{"self":[{"href":"https:\/\/aupairscout.com\/es\/wp-json\/wp\/v2\/pages\/5138","targetHints":{"allow":["GET"]}}],"collection":[{"href":"https:\/\/aupairscout.com\/es\/wp-json\/wp\/v2\/pages"}],"about":[{"href":"https:\/\/aupairscout.com\/es\/wp-json\/wp\/v2\/types\/page"}],"author":[{"embeddable":true,"href":"https:\/\/aupairscout.com\/es\/wp-json\/wp\/v2\/users\/1"}],"replies":[{"embeddable":true,"href":"https:\/\/aupairscout.com\/es\/wp-json\/wp\/v2\/comments?post=5138"}],"version-history":[{"count":1,"href":"https:\/\/aupairscout.com\/es\/wp-json\/wp\/v2\/pages\/5138\/revisions"}],"predecessor-version":[{"id":5139,"href":"https:\/\/aupairscout.com\/es\/wp-json\/wp\/v2\/pages\/5138\/revisions\/5139"}],"wp:attachment":[{"href":"https:\/\/aupairscout.com\/es\/wp-json\/wp\/v2\/media?parent=5138"}],"curies":[{"name":"wp","href":"https:\/\/api.w.org\/{rel}","templated":true}]}}