{"id":5134,"date":"2023-10-15T17:24:54","date_gmt":"2023-10-15T15:24:54","guid":{"rendered":"https:\/\/aupairscout.com\/?page_id=5134"},"modified":"2024-12-26T10:32:46","modified_gmt":"2024-12-26T09:32:46","slug":"asi-funcionan-los-clubes-au-pair","status":"publish","type":"page","link":"https:\/\/aupairscout.com\/es\/asi-funcionan-los-clubes-au-pair\/","title":{"rendered":"Clubes de au pair: c\u00f3mo funcionan"},"content":{"rendered":"<div id=\"pagehead\" class=\"wp-block-group has-global-padding is-layout-constrained wp-block-group-is-layout-constrained\">\n<div class=\"wp-block-columns is-layout-flex wp-container-core-columns-is-layout-28f84493 wp-block-columns-is-layout-flex\">\n<div class=\"wp-block-column is-layout-flow wp-block-column-is-layout-flow\">\n<figure class=\"wp-block-image size-large\"><img loading=\"lazy\" decoding=\"async\" width=\"1024\" height=\"672\" src=\"https:\/\/aupairscout.com\/wp-content\/uploads\/2023\/10\/Registrierung-Au-Pair-Club-1024x672.jpg\" alt=\"4 pasos para registrarse en el club au pair\" class=\"wp-image-4845\" srcset=\"https:\/\/aupairscout.com\/wp-content\/uploads\/2023\/10\/Registrierung-Au-Pair-Club-1024x672.jpg 1024w, https:\/\/aupairscout.com\/wp-content\/uploads\/2023\/10\/Registrierung-Au-Pair-Club-300x197.jpg 300w, https:\/\/aupairscout.com\/wp-content\/uploads\/2023\/10\/Registrierung-Au-Pair-Club-768x504.jpg 768w, https:\/\/aupairscout.com\/wp-content\/uploads\/2023\/10\/Registrierung-Au-Pair-Club-18x12.jpg 18w, https:\/\/aupairscout.com\/wp-content\/uploads\/2023\/10\/Registrierung-Au-Pair-Club-600x394.jpg 600w, https:\/\/aupairscout.com\/wp-content\/uploads\/2023\/10\/Registrierung-Au-Pair-Club.jpg 1280w\" sizes=\"auto, (max-width: 1024px) 100vw, 1024px\" \/><\/figure>\n<\/div>\n\n\n\n<div class=\"wp-block-column is-layout-flow wp-block-column-is-layout-flow\">\n<h2 class=\"wp-block-heading\"><strong>4 pasos para registrarse en el club au pair<\/strong><\/h2>\n\n\n\n<p>Aqu\u00ed tienes la posibilidad de registrarte gratuitamente como club\/lugar de encuentro au pair y presentarte online en todo el mundo. Aqu\u00ed te contactar\u00e1n au pairs que han encontrado una familia de acogida cerca o familias de acogida que han acogido a una au pair en su casa. Los au pairs suelen buscar amigos nuevos o con ideas afines en su tiempo libre. Ahora siga los 4 pasos a continuaci\u00f3n. <\/p>\n<\/div>\n<\/div>\n<\/div>\n\n\n\n<section class=\"wp-block-group near has-global-padding is-layout-constrained wp-block-group-is-layout-constrained\">\n<div class=\"wp-block-getwid-accordion has-icon-left\" data-active-element=\"0\">\n<div class=\"wp-block-getwid-accordion__header-wrapper\"><span class=\"wp-block-getwid-accordion__header\"><a href=\"#\"><span class=\"wp-block-getwid-accordion__header-title\">Registro<\/span><span class=\"wp-block-getwid-accordion__icon is-active\"><i class=\"\"><\/i><\/span><span class=\"wp-block-getwid-accordion__icon is-passive\"><i class=\"\"><\/i><\/span><\/a><\/span><\/div><div class=\"wp-block-getwid-accordion__content-wrapper\"><div class=\"wp-block-getwid-accordion__content\">\n<p>Registrarse como club\/lugar de encuentro au pair es gratuito y sin compromiso.<\/p>\n\n\n\n<p>\u00bfTe gustar\u00eda hacerte visible para los au pairs como club au pair e invitarlos a las reuniones de tu club?<\/p>\n\n\n\n<p>Entonces reg\u00edstrese en nuestro sitio completando el cuestionario de manera completa y veraz.<\/p>\n\n\n\n<p>A\u00f1ade una bonita foto y un logotipo de tu club au pair y pres\u00e9ntate ante los au pairs.<\/p>\n<\/div><\/div>\n\n\n\n<div class=\"wp-block-getwid-accordion__header-wrapper\"><span class=\"wp-block-getwid-accordion__header\"><a href=\"#\"><span class=\"wp-block-getwid-accordion__header-title\">La activaci\u00f3n<\/span><span class=\"wp-block-getwid-accordion__icon is-active\"><i class=\"\"><\/i><\/span><span class=\"wp-block-getwid-accordion__icon is-passive\"><i class=\"\"><\/i><\/span><\/a><\/span><\/div><div class=\"wp-block-getwid-accordion__content-wrapper\"><div class=\"wp-block-getwid-accordion__content\">\n<p>Despu\u00e9s de recibir su perfil, lo revisaremos y lo activaremos dentro de 24 a 48 horas, si no hay preguntas de nuestra parte.<\/p>\n<\/div><\/div>\n\n\n\n<div class=\"wp-block-getwid-accordion__header-wrapper\"><span class=\"wp-block-getwid-accordion__header\"><a href=\"#\"><span class=\"wp-block-getwid-accordion__header-title\">siendo encontrado<\/span><span class=\"wp-block-getwid-accordion__icon is-active\"><i class=\"\"><\/i><\/span><span class=\"wp-block-getwid-accordion__icon is-passive\"><i class=\"\"><\/i><\/span><\/a><\/span><\/div><div class=\"wp-block-getwid-accordion__content-wrapper\"><div class=\"wp-block-getwid-accordion__content\">\n<p>Despu\u00e9s de su registro y activaci\u00f3n gratuitos, todos podr\u00e1n comunicarse con usted y chatear con usted.<\/p>\n<\/div><\/div>\n\n\n\n<div class=\"wp-block-getwid-accordion__header-wrapper\"><span class=\"wp-block-getwid-accordion__header\"><a href=\"#\"><span class=\"wp-block-getwid-accordion__header-title\">Para charlar<\/span><span class=\"wp-block-getwid-accordion__icon is-active\"><i class=\"\"><\/i><\/span><span class=\"wp-block-getwid-accordion__icon is-passive\"><i class=\"\"><\/i><\/span><\/a><\/span><\/div><div class=\"wp-block-getwid-accordion__content-wrapper\"><div class=\"wp-block-getwid-accordion__content\">\n<p>Podr\u00e1s contactar con au pairs y familias a trav\u00e9s del chat e intercambiar ideas y conocerlos ampliamente.<\/p>\n<\/div><\/div>\n<\/div>\n\n\n\n<div class=\"wp-block-group aupair is-layout-flow wp-block-group-is-layout-flow\">\n<div class=\"wp-block-buttons is-layout-flex wp-block-buttons-is-layout-flex\">\n<div class=\"wp-block-button CTA\"><a class=\"wp-block-button__link wp-element-button\" href=\"\/registrierung-als-au-pair-club\">vamos<\/a><\/div>\n<\/div>\n<\/div>\n<\/section>\n\n\n\n<section class=\"wp-block-group with-background has-global-padding is-layout-constrained wp-block-group-is-layout-constrained\">\n<h3 class=\"wp-block-heading\">\u00bfTodav\u00eda preguntas?<\/h3>\n\n\n\n<p>\u00bfA\u00daN PREGUNTAS? Si tiene alguna pregunta, problema o sugerencia, estaremos encantados de ayudarle durante el horario normal de oficina. Puede comunicarse con nosotros por tel\u00e9fono, correo electr\u00f3nico o formulario de contacto. Hemos reunido una lista de preguntas y respuestas, desglosadas por \u00e1rea tem\u00e1tica, en la secci\u00f3n &quot;Preguntas frecuentes&quot;.<\/p>\n<\/section>","protected":false},"excerpt":{"rendered":"<p>In 4 Schritten zur Au-pair Club Registrierung Hier haben Sie die M\u00f6glichkeit, sich kostenlos als Au-pair Club\/Treff zu registrieren und sich weltweit online zu pr\u00e4sentieren. Hier werden Sie von Au-pairs angesprochen, die in der N\u00e4he eine Gastfamilie gefunden haben oder von Gastfamilien, die in ihrer N\u00e4he ein Au-pair im Hause aufgenommen haben. Oft suchen Au-pairs [&hellip;]<\/p>\n","protected":false},"author":990158,"featured_media":0,"parent":0,"menu_order":0,"comment_status":"closed","ping_status":"closed","template":"","meta":{"footnotes":""},"class_list":["post-5134","page","type-page","status-publish","hentry"],"_links":{"self":[{"href":"https:\/\/aupairscout.com\/es\/wp-json\/wp\/v2\/pages\/5134","targetHints":{"allow":["GET"]}}],"collection":[{"href":"https:\/\/aupairscout.com\/es\/wp-json\/wp\/v2\/pages"}],"about":[{"href":"https:\/\/aupairscout.com\/es\/wp-json\/wp\/v2\/types\/page"}],"author":[{"embeddable":true,"href":"https:\/\/aupairscout.com\/es\/wp-json\/wp\/v2\/users\/990158"}],"replies":[{"embeddable":true,"href":"https:\/\/aupairscout.com\/es\/wp-json\/wp\/v2\/comments?post=5134"}],"version-history":[{"count":14,"href":"https:\/\/aupairscout.com\/es\/wp-json\/wp\/v2\/pages\/5134\/revisions"}],"predecessor-version":[{"id":6532,"href":"https:\/\/aupairscout.com\/es\/wp-json\/wp\/v2\/pages\/5134\/revisions\/6532"}],"wp:attachment":[{"href":"https:\/\/aupairscout.com\/es\/wp-json\/wp\/v2\/media?parent=5134"}],"curies":[{"name":"wp","href":"https:\/\/api.w.org\/{rel}","templated":true}]}}