{"id":5127,"date":"2023-10-15T17:06:58","date_gmt":"2023-10-15T15:06:58","guid":{"rendered":"https:\/\/aupairscout.com\/?page_id=5127"},"modified":"2024-12-24T12:36:41","modified_gmt":"2024-12-24T11:36:41","slug":"asi-funciona-para-las-escuelas-de-idiomas","status":"publish","type":"page","link":"https:\/\/aupairscout.com\/es\/asi-funciona-para-las-escuelas-de-idiomas\/","title":{"rendered":"Sprachschule so funktioniert\u2019s"},"content":{"rendered":"<div id=\"pagehead\" class=\"wp-block-group has-global-padding is-layout-constrained wp-block-group-is-layout-constrained\">\n<div class=\"wp-block-columns is-layout-flex wp-container-core-columns-is-layout-28f84493 wp-block-columns-is-layout-flex\">\n<div class=\"wp-block-column is-layout-flow wp-block-column-is-layout-flow\">\n<figure class=\"wp-block-image size-large\"><img loading=\"lazy\" decoding=\"async\" width=\"1024\" height=\"672\" src=\"https:\/\/aupairscout.com\/wp-content\/uploads\/2023\/10\/Registrierung-Sprachschule-1024x672.jpg\" alt=\"Puedes hacer que tu escuela de idiomas sea atractiva para los au pairs si presentas tu perfil de escuela de idiomas en Au-pair Scout \" class=\"wp-image-4844\" srcset=\"https:\/\/aupairscout.com\/wp-content\/uploads\/2023\/10\/Registrierung-Sprachschule-1024x672.jpg 1024w, https:\/\/aupairscout.com\/wp-content\/uploads\/2023\/10\/Registrierung-Sprachschule-300x197.jpg 300w, https:\/\/aupairscout.com\/wp-content\/uploads\/2023\/10\/Registrierung-Sprachschule-768x504.jpg 768w, https:\/\/aupairscout.com\/wp-content\/uploads\/2023\/10\/Registrierung-Sprachschule-18x12.jpg 18w, https:\/\/aupairscout.com\/wp-content\/uploads\/2023\/10\/Registrierung-Sprachschule-600x394.jpg 600w, https:\/\/aupairscout.com\/wp-content\/uploads\/2023\/10\/Registrierung-Sprachschule.jpg 1280w\" sizes=\"auto, (max-width: 1024px) 100vw, 1024px\" \/><\/figure>\n<\/div>\n\n\n\n<div class=\"wp-block-column is-layout-flow wp-block-column-is-layout-flow\">\n<h2 class=\"wp-block-heading\">Haga que una escuela de idiomas sea atractiva para au pairs: reg\u00edstrese en una escuela de idiomas en 4 pasos<\/h2>\n\n\n\n<p>Aqu\u00ed tienes la oportunidad de registrarte como escuela de idiomas y presentarte online a nivel regional y mundial adquiriendo una membres\u00eda. Luego te ver\u00e1n au pairs, familias anfitrionas y tambi\u00e9n cualquier otra persona interesada en una escuela de idiomas. Ahora siga los 4 pasos a continuaci\u00f3n. No olvides subir tus fotos despu\u00e9s de registrarte.<\/p>\n<\/div>\n<\/div>\n<\/div>\n\n\n\n<section class=\"wp-block-group near has-global-padding is-layout-constrained wp-block-group-is-layout-constrained\">\n<div class=\"wp-block-getwid-accordion has-icon-left\" data-active-element=\"0\">\n<div class=\"wp-block-getwid-accordion__header-wrapper\"><span class=\"wp-block-getwid-accordion__header\"><a href=\"#\"><span class=\"wp-block-getwid-accordion__header-title\">Registro<\/span><span class=\"wp-block-getwid-accordion__icon is-active\"><i class=\"\"><\/i><\/span><span class=\"wp-block-getwid-accordion__icon is-passive\"><i class=\"\"><\/i><\/span><\/a><\/span><\/div><div class=\"wp-block-getwid-accordion__content-wrapper\"><div class=\"wp-block-getwid-accordion__content\">\n<p>Registrarse como escuela de idiomas es gratuito y sin compromiso.<\/p>\n\n\n\n<p>Como escuela de idiomas, \u00bfte gustar\u00eda dirigirte a au pairs y familias anfitrionas e informarles sobre tu oferta?<\/p>\n\n\n\n<p>Entonces reg\u00edstrese en nuestro sitio completando el cuestionario de manera completa y veraz.<\/p>\n\n\n\n<p>A\u00f1ade una bonita foto y un logotipo de tu escuela de idiomas y pres\u00e9ntate ante los au pairs y las familias.<\/p>\n<\/div><\/div>\n\n\n\n<div class=\"wp-block-getwid-accordion__header-wrapper\"><span class=\"wp-block-getwid-accordion__header\"><a href=\"#\"><span class=\"wp-block-getwid-accordion__header-title\">La activaci\u00f3n<\/span><span class=\"wp-block-getwid-accordion__icon is-active\"><i class=\"\"><\/i><\/span><span class=\"wp-block-getwid-accordion__icon is-passive\"><i class=\"\"><\/i><\/span><\/a><\/span><\/div><div class=\"wp-block-getwid-accordion__content-wrapper\"><div class=\"wp-block-getwid-accordion__content\">\n<p>Despu\u00e9s de recibir su perfil, lo revisaremos y lo activaremos dentro de 24 a 48 horas, si no hay preguntas de nuestra parte.<\/p>\n<\/div><\/div>\n\n\n\n<div class=\"wp-block-getwid-accordion__header-wrapper\"><span class=\"wp-block-getwid-accordion__header\"><a href=\"#\"><span class=\"wp-block-getwid-accordion__header-title\">siendo encontrado<\/span><span class=\"wp-block-getwid-accordion__icon is-active\"><i class=\"\"><\/i><\/span><span class=\"wp-block-getwid-accordion__icon is-passive\"><i class=\"\"><\/i><\/span><\/a><\/span><\/div><div class=\"wp-block-getwid-accordion__content-wrapper\"><div class=\"wp-block-getwid-accordion__content\">\n<p>Despu\u00e9s de su registro gratuito, tiene la opci\u00f3n de comprar una membres\u00eda de 12 meses.<\/p>\n<\/div><\/div>\n\n\n\n<div class=\"wp-block-getwid-accordion__header-wrapper\"><span class=\"wp-block-getwid-accordion__header\"><a href=\"#\"><span class=\"wp-block-getwid-accordion__header-title\">Para charlar<\/span><span class=\"wp-block-getwid-accordion__icon is-active\"><i class=\"\"><\/i><\/span><span class=\"wp-block-getwid-accordion__icon is-passive\"><i class=\"\"><\/i><\/span><\/a><\/span><\/div><div class=\"wp-block-getwid-accordion__content-wrapper\"><div class=\"wp-block-getwid-accordion__content\">\n<p>Con tu membres\u00eda podr\u00e1s contactar au pairs y familias v\u00eda chat, y viceversa.<\/p>\n<\/div><\/div>\n<\/div>\n\n\n\n<div class=\"wp-block-group aupair is-layout-flow wp-block-group-is-layout-flow\">\n<div class=\"wp-block-buttons is-layout-flex wp-block-buttons-is-layout-flex\">\n<div class=\"wp-block-button CTA\"><a class=\"wp-block-button__link wp-element-button\" href=\"\/registrierung-als-sprachschule\/\">vamos<\/a><\/div>\n<\/div>\n<\/div>\n<\/section>\n\n\n\n<section class=\"wp-block-group with-background has-global-padding is-layout-constrained wp-block-group-is-layout-constrained\">\n<h3 class=\"wp-block-heading\">\u00bfTodav\u00eda preguntas?<\/h3>\n\n\n\n<p>\u00bfA\u00daN PREGUNTAS? Si tiene alguna pregunta, problema o sugerencia, estaremos encantados de ayudarle durante el horario normal de oficina. Puede comunicarse con nosotros por tel\u00e9fono, correo electr\u00f3nico o formulario de contacto. Hemos reunido una lista de preguntas y respuestas, desglosadas por \u00e1rea tem\u00e1tica, en la secci\u00f3n &quot;Preguntas frecuentes&quot;.<\/p>\n<\/section>","protected":false},"excerpt":{"rendered":"<p>Sprachschule f\u00fcr Au-Pairs attraktiv machen: In 4 Schritten zur Sprachschulen-Registrierung Hier haben Sie M\u00f6glichkeit, sich als Sprachschule zu registrieren und sich mit dem Kauf einer Mitgliedschaft online regional und weltweit zu pr\u00e4sentieren. Sie werden dann von Au-pairs, Gastfamilien, aber auch von allen Anderen gesehen, die Interesse an einer Sprachschule haben. Bitte folgen Sie nun den [&hellip;]<\/p>\n","protected":false},"author":990158,"featured_media":0,"parent":0,"menu_order":0,"comment_status":"closed","ping_status":"closed","template":"","meta":{"footnotes":""},"class_list":["post-5127","page","type-page","status-publish","hentry"],"_links":{"self":[{"href":"https:\/\/aupairscout.com\/es\/wp-json\/wp\/v2\/pages\/5127","targetHints":{"allow":["GET"]}}],"collection":[{"href":"https:\/\/aupairscout.com\/es\/wp-json\/wp\/v2\/pages"}],"about":[{"href":"https:\/\/aupairscout.com\/es\/wp-json\/wp\/v2\/types\/page"}],"author":[{"embeddable":true,"href":"https:\/\/aupairscout.com\/es\/wp-json\/wp\/v2\/users\/990158"}],"replies":[{"embeddable":true,"href":"https:\/\/aupairscout.com\/es\/wp-json\/wp\/v2\/comments?post=5127"}],"version-history":[{"count":14,"href":"https:\/\/aupairscout.com\/es\/wp-json\/wp\/v2\/pages\/5127\/revisions"}],"predecessor-version":[{"id":6525,"href":"https:\/\/aupairscout.com\/es\/wp-json\/wp\/v2\/pages\/5127\/revisions\/6525"}],"wp:attachment":[{"href":"https:\/\/aupairscout.com\/es\/wp-json\/wp\/v2\/media?parent=5127"}],"curies":[{"name":"wp","href":"https:\/\/api.w.org\/{rel}","templated":true}]}}