{"id":2888,"date":"2022-10-26T10:12:17","date_gmt":"2022-10-26T08:12:17","guid":{"rendered":"https:\/\/aupair.mondoit.de\/?page_id=2888"},"modified":"2025-09-25T09:52:40","modified_gmt":"2025-09-25T07:52:40","slug":"agencias-premium","status":"publish","type":"page","link":"https:\/\/aupairscout.com\/es\/agencias-premium\/","title":{"rendered":"lista de precios de agencia"},"content":{"rendered":"<div class=\"wp-block-group pricelist agency-premium has-global-padding is-layout-constrained wp-block-group-is-layout-constrained\">\n<section class=\"wp-block-group has-global-padding is-layout-constrained wp-block-group-is-layout-constrained\">\n<div class=\"wp-block-columns tiles text-left aupair is-layout-flex wp-container-core-columns-is-layout-28f84493 wp-block-columns-is-layout-flex\">\n<div class=\"wp-block-column is-layout-flow wp-block-column-is-layout-flow\">\n<section class=\"wp-block-group has-global-padding is-layout-constrained wp-block-group-is-layout-constrained\">\n<h2 class=\"wp-block-heading\">Premium para agencias<\/h2>\n\n\n\n<p class=\"listcaption\">Tras registrarte gratuitamente, tienes la opci\u00f3n de adquirir una suscripci\u00f3n anual. AuPairScout ofrece lo siguiente a cambio:<\/p>\n\n\n\n<ul class=\"wp-block-list\">\n<li>Pon tus propios au pairs en l\u00ednea en la galer\u00eda a trav\u00e9s de tu cuenta.<\/li>\n\n\n\n<li>La comunicaci\u00f3n con las familias de tus au pairs pasa a trav\u00e9s de tu agencia.<\/li>\n\n\n\n<li>Puedes ver los perfiles completos de otros au pairs y contactarlos.<\/li>\n\n\n\n<li>Cont\u00e1ctanos a trav\u00e9s de mensajes personalizados<\/li>\n\n\n\n<li>Puedes ver los perfiles completos de las familias y contactarlas.<\/li>\n\n\n\n<li>Cont\u00e1ctanos a trav\u00e9s de mensajes personalizados<\/li>\n\n\n\n<li>Intercambio de m\u00e1s datos e informaci\u00f3n entre usuarios.<\/li>\n\n\n\n<li>Acceso a descripciones y referencias personales.<\/li>\n\n\n\n<li>Consejos personales <\/li>\n\n\n\n<li>D\u00e9cadas de experiencia como agencia au pair<\/li>\n\n\n\n<li>Comunicaci\u00f3n con nuestro equipo AuPairScout<\/li>\n<\/ul>\n<\/section>\n<\/div>\n\n\n\n<div class=\"wp-block-column black flipbox is-layout-flow wp-block-column-is-layout-flow\">\n<div class=\"wp-block-group front has-global-padding is-layout-constrained wp-block-group-is-layout-constrained\">\n<figure class=\"wp-block-image size-full\"><img decoding=\"async\" src=\"https:\/\/aupairscout.com\/wp-content\/uploads\/2023\/10\/Abo-Kaufen.png\" alt=\"Comprar suscripci\u00f3n b\u00e1sica para familia anfitriona \" class=\"wp-image-5172\"\/><\/figure>\n\n\n\n<h3 class=\"wp-block-heading\"><strong>Membres\u00eda de 12 meses<\/strong><\/h3>\n\n\n\n<p><strong>120.00 \u20ac<br><\/strong>10,00 \u20ac al mes<\/p>\n\n\n<div class=\"wp-block-buttons is-layout-flex wp-block-buttons-is-layout-flex\"><div class=\"wp-block-button\"><a class=\"wp-block-button__link wp-element-button\" href=\"\/registrierung-als-agentur\">Registrarse + Comprar<\/a><\/div><!-- .wp-block-button --><\/div><!-- .wp-block-buttons is-layout-flex wp-block-buttons-is-layout-flex -->\n<\/div>\n\n\n\n<div class=\"wp-block-group back has-global-padding is-layout-constrained wp-block-group-is-layout-constrained\">\n<p>Paquete Premium<br>12 meses presentando tu agencia en AuPairScout.<\/p>\n<\/div>\n<\/div>\n<\/div>\n<\/section>\n\n\n\n<section class=\"wp-block-group with-background grey has-global-padding is-layout-constrained wp-block-group-is-layout-constrained\">\n<h2 class=\"wp-block-heading\">\u00bfPreguntas o inquietudes?<\/h2>\n\n\n\n<div class=\"wp-block-getwid-accordion faq has-icon-left\" data-active-element=\"none\">\n<div class=\"wp-block-getwid-accordion__header-wrapper\"><span class=\"wp-block-getwid-accordion__header\"><a href=\"#\"><span class=\"wp-block-getwid-accordion__header-title\">\u00bfC\u00f3mo puedo obtener una presentaci\u00f3n de agencia?<\/span><span class=\"wp-block-getwid-accordion__icon is-active\"><i class=\"fas fa-plus\"><\/i><\/span><span class=\"wp-block-getwid-accordion__icon is-passive\"><i class=\"fas fa-minus\"><\/i><\/span><\/a><\/span><\/div><div class=\"wp-block-getwid-accordion__content-wrapper\"><div class=\"wp-block-getwid-accordion__content\">\n<div class=\"wp-block-getwid-accordion has-icon-left\" data-active-element=\"none\">\n<div class=\"wp-block-getwid-accordion__header-wrapper\"><span class=\"wp-block-getwid-accordion__header\"><a href=\"#\"><span class=\"wp-block-getwid-accordion__header-title\">Adquiere una membres\u00eda de 1 a\u00f1o<\/span><span class=\"wp-block-getwid-accordion__icon is-active\"><i class=\"fas fa-plus\"><\/i><\/span><span class=\"wp-block-getwid-accordion__icon is-passive\"><i class=\"fas fa-minus\"><\/i><\/span><\/a><\/span><\/div><div class=\"wp-block-getwid-accordion__content-wrapper\"><div class=\"wp-block-getwid-accordion__content\">\n<p>Podr\u00e1s comprarlos despu\u00e9s de haberlos registrado y activado.<\/p>\n<\/div><\/div>\n\n\n\n<div class=\"wp-block-getwid-accordion__header-wrapper\"><span class=\"wp-block-getwid-accordion__header\"><a href=\"#\"><span class=\"wp-block-getwid-accordion__header-title\">\u00bfPor qu\u00e9 se cobran tarifas?<\/span><span class=\"wp-block-getwid-accordion__icon is-active\"><i class=\"fas fa-plus\"><\/i><\/span><span class=\"wp-block-getwid-accordion__icon is-passive\"><i class=\"fas fa-minus\"><\/i><\/span><\/a><\/span><\/div><div class=\"wp-block-getwid-accordion__content-wrapper\"><div class=\"wp-block-getwid-accordion__content\">\n<p>S\u00f3lo con Premium podr\u00e1s presentar tus propias au pairs y contactar con otras au pairs y familias.<\/p>\n<\/div><\/div>\n\n\n\n<div class=\"wp-block-getwid-accordion__header-wrapper\"><span class=\"wp-block-getwid-accordion__header\"><a href=\"#\"><span class=\"wp-block-getwid-accordion__header-title\">AuPairScout ofrece a cambio:<\/span><span class=\"wp-block-getwid-accordion__icon is-active\"><i class=\"fas fa-plus\"><\/i><\/span><span class=\"wp-block-getwid-accordion__icon is-passive\"><i class=\"fas fa-minus\"><\/i><\/span><\/a><\/span><\/div><div class=\"wp-block-getwid-accordion__content-wrapper\"><div class=\"wp-block-getwid-accordion__content\">\n<ul class=\"wp-block-list\">\n<li>Pon tus propios au pairs en l\u00ednea en la galer\u00eda a trav\u00e9s de tu cuenta.<\/li>\n\n\n\n<li>La comunicaci\u00f3n con las familias de tus au pairs pasa a trav\u00e9s de tu agencia.<\/li>\n\n\n\n<li>Puedes ver los perfiles completos de otros au pairs y contactarlos.<\/li>\n\n\n\n<li>Cont\u00e1ctanos a trav\u00e9s de mensajes personalizados<\/li>\n\n\n\n<li>Puedes ver los perfiles completos de las familias y contactarlas.<\/li>\n\n\n\n<li>Cont\u00e1ctanos a trav\u00e9s de mensajes personalizados<\/li>\n\n\n\n<li>Intercambio de m\u00e1s datos e informaci\u00f3n entre usuarios.<\/li>\n\n\n\n<li>Acceso a descripciones y referencias personales.<\/li>\n\n\n\n<li>D\u00e9cadas de experiencia como agencia au pair<\/li>\n\n\n\n<li>Comunicaci\u00f3n con nuestro equipo AuPairScout<\/li>\n<\/ul>\n<\/div><\/div>\n<\/div>\n<\/div><\/div>\n\n\n\n<div class=\"wp-block-getwid-accordion__header-wrapper\"><span class=\"wp-block-getwid-accordion__header\"><a href=\"#\"><span class=\"wp-block-getwid-accordion__header-title\">\u00bfQu\u00e9 sucede al final del per\u00edodo pagado?<\/span><span class=\"wp-block-getwid-accordion__icon is-active\"><i class=\"fas fa-plus\"><\/i><\/span><span class=\"wp-block-getwid-accordion__icon is-passive\"><i class=\"fas fa-minus\"><\/i><\/span><\/a><\/span><\/div><div class=\"wp-block-getwid-accordion__content-wrapper\"><div class=\"wp-block-getwid-accordion__content\">\n<div class=\"wp-block-getwid-accordion has-icon-left\" data-active-element=\"none\">\n<div class=\"wp-block-getwid-accordion__header-wrapper\"><span class=\"wp-block-getwid-accordion__header\"><a href=\"#\"><span class=\"wp-block-getwid-accordion__header-title\">Cuando termina una oferta<\/span><span class=\"wp-block-getwid-accordion__icon is-active\"><i class=\"fas fa-plus\"><\/i><\/span><span class=\"wp-block-getwid-accordion__icon is-passive\"><i class=\"fas fa-minus\"><\/i><\/span><\/a><\/span><\/div><div class=\"wp-block-getwid-accordion__content-wrapper\"><div class=\"wp-block-getwid-accordion__content\">\n<p>Cuando finalice tu oferta, ya no podr\u00e1s presentar tus propias au pairs ni contactar con otras au pairs o familias. Adem\u00e1s, ya no podr\u00e1s leer ni responder mensajes.<\/p>\n<\/div><\/div>\n<\/div>\n<\/div><\/div>\n\n\n\n<div class=\"wp-block-getwid-accordion__header-wrapper\"><span class=\"wp-block-getwid-accordion__header\"><a href=\"#\"><span class=\"wp-block-getwid-accordion__header-title\">\u00bfC\u00f3mo puedo cancelar mi membres\u00eda?<\/span><span class=\"wp-block-getwid-accordion__icon is-active\"><i class=\"fas fa-plus\"><\/i><\/span><span class=\"wp-block-getwid-accordion__icon is-passive\"><i class=\"fas fa-minus\"><\/i><\/span><\/a><\/span><\/div><div class=\"wp-block-getwid-accordion__content-wrapper\"><div class=\"wp-block-getwid-accordion__content\">\n<div class=\"wp-block-getwid-accordion has-icon-left\" data-active-element=\"none\">\n<div class=\"wp-block-getwid-accordion__header-wrapper\"><span class=\"wp-block-getwid-accordion__header\"><a href=\"#\"><span class=\"wp-block-getwid-accordion__header-title\">\u00bfC\u00f3mo cancelo mi membres\u00eda?<\/span><span class=\"wp-block-getwid-accordion__icon is-active\"><i class=\"fas fa-plus\"><\/i><\/span><span class=\"wp-block-getwid-accordion__icon is-passive\"><i class=\"fas fa-minus\"><\/i><\/span><\/a><\/span><\/div><div class=\"wp-block-getwid-accordion__content-wrapper\"><div class=\"wp-block-getwid-accordion__content\">\n<p>Su membres\u00eda finalizar\u00e1 autom\u00e1ticamente despu\u00e9s del per\u00edodo seleccionado y no es necesario cancelarla.<\/p>\n<\/div><\/div>\n<\/div>\n<\/div><\/div>\n<\/div>\n<\/section>\n<\/div>\n\n\n\n<section id=\"last-cta\" class=\"wp-block-group with-background small has-global-padding is-layout-constrained wp-block-group-is-layout-constrained\">\n<div class=\"wp-block-columns aupair is-layout-flex wp-container-core-columns-is-layout-28f84493 wp-block-columns-is-layout-flex\">\n<div class=\"wp-block-column is-layout-flow wp-block-column-is-layout-flow\">\n<h2 class=\"wp-block-heading\"><strong>\u00a1Reg\u00edstrate ahora gratis!<\/strong><\/h2>\n\n\n\n<h5 class=\"wp-block-heading\">HEMOS REUNIDO A AU PAIRS, FAMILIAS ANFITRIONES, AGENCIAS, ESCUELAS DE IDIOMAS Y CLUBS AU PAIR EN TODO EL MUNDO DESDE 1997.<\/h5>\n<\/div>\n\n\n\n<div class=\"wp-block-column is-layout-flow wp-block-column-is-layout-flow\">\n<div class=\"wp-block-buttons is-layout-flex wp-block-buttons-is-layout-flex\">\n<div class=\"wp-block-button highlighted\"><a class=\"wp-block-button__link wp-element-button\" href=\"\/#registrierung\"><strong>Vamos a ir<\/strong><\/a><\/div>\n<\/div>\n<\/div>\n<\/div>\n<\/section>","protected":false},"excerpt":{"rendered":"","protected":false},"author":990158,"featured_media":0,"parent":0,"menu_order":0,"comment_status":"closed","ping_status":"closed","template":"","meta":{"footnotes":""},"class_list":["post-2888","page","type-page","status-publish","hentry"],"_links":{"self":[{"href":"https:\/\/aupairscout.com\/es\/wp-json\/wp\/v2\/pages\/2888","targetHints":{"allow":["GET"]}}],"collection":[{"href":"https:\/\/aupairscout.com\/es\/wp-json\/wp\/v2\/pages"}],"about":[{"href":"https:\/\/aupairscout.com\/es\/wp-json\/wp\/v2\/types\/page"}],"author":[{"embeddable":true,"href":"https:\/\/aupairscout.com\/es\/wp-json\/wp\/v2\/users\/990158"}],"replies":[{"embeddable":true,"href":"https:\/\/aupairscout.com\/es\/wp-json\/wp\/v2\/comments?post=2888"}],"version-history":[{"count":25,"href":"https:\/\/aupairscout.com\/es\/wp-json\/wp\/v2\/pages\/2888\/revisions"}],"predecessor-version":[{"id":7329,"href":"https:\/\/aupairscout.com\/es\/wp-json\/wp\/v2\/pages\/2888\/revisions\/7329"}],"wp:attachment":[{"href":"https:\/\/aupairscout.com\/es\/wp-json\/wp\/v2\/media?parent=2888"}],"curies":[{"name":"wp","href":"https:\/\/api.w.org\/{rel}","templated":true}]}}