{"id":2251,"date":"2022-06-22T13:20:47","date_gmt":"2022-06-22T11:20:47","guid":{"rendered":"https:\/\/aupair.mondoit.de\/?page_id=2251"},"modified":"2023-09-24T13:19:57","modified_gmt":"2023-09-24T11:19:57","slug":"paris","status":"publish","type":"page","link":"https:\/\/aupairscout.com\/es\/paris\/","title":{"rendered":"Par\u00eds"},"content":{"rendered":"<h2 class=\"wp-block-post-title\"><div class=\"breadcrumbs\"><span class=\"crumb\"><a href=\"https:\/\/aupairscout.com\/es\">AuPairScout - Internacional<\/a> \u00bb <\/span><span class=\"crumb current-page\">Par\u00eds<\/span><\/div><\/h2>\n\n\n\n<section class=\"wp-block-group has-global-padding is-layout-constrained wp-block-group-is-layout-constrained\">\n<div class=\"wp-block-columns is-layout-flex wp-container-core-columns-is-layout-28f84493 wp-block-columns-is-layout-flex\">\n<div class=\"wp-block-column is-layout-flow wp-block-column-is-layout-flow\">\n<h2 class=\"wp-block-heading\">La historia<\/h2>\n\n\n\n<p>Hace entre treinta y cuarenta millones de a\u00f1os, la cuenca de Par\u00eds era un mar c\u00e1lido y poco profundo, salpicado de islas: Mont Val\u00e9rien, Chaillot, Belleville, Montmartre, Bagneux y Meudon. Este mar estaba habitado principalmente por nummulites del grupo de los foramin\u00edferos, cuyos f\u00f3siles posteriormente proporcionaron el material de construcci\u00f3n de la ciudad. Adem\u00e1s, la fauna lagunar de Buttes-Montmartre, Buttes-Chaumont y M\u00e9nilmontant produc\u00eda yeso, el segundo material de construcci\u00f3n esencial.<\/p>\n\n\n\n<p>M\u00e1s tarde, a medida que se erosionaba la gran meseta caliza del actual noreste de Francia, se form\u00f3 el r\u00edo Sena, con una cuenca de aproximadamente 200 kil\u00f3metros de di\u00e1metro. En su punto m\u00e1s bajo, a 28 metros sobre el nivel del mar, se form\u00f3 un archipi\u00e9lago donde se asentaron los habitantes. No quedan rastros de este asentamiento, sobre todo porque el nivel actual es unos seis metros superior al original. Solo en el extremo occidental de la \u00cele de la Cit\u00e9, que en aquel entonces constaba de varias islas peque\u00f1as que posteriormente se conectaron, el nivel se mantiene igual.<\/p>\n<\/div>\n\n\n\n<div class=\"wp-block-column is-layout-flow wp-block-column-is-layout-flow\">\n<h2 class=\"wp-block-heading\">Ir a Par\u00eds como au pair<\/h2>\n\n\n\n<figure class=\"wp-block-gallery has-nested-images columns-default is-cropped wp-block-gallery-1 is-layout-flex wp-block-gallery-is-layout-flex\">\n<figure class=\"wp-block-image size-full\"><a href=\"https:\/\/aupairscout.com\/wp-content\/uploads\/2022\/06\/france-g8c52ec58b_1920.jpg\"><img loading=\"lazy\" decoding=\"async\" width=\"1280\" height=\"1920\" data-id=\"2312\" src=\"https:\/\/aupairscout.com\/wp-content\/uploads\/2022\/06\/france-g8c52ec58b_1920.jpg\" alt=\"\" class=\"wp-image-2312\" srcset=\"https:\/\/aupairscout.com\/wp-content\/uploads\/2022\/06\/france-g8c52ec58b_1920.jpg 1280w, https:\/\/aupairscout.com\/wp-content\/uploads\/2022\/06\/france-g8c52ec58b_1920-600x900.jpg 600w, https:\/\/aupairscout.com\/wp-content\/uploads\/2022\/06\/france-g8c52ec58b_1920-200x300.jpg 200w, https:\/\/aupairscout.com\/wp-content\/uploads\/2022\/06\/france-g8c52ec58b_1920-683x1024.jpg 683w, https:\/\/aupairscout.com\/wp-content\/uploads\/2022\/06\/france-g8c52ec58b_1920-768x1152.jpg 768w, https:\/\/aupairscout.com\/wp-content\/uploads\/2022\/06\/france-g8c52ec58b_1920-1024x1536.jpg 1024w, https:\/\/aupairscout.com\/wp-content\/uploads\/2022\/06\/france-g8c52ec58b_1920-8x12.jpg 8w\" sizes=\"auto, (max-width: 1280px) 100vw, 1280px\" \/><\/a><\/figure>\n\n\n\n<figure class=\"wp-block-image size-full\"><a href=\"https:\/\/aupairscout.com\/wp-content\/uploads\/2022\/06\/paris-g79eb05565_1280.jpg\"><img loading=\"lazy\" decoding=\"async\" width=\"1280\" height=\"853\" data-id=\"2256\" src=\"https:\/\/aupairscout.com\/wp-content\/uploads\/2022\/06\/paris-g79eb05565_1280.jpg\" alt=\"\" class=\"wp-image-2256\" srcset=\"https:\/\/aupairscout.com\/wp-content\/uploads\/2022\/06\/paris-g79eb05565_1280.jpg 1280w, https:\/\/aupairscout.com\/wp-content\/uploads\/2022\/06\/paris-g79eb05565_1280-600x400.jpg 600w, https:\/\/aupairscout.com\/wp-content\/uploads\/2022\/06\/paris-g79eb05565_1280-300x200.jpg 300w, https:\/\/aupairscout.com\/wp-content\/uploads\/2022\/06\/paris-g79eb05565_1280-1024x682.jpg 1024w, https:\/\/aupairscout.com\/wp-content\/uploads\/2022\/06\/paris-g79eb05565_1280-768x512.jpg 768w, https:\/\/aupairscout.com\/wp-content\/uploads\/2022\/06\/paris-g79eb05565_1280-18x12.jpg 18w\" sizes=\"auto, (max-width: 1280px) 100vw, 1280px\" \/><\/a><\/figure>\n\n\n\n<figure class=\"wp-block-image size-full\"><a href=\"https:\/\/aupairscout.com\/wp-content\/uploads\/2022\/06\/city-g7d8633dcf_1280.jpg\"><img loading=\"lazy\" decoding=\"async\" width=\"1280\" height=\"790\" data-id=\"2255\" src=\"https:\/\/aupairscout.com\/wp-content\/uploads\/2022\/06\/city-g7d8633dcf_1280.jpg\" alt=\"\" class=\"wp-image-2255\" srcset=\"https:\/\/aupairscout.com\/wp-content\/uploads\/2022\/06\/city-g7d8633dcf_1280.jpg 1280w, https:\/\/aupairscout.com\/wp-content\/uploads\/2022\/06\/city-g7d8633dcf_1280-600x370.jpg 600w, https:\/\/aupairscout.com\/wp-content\/uploads\/2022\/06\/city-g7d8633dcf_1280-300x185.jpg 300w, https:\/\/aupairscout.com\/wp-content\/uploads\/2022\/06\/city-g7d8633dcf_1280-1024x632.jpg 1024w, https:\/\/aupairscout.com\/wp-content\/uploads\/2022\/06\/city-g7d8633dcf_1280-768x474.jpg 768w, https:\/\/aupairscout.com\/wp-content\/uploads\/2022\/06\/city-g7d8633dcf_1280-18x12.jpg 18w\" sizes=\"auto, (max-width: 1280px) 100vw, 1280px\" \/><\/a><\/figure>\n\n\n\n<figure class=\"wp-block-image size-full\"><a href=\"https:\/\/aupairscout.com\/wp-content\/uploads\/2022\/06\/eiffel-tower-ge81ac74dd_1280.jpg\"><img loading=\"lazy\" decoding=\"async\" width=\"1280\" height=\"853\" data-id=\"2254\" src=\"https:\/\/aupairscout.com\/wp-content\/uploads\/2022\/06\/eiffel-tower-ge81ac74dd_1280.jpg\" alt=\"\" class=\"wp-image-2254\" srcset=\"https:\/\/aupairscout.com\/wp-content\/uploads\/2022\/06\/eiffel-tower-ge81ac74dd_1280.jpg 1280w, https:\/\/aupairscout.com\/wp-content\/uploads\/2022\/06\/eiffel-tower-ge81ac74dd_1280-600x400.jpg 600w, https:\/\/aupairscout.com\/wp-content\/uploads\/2022\/06\/eiffel-tower-ge81ac74dd_1280-300x200.jpg 300w, https:\/\/aupairscout.com\/wp-content\/uploads\/2022\/06\/eiffel-tower-ge81ac74dd_1280-1024x682.jpg 1024w, https:\/\/aupairscout.com\/wp-content\/uploads\/2022\/06\/eiffel-tower-ge81ac74dd_1280-768x512.jpg 768w, https:\/\/aupairscout.com\/wp-content\/uploads\/2022\/06\/eiffel-tower-ge81ac74dd_1280-18x12.jpg 18w\" sizes=\"auto, (max-width: 1280px) 100vw, 1280px\" \/><\/a><\/figure>\n\n\n\n<figure class=\"wp-block-image size-full\"><a href=\"https:\/\/aupairscout.com\/wp-content\/uploads\/2022\/06\/paris-ged3e06bc0_1280.jpg\"><img loading=\"lazy\" decoding=\"async\" width=\"1280\" height=\"570\" data-id=\"2253\" src=\"https:\/\/aupairscout.com\/wp-content\/uploads\/2022\/06\/paris-ged3e06bc0_1280.jpg\" alt=\"\" class=\"wp-image-2253\" srcset=\"https:\/\/aupairscout.com\/wp-content\/uploads\/2022\/06\/paris-ged3e06bc0_1280.jpg 1280w, https:\/\/aupairscout.com\/wp-content\/uploads\/2022\/06\/paris-ged3e06bc0_1280-600x267.jpg 600w, https:\/\/aupairscout.com\/wp-content\/uploads\/2022\/06\/paris-ged3e06bc0_1280-300x134.jpg 300w, https:\/\/aupairscout.com\/wp-content\/uploads\/2022\/06\/paris-ged3e06bc0_1280-1024x456.jpg 1024w, https:\/\/aupairscout.com\/wp-content\/uploads\/2022\/06\/paris-ged3e06bc0_1280-768x342.jpg 768w, https:\/\/aupairscout.com\/wp-content\/uploads\/2022\/06\/paris-ged3e06bc0_1280-18x8.jpg 18w\" sizes=\"auto, (max-width: 1280px) 100vw, 1280px\" \/><\/a><\/figure>\n<\/figure>\n<\/div>\n<\/div>\n<\/section>\n\n\n\n<section id=\"last-cta\" class=\"wp-block-group with-background small has-global-padding is-layout-constrained wp-block-group-is-layout-constrained\">\n<div class=\"wp-block-columns aupair is-layout-flex wp-container-core-columns-is-layout-28f84493 wp-block-columns-is-layout-flex\">\n<div class=\"wp-block-column is-layout-flow wp-block-column-is-layout-flow\">\n<h2 class=\"wp-block-heading\"><strong>\u00a1Reg\u00edstrate ahora gratis!<\/strong><\/h2>\n\n\n\n<h5 class=\"wp-block-heading\">HEMOS REUNIDO A AU PAIRS, FAMILIAS ANFITRIONES, AGENCIAS, ESCUELAS DE IDIOMAS Y CLUBS AU PAIR EN TODO EL MUNDO DESDE 1997.<\/h5>\n<\/div>\n\n\n\n<div class=\"wp-block-column is-layout-flow wp-block-column-is-layout-flow\">\n<div class=\"wp-block-buttons is-layout-flex wp-block-buttons-is-layout-flex\">\n<div class=\"wp-block-button highlighted\"><a class=\"wp-block-button__link wp-element-button\" href=\"\/#registrierung\"><strong>Vamos a ir<\/strong><\/a><\/div>\n<\/div>\n<\/div>\n<\/div>\n<\/section>","protected":false},"excerpt":{"rendered":"<p>Geschichte Vor 30 bis 40 Millionen Jahren war das&nbsp;Pariser Becken&nbsp;ein flaches warmes Meer, aus dem einzelne Inseln herausragten: der&nbsp;Mont Val\u00e9rien, Chaillot, Belleville, Montmartre, Bagneux&nbsp;und der&nbsp;Meudon. Dieses Meer war vor allem von&nbsp;Nummuliten&nbsp;aus der Gruppe der&nbsp;Foraminiferen&nbsp;besiedelt, deren Versteinerungen sp\u00e4ter das Baumaterial der Stadt lieferten. Hinzu kam die Lagunenfauna von&nbsp;Buttes-Montmartre, von&nbsp;Buttes-Chaumont&nbsp;und&nbsp;M\u00e9nilmontant, die den&nbsp;Gips&nbsp;erzeugte, den zweiten wesentlichen Baustoff. Sp\u00e4ter, [&hellip;]<\/p>\n","protected":false},"author":990158,"featured_media":0,"parent":0,"menu_order":0,"comment_status":"closed","ping_status":"closed","template":"","meta":{"footnotes":""},"class_list":["post-2251","page","type-page","status-publish","hentry"],"_links":{"self":[{"href":"https:\/\/aupairscout.com\/es\/wp-json\/wp\/v2\/pages\/2251","targetHints":{"allow":["GET"]}}],"collection":[{"href":"https:\/\/aupairscout.com\/es\/wp-json\/wp\/v2\/pages"}],"about":[{"href":"https:\/\/aupairscout.com\/es\/wp-json\/wp\/v2\/types\/page"}],"author":[{"embeddable":true,"href":"https:\/\/aupairscout.com\/es\/wp-json\/wp\/v2\/users\/990158"}],"replies":[{"embeddable":true,"href":"https:\/\/aupairscout.com\/es\/wp-json\/wp\/v2\/comments?post=2251"}],"version-history":[{"count":6,"href":"https:\/\/aupairscout.com\/es\/wp-json\/wp\/v2\/pages\/2251\/revisions"}],"predecessor-version":[{"id":4736,"href":"https:\/\/aupairscout.com\/es\/wp-json\/wp\/v2\/pages\/2251\/revisions\/4736"}],"wp:attachment":[{"href":"https:\/\/aupairscout.com\/es\/wp-json\/wp\/v2\/media?parent=2251"}],"curies":[{"name":"wp","href":"https:\/\/api.w.org\/{rel}","templated":true}]}}