{"id":2233,"date":"2022-06-22T13:06:10","date_gmt":"2022-06-22T11:06:10","guid":{"rendered":"https:\/\/aupair.mondoit.de\/?page_id=2233"},"modified":"2023-09-24T13:07:49","modified_gmt":"2023-09-24T11:07:49","slug":"barcelona","status":"publish","type":"page","link":"https:\/\/aupairscout.com\/es\/barcelona\/","title":{"rendered":"Barcelona"},"content":{"rendered":"<h2 class=\"wp-block-post-title\"><div class=\"breadcrumbs\"><span class=\"crumb\"><a href=\"https:\/\/aupairscout.com\/es\">AuPairScout - Internacional<\/a> \u00bb <\/span><span class=\"crumb current-page\">Barcelona<\/span><\/div><\/h2>\n\n\n\n<section class=\"wp-block-group has-global-padding is-layout-constrained wp-block-group-is-layout-constrained\">\n<div class=\"wp-block-columns is-layout-flex wp-container-core-columns-is-layout-28f84493 wp-block-columns-is-layout-flex\">\n<div class=\"wp-block-column is-layout-flow wp-block-column-is-layout-flow\">\n<h2 class=\"wp-block-heading\">La historia<\/h2>\n\n\n\n<p>En 1137, Catalu\u00f1a fue dividido, sin embargo, como resultado de la Uni\u00f3n entre Fernando de Arag\u00f3n e Isabel de Castilla de Castilla a. Barcelona fue el centro econ\u00f3mico y pol\u00edtico de los Aragoneses Imperio y una de las ciudades m\u00e1s importantes del Mediterr\u00e1neo. Por otro lado, Catalu\u00f1a perdi\u00f3 por la Asociaci\u00f3n a sus propias instituciones.<\/p>\n\n\n\n<p>En el curso de la 13., 14. y 15. Siglo, en la \u00c9poca de la edad media, fueron creados en los grandes edificios, el Barcelona siempre en forma. Algunos ejemplos de esto son la historia de la Catedral de Barcelona, o el de la Iglesia de Santa Maria del Mar, s\u00f3lo para mencionar algunos ejemplos.<\/p>\n\n\n\n<p>Entre la edad de 16 a\u00f1os. y 17. Siglo, debido a las guerras de Sucesi\u00f3n, Barcelona era insolvente, y sumido en una gran crisis. Sin embargo, gracias al comercio con Am\u00e9rica y el Resto de la Pen\u00ednsula Ib\u00e9rica, la ciudad comenz\u00f3 a desarrollarse de nuevo. Es el comienzo de la industrializaci\u00f3n en el siglo 18. y principios del siglo 19. Siglo, que requiere cambios importantes en la historia de Barcelona: el crecimiento de la industria textil y un mont\u00f3n de la ciudad de los cambios \u2013 como la llegada de el hierro y la calle ferrocarril, la construcci\u00f3n de grandes avenidas y calles de Barcelona cambiado la cara de la ciudad.<\/p>\n<\/div>\n\n\n\n<div class=\"wp-block-column is-layout-flow wp-block-column-is-layout-flow\">\n<h2 class=\"wp-block-heading\">Ir a Barcelona como au pair<\/h2>\n\n\n\n<figure class=\"wp-block-gallery has-nested-images columns-default is-cropped wp-block-gallery-1 is-layout-flex wp-block-gallery-is-layout-flex\">\n<figure class=\"wp-block-image size-full\"><a href=\"https:\/\/aupairscout.com\/wp-content\/uploads\/2022\/06\/barcelona-g0613471aa_1280.jpg\"><img loading=\"lazy\" decoding=\"async\" width=\"1280\" height=\"720\" data-id=\"2236\" src=\"https:\/\/aupairscout.com\/wp-content\/uploads\/2022\/06\/barcelona-g0613471aa_1280.jpg\" alt=\"\" class=\"wp-image-2236\" srcset=\"https:\/\/aupairscout.com\/wp-content\/uploads\/2022\/06\/barcelona-g0613471aa_1280.jpg 1280w, https:\/\/aupairscout.com\/wp-content\/uploads\/2022\/06\/barcelona-g0613471aa_1280-600x338.jpg 600w, https:\/\/aupairscout.com\/wp-content\/uploads\/2022\/06\/barcelona-g0613471aa_1280-300x169.jpg 300w, https:\/\/aupairscout.com\/wp-content\/uploads\/2022\/06\/barcelona-g0613471aa_1280-1024x576.jpg 1024w, https:\/\/aupairscout.com\/wp-content\/uploads\/2022\/06\/barcelona-g0613471aa_1280-768x432.jpg 768w, https:\/\/aupairscout.com\/wp-content\/uploads\/2022\/06\/barcelona-g0613471aa_1280-18x10.jpg 18w\" sizes=\"auto, (max-width: 1280px) 100vw, 1280px\" \/><\/a><\/figure>\n\n\n\n<figure class=\"wp-block-image size-full\"><a href=\"https:\/\/aupairscout.com\/wp-content\/uploads\/2022\/06\/spain-g04ce3a10b_1280.jpg\"><img loading=\"lazy\" decoding=\"async\" width=\"1280\" height=\"853\" data-id=\"2237\" src=\"https:\/\/aupairscout.com\/wp-content\/uploads\/2022\/06\/spain-g04ce3a10b_1280.jpg\" alt=\"\" class=\"wp-image-2237\" srcset=\"https:\/\/aupairscout.com\/wp-content\/uploads\/2022\/06\/spain-g04ce3a10b_1280.jpg 1280w, https:\/\/aupairscout.com\/wp-content\/uploads\/2022\/06\/spain-g04ce3a10b_1280-600x400.jpg 600w, https:\/\/aupairscout.com\/wp-content\/uploads\/2022\/06\/spain-g04ce3a10b_1280-300x200.jpg 300w, https:\/\/aupairscout.com\/wp-content\/uploads\/2022\/06\/spain-g04ce3a10b_1280-1024x682.jpg 1024w, https:\/\/aupairscout.com\/wp-content\/uploads\/2022\/06\/spain-g04ce3a10b_1280-768x512.jpg 768w, https:\/\/aupairscout.com\/wp-content\/uploads\/2022\/06\/spain-g04ce3a10b_1280-18x12.jpg 18w\" sizes=\"auto, (max-width: 1280px) 100vw, 1280px\" \/><\/a><\/figure>\n\n\n\n<figure class=\"wp-block-image size-full\"><a href=\"https:\/\/aupairscout.com\/wp-content\/uploads\/2022\/06\/cadaques-g38bdef8ca_1280.jpg\"><img loading=\"lazy\" decoding=\"async\" width=\"1280\" height=\"853\" data-id=\"2238\" src=\"https:\/\/aupairscout.com\/wp-content\/uploads\/2022\/06\/cadaques-g38bdef8ca_1280.jpg\" alt=\"\" class=\"wp-image-2238\" srcset=\"https:\/\/aupairscout.com\/wp-content\/uploads\/2022\/06\/cadaques-g38bdef8ca_1280.jpg 1280w, https:\/\/aupairscout.com\/wp-content\/uploads\/2022\/06\/cadaques-g38bdef8ca_1280-600x400.jpg 600w, https:\/\/aupairscout.com\/wp-content\/uploads\/2022\/06\/cadaques-g38bdef8ca_1280-300x200.jpg 300w, https:\/\/aupairscout.com\/wp-content\/uploads\/2022\/06\/cadaques-g38bdef8ca_1280-1024x682.jpg 1024w, https:\/\/aupairscout.com\/wp-content\/uploads\/2022\/06\/cadaques-g38bdef8ca_1280-768x512.jpg 768w, https:\/\/aupairscout.com\/wp-content\/uploads\/2022\/06\/cadaques-g38bdef8ca_1280-18x12.jpg 18w\" sizes=\"auto, (max-width: 1280px) 100vw, 1280px\" \/><\/a><\/figure>\n\n\n\n<figure class=\"wp-block-image size-full\"><a href=\"https:\/\/aupairscout.com\/wp-content\/uploads\/2022\/06\/placa-despanya-ga5265b88b_1280.jpg\"><img loading=\"lazy\" decoding=\"async\" width=\"1280\" height=\"855\" data-id=\"2239\" src=\"https:\/\/aupairscout.com\/wp-content\/uploads\/2022\/06\/placa-despanya-ga5265b88b_1280.jpg\" alt=\"\" class=\"wp-image-2239\" srcset=\"https:\/\/aupairscout.com\/wp-content\/uploads\/2022\/06\/placa-despanya-ga5265b88b_1280.jpg 1280w, https:\/\/aupairscout.com\/wp-content\/uploads\/2022\/06\/placa-despanya-ga5265b88b_1280-600x401.jpg 600w, https:\/\/aupairscout.com\/wp-content\/uploads\/2022\/06\/placa-despanya-ga5265b88b_1280-300x200.jpg 300w, https:\/\/aupairscout.com\/wp-content\/uploads\/2022\/06\/placa-despanya-ga5265b88b_1280-1024x684.jpg 1024w, https:\/\/aupairscout.com\/wp-content\/uploads\/2022\/06\/placa-despanya-ga5265b88b_1280-768x513.jpg 768w, https:\/\/aupairscout.com\/wp-content\/uploads\/2022\/06\/placa-despanya-ga5265b88b_1280-18x12.jpg 18w\" sizes=\"auto, (max-width: 1280px) 100vw, 1280px\" \/><\/a><\/figure>\n\n\n\n<figure class=\"wp-block-image size-full\"><a href=\"https:\/\/aupairscout.com\/wp-content\/uploads\/2022\/06\/cathedral-g002552ba1_1280.jpg\"><img loading=\"lazy\" decoding=\"async\" width=\"1280\" height=\"853\" data-id=\"2240\" src=\"https:\/\/aupairscout.com\/wp-content\/uploads\/2022\/06\/cathedral-g002552ba1_1280.jpg\" alt=\"\" class=\"wp-image-2240\" srcset=\"https:\/\/aupairscout.com\/wp-content\/uploads\/2022\/06\/cathedral-g002552ba1_1280.jpg 1280w, https:\/\/aupairscout.com\/wp-content\/uploads\/2022\/06\/cathedral-g002552ba1_1280-600x400.jpg 600w, https:\/\/aupairscout.com\/wp-content\/uploads\/2022\/06\/cathedral-g002552ba1_1280-300x200.jpg 300w, https:\/\/aupairscout.com\/wp-content\/uploads\/2022\/06\/cathedral-g002552ba1_1280-1024x682.jpg 1024w, https:\/\/aupairscout.com\/wp-content\/uploads\/2022\/06\/cathedral-g002552ba1_1280-768x512.jpg 768w, https:\/\/aupairscout.com\/wp-content\/uploads\/2022\/06\/cathedral-g002552ba1_1280-18x12.jpg 18w\" sizes=\"auto, (max-width: 1280px) 100vw, 1280px\" \/><\/a><\/figure>\n\n\n\n<figure class=\"wp-block-image size-full\"><a href=\"https:\/\/aupairscout.com\/wp-content\/uploads\/2022\/06\/street-g3c7318ecb_1280.jpg\"><img loading=\"lazy\" decoding=\"async\" width=\"1280\" height=\"853\" data-id=\"2241\" src=\"https:\/\/aupairscout.com\/wp-content\/uploads\/2022\/06\/street-g3c7318ecb_1280.jpg\" alt=\"\" class=\"wp-image-2241\" srcset=\"https:\/\/aupairscout.com\/wp-content\/uploads\/2022\/06\/street-g3c7318ecb_1280.jpg 1280w, https:\/\/aupairscout.com\/wp-content\/uploads\/2022\/06\/street-g3c7318ecb_1280-600x400.jpg 600w, https:\/\/aupairscout.com\/wp-content\/uploads\/2022\/06\/street-g3c7318ecb_1280-300x200.jpg 300w, https:\/\/aupairscout.com\/wp-content\/uploads\/2022\/06\/street-g3c7318ecb_1280-1024x682.jpg 1024w, https:\/\/aupairscout.com\/wp-content\/uploads\/2022\/06\/street-g3c7318ecb_1280-768x512.jpg 768w, https:\/\/aupairscout.com\/wp-content\/uploads\/2022\/06\/street-g3c7318ecb_1280-18x12.jpg 18w\" sizes=\"auto, (max-width: 1280px) 100vw, 1280px\" \/><\/a><\/figure>\n\n\n\n<figure class=\"wp-block-image size-full\"><a href=\"https:\/\/aupairscout.com\/wp-content\/uploads\/2022\/06\/barcelona-g37251ea0c_1280.jpg\"><img loading=\"lazy\" decoding=\"async\" width=\"1280\" height=\"854\" data-id=\"2235\" src=\"https:\/\/aupairscout.com\/wp-content\/uploads\/2022\/06\/barcelona-g37251ea0c_1280.jpg\" alt=\"\" class=\"wp-image-2235\" srcset=\"https:\/\/aupairscout.com\/wp-content\/uploads\/2022\/06\/barcelona-g37251ea0c_1280.jpg 1280w, https:\/\/aupairscout.com\/wp-content\/uploads\/2022\/06\/barcelona-g37251ea0c_1280-600x400.jpg 600w, https:\/\/aupairscout.com\/wp-content\/uploads\/2022\/06\/barcelona-g37251ea0c_1280-300x200.jpg 300w, https:\/\/aupairscout.com\/wp-content\/uploads\/2022\/06\/barcelona-g37251ea0c_1280-1024x683.jpg 1024w, https:\/\/aupairscout.com\/wp-content\/uploads\/2022\/06\/barcelona-g37251ea0c_1280-768x512.jpg 768w, https:\/\/aupairscout.com\/wp-content\/uploads\/2022\/06\/barcelona-g37251ea0c_1280-18x12.jpg 18w\" sizes=\"auto, (max-width: 1280px) 100vw, 1280px\" \/><\/a><\/figure>\n<\/figure>\n<\/div>\n<\/div>\n<\/section>\n\n\n\n<section id=\"last-cta\" class=\"wp-block-group with-background small has-global-padding is-layout-constrained wp-block-group-is-layout-constrained\">\n<div class=\"wp-block-columns aupair is-layout-flex wp-container-core-columns-is-layout-28f84493 wp-block-columns-is-layout-flex\">\n<div class=\"wp-block-column is-layout-flow wp-block-column-is-layout-flow\">\n<h2 class=\"wp-block-heading\"><strong>\u00a1Reg\u00edstrate ahora gratis!<\/strong><\/h2>\n\n\n\n<h5 class=\"wp-block-heading\">HEMOS REUNIDO A AU PAIRS, FAMILIAS ANFITRIONES, AGENCIAS, ESCUELAS DE IDIOMAS Y CLUBS AU PAIR EN TODO EL MUNDO DESDE 1997.<\/h5>\n<\/div>\n\n\n\n<div class=\"wp-block-column is-layout-flow wp-block-column-is-layout-flow\">\n<div class=\"wp-block-buttons is-layout-flex wp-block-buttons-is-layout-flex\">\n<div class=\"wp-block-button highlighted\"><a class=\"wp-block-button__link wp-element-button\" href=\"\/#registrierung\"><strong>Vamos a ir<\/strong><\/a><\/div>\n<\/div>\n<\/div>\n<\/div>\n<\/section>","protected":false},"excerpt":{"rendered":"<p>Geschichte Im Jahr 1137 wurde Katalonien jedoch als Ergebnis der Vereinigung zwischen Ferdinand von Aragon und Isabella von Kastilien an Kastilien angegliedert. Barcelona wurde zum wirtschaftlichen und politischen Zentrum des aragonischen Reiches und zu einer der wichtigsten St\u00e4dte im Mittelmeerraum. Auf der anderen Seite verlor Katalonien durch diese Vereinigung seine eigenen Institutionen. Im Laufe des [&hellip;]<\/p>\n","protected":false},"author":990158,"featured_media":0,"parent":0,"menu_order":0,"comment_status":"closed","ping_status":"closed","template":"","meta":{"footnotes":""},"class_list":["post-2233","page","type-page","status-publish","hentry"],"_links":{"self":[{"href":"https:\/\/aupairscout.com\/es\/wp-json\/wp\/v2\/pages\/2233","targetHints":{"allow":["GET"]}}],"collection":[{"href":"https:\/\/aupairscout.com\/es\/wp-json\/wp\/v2\/pages"}],"about":[{"href":"https:\/\/aupairscout.com\/es\/wp-json\/wp\/v2\/types\/page"}],"author":[{"embeddable":true,"href":"https:\/\/aupairscout.com\/es\/wp-json\/wp\/v2\/users\/990158"}],"replies":[{"embeddable":true,"href":"https:\/\/aupairscout.com\/es\/wp-json\/wp\/v2\/comments?post=2233"}],"version-history":[{"count":10,"href":"https:\/\/aupairscout.com\/es\/wp-json\/wp\/v2\/pages\/2233\/revisions"}],"predecessor-version":[{"id":4731,"href":"https:\/\/aupairscout.com\/es\/wp-json\/wp\/v2\/pages\/2233\/revisions\/4731"}],"wp:attachment":[{"href":"https:\/\/aupairscout.com\/es\/wp-json\/wp\/v2\/media?parent=2233"}],"curies":[{"name":"wp","href":"https:\/\/api.w.org\/{rel}","templated":true}]}}