{"id":2214,"date":"2022-06-22T12:05:37","date_gmt":"2022-06-22T10:05:37","guid":{"rendered":"https:\/\/aupair.mondoit.de\/?page_id=2214"},"modified":"2023-10-13T00:05:06","modified_gmt":"2023-10-12T22:05:06","slug":"berlina","status":"publish","type":"page","link":"https:\/\/aupairscout.com\/es\/berlina\/","title":{"rendered":"Berl\u00edn"},"content":{"rendered":"<h2 class=\"wp-block-post-title\"><div class=\"breadcrumbs\"><span class=\"crumb\"><a href=\"https:\/\/aupairscout.com\/es\">AuPairScout - Internacional<\/a> \u00bb <\/span><span class=\"crumb current-page\">Berl\u00edn<\/span><\/div><\/h2>\n\n\n\n<section class=\"wp-block-group has-global-padding is-layout-constrained wp-block-group-is-layout-constrained\">\n<div class=\"wp-block-columns is-layout-flex wp-container-core-columns-is-layout-28f84493 wp-block-columns-is-layout-flex\">\n<div class=\"wp-block-column is-layout-flow wp-block-column-is-layout-flow\">\n<h2 class=\"wp-block-heading\">La historia<\/h2>\n\n\n\n<p>Berl\u00edn es la ciudad capital de Alemania, y al mismo tiempo una provincia. Con cerca de tres millones y medio de habitantes, Berl\u00edn es la ciudad m\u00e1s grande de Alemania y la ciudad m\u00e1s grande en la Uni\u00f3n Europea. Se encuentra en el Este de Alemania, y est\u00e1 rodeada por todos lados por el estado de Brandeburgo. Al Sur de Berl\u00edn con el habitante de la capital de Potsdam se encuentra.<\/p>\n\n\n\n<p>Berl\u00edn se fund\u00f3 hace casi 800 a\u00f1os. Se convirti\u00f3 en la capital de Prusia y, a partir de 1871, tambi\u00e9n de Alemania. La ciudad se expandi\u00f3 r\u00e1pidamente en esa \u00e9poca gracias a la construcci\u00f3n de numerosas f\u00e1bricas, que atrajeron a cada vez m\u00e1s gente a vivir y trabajar all\u00ed. Para facilitar los desplazamientos diarios m\u00e1s r\u00e1pidos, Berl\u00edn alberg\u00f3 los primeros sistemas ferroviarios suburbanos y subterr\u00e1neos de Alemania.<\/p>\n\n\n\n<p>Gran parte de Berl\u00edn fue destruida durante la Segunda Guerra Mundial. Los vencedores dividieron Berl\u00edn: el oeste fue ocupado por Gran Breta\u00f1a, Francia y Estados Unidos, y el este por la Uni\u00f3n Sovi\u00e9tica. Debido a la creciente cantidad de personas que hu\u00edan del este al oeste de Berl\u00edn, se construy\u00f3 el Muro de Berl\u00edn en 1961. As\u00ed, los habitantes de ambos distritos vivieron separados durante 28 a\u00f1os, hasta la ca\u00edda del Muro en 1989. Poco despu\u00e9s, Berl\u00edn volvi\u00f3 a ser la capital.<\/p>\n<\/div>\n\n\n\n<div class=\"wp-block-column is-layout-flow wp-block-column-is-layout-flow\">\n<h2 class=\"wp-block-heading\">Viajar a Berl\u00edn como au pair<\/h2>\n\n\n\n<figure class=\"wp-block-gallery has-nested-images columns-3 is-cropped wp-block-gallery-1 is-layout-flex wp-block-gallery-is-layout-flex\">\n<figure class=\"wp-block-image size-full\"><a href=\"https:\/\/aupairscout.com\/wp-content\/uploads\/2022\/06\/television-tower-geae82b04f_1920.jpg\"><img loading=\"lazy\" decoding=\"async\" width=\"1440\" height=\"1920\" data-id=\"2142\" src=\"https:\/\/aupairscout.com\/wp-content\/uploads\/2022\/06\/television-tower-geae82b04f_1920.jpg\" alt=\"\" class=\"wp-image-2142\" srcset=\"https:\/\/aupairscout.com\/wp-content\/uploads\/2022\/06\/television-tower-geae82b04f_1920.jpg 1440w, https:\/\/aupairscout.com\/wp-content\/uploads\/2022\/06\/television-tower-geae82b04f_1920-600x800.jpg 600w, https:\/\/aupairscout.com\/wp-content\/uploads\/2022\/06\/television-tower-geae82b04f_1920-225x300.jpg 225w, https:\/\/aupairscout.com\/wp-content\/uploads\/2022\/06\/television-tower-geae82b04f_1920-768x1024.jpg 768w, https:\/\/aupairscout.com\/wp-content\/uploads\/2022\/06\/television-tower-geae82b04f_1920-1152x1536.jpg 1152w, https:\/\/aupairscout.com\/wp-content\/uploads\/2022\/06\/television-tower-geae82b04f_1920-9x12.jpg 9w\" sizes=\"auto, (max-width: 1440px) 100vw, 1440px\" \/><\/a><\/figure>\n\n\n\n<figure class=\"wp-block-image size-full\"><a href=\"https:\/\/aupairscout.com\/wp-content\/uploads\/2022\/06\/castle-park-ga9f3b7d22_1280.jpg\"><img loading=\"lazy\" decoding=\"async\" width=\"1280\" height=\"720\" data-id=\"2217\" src=\"https:\/\/aupairscout.com\/wp-content\/uploads\/2022\/06\/castle-park-ga9f3b7d22_1280.jpg\" alt=\"\" class=\"wp-image-2217\" srcset=\"https:\/\/aupairscout.com\/wp-content\/uploads\/2022\/06\/castle-park-ga9f3b7d22_1280.jpg 1280w, https:\/\/aupairscout.com\/wp-content\/uploads\/2022\/06\/castle-park-ga9f3b7d22_1280-600x338.jpg 600w, https:\/\/aupairscout.com\/wp-content\/uploads\/2022\/06\/castle-park-ga9f3b7d22_1280-300x169.jpg 300w, https:\/\/aupairscout.com\/wp-content\/uploads\/2022\/06\/castle-park-ga9f3b7d22_1280-1024x576.jpg 1024w, https:\/\/aupairscout.com\/wp-content\/uploads\/2022\/06\/castle-park-ga9f3b7d22_1280-768x432.jpg 768w, https:\/\/aupairscout.com\/wp-content\/uploads\/2022\/06\/castle-park-ga9f3b7d22_1280-18x10.jpg 18w\" sizes=\"auto, (max-width: 1280px) 100vw, 1280px\" \/><\/a><\/figure>\n\n\n\n<figure class=\"wp-block-image size-full\"><a href=\"https:\/\/aupairscout.com\/wp-content\/uploads\/2022\/06\/berlin-g95ec6a320_1920.jpg\"><img loading=\"lazy\" decoding=\"async\" width=\"1920\" height=\"1223\" data-id=\"2088\" src=\"https:\/\/aupairscout.com\/wp-content\/uploads\/2022\/06\/berlin-g95ec6a320_1920.jpg\" alt=\"\" class=\"wp-image-2088\" srcset=\"https:\/\/aupairscout.com\/wp-content\/uploads\/2022\/06\/berlin-g95ec6a320_1920.jpg 1920w, https:\/\/aupairscout.com\/wp-content\/uploads\/2022\/06\/berlin-g95ec6a320_1920-600x382.jpg 600w, https:\/\/aupairscout.com\/wp-content\/uploads\/2022\/06\/berlin-g95ec6a320_1920-300x191.jpg 300w, https:\/\/aupairscout.com\/wp-content\/uploads\/2022\/06\/berlin-g95ec6a320_1920-1024x652.jpg 1024w, https:\/\/aupairscout.com\/wp-content\/uploads\/2022\/06\/berlin-g95ec6a320_1920-768x489.jpg 768w, https:\/\/aupairscout.com\/wp-content\/uploads\/2022\/06\/berlin-g95ec6a320_1920-1536x978.jpg 1536w, https:\/\/aupairscout.com\/wp-content\/uploads\/2022\/06\/berlin-g95ec6a320_1920-18x12.jpg 18w\" sizes=\"auto, (max-width: 1920px) 100vw, 1920px\" \/><\/a><\/figure>\n\n\n\n<figure class=\"wp-block-image size-full\"><a href=\"https:\/\/aupairscout.com\/wp-content\/uploads\/2022\/06\/berlin-gad099bc4e_1280.jpg\"><img loading=\"lazy\" decoding=\"async\" width=\"1280\" height=\"960\" data-id=\"2219\" src=\"https:\/\/aupairscout.com\/wp-content\/uploads\/2022\/06\/berlin-gad099bc4e_1280.jpg\" alt=\"\" class=\"wp-image-2219\" srcset=\"https:\/\/aupairscout.com\/wp-content\/uploads\/2022\/06\/berlin-gad099bc4e_1280.jpg 1280w, https:\/\/aupairscout.com\/wp-content\/uploads\/2022\/06\/berlin-gad099bc4e_1280-600x450.jpg 600w, https:\/\/aupairscout.com\/wp-content\/uploads\/2022\/06\/berlin-gad099bc4e_1280-300x225.jpg 300w, https:\/\/aupairscout.com\/wp-content\/uploads\/2022\/06\/berlin-gad099bc4e_1280-1024x768.jpg 1024w, https:\/\/aupairscout.com\/wp-content\/uploads\/2022\/06\/berlin-gad099bc4e_1280-768x576.jpg 768w, https:\/\/aupairscout.com\/wp-content\/uploads\/2022\/06\/berlin-gad099bc4e_1280-16x12.jpg 16w\" sizes=\"auto, (max-width: 1280px) 100vw, 1280px\" \/><\/a><\/figure>\n\n\n\n<figure class=\"wp-block-image size-full\"><a href=\"https:\/\/aupairscout.com\/wp-content\/uploads\/2022\/06\/architecture-ga186532b8_1280.jpg\"><img loading=\"lazy\" decoding=\"async\" width=\"1280\" height=\"720\" data-id=\"2220\" src=\"https:\/\/aupairscout.com\/wp-content\/uploads\/2022\/06\/architecture-ga186532b8_1280.jpg\" alt=\"\" class=\"wp-image-2220\" srcset=\"https:\/\/aupairscout.com\/wp-content\/uploads\/2022\/06\/architecture-ga186532b8_1280.jpg 1280w, https:\/\/aupairscout.com\/wp-content\/uploads\/2022\/06\/architecture-ga186532b8_1280-600x338.jpg 600w, https:\/\/aupairscout.com\/wp-content\/uploads\/2022\/06\/architecture-ga186532b8_1280-300x169.jpg 300w, https:\/\/aupairscout.com\/wp-content\/uploads\/2022\/06\/architecture-ga186532b8_1280-1024x576.jpg 1024w, https:\/\/aupairscout.com\/wp-content\/uploads\/2022\/06\/architecture-ga186532b8_1280-768x432.jpg 768w, https:\/\/aupairscout.com\/wp-content\/uploads\/2022\/06\/architecture-ga186532b8_1280-18x10.jpg 18w\" sizes=\"auto, (max-width: 1280px) 100vw, 1280px\" \/><\/a><\/figure>\n\n\n\n<figure class=\"wp-block-image size-full\"><a href=\"https:\/\/aupairscout.com\/wp-content\/uploads\/2022\/06\/berlin-g7b268fb94_1280.jpg\"><img loading=\"lazy\" decoding=\"async\" width=\"1280\" height=\"817\" data-id=\"2218\" src=\"https:\/\/aupairscout.com\/wp-content\/uploads\/2022\/06\/berlin-g7b268fb94_1280.jpg\" alt=\"\" class=\"wp-image-2218\" srcset=\"https:\/\/aupairscout.com\/wp-content\/uploads\/2022\/06\/berlin-g7b268fb94_1280.jpg 1280w, https:\/\/aupairscout.com\/wp-content\/uploads\/2022\/06\/berlin-g7b268fb94_1280-600x383.jpg 600w, https:\/\/aupairscout.com\/wp-content\/uploads\/2022\/06\/berlin-g7b268fb94_1280-300x191.jpg 300w, https:\/\/aupairscout.com\/wp-content\/uploads\/2022\/06\/berlin-g7b268fb94_1280-1024x654.jpg 1024w, https:\/\/aupairscout.com\/wp-content\/uploads\/2022\/06\/berlin-g7b268fb94_1280-768x490.jpg 768w, https:\/\/aupairscout.com\/wp-content\/uploads\/2022\/06\/berlin-g7b268fb94_1280-18x12.jpg 18w\" sizes=\"auto, (max-width: 1280px) 100vw, 1280px\" \/><\/a><\/figure>\n\n\n\n<figure class=\"wp-block-image size-full\"><a href=\"https:\/\/aupairscout.com\/wp-content\/uploads\/2022\/06\/brand-front-of-the-brandenburg-gate-gc64123c11_1280.jpg\"><img loading=\"lazy\" decoding=\"async\" width=\"1280\" height=\"853\" data-id=\"2216\" src=\"https:\/\/aupairscout.com\/wp-content\/uploads\/2022\/06\/brand-front-of-the-brandenburg-gate-gc64123c11_1280.jpg\" alt=\"\" class=\"wp-image-2216\" srcset=\"https:\/\/aupairscout.com\/wp-content\/uploads\/2022\/06\/brand-front-of-the-brandenburg-gate-gc64123c11_1280.jpg 1280w, https:\/\/aupairscout.com\/wp-content\/uploads\/2022\/06\/brand-front-of-the-brandenburg-gate-gc64123c11_1280-600x400.jpg 600w, https:\/\/aupairscout.com\/wp-content\/uploads\/2022\/06\/brand-front-of-the-brandenburg-gate-gc64123c11_1280-300x200.jpg 300w, https:\/\/aupairscout.com\/wp-content\/uploads\/2022\/06\/brand-front-of-the-brandenburg-gate-gc64123c11_1280-1024x682.jpg 1024w, https:\/\/aupairscout.com\/wp-content\/uploads\/2022\/06\/brand-front-of-the-brandenburg-gate-gc64123c11_1280-768x512.jpg 768w, https:\/\/aupairscout.com\/wp-content\/uploads\/2022\/06\/brand-front-of-the-brandenburg-gate-gc64123c11_1280-18x12.jpg 18w\" sizes=\"auto, (max-width: 1280px) 100vw, 1280px\" \/><\/a><\/figure>\n<\/figure>\n<\/div>\n<\/div>\n<\/section>\n\n\n\n<section id=\"last-cta\" class=\"wp-block-group with-background small has-global-padding is-layout-constrained wp-block-group-is-layout-constrained\">\n<div class=\"wp-block-columns aupair is-layout-flex wp-container-core-columns-is-layout-28f84493 wp-block-columns-is-layout-flex\">\n<div class=\"wp-block-column is-layout-flow wp-block-column-is-layout-flow\">\n<h2 class=\"wp-block-heading\"><strong>\u00a1Reg\u00edstrate ahora gratis!<\/strong><\/h2>\n\n\n\n<h5 class=\"wp-block-heading\">HEMOS REUNIDO A AU PAIRS, FAMILIAS ANFITRIONES, AGENCIAS, ESCUELAS DE IDIOMAS Y CLUBS AU PAIR EN TODO EL MUNDO DESDE 1997.<\/h5>\n<\/div>\n\n\n\n<div class=\"wp-block-column is-layout-flow wp-block-column-is-layout-flow\">\n<div class=\"wp-block-buttons is-layout-flex wp-block-buttons-is-layout-flex\">\n<div class=\"wp-block-button highlighted\"><a class=\"wp-block-button__link wp-element-button\" href=\"\/#registrierung\"><strong>Vamos a ir<\/strong><\/a><\/div>\n<\/div>\n<\/div>\n<\/div>\n<\/section>","protected":false},"excerpt":{"rendered":"<p>Geschichte Berlin ist die Hauptstadt Deutschlands und zugleich ein Bundesland. Mit etwa dreieinhalb Millionen Einwohnern ist Berlin die gr\u00f6\u00dfte deutsche Stadt sowie die gr\u00f6\u00dfte Stadt der Europ\u00e4ischen Union. Sie liegt im Osten Deutschlands und wird von allen Seiten vom Bundesland Brandenburg umgeben. S\u00fcdlich von Berlin liegt die brandenburgische Hauptstadt Potsdam. Vor fast 800 Jahren wurde [&hellip;]<\/p>\n","protected":false},"author":990158,"featured_media":0,"parent":0,"menu_order":0,"comment_status":"closed","ping_status":"closed","template":"","meta":{"footnotes":""},"class_list":["post-2214","page","type-page","status-publish","hentry"],"_links":{"self":[{"href":"https:\/\/aupairscout.com\/es\/wp-json\/wp\/v2\/pages\/2214","targetHints":{"allow":["GET"]}}],"collection":[{"href":"https:\/\/aupairscout.com\/es\/wp-json\/wp\/v2\/pages"}],"about":[{"href":"https:\/\/aupairscout.com\/es\/wp-json\/wp\/v2\/types\/page"}],"author":[{"embeddable":true,"href":"https:\/\/aupairscout.com\/es\/wp-json\/wp\/v2\/users\/990158"}],"replies":[{"embeddable":true,"href":"https:\/\/aupairscout.com\/es\/wp-json\/wp\/v2\/comments?post=2214"}],"version-history":[{"count":10,"href":"https:\/\/aupairscout.com\/es\/wp-json\/wp\/v2\/pages\/2214\/revisions"}],"predecessor-version":[{"id":4977,"href":"https:\/\/aupairscout.com\/es\/wp-json\/wp\/v2\/pages\/2214\/revisions\/4977"}],"wp:attachment":[{"href":"https:\/\/aupairscout.com\/es\/wp-json\/wp\/v2\/media?parent=2214"}],"curies":[{"name":"wp","href":"https:\/\/api.w.org\/{rel}","templated":true}]}}