{"id":2184,"date":"2022-06-22T10:05:39","date_gmt":"2022-06-22T08:05:39","guid":{"rendered":"https:\/\/aupair.mondoit.de\/?page_id=2184"},"modified":"2024-12-23T18:05:36","modified_gmt":"2024-12-23T17:05:36","slug":"preguntas-frecuentes-para-agencias","status":"publish","type":"page","link":"https:\/\/aupairscout.com\/es\/preguntas-frecuentes-para-agencias\/","title":{"rendered":"Preguntas frecuentes de la agencia"},"content":{"rendered":"<div id=\"pagehead\" class=\"wp-block-group has-global-padding is-layout-constrained wp-block-group-is-layout-constrained\">\n<div class=\"wp-block-columns is-layout-flex wp-container-core-columns-is-layout-28f84493 wp-block-columns-is-layout-flex\">\n<div class=\"wp-block-column is-layout-flow wp-block-column-is-layout-flow\">\n<figure class=\"wp-block-image size-large\"><img loading=\"lazy\" decoding=\"async\" width=\"1024\" height=\"672\" src=\"https:\/\/aupairscout.com\/wp-content\/uploads\/2023\/09\/Registrierung-Agentur-1024x672.jpg\" alt=\"Una agencia au pair puede utilizar el sitio web Au pair Scout para presentar y colocar a sus propios au pairs. \" class=\"wp-image-4382\" srcset=\"https:\/\/aupairscout.com\/wp-content\/uploads\/2023\/09\/Registrierung-Agentur-1024x672.jpg 1024w, https:\/\/aupairscout.com\/wp-content\/uploads\/2023\/09\/Registrierung-Agentur-300x197.jpg 300w, https:\/\/aupairscout.com\/wp-content\/uploads\/2023\/09\/Registrierung-Agentur-768x504.jpg 768w, https:\/\/aupairscout.com\/wp-content\/uploads\/2023\/09\/Registrierung-Agentur-18x12.jpg 18w, https:\/\/aupairscout.com\/wp-content\/uploads\/2023\/09\/Registrierung-Agentur.jpg 1280w\" sizes=\"auto, (max-width: 1024px) 100vw, 1024px\" \/><\/figure>\n<\/div>\n\n\n\n<div class=\"wp-block-column is-layout-flow wp-block-column-is-layout-flow\">\n<h2 class=\"wp-block-heading\">Preguntas de la agencia au pair sobre el sitio web Au pair Scout<\/h2>\n\n\n\n<p>Aqu\u00ed encontrar\u00e1 preguntas y respuestas sobre todos los temas que le interesen. Simplemente haga clic en el \u00e1rea tem\u00e1tica correspondiente y luego en una pregunta.<\/p>\n<\/div>\n<\/div>\n<\/div>\n\n\n\n<section class=\"wp-block-group near has-global-padding is-layout-constrained wp-block-group-is-layout-constrained\">\n<div class=\"wp-block-getwid-accordion faq has-icon-left\" data-active-element=\"none\">\n<div class=\"wp-block-getwid-accordion__header-wrapper\"><span class=\"wp-block-getwid-accordion__header\"><a href=\"#\"><span class=\"wp-block-getwid-accordion__header-title\">General<\/span><span class=\"wp-block-getwid-accordion__icon is-active\"><i class=\"fas fa-plus\"><\/i><\/span><span class=\"wp-block-getwid-accordion__icon is-passive\"><i class=\"fas fa-minus\"><\/i><\/span><\/a><\/span><\/div><div class=\"wp-block-getwid-accordion__content-wrapper\"><div class=\"wp-block-getwid-accordion__content\">\n<div class=\"wp-block-getwid-accordion has-icon-left\" data-active-element=\"none\">\n<div class=\"wp-block-getwid-accordion__header-wrapper\"><span class=\"wp-block-getwid-accordion__header\"><a href=\"#\"><span class=\"wp-block-getwid-accordion__header-title\">Qui\u00e9n puede registrarse como agencia.<\/span><span class=\"wp-block-getwid-accordion__icon is-active\"><i class=\"fas fa-plus\"><\/i><\/span><span class=\"wp-block-getwid-accordion__icon is-passive\"><i class=\"fas fa-minus\"><\/i><\/span><\/a><\/span><\/div><div class=\"wp-block-getwid-accordion__content-wrapper\"><div class=\"wp-block-getwid-accordion__content\">\n<p>Cualquier agencia que se ocupe de au pairs puede registrarse.<\/p>\n<\/div><\/div>\n<\/div>\n<\/div><\/div>\n\n\n\n<div class=\"wp-block-getwid-accordion__header-wrapper\"><span class=\"wp-block-getwid-accordion__header\"><a href=\"#\"><span class=\"wp-block-getwid-accordion__header-title\">Registro \/ Iniciar sesi\u00f3n<\/span><span class=\"wp-block-getwid-accordion__icon is-active\"><i class=\"fas fa-plus\"><\/i><\/span><span class=\"wp-block-getwid-accordion__icon is-passive\"><i class=\"fas fa-minus\"><\/i><\/span><\/a><\/span><\/div><div class=\"wp-block-getwid-accordion__content-wrapper\"><div class=\"wp-block-getwid-accordion__content\">\n<div class=\"wp-block-getwid-accordion has-icon-left\" data-active-element=\"none\">\n<div class=\"wp-block-getwid-accordion__header-wrapper\"><span class=\"wp-block-getwid-accordion__header\"><a href=\"#\"><span class=\"wp-block-getwid-accordion__header-title\">\u00bfC\u00f3mo podemos registrarnos?<\/span><span class=\"wp-block-getwid-accordion__icon is-active\"><i class=\"fas fa-plus\"><\/i><\/span><span class=\"wp-block-getwid-accordion__icon is-passive\"><i class=\"fas fa-minus\"><\/i><\/span><\/a><\/span><\/div><div class=\"wp-block-getwid-accordion__content-wrapper\"><div class=\"wp-block-getwid-accordion__content\">\n<p>Es muy simple: para hacer esto, complete nuestro formulario en el elemento del men\u00fa &quot;Registrarse&quot; de la manera m\u00e1s veraz y completa posible.<\/p>\n<\/div><\/div>\n<\/div>\n<\/div><\/div>\n\n\n\n<div class=\"wp-block-getwid-accordion__header-wrapper\"><span class=\"wp-block-getwid-accordion__header\"><a href=\"#\"><span class=\"wp-block-getwid-accordion__header-title\">Agencia con suscripci\u00f3n<\/span><span class=\"wp-block-getwid-accordion__icon is-active\"><i class=\"fas fa-plus\"><\/i><\/span><span class=\"wp-block-getwid-accordion__icon is-passive\"><i class=\"fas fa-minus\"><\/i><\/span><\/a><\/span><\/div><div class=\"wp-block-getwid-accordion__content-wrapper\"><div class=\"wp-block-getwid-accordion__content\">\n<div class=\"wp-block-getwid-accordion has-icon-left\" data-active-element=\"none\">\n<div class=\"wp-block-getwid-accordion__header-wrapper\"><span class=\"wp-block-getwid-accordion__header\"><a href=\"#\"><span class=\"wp-block-getwid-accordion__header-title\">Con ABO podr\u00e1s:<\/span><span class=\"wp-block-getwid-accordion__icon is-active\"><i class=\"fas fa-plus\"><\/i><\/span><span class=\"wp-block-getwid-accordion__icon is-passive\"><i class=\"fas fa-minus\"><\/i><\/span><\/a><\/span><\/div><div class=\"wp-block-getwid-accordion__content-wrapper\"><div class=\"wp-block-getwid-accordion__content\">\n<ul class=\"wp-block-list\">\n<li>Pon tus propios au pairs en l\u00ednea en la galer\u00eda a trav\u00e9s de tu cuenta<\/li>\n\n\n\n<li>La comunicaci\u00f3n con las familias de tus au pairs pasa por tu agencia<\/li>\n\n\n\n<li>Puedes ver los perfiles completos de otros au pairs y contactarlos.<\/li>\n\n\n\n<li>Cont\u00e1ctanos a trav\u00e9s de mensajes personalizados<\/li>\n\n\n\n<li>Puedes ver los perfiles completos de las familias y contactarlas.<\/li>\n\n\n\n<li>Cont\u00e1ctanos a trav\u00e9s de mensajes personalizados<\/li>\n\n\n\n<li>Intercambio de m\u00e1s datos e informaci\u00f3n entre usuarios.<\/li>\n\n\n\n<li>Acceso a descripciones y referencias personales.<\/li>\n<\/ul>\n<\/div><\/div>\n\n\n\n<div class=\"wp-block-getwid-accordion__header-wrapper\"><span class=\"wp-block-getwid-accordion__header\"><a href=\"#\"><span class=\"wp-block-getwid-accordion__header-title\">AuPairScout ofrece a cambio:<\/span><span class=\"wp-block-getwid-accordion__icon is-active\"><i class=\"fas fa-plus\"><\/i><\/span><span class=\"wp-block-getwid-accordion__icon is-passive\"><i class=\"fas fa-minus\"><\/i><\/span><\/a><\/span><\/div><div class=\"wp-block-getwid-accordion__content-wrapper\"><div class=\"wp-block-getwid-accordion__content\">\n<p><\/p>\n\n\n\n<ul class=\"wp-block-list\">\n<li>D\u00e9cadas de experiencia como agencia au pair<\/li>\n\n\n\n<li>Comunicaci\u00f3n con nuestro equipo AuPairScout<\/li>\n<\/ul>\n<\/div><\/div>\n<\/div>\n<\/div><\/div>\n<\/div>\n<\/section>","protected":false},"excerpt":{"rendered":"<p>Au-pair Agentur Fragen zur Au-pair Scout Website Hier finden Sie Fragen und Antworten zu allen Themen, die Sie interessieren. Klicken Sie einfach zun\u00e4chst auf den jeweiligen Themenbereich und anschlie\u00dfend auf eine Frage.<\/p>","protected":false},"author":990158,"featured_media":0,"parent":0,"menu_order":0,"comment_status":"closed","ping_status":"closed","template":"","meta":{"footnotes":""},"class_list":["post-2184","page","type-page","status-publish","hentry"],"_links":{"self":[{"href":"https:\/\/aupairscout.com\/es\/wp-json\/wp\/v2\/pages\/2184","targetHints":{"allow":["GET"]}}],"collection":[{"href":"https:\/\/aupairscout.com\/es\/wp-json\/wp\/v2\/pages"}],"about":[{"href":"https:\/\/aupairscout.com\/es\/wp-json\/wp\/v2\/types\/page"}],"author":[{"embeddable":true,"href":"https:\/\/aupairscout.com\/es\/wp-json\/wp\/v2\/users\/990158"}],"replies":[{"embeddable":true,"href":"https:\/\/aupairscout.com\/es\/wp-json\/wp\/v2\/comments?post=2184"}],"version-history":[{"count":13,"href":"https:\/\/aupairscout.com\/es\/wp-json\/wp\/v2\/pages\/2184\/revisions"}],"predecessor-version":[{"id":6516,"href":"https:\/\/aupairscout.com\/es\/wp-json\/wp\/v2\/pages\/2184\/revisions\/6516"}],"wp:attachment":[{"href":"https:\/\/aupairscout.com\/es\/wp-json\/wp\/v2\/media?parent=2184"}],"curies":[{"name":"wp","href":"https:\/\/api.w.org\/{rel}","templated":true}]}}