{"id":1954,"date":"2022-05-31T11:54:22","date_gmt":"2022-05-31T09:54:22","guid":{"rendered":"https:\/\/aupair.mondoit.de\/?page_id=1954"},"modified":"2024-12-24T10:37:20","modified_gmt":"2024-12-24T09:37:20","slug":"asi-funciona-para-las-agencias","status":"publish","type":"page","link":"https:\/\/aupairscout.com\/es\/asi-funciona-para-las-agencias\/","title":{"rendered":"Agenturen So funktioniert\u2019s"},"content":{"rendered":"<div id=\"pagehead\" class=\"wp-block-group has-global-padding is-layout-constrained wp-block-group-is-layout-constrained\">\n<div class=\"wp-block-columns is-layout-flex wp-container-core-columns-is-layout-28f84493 wp-block-columns-is-layout-flex\">\n<div class=\"wp-block-column is-layout-flow wp-block-column-is-layout-flow\">\n<figure class=\"wp-block-image size-large\"><img loading=\"lazy\" decoding=\"async\" width=\"1024\" height=\"672\" src=\"https:\/\/aupairscout.com\/wp-content\/uploads\/2023\/09\/Registrierung-Agentur-1024x672.jpg\" alt=\"Au-pair Scout puede ser utilizado por las agencias como plataforma au pair: reg\u00edstrate, hazte miembro, presenta tus propios au pairs.\" class=\"wp-image-4382\" srcset=\"https:\/\/aupairscout.com\/wp-content\/uploads\/2023\/09\/Registrierung-Agentur-1024x672.jpg 1024w, https:\/\/aupairscout.com\/wp-content\/uploads\/2023\/09\/Registrierung-Agentur-300x197.jpg 300w, https:\/\/aupairscout.com\/wp-content\/uploads\/2023\/09\/Registrierung-Agentur-768x504.jpg 768w, https:\/\/aupairscout.com\/wp-content\/uploads\/2023\/09\/Registrierung-Agentur-18x12.jpg 18w, https:\/\/aupairscout.com\/wp-content\/uploads\/2023\/09\/Registrierung-Agentur.jpg 1280w\" sizes=\"auto, (max-width: 1024px) 100vw, 1024px\" \/><\/figure>\n<\/div>\n\n\n\n<div class=\"wp-block-column is-layout-flow wp-block-column-is-layout-flow\">\n<h2 class=\"wp-block-heading\">Plataforma au pair: as\u00ed funciona para las agencias: Registro de agencia en 5 pasos.<\/h2>\n\n\n\n<p>Aqu\u00ed tienes la oportunidad de registrarte como agencia au pair y presentarte online en todo el mundo con una membres\u00eda. Puedes usarlo para registrar a tus propios au pairs o comunicarte con au pairs, familias anfitrionas y agencias que est\u00e9n interesados. Simplemente siga los 5 pasos a continuaci\u00f3n.<\/p>\n<\/div>\n<\/div>\n<\/div>\n\n\n\n<section class=\"wp-block-group near has-global-padding is-layout-constrained wp-block-group-is-layout-constrained\">\n<div class=\"wp-block-getwid-accordion has-icon-left\" data-active-element=\"0\">\n<div class=\"wp-block-getwid-accordion__header-wrapper\"><span class=\"wp-block-getwid-accordion__header\"><a href=\"#\"><span class=\"wp-block-getwid-accordion__header-title\">Registro<\/span><span class=\"wp-block-getwid-accordion__icon is-active\"><i class=\"\"><\/i><\/span><span class=\"wp-block-getwid-accordion__icon is-passive\"><i class=\"\"><\/i><\/span><\/a><\/span><\/div><div class=\"wp-block-getwid-accordion__content-wrapper\"><div class=\"wp-block-getwid-accordion__content\">\n<p>\u00bfLe gustar\u00eda encontrar au pairs y familias anfitrionas en todo el mundo como agencia y colocar sus propias au pairs en nuestra galer\u00eda? Entonces reg\u00edstrese en nuestro sitio completando el cuestionario de manera completa y veraz.<\/p>\n\n\n\n<p>A\u00f1ade una bonita foto y el logotipo de tu agencia (sin datos de contacto) y pres\u00e9ntate ante au pairs, familias anfitrionas y otras agencias.<\/p>\n\n\n\n<p>Una vez que haya completado su registro, recibir\u00e1 su n\u00famero de perfil y sus detalles de registro por correo electr\u00f3nico. Publicaremos los datos de contacto de su agencia para que todos puedan encontrarlo y contactarlo.<\/p>\n<\/div><\/div>\n\n\n\n<div class=\"wp-block-getwid-accordion__header-wrapper\"><span class=\"wp-block-getwid-accordion__header\"><a href=\"#\"><span class=\"wp-block-getwid-accordion__header-title\">La activaci\u00f3n<\/span><span class=\"wp-block-getwid-accordion__icon is-active\"><i class=\"\"><\/i><\/span><span class=\"wp-block-getwid-accordion__icon is-passive\"><i class=\"\"><\/i><\/span><\/a><\/span><\/div><div class=\"wp-block-getwid-accordion__content-wrapper\"><div class=\"wp-block-getwid-accordion__content\">\n<p>Despu\u00e9s de recibir su perfil, lo verificaremos y lo activaremos con su SUSCRIPCI\u00d3N dentro de 24 a 48 horas, si no hay preguntas de nuestra parte.<\/p>\n<\/div><\/div>\n\n\n\n<div class=\"wp-block-getwid-accordion__header-wrapper\"><span class=\"wp-block-getwid-accordion__header\"><a href=\"#\"><span class=\"wp-block-getwid-accordion__header-title\">buscar y encontrar<\/span><span class=\"wp-block-getwid-accordion__icon is-active\"><i class=\"\"><\/i><\/span><span class=\"wp-block-getwid-accordion__icon is-passive\"><i class=\"\"><\/i><\/span><\/a><\/span><\/div><div class=\"wp-block-getwid-accordion__content-wrapper\"><div class=\"wp-block-getwid-accordion__content\">\n<p>Despu\u00e9s de tu registro gratuito, tienes la opci\u00f3n de adquirir una de las 3 membres\u00edas ofrecidas, que solo se diferencian en su duraci\u00f3n.<\/p>\n\n\n\n<p>Ahora puedes, cuando quieras, navegar a trav\u00e9s de nuestra galer\u00eda de au pairs y familias constantemente actualizada o utilizar nuestra conveniente b\u00fasqueda de au pairs y familias y contactar au pairs y familias anfitrionas que te interesen con solo un clic del mouse.<\/p>\n<\/div><\/div>\n\n\n\n<div class=\"wp-block-getwid-accordion__header-wrapper\"><span class=\"wp-block-getwid-accordion__header\"><a href=\"#\"><span class=\"wp-block-getwid-accordion__header-title\">Para charlar<\/span><span class=\"wp-block-getwid-accordion__icon is-active\"><i class=\"\"><\/i><\/span><span class=\"wp-block-getwid-accordion__icon is-passive\"><i class=\"\"><\/i><\/span><\/a><\/span><\/div><div class=\"wp-block-getwid-accordion__content-wrapper\"><div class=\"wp-block-getwid-accordion__content\">\n<p>Puedes contactar con au pairs, familias anfitrionas y agencias a trav\u00e9s del chat, intercambiar ampliamente ideas con ellos y conocerlos, expresando tu serio inter\u00e9s. Por supuesto, puedes comunicarte con varios au pairs para quienes tengas una familia de acogida adecuada o con varias familias de acogida para las que tengas una au pair adecuada antes de tomar una decisi\u00f3n final.<\/p>\n<\/div><\/div>\n\n\n\n<div class=\"wp-block-getwid-accordion__header-wrapper\"><span class=\"wp-block-getwid-accordion__header\"><a href=\"#\"><span class=\"wp-block-getwid-accordion__header-title\">Mediaci\u00f3n<\/span><span class=\"wp-block-getwid-accordion__icon is-active\"><i class=\"\"><\/i><\/span><span class=\"wp-block-getwid-accordion__icon is-passive\"><i class=\"\"><\/i><\/span><\/a><\/span><\/div><div class=\"wp-block-getwid-accordion__content-wrapper\"><div class=\"wp-block-getwid-accordion__content\">\n<p>\u00bfHas encontrado una au pair para una familia anfitriona o una familia anfitriona para tu au pair? Luego organice todo lo dem\u00e1s como agencia.<\/p>\n<\/div><\/div>\n<\/div>\n\n\n\n<div class=\"wp-block-group aupair is-layout-flow wp-block-group-is-layout-flow\">\n<div class=\"wp-block-buttons is-layout-flex wp-block-buttons-is-layout-flex\">\n<div class=\"wp-block-button CTA\"><a class=\"wp-block-button__link wp-element-button\" href=\"\/registrierung-als-agentur\/\">vamos<\/a><\/div>\n<\/div>\n<\/div>\n<\/section>\n\n\n\n<section class=\"wp-block-group with-background has-global-padding is-layout-constrained wp-block-group-is-layout-constrained\">\n<h3 class=\"wp-block-heading\">\u00bfTodav\u00eda preguntas?<\/h3>\n\n\n\n<p>\u00bfA\u00daN PREGUNTAS? Si tiene alguna pregunta, problema o sugerencia, estaremos encantados de ayudarle durante el horario normal de oficina. Puede comunicarse con nosotros por tel\u00e9fono, correo electr\u00f3nico o formulario de contacto. Hemos reunido una lista de preguntas y respuestas, desglosadas por \u00e1rea tem\u00e1tica, en la secci\u00f3n &quot;Preguntas frecuentes&quot;.<\/p>\n<\/section>","protected":false},"excerpt":{"rendered":"<p>Au-pair Plattform \u2013 so funktioniert\u2019s f\u00fcr Agenturen: In 5 Schritten zur Agentur-Registrierung. Hier haben Sie die M\u00f6glichkeit, sich als Au-pair Agentur zu registrieren und sich mit einer Mitgliedschaft online weltweit zu pr\u00e4sentieren. Sie k\u00f6nnen damit eigene Au-pairs registrieren oder mit anfragenden Au-pairs, Gastfamilien und Agenturen kommunizieren. Folgen Sie einfach den nachstehenden 5 Schritten.<\/p>","protected":false},"author":990158,"featured_media":0,"parent":0,"menu_order":0,"comment_status":"closed","ping_status":"closed","template":"","meta":{"footnotes":""},"class_list":["post-1954","page","type-page","status-publish","hentry"],"_links":{"self":[{"href":"https:\/\/aupairscout.com\/es\/wp-json\/wp\/v2\/pages\/1954","targetHints":{"allow":["GET"]}}],"collection":[{"href":"https:\/\/aupairscout.com\/es\/wp-json\/wp\/v2\/pages"}],"about":[{"href":"https:\/\/aupairscout.com\/es\/wp-json\/wp\/v2\/types\/page"}],"author":[{"embeddable":true,"href":"https:\/\/aupairscout.com\/es\/wp-json\/wp\/v2\/users\/990158"}],"replies":[{"embeddable":true,"href":"https:\/\/aupairscout.com\/es\/wp-json\/wp\/v2\/comments?post=1954"}],"version-history":[{"count":16,"href":"https:\/\/aupairscout.com\/es\/wp-json\/wp\/v2\/pages\/1954\/revisions"}],"predecessor-version":[{"id":6522,"href":"https:\/\/aupairscout.com\/es\/wp-json\/wp\/v2\/pages\/1954\/revisions\/6522"}],"wp:attachment":[{"href":"https:\/\/aupairscout.com\/es\/wp-json\/wp\/v2\/media?parent=1954"}],"curies":[{"name":"wp","href":"https:\/\/api.w.org\/{rel}","templated":true}]}}