{"id":1734,"date":"2022-05-30T13:31:59","date_gmt":"2022-05-30T11:31:59","guid":{"rendered":"https:\/\/aupair.mondoit.de\/?page_id=1734"},"modified":"2024-11-27T23:05:35","modified_gmt":"2024-11-27T22:05:35","slug":"asi-funciona-para-los-au-pairs","status":"publish","type":"page","link":"https:\/\/aupairscout.com\/es\/asi-funciona-para-los-au-pairs\/","title":{"rendered":"Au pair, as\u00ed es como funciona"},"content":{"rendered":"<div id=\"pagehead\" class=\"wp-block-group has-global-padding is-layout-constrained wp-block-group-is-layout-constrained\">\n<div class=\"wp-block-columns is-layout-flex wp-container-core-columns-is-layout-28f84493 wp-block-columns-is-layout-flex\">\n<div class=\"wp-block-column is-layout-flow wp-block-column-is-layout-flow\">\n<figure class=\"wp-block-image size-large is-resized\"><img loading=\"lazy\" decoding=\"async\" width=\"1024\" height=\"672\" src=\"https:\/\/aupairscout.com\/wp-content\/uploads\/2023\/09\/Registrierung-Au-Pair-1024x672.jpg\" alt=\"Organiza familias de acogida para au pairs a trav\u00e9s de este sitio web\" class=\"wp-image-4256\" style=\"aspect-ratio:1.5238095238095237;width:404px;height:auto\" srcset=\"https:\/\/aupairscout.com\/wp-content\/uploads\/2023\/09\/Registrierung-Au-Pair-1024x672.jpg 1024w, https:\/\/aupairscout.com\/wp-content\/uploads\/2023\/09\/Registrierung-Au-Pair-300x197.jpg 300w, https:\/\/aupairscout.com\/wp-content\/uploads\/2023\/09\/Registrierung-Au-Pair-768x504.jpg 768w, https:\/\/aupairscout.com\/wp-content\/uploads\/2023\/09\/Registrierung-Au-Pair-18x12.jpg 18w, https:\/\/aupairscout.com\/wp-content\/uploads\/2023\/09\/Registrierung-Au-Pair.jpg 1280w\" sizes=\"auto, (max-width: 1024px) 100vw, 1024px\" \/><\/figure>\n<\/div>\n\n\n\n<div class=\"wp-block-column is-layout-flow wp-block-column-is-layout-flow\">\n<h2 class=\"wp-block-heading\"><p class=\"MsoNormal\">Encontrar una familia anfitriona para au pairs \u2013 en 5 pasos<br>deseo familia <\/p><\/h2>\n\n\n\n<p>Aqu\u00ed puedes registrarte como au pair de forma gratuita y encontrar una nueva familia anfitriona en cualquier parte del mundo. Primero lea nuestra informaci\u00f3n y luego comience el registro gratuito siguiendo los 5 pasos. Despu\u00e9s de registrarte, \u00a1no olvides subir m\u00e1s fotos y \u00e1lbumes! Las agencias no pueden registrar au pairs aqu\u00ed. Estos perfiles se eliminan autom\u00e1ticamente. Como agencia, tienes tu propio portal para contratar au pairs.<\/p>\n<\/div>\n<\/div>\n<\/div>\n\n\n\n<section class=\"wp-block-group near has-global-padding is-layout-constrained wp-block-group-is-layout-constrained\">\n<div class=\"wp-block-getwid-accordion has-icon-left\" data-active-element=\"0\">\n<div class=\"wp-block-getwid-accordion__header-wrapper\"><span class=\"wp-block-getwid-accordion__header\"><a href=\"#\"><span class=\"wp-block-getwid-accordion__header-title\">Registro<\/span><span class=\"wp-block-getwid-accordion__icon is-active\"><i class=\"\"><\/i><\/span><span class=\"wp-block-getwid-accordion__icon is-passive\"><i class=\"\"><\/i><\/span><\/a><\/span><\/div><div class=\"wp-block-getwid-accordion__content-wrapper\"><div class=\"wp-block-getwid-accordion__content\">\n<p>Registrarse y encontrar una familia es gratuito y sin compromiso.<\/p>\n\n\n\n<p>\u00bfTe gustar\u00eda unirte a una familia anfitriona en todo el mundo como au pair y tener suficientes conocimientos ling\u00fc\u00edsticos en el pa\u00eds seleccionado?<\/p>\n\n\n\n<p>Entonces reg\u00edstrese en nuestro sitio completando el cuestionario de manera completa y veraz.<\/p>\n\n\n\n<p>A\u00f1ade tu foto de perfil, foto de portada y otras fotos bonitas (sin gafas de sol, por favor), junto con una bonita carta para la futura familia anfitriona, \u00a1pero sin datos de contacto personales!<\/p>\n\n\n\n<p>Tan pronto como haya completado su registro, recibir\u00e1 una copia de su perfil, su n\u00famero de perfil y sus detalles de registro por correo electr\u00f3nico.<\/p>\n\n\n\n<p><strong>En ning\u00fan caso publicaremos sus datos personales de contacto.<\/strong><\/p>\n<\/div><\/div>\n\n\n\n<div class=\"wp-block-getwid-accordion__header-wrapper\"><span class=\"wp-block-getwid-accordion__header\"><a href=\"#\"><span class=\"wp-block-getwid-accordion__header-title\">La activaci\u00f3n<\/span><span class=\"wp-block-getwid-accordion__icon is-active\"><i class=\"\"><\/i><\/span><span class=\"wp-block-getwid-accordion__icon is-passive\"><i class=\"\"><\/i><\/span><\/a><\/span><\/div><div class=\"wp-block-getwid-accordion__content-wrapper\"><div class=\"wp-block-getwid-accordion__content\">\n<p>Despu\u00e9s de recibir su perfil, lo revisaremos y lo activaremos dentro de 24 a 48 horas, si no hay preguntas de nuestra parte.<\/p>\n<\/div><\/div>\n\n\n\n<div class=\"wp-block-getwid-accordion__header-wrapper\"><span class=\"wp-block-getwid-accordion__header\"><a href=\"#\"><span class=\"wp-block-getwid-accordion__header-title\">buscar y encontrar<\/span><span class=\"wp-block-getwid-accordion__icon is-active\"><i class=\"\"><\/i><\/span><span class=\"wp-block-getwid-accordion__icon is-passive\"><i class=\"\"><\/i><\/span><\/a><\/span><\/div><div class=\"wp-block-getwid-accordion__content-wrapper\"><div class=\"wp-block-getwid-accordion__content\">\n<p>Tan pronto como est\u00e9 activado, podr\u00e1 iniciar sesi\u00f3n en nuestro sitio y buscar una familia anfitriona y chatear. Tu perfil ahora aparece en la galer\u00eda y tambi\u00e9n es visible para las familias anfitrionas.<\/p>\n<\/div><\/div>\n\n\n\n<div class=\"wp-block-getwid-accordion__header-wrapper\"><span class=\"wp-block-getwid-accordion__header\"><a href=\"#\"><span class=\"wp-block-getwid-accordion__header-title\">Para charlar<\/span><span class=\"wp-block-getwid-accordion__icon is-active\"><i class=\"\"><\/i><\/span><span class=\"wp-block-getwid-accordion__icon is-passive\"><i class=\"\"><\/i><\/span><\/a><\/span><\/div><div class=\"wp-block-getwid-accordion__content-wrapper\"><div class=\"wp-block-getwid-accordion__content\">\n<p>Puede ponerse en contacto con la familia de sus sue\u00f1os a trav\u00e9s del chat, intercambiar ampliamente ideas con ellos y conocerlos, expresando su gran inter\u00e9s. Por supuesto, tambi\u00e9n tienes la oportunidad de comunicarte con otras familias anfitrionas antes de tomar una decisi\u00f3n final. Hemos recopilado consejos para la fase de conocerle en su \u00e1rea personal en Preguntas frecuentes.<\/p>\n<\/div><\/div>\n\n\n\n<div class=\"wp-block-getwid-accordion__header-wrapper\"><span class=\"wp-block-getwid-accordion__header\"><a href=\"#\"><span class=\"wp-block-getwid-accordion__header-title\">Mediaci\u00f3n<\/span><span class=\"wp-block-getwid-accordion__icon is-active\"><i class=\"\"><\/i><\/span><span class=\"wp-block-getwid-accordion__icon is-passive\"><i class=\"\"><\/i><\/span><\/a><\/span><\/div><div class=\"wp-block-getwid-accordion__content-wrapper\"><div class=\"wp-block-getwid-accordion__content\">\n<p>Has decidido ir por una simp\u00e1tica familia?<\/p>\n\n\n\n<p>S\u00f3lo entonces est\u00e1 Usted en la familia env\u00ede Sus datos de contacto, tales como direcci\u00f3n, etc., de modo que, en conjunto, una Au pair puede ser dise\u00f1ado.<\/p>\n<\/div><\/div>\n<\/div>\n\n\n\n<div class=\"wp-block-group aupair is-layout-flow wp-block-group-is-layout-flow\">\n<div class=\"wp-block-buttons is-layout-flex wp-block-buttons-is-layout-flex\">\n<div class=\"wp-block-button CTA\"><a class=\"wp-block-button__link wp-element-button\" href=\"\/au-pair-registrierung\/\">vamos<\/a><\/div>\n<\/div>\n<\/div>\n<\/section>\n\n\n\n<section class=\"wp-block-group with-background has-global-padding is-layout-constrained wp-block-group-is-layout-constrained\">\n<h3 class=\"wp-block-heading\">\u00bfTodav\u00eda preguntas?<\/h3>\n\n\n\n<p>\u00bfA\u00daN PREGUNTAS? Si tiene alguna pregunta, problema o sugerencia, estaremos encantados de ayudarle durante el horario normal de oficina. Puede comunicarse con nosotros por tel\u00e9fono, correo electr\u00f3nico o formulario de contacto. Hemos reunido una lista de preguntas y respuestas, desglosadas por \u00e1rea tem\u00e1tica, en la secci\u00f3n &quot;Preguntas frecuentes&quot;.<\/p>\n<\/section>","protected":false},"excerpt":{"rendered":"<p>Gastfamilie vermitteln f\u00fcr Au-pairs \u2013 in 5 Schritten zurWunsch-Familie Hier kannst Du Dich als Au-pair kostenlos selbst registrieren und weltweit eine neue Gastfamilie finden. Lese bitte zuerst unsere Informationen f\u00fcr Dich und beginne dann mit der kostenlosen Registrierung, indem Du den 5 Schritten folgst. Nach der Registrierung bitte nicht vergessen, weitere Fotos und Alben hochzuladen! [&hellip;]<\/p>\n","protected":false},"author":990158,"featured_media":0,"parent":0,"menu_order":0,"comment_status":"closed","ping_status":"closed","template":"","meta":{"footnotes":""},"class_list":["post-1734","page","type-page","status-publish","hentry"],"_links":{"self":[{"href":"https:\/\/aupairscout.com\/es\/wp-json\/wp\/v2\/pages\/1734","targetHints":{"allow":["GET"]}}],"collection":[{"href":"https:\/\/aupairscout.com\/es\/wp-json\/wp\/v2\/pages"}],"about":[{"href":"https:\/\/aupairscout.com\/es\/wp-json\/wp\/v2\/types\/page"}],"author":[{"embeddable":true,"href":"https:\/\/aupairscout.com\/es\/wp-json\/wp\/v2\/users\/990158"}],"replies":[{"embeddable":true,"href":"https:\/\/aupairscout.com\/es\/wp-json\/wp\/v2\/comments?post=1734"}],"version-history":[{"count":15,"href":"https:\/\/aupairscout.com\/es\/wp-json\/wp\/v2\/pages\/1734\/revisions"}],"predecessor-version":[{"id":6473,"href":"https:\/\/aupairscout.com\/es\/wp-json\/wp\/v2\/pages\/1734\/revisions\/6473"}],"wp:attachment":[{"href":"https:\/\/aupairscout.com\/es\/wp-json\/wp\/v2\/media?parent=1734"}],"curies":[{"name":"wp","href":"https:\/\/api.w.org\/{rel}","templated":true}]}}