{"id":1693,"date":"2022-05-30T10:37:45","date_gmt":"2022-05-30T08:37:45","guid":{"rendered":"https:\/\/aupair.mondoit.de\/?page_id=1693"},"modified":"2025-09-24T18:24:05","modified_gmt":"2025-09-24T16:24:05","slug":"asi-es-como-funciona-para-las-familias","status":"publish","type":"page","link":"https:\/\/aupairscout.com\/es\/asi-es-como-funciona-para-las-familias\/","title":{"rendered":"Familien so funktioniert\u2019s"},"content":{"rendered":"<div id=\"pagehead\" class=\"wp-block-group has-global-padding is-layout-constrained wp-block-group-is-layout-constrained\">\n<div class=\"wp-block-columns is-layout-flex wp-container-core-columns-is-layout-28f84493 wp-block-columns-is-layout-flex\">\n<div class=\"wp-block-column is-layout-flow wp-block-column-is-layout-flow\">\n<figure class=\"wp-block-image size-large\"><img loading=\"lazy\" decoding=\"async\" width=\"1024\" height=\"672\" src=\"https:\/\/aupairscout.com\/wp-content\/uploads\/2023\/09\/Registrierung-Familie-1024x672.jpg\" alt=\"Colocaci\u00f3n de au pair para familias anfitrionas \" class=\"wp-image-4257\" srcset=\"https:\/\/aupairscout.com\/wp-content\/uploads\/2023\/09\/Registrierung-Familie-1024x672.jpg 1024w, https:\/\/aupairscout.com\/wp-content\/uploads\/2023\/09\/Registrierung-Familie-300x197.jpg 300w, https:\/\/aupairscout.com\/wp-content\/uploads\/2023\/09\/Registrierung-Familie-768x504.jpg 768w, https:\/\/aupairscout.com\/wp-content\/uploads\/2023\/09\/Registrierung-Familie-18x12.jpg 18w, https:\/\/aupairscout.com\/wp-content\/uploads\/2023\/09\/Registrierung-Familie.jpg 1280w\" sizes=\"auto, (max-width: 1024px) 100vw, 1024px\" \/><\/figure>\n<\/div>\n\n\n\n<div class=\"wp-block-column is-layout-flow wp-block-column-is-layout-flow\">\n<h2 class=\"wp-block-heading\"><strong>Colocaci\u00f3n de au pair para familias anfitrionas <\/strong>&#8211; <strong>Convi\u00e9rtete en la au pair de tus sue\u00f1os en 5 pasos<\/strong><\/h2>\n\n\n\n<p>Aqu\u00ed puedes registrarte como familia anfitriona de forma gratuita y contactar con los au pairs. La membres\u00eda le permite leer las respuestas del au pair y comunicarse, seleccionar y, en \u00faltima instancia, invitar al au pair. Si no puede crear los documentos de invitaci\u00f3n usted mismo, estaremos encantados de ayudarle en &quot;Servicio adicional&quot;. Ahora siga los 5 pasos a continuaci\u00f3n. Despu\u00e9s de registrarse, no olvide cargar fotos y \u00e1lbumes adicionales.<\/p>\n<\/div>\n<\/div>\n<\/div>\n\n\n\n<section class=\"wp-block-group near has-global-padding is-layout-constrained wp-block-group-is-layout-constrained\">\n<div class=\"wp-block-getwid-accordion has-icon-left\" data-active-element=\"0\">\n<div class=\"wp-block-getwid-accordion__header-wrapper\"><span class=\"wp-block-getwid-accordion__header\"><a href=\"#\"><span class=\"wp-block-getwid-accordion__header-title\">Registro<\/span><span class=\"wp-block-getwid-accordion__icon is-active\"><i class=\"\"><\/i><\/span><span class=\"wp-block-getwid-accordion__icon is-passive\"><i class=\"\"><\/i><\/span><\/a><\/span><\/div><div class=\"wp-block-getwid-accordion__content-wrapper\"><div class=\"wp-block-getwid-accordion__content\">\n<p>\u00bfTe gustar\u00eda encontrar una au pair como familia anfitriona? La inscripci\u00f3n es gratuita y sin compromiso.<\/p>\n\n\n\n<p>Entonces reg\u00edstrese en nuestro sitio completando el cuestionario de manera completa y veraz.<\/p>\n\n\n\n<p>A\u00f1ade bonitas fotos de tu familia, de ti mismo, de tus hijos, de tu apartamento\/casa\/entorno y de la futura habitaci\u00f3n de la au pair, junto con una bonita carta para la futura au pair, \u00a1pero sin datos de contacto personales!<\/p>\n\n\n\n<p>Tan pronto como haya completado su registro, recibir\u00e1 una copia de su perfil, su n\u00famero de perfil y sus detalles de registro por correo electr\u00f3nico.<\/p>\n\n\n\n<p><strong>En ning\u00fan caso publicaremos sus datos personales de contacto.<\/strong><\/p>\n<\/div><\/div>\n\n\n\n<div class=\"wp-block-getwid-accordion__header-wrapper\"><span class=\"wp-block-getwid-accordion__header\"><a href=\"#\"><span class=\"wp-block-getwid-accordion__header-title\">La activaci\u00f3n<\/span><span class=\"wp-block-getwid-accordion__icon is-active\"><i class=\"\"><\/i><\/span><span class=\"wp-block-getwid-accordion__icon is-passive\"><i class=\"\"><\/i><\/span><\/a><\/span><\/div><div class=\"wp-block-getwid-accordion__content-wrapper\"><div class=\"wp-block-getwid-accordion__content\">\n<p>Despu\u00e9s de recibir su perfil, lo revisaremos y lo activaremos dentro de 24 a 48 horas, si no hay preguntas de nuestra parte.<\/p>\n<\/div><\/div>\n\n\n\n<div class=\"wp-block-getwid-accordion__header-wrapper\"><span class=\"wp-block-getwid-accordion__header\"><a href=\"#\"><span class=\"wp-block-getwid-accordion__header-title\">buscar y encontrar<\/span><span class=\"wp-block-getwid-accordion__icon is-active\"><i class=\"\"><\/i><\/span><span class=\"wp-block-getwid-accordion__icon is-passive\"><i class=\"\"><\/i><\/span><\/a><\/span><\/div><div class=\"wp-block-getwid-accordion__content-wrapper\"><div class=\"wp-block-getwid-accordion__content\">\n<p>Despu\u00e9s de tu registro gratuito, tienes la oportunidad de elegir una de las 3 membres\u00edas ofrecidas, que solo se diferencian en su duraci\u00f3n.<\/p>\n\n\n\n<p>Ahora puedes, cuando quieras, navegar por nuestra galer\u00eda de au pairs constantemente actualizada o utilizar nuestra c\u00f3moda b\u00fasqueda de au pairs y contactar au pairs adecuadas con un clic del rat\u00f3n.<\/p>\n\n\n\n<p><strong>Nuestra garant\u00eda para las familias.<\/strong><\/p>\n\n\n\n<p>Con nosotros tienes la oportunidad de encontrar t\u00fa mismo una au pair desde 10 euros al mes. Para ello nos remitimos a nuestros \u201cprecios de suscripci\u00f3n\u201d. \u00bfHas encontrado una au pair y te gustar\u00eda que te ayudemos a encontrar una au pair e iniciar el proceso por ti? En este caso, le reembolsaremos la tarifa de suscripci\u00f3n que ya haya pagado y la compensaremos con las tarifas de corretaje aplicables.<\/p>\n<\/div><\/div>\n\n\n\n<div class=\"wp-block-getwid-accordion__header-wrapper\"><span class=\"wp-block-getwid-accordion__header\"><a href=\"#\"><span class=\"wp-block-getwid-accordion__header-title\">Para charlar<\/span><span class=\"wp-block-getwid-accordion__icon is-active\"><i class=\"\"><\/i><\/span><span class=\"wp-block-getwid-accordion__icon is-passive\"><i class=\"\"><\/i><\/span><\/a><\/span><\/div><div class=\"wp-block-getwid-accordion__content-wrapper\"><div class=\"wp-block-getwid-accordion__content\">\n<p>Puede ponerse en contacto con el au pair que desee a trav\u00e9s del chat, intercambiar ampliamente ideas con el au pair y conocerlo, y expresarle su gran inter\u00e9s. Por supuesto, tambi\u00e9n tienes la oportunidad de comunicarte con otros au pairs antes de tomar una decisi\u00f3n final. Hemos recopilado consejos para la fase de conocerle en su \u00e1rea personal en Preguntas frecuentes.<\/p>\n<\/div><\/div>\n\n\n\n<div class=\"wp-block-getwid-accordion__header-wrapper\"><span class=\"wp-block-getwid-accordion__header\"><a href=\"#\"><span class=\"wp-block-getwid-accordion__header-title\">Mediaci\u00f3n<\/span><span class=\"wp-block-getwid-accordion__icon is-active\"><i class=\"\"><\/i><\/span><span class=\"wp-block-getwid-accordion__icon is-passive\"><i class=\"\"><\/i><\/span><\/a><\/span><\/div><div class=\"wp-block-getwid-accordion__content-wrapper\"><div class=\"wp-block-getwid-accordion__content\">\n<p>\u00bfSe ha decidido por una au pair amigable y la au pair est\u00e1 interesada en su familia? Entonces, arregle todo lo dem\u00e1s usted mismo. Puede encontrar m\u00e1s informaci\u00f3n sobre el procedimiento en &quot;Preguntas frecuentes&quot;.<\/p>\n\n\n\n<p><strong>Nuestra garant\u00eda para las familias.<\/strong><\/p>\n\n\n\n<p>Con nosotros tienes la oportunidad de encontrar t\u00fa mismo una au pair desde 10 euros al mes. Para ello nos remitimos a nuestros \u201cprecios de suscripci\u00f3n\u201d. \u00bfHas encontrado una au pair y te gustar\u00eda que te ayudemos a encontrar una au pair e iniciar el proceso por ti? En este caso, le reembolsaremos la tarifa de suscripci\u00f3n que ya haya pagado y la compensaremos con las tarifas de corretaje aplicables.<\/p>\n<\/div><\/div>\n<\/div>\n\n\n\n<div class=\"wp-block-group aupair is-layout-flow wp-block-group-is-layout-flow\">\n<div class=\"wp-block-buttons is-layout-flex wp-block-buttons-is-layout-flex\">\n<div class=\"wp-block-button CTA\"><a class=\"wp-block-button__link wp-element-button\" href=\"\/familien-registrierung\/\">vamos<\/a><\/div>\n<\/div>\n<\/div>\n<\/section>\n\n\n\n<section class=\"wp-block-group with-background has-global-padding is-layout-constrained wp-block-group-is-layout-constrained\">\n<h3 class=\"wp-block-heading\">\u00bfTodav\u00eda preguntas?<\/h3>\n\n\n\n<p>\u00bfA\u00daN PREGUNTAS? Si tiene alguna pregunta, problema o sugerencia, estaremos encantados de ayudarle durante el horario normal de oficina. Puede comunicarse con nosotros por tel\u00e9fono, correo electr\u00f3nico o formulario de contacto. Hemos reunido una lista de preguntas y respuestas, desglosadas por \u00e1rea tem\u00e1tica, en la secci\u00f3n &quot;Preguntas frecuentes&quot;.<\/p>\n<\/section>","protected":false},"excerpt":{"rendered":"<p>Au-pair Vermittlung f\u00fcr Gastfamilien &#8211; in 5 Schritten zum Wunsch-Au-pair Hier k\u00f6nnen Sie sich als Gastfamilie kostenlos registrieren und Au-pairs kontaktieren. Eine Mitgliedschaft erm\u00f6glicht es Ihnen, die Au-pair-Antworten zu lesen und mit dem Au-pair weiter zu kommunizieren, es auszuw\u00e4hlen und letztendes einzuladen. Sollte es Ihnen nicht m\u00f6glich sein, selbst die Einladungs-Unterlagen zu erstellen, helfen wir [&hellip;]<\/p>\n","protected":false},"author":990158,"featured_media":0,"parent":0,"menu_order":0,"comment_status":"closed","ping_status":"closed","template":"","meta":{"footnotes":""},"class_list":["post-1693","page","type-page","status-publish","hentry"],"_links":{"self":[{"href":"https:\/\/aupairscout.com\/es\/wp-json\/wp\/v2\/pages\/1693","targetHints":{"allow":["GET"]}}],"collection":[{"href":"https:\/\/aupairscout.com\/es\/wp-json\/wp\/v2\/pages"}],"about":[{"href":"https:\/\/aupairscout.com\/es\/wp-json\/wp\/v2\/types\/page"}],"author":[{"embeddable":true,"href":"https:\/\/aupairscout.com\/es\/wp-json\/wp\/v2\/users\/990158"}],"replies":[{"embeddable":true,"href":"https:\/\/aupairscout.com\/es\/wp-json\/wp\/v2\/comments?post=1693"}],"version-history":[{"count":18,"href":"https:\/\/aupairscout.com\/es\/wp-json\/wp\/v2\/pages\/1693\/revisions"}],"predecessor-version":[{"id":6471,"href":"https:\/\/aupairscout.com\/es\/wp-json\/wp\/v2\/pages\/1693\/revisions\/6471"}],"wp:attachment":[{"href":"https:\/\/aupairscout.com\/es\/wp-json\/wp\/v2\/media?parent=1693"}],"curies":[{"name":"wp","href":"https:\/\/api.w.org\/{rel}","templated":true}]}}