{"id":1550,"date":"2022-05-26T11:43:39","date_gmt":"2022-05-26T09:43:39","guid":{"rendered":"https:\/\/aupair.mondoit.de\/?page_id=1550"},"modified":"2024-12-26T09:46:39","modified_gmt":"2024-12-26T08:46:39","slug":"condiciones","status":"publish","type":"page","link":"https:\/\/aupairscout.com\/es\/condiciones\/","title":{"rendered":"Condiciones"},"content":{"rendered":"<h2 class=\"wp-block-post-title\"><div class=\"breadcrumbs\"><span class=\"crumb\"><a href=\"https:\/\/aupairscout.com\/es\">AuPairScout - Internacional<\/a> \u00bb <\/span><span class=\"crumb current-page\">Condiciones<\/span><\/div><\/h2>\n\n\n\n<section class=\"wp-block-group has-global-padding is-layout-constrained wp-block-group-is-layout-constrained\">\n<p><strong>T\u00e9rminos y condiciones generales de AuPair scout<\/strong><\/p>\n\n\n\n<p><strong>(Como de 01.01.2023)<\/strong><\/p>\n\n\n\n<p>Al registrarse como usuario de esta p\u00e1gina <a href=\"https:\/\/AuPairScout.de\/de\/\" target=\"_blank\" rel=\"noopener\">www.AuPairScout.de<\/a> usted reconoce que los presentes t\u00e9rminos y condiciones Generales de car\u00e1cter vinculante.<\/p>\n\n\n\n<p>En el siguiente Texto como un &#034;AuPair scout&#034;, es la empresa AuPairScout.com \u00e1rbol de gartnerstr. 11, 81373 Munich, Alemania, con el prop\u00f3sito de conectar a los usuarios de todo el mundo, y una Au-pair exchange.<\/p>\n\n\n\n<p>En la siguiente, Au Pairs, familias de acogida, y las agencias de &#034;los usuarios son llamados&#034;.<\/p>\n\n\n\n<p><strong>1. Contrato base<\/strong><\/p>\n\n\n\n<p>1.1 ,los servicios de La AuPair scout que se deriven de los presentes &#034;t\u00e9rminos y condiciones&#034;. M\u00e1s informaci\u00f3n est\u00e1 disponible en el sitio Web&nbsp;<a href=\"https:\/\/www.aupairscout.com\/\" target=\"_blank\" rel=\"noreferrer noopener\"><strong>www.AuPairScout.com<\/strong><\/a>&nbsp;en &#034;preguntas frecuentes&#034; de la secci\u00f3n.<\/p>\n\n\n\n<p>Para los usuarios alemanes, tambi\u00e9n nos remitimos a las hojas informativas de la Oficina Federal de Trabajo &quot;Au pairs para familias alemanas&quot; e &quot;Informaci\u00f3n sobre au pairs para familias de acogida alemanas&quot;, cuya versi\u00f3n actual est\u00e1 publicada en el sitio web AuPairScout en el apartado &quot;Preguntas frecuentes&quot;.<\/p>\n\n\n\n<p>1.2 Est\u00e1 prohibida la transmisi\u00f3n de datos a terceros. Todos los datos personales sobre un usuario que se hacen visibles a otro usuario durante la comunicaci\u00f3n son estrictamente confidenciales y no pueden transmitirse a terceros ni publicarse.<\/p>\n\n\n\n<p>1.3 Los perfiles, los datos personales y las membres\u00edas de suscripci\u00f3n no son transferibles a terceros. En tal caso, AuPairScout se reserva el derecho de bloquear al usuario sin indicar los motivos.<\/p>\n\n\n\n<p><strong>2. BENEFICIOS DE AUPAIR SCOUT&nbsp; &nbsp;<\/strong><\/p>\n\n\n\n<p>AuPair scout se compromete a prestar los siguientes servicios:<\/p>\n\n\n\n<p>2.1 disposici\u00f3n de la au Pair en explorador de la base de datos.<br>El AuPair scout proporciona al usuario con el au Pair scout crea y administra base de datos para la selecci\u00f3n de uno de el otro usuario (Au pair solicitantes, la familia de acogida, de la Agencia).<\/p>\n\n\n\n<p>2.2 El AuPair scout cheques, en la medida de lo posible, todos los datos de los usuarios, asume aqu\u00ed s\u00f3lo a los usuarios en su \u00edndice o base de datos que se crear\u00e1 un significativo aplicaci\u00f3n con fotos, y \/ mensaje de la carta.<\/p>\n\n\n\n<p>Adem\u00e1s, el au Pair scout marcada por los candidatos, con la informaci\u00f3n proporcionada, como una regla, por Correo electr\u00f3nico o tel\u00e9fono con el candidato.<br>No hay ning\u00fan usuario en la base de datos se han roto, para el conocimiento de la AuPair scout demostrable violar cualquier ley aplicable o de las buenas costumbres.<\/p>\n\n\n\n<p>2.3 informaci\u00f3n para el procesamiento de los oficiales de los tr\u00e1mites.<br>El AuPair scout proporciona toda la informaci\u00f3n b\u00e1sica para la tramitaci\u00f3n de oficial de formalidades en su preguntas m\u00e1s frecuentes que estar disponible. Esta informaci\u00f3n incluye, en particular, a las empresas cuando el paso de quien es.<\/p>\n\n\n\n<p>Bajo petici\u00f3n y por un suplemento (consulte el &#034;Servicio Extra&#034;),<br>que se encuentra en la v\u00e1lida de la &#034;Extra Servicio de lista de precios&#034;, hemos de ofrecer al usuario nuevas formas de reclutamiento.<\/p>\n\n\n\n<p><strong>3. REGISTRO<\/strong><\/p>\n\n\n\n<p>3.1 Cada usuario que se encuentra en la b\u00fasqueda de un Au pair, la familia de acogida o de la Agencia, usted puede registrarse de forma gratuita, si es menor de edad.<\/p>\n\n\n\n<p>3.2 Cada usuario puede personalizar su perfil de forma independiente y en cualquier momento a sus necesidades particulares, y con los textos y fotos, personalizar.<br>Cada usuario es responsable de su perfil de la auto-responsabilidad.<\/p>\n\n\n\n<p>3.3 Cualquier au pair que est\u00e9 buscando una familia anfitriona en todo el mundo puede registrarse de forma gratuita.<\/p>\n\n\n\n<p>De forma gratuita, a cualquier hu\u00e9sped de la familia, se encuentra en la b\u00fasqueda de un Au pair en el mundo puede registrar.<\/p>\n\n\n\n<p>De forma gratuita, cualquier Agencia que se encuentra en la b\u00fasqueda de Au Pairs y las familias de todo el mundo pueden registrar.<\/p>\n\n\n\n<p>3.4 informaci\u00f3n de contacto, tales como direcci\u00f3n, n\u00famero de tel\u00e9fono, direcci\u00f3n de Correo electr\u00f3nico, de los motivos de la protecci\u00f3n de datos en el perfil correspondiente aparici\u00f3n p\u00fablica.<\/p>\n\n\n\n<p><strong>Los usuarios no est\u00e1n autorizados para el registro, por lo tanto, que estos detalles en un Texto, carta, o foto en la vista de perfil.<\/strong><\/p>\n\n\n\n<p>3.5 El contacto entre los usuarios, es decir, de comunicaci\u00f3n, Chat, se da tan pronto como el usuario (familia de acogida, de la Agencia) ha entrado en una SUSCRIPCI\u00d3N la suscripci\u00f3n.<\/p>\n\n\n\n<p>AuPair scout debe notar acto Contrario, se eliminar\u00e1 el perfil del usuario respectivo.<\/p>\n\n\n\n<p><strong>4. LAS CUOTAS DE SUSCRIPCI\u00d3N<\/strong><\/p>\n\n\n\n<p>4.1 Para Au-pairs, la membres\u00eda es gratuita. Au pairs en cualquier momento puede leer y responder a mensajes.<\/p>\n\n\n\n<p>4.2 Cada usuario adicional (familia de acogida, de la Agencia), en cualquier momento podr\u00e1 leer los mensajes personalizados. A trav\u00e9s de una SUSCRIPCI\u00d3N de membres\u00eda de este usuario puede comunicarse libremente, es decir, para leer los mensajes de otros usuarios y la respuesta.<\/p>\n\n\n\n<p>4.3 las tarifas de Los servicios de la AuPair scout de acuerdo a las normas de SUSCRIPCI\u00d3N de la lista de precios de AuPair scout.<\/p>\n\n\n\n<p>El servicio de SUSCRIPCI\u00d3N de cuotas se pagan por adelantado para la duraci\u00f3n prevista de la \u00e9poca.<br>Todos los pagos a la AuPair scout son pagaderos inmediatamente despu\u00e9s de la conclusi\u00f3n de una suscripci\u00f3n.<\/p>\n\n\n\n<p>Los precios son en EUROS, IVA incluido.<br>Cada SUSCRIPCI\u00d3N terminar\u00e1 despu\u00e9s de que el per\u00edodo de tiempo especificado, y no debe ser terminado.<\/p>\n\n\n\n<p>Obtener tarifas y tiempos de tr\u00e1nsito, consulte &#034;SUSCRIPCI\u00d3N para las familias&#034; y &#034;SUSCRIPCI\u00d3N para las agencias&#034;.<\/p>\n\n\n\n<p>4.4 Las ventajas de la membres\u00eda ABO son que los respectivos usuarios, durante el per\u00edodo de suscripci\u00f3n reservado, pueden comunicarse entre s\u00ed, escribir y leer mensajes personales e intercambiar informaci\u00f3n de contacto entre s\u00ed.<\/p>\n\n\n\n<p>4.5 se espera que el domicilio de las familias de acogida no ser\u00e1 en el futuro previsible, de acuerdo con el registro &#034;Premium&#034;, porque de lo contrario no es un uso significativo de AuPair scout Servicios es posible.<\/p>\n\n\n\n<p>AuPair scout se reserva, por lo tanto, el Perfil de la familia de acogida, el AU pair scout durante un largo per\u00edodo de tiempo sin ser un miembro Premium, el otro usuario no se muestran, y restringir cualquier uso o excluidos por completo.<\/p>\n\n\n\n<p>4.6 S\u00f3lo a las agencias de SUSCRIPCI\u00d3N, se le permite registrar una Au-pair y en contacto con usted. AuPair scout debe encontrar que una Agencia sin una SUSCRIPCI\u00d3N de membres\u00eda, Au-presenta los pares en la galer\u00eda, se le cobrar\u00e1, en cada caso, una multa en la cantidad de 5.000 EUROS.\u2013.<\/p>\n\n\n\n<p><strong>5. Servicio Extra<\/strong><\/p>\n\n\n\n<p>5.1 El \u201cServicio Extra\u201d es la colocaci\u00f3n de una au pair que la familia de acogida est\u00e1 buscando por s\u00ed misma, es decir, una au pair que la familia de acogida ha encontrado en nuestra galer\u00eda, a trav\u00e9s de conocidos, anuncios, etc.<\/p>\n\n\n\n<p>5.2 de Este Servicio no es aplicable para Au-pairs, que fueron fijados por nuestras agencias asociadas en nuestra galer\u00eda. Si una Au Pair es una Agencia que es visible desde el perfil de la suscripci\u00f3n. Esta mediaci\u00f3n se realiza por el resto de usuarios.<\/p>\n\n\n\n<p>5.3 usted recibe los servicios Adicionales de nosotros, de los documentos necesarios para la concesi\u00f3n de una Au-pair visa, as\u00ed como ayudar con las formalidades requeridas.<\/p>\n\n\n\n<p>5.4 por Favor, tenga en cuenta que el costo de este Servicio es el Euro, pagadero de inmediato, y no podemos asumir ninguna garant\u00eda para su auto-encontrar un Au pair.<\/p>\n\n\n\n<p><strong>Au pair de SEGUROS<\/strong><\/p>\n\n\n\n<p>Los Au pairs que desean venir a Alemania o a ir al extranjero, visite nuestro sitio web a trav\u00e9s de un Enlace, hemos creado una r\u00e1pida, eficiente y seguro adecuado.<\/p>\n\n\n\n<p>Esto tambi\u00e9n es cierto para las familias que quieran acoger a una Au Pair en la familia y asegurar.<\/p>\n\n\n\n<p><strong><br>6. RESERVA DE SERVICIO, RESPONSABILIDAD, CANCELACI\u00d3N<\/strong><\/p>\n\n\n\n<p>6.1 El AuPair scout se reserva el derecho, a los usuarios, para hacer que las caracter\u00edsticas esenciales de los datos incorrectos para el programa de Au pair no pudo esencial de las disposiciones legales o exigencias del convenio Europeo de &#034;Au pair&#034; no cumple con el empleo, de una grabaci\u00f3n y \/ o disposici\u00f3n de la au Pair en explorador de la base de datos.<\/p>\n\n\n\n<p>6.2 Adem\u00e1s, las familias de acogida pueden ser una disposici\u00f3n de los servicios de la AuPair scout excluidos, en contra de la suspensi\u00f3n del proceso, un juicio final o judicial de las obligaciones emitidas en relaci\u00f3n con la ley de promoci\u00f3n del empleo o el c\u00f3digo de derecho social, y tal, la Au pairs extranjeros en contra de la ley para tratar con.<\/p>\n\n\n\n<p>6.3 Si se excluyen los servicios, AuPairScout generalmente no entablar\u00e1 una relaci\u00f3n contractual con el usuario. Si tras iniciar una relaci\u00f3n contractual surge un motivo para la exclusi\u00f3n de servicios, AuPairScout tiene derecho a rescindir el contrato.<\/p>\n\n\n\n<p><strong>7. LAS OBLIGACIONES DEL USUARIO, LAS REGLAS DE COMPORTAMIENTO&nbsp;<\/strong><\/p>\n\n\n\n<p>7.1 de la obligaci\u00f3n de los usuarios mantener su perfil, as\u00ed como su correspondencia hasta la fecha, actualizar, es decir, fotos, cartas y responder a las solicitudes de forma r\u00e1pida.<\/p>\n\n\n\n<p>7.2 el usuario est\u00e1 obligado a respetar la Au pair reglamentos de los respectivos pa\u00edses de acogida.<\/p>\n\n\n\n<p>7.3 Para el c\u00f3digo de conducta para los usuarios pertenece a alguna en difamatorio, amenazante.<br>Est\u00e1 prohibido, indecente, pornogr\u00e1fico, publicar, extra\u00f1o fotos o textos, o distribuir de cualquier otra forma ilegal de Material y de informaci\u00f3n, o hacia adelante.<\/p>\n\n\n\n<p>7.4 Perfiles con el prop\u00f3sito de buscar un Au Pair o una familia de acogida, una Agencia ser\u00e1n eliminados de inmediato.<br>Uno de los usuarios debe encontrar una violaci\u00f3n con respecto a tales obligaciones o reglas de conducta, estar\u00e1 obligado a informar inmediatamente AuPair scout a trav\u00e9s del formulario de contacto.<\/p>\n\n\n\n<p>7.5 AuPair scout tiene el derecho en cualquier momento a las pruebas, para verificar su informaci\u00f3n.<br>Vamos a mantener en tales casos, la consulta, o inmediatamente en el perfil de eliminar, independientemente de si es o no una SUSCRIPCI\u00d3N est\u00e1 en su lugar.<\/p>\n\n\n\n<p><strong>8. LOS PERFILES DE CANCELAR Y DESACTIVAR<\/strong><\/p>\n\n\n\n<p>8.1 AuPair scout tiene el derecho de comunicarse con cualquier usuario de la demanda.<\/p>\n\n\n\n<p>8.2 el usuario no se presenta dentro de una semana despu\u00e9s de la llamada de AuPair scout de las pruebas necesarias para demostrar la autenticidad de su cuenta ser\u00e1 bloqueada para el perfil del usuario, como una medida de precauci\u00f3n, y s\u00f3lo puede hacerse despu\u00e9s de la Revisi\u00f3n de la evidencia necesaria re-habilitado.<\/p>\n\n\n\n<p>8.3 asumimos que toda la informaci\u00f3n proporcionada por el usuario durante el proceso de registro es correcta, completa y veraz. AuPair scout tiene el derecho de revisar todos los datos y eliminar por razones v\u00e1lidas, el perfil, sin dar razones, o bloquear.<\/p>\n\n\n\n<p>8.4 Nos reservamos el derecho en el caso de perfiles incompletos para eliminarlos.<\/p>\n\n\n\n<p>8.5 AuPair scout Debe encontrar un registro distinto a los fines permitidos, ser\u00e1 responsable del pago de la matr\u00edcula en la final de la AuPair scout, una pena contractual en la cantidad de 5.000 Euros para cada caso de registro.<\/p>\n\n\n\n<p><strong>9. RESPONSABILIDAD, INDEMNIZACI\u00d3N DE LAS RECLAMACIONES DE TERCEROS<\/strong><\/p>\n\n\n\n<p>9.1 La informaci\u00f3n personal y otra informaci\u00f3n del usuario son verificados por la AuPair scout al mejor de nuestro Conocimiento y creencia. Una garant\u00eda de la exactitud y la exhaustividad de la informaci\u00f3n no puede aceptar la AuPair scout, sin embargo.<\/p>\n\n\n\n<p>9.2 el rendimiento de La AuPair scout que surja de punto. 2 de los &#034;t\u00e9rminos y condiciones&#034;. Aqu\u00ed, el AuPair scout en sustancia, datos de contacto y la informaci\u00f3n de una estancia Au pair. Una relaci\u00f3n contractual entre el AuPair scout y un usuario no est\u00e1 justificada por lo tanto, la AuPair scout no tiene ninguna influencia sobre los acuerdos entre los usuarios.<br>9.2.1 por lo Tanto puede ser hecha a la AuPair scout ninguna compensaci\u00f3n o reembolso de las reclamaciones, no debe llegar a pesar de Transmisi\u00f3n de los datos de usuario y \/ o Au pair solicitante de datos, una Au pair permanecer en el lugar.<br>9.2.2 El AuPair scout no es responsable por el costo de llegada y de salida, as\u00ed como por el costo de una posible expulsi\u00f3n del usuario.<br>9.2.3 El AuPair scout asume ni a los usuarios y de cualquier otro tercero a la responsabilidad por da\u00f1os de un usuario causados, directa o indirectamente.<br>9.2.4 El AuPair scout no es responsable de de un usuario de cumplimiento con las expectativas personales de otro usuario.<br>9.2.5 La AuPair scout tambi\u00e9n no garantiza por la duraci\u00f3n del tiempo de procesamiento por parte de las autoridades. Una inusualmente larga duraci\u00f3n de la autorizaci\u00f3n, por ejemplo, debido a la informaci\u00f3n incorrecta dada por el usuario, las autoridades de vacaciones o p\u00e9rdida de correos, env\u00edos perdidos, etc. \u2013 y una demora resultante de la estancia, las obligaciones contractuales de otro usuario, sin perjuicio de lo dispuesto.<br>9.2.6 La AuPair scout no asume ninguna responsabilidad por no por el AuPair scout responsable por las interrupciones en la disponibilidad del sitio, el AuPair scout, o cada uno de sus servicios web. En particular, el AuPair scout no ser\u00e1 responsable por la falta de funcionamiento, la falta de acceso o de malas condiciones de uso de su sitio, en particular debido a la falta de equipo t\u00e9cnico del usuario, mal funcionamiento del Proveedor al usuario o a una Sobrecarga del Internet.<br>9.2.7 Si el uso de la p\u00e1gina Web por mantenimiento, actualizaciones o Modificaciones t\u00e9cnicas y\/o debido a la actualizaci\u00f3n de los contenidos y\/o la pantalla interrumpido temporalmente, ser\u00e1 responsable frente a la AuPair scout, de conformidad con las disposiciones legales s\u00f3lo si la interrupci\u00f3n, en un contractuales manera de poner en peligro el prop\u00f3sito de dura. A la medida de lo posible, el trabajo del au Pair scout el usuario, con anterioridad al mantenimiento o actualizaciones, para avanzar en el conocimiento.<\/p>\n\n\n\n<p>9.3 en caso de haber conseguido la AuPair scout debido a un mal funcionamiento de un usuario que se ha hecho responsable, el conocimiento, el compromiso con la AuPair scout contra todos los que resulten consecuencias jur\u00eddicas de estos usuarios est\u00e1n exentos. Esta versi\u00f3n incluye una de \u00e9l, si es necesario, la compensaci\u00f3n, as\u00ed como los honorarios de abogados y costos de la corte.<\/p>\n\n\n\n<p><strong>10. ENLACES A SITIOS WEB EXTERNOS<\/strong><\/p>\n\n\n\n<p>A pesar del cuidadoso control del contenido, no asumimos ninguna&nbsp;<strong>Responsabilidad<\/strong>&nbsp;por el contenido de Enlaces externos. Por el contenido de las p\u00e1ginas vinculadas exclusivamente sus operadores son responsables.<\/p>\n\n\n\n<p><strong>11. POL\u00cdTICA DE PRIVACIDAD PARA LOS USUARIOS<\/strong><\/p>\n\n\n\n<p>11.1 El usuario acepta que su informaci\u00f3n personal para la aplicaci\u00f3n de la Au-pair-contrato de servicio de forma local o en el Internet se registra y almacena.<\/p>\n\n\n\n<p>11.2 Adem\u00e1s, el usuario acepta que sus datos de contacto y direcci\u00f3n y cualquier otra informaci\u00f3n personal que usted proporcion\u00f3 al registrarse en el sitio de la AuPair scout, para ser pasado a entrar en contacto con otros usuarios de la AuPair scout.<\/p>\n\n\n\n<p>11.3 en caso contrario, se hace referencia a las disposiciones legales directrices para el almacenamiento y copia de seguridad de los datos, as\u00ed como publicado en el sitio Web de la declaraci\u00f3n de privacidad.<\/p>\n\n\n\n<p>11.4 El AuPair scout expl\u00edcitamente se\u00f1ala que en el caso de la Transmisi\u00f3n a trav\u00e9s de redes abiertas, hay una inspecci\u00f3n por parte de terceros de los datos, incluso si est\u00e1n protegidos o cifrado, no puede descartarse completamente. El AuPair scout embargo, todas las medidas y precauciones razonables para la protecci\u00f3n de los datos de la familia anfitriona.<\/p>\n\n\n\n<p>11.5 El usuario se compromete a tratar todos los datos y la informaci\u00f3n relativa a otros usuarios que reciben a trav\u00e9s de Internet como a la oferta de AuPair scout u otros medios de AuPair scout, confidencial. La divulgaci\u00f3n de la informaci\u00f3n a terceras personas ni la publicaci\u00f3n est\u00e1 permitida en cualquier momento, ya sea antes o despu\u00e9s de la prestaci\u00f3n de un rendimiento de la AuPair scout.<\/p>\n\n\n\n<p><strong><br>12. Disposiciones finales<\/strong><\/p>\n\n\n\n<p>12.1 cambio de reglas de estos &#034;t\u00e9rminos y condiciones&#034; o cancelar, s\u00f3lo son v\u00e1lidas si son aprobadas por escrito por el AuPair scout o confirmado.<\/p>\n\n\n\n<p>12.2 AuPair scout se reserva el derecho a cambiar cualquiera de los t\u00e9rminos y condiciones en cualquier momento o para complementarlo.<\/p>\n\n\n\n<p>12.3 una o m\u00e1s de las disposiciones de la presente &#034;t\u00e9rminos y condiciones Generales no Debe ser&#034; jur\u00eddicamente ineficaz o imposible, esto no afectar\u00e1 a la validez de las disposiciones restantes. M\u00e1s bien, el prop\u00f3sito del acuerdo, o al menos cerca de sustituto de la disposici\u00f3n, las partes se habr\u00edan puesto de acuerdo para lograr el mismo resultado, si la invalidez de la disposici\u00f3n hubieran sido conocidos en el lugar de la disposici\u00f3n ineficaz\u2013.<\/p>\n\n\n\n<p>12.4 cada vez que se registra el usuario para confirmar cualquier cambio a los &#034;T\u00e9rminos y condiciones&#034;.<\/p>\n\n\n\n<p>12.5 A todas las relaciones jur\u00eddicas entre el AuPair scout y los usuarios de la ley de la Rep\u00fablica Federal de Alemania, con la excepci\u00f3n del derecho Internacional privado alem\u00e1n (art. 3-46 del c\u00f3digo civil), se aplican exclusivamente. Tribunal de la jurisdicci\u00f3n de Munich.<\/p>\n<\/section>","protected":false},"excerpt":{"rendered":"<p>Allgemeine Gesch\u00e4ftsbedingungen der AuPairScout (Stand 01.01.2023) Mit der Registrierung als Nutzer der Seite www.AuPairScout.de erkennen Sie die vorliegenden \u201eAllgemeinen Gesch\u00e4ftsbedingungen\u201c als verbindlich an. Im nachfolgenden Text als &#8220;AuPairScout&#8221; bezeichnet, ist die Firma AuPairScout.com, Baumgartnerstr. 11, 81373 M\u00fcnchen, Deutschland, mit dem Zweck, die Nutzer weltweit miteinander zu verbinden und einen Au-pair-Austausch zu erm\u00f6glichen. Im folgenden werden [&hellip;]<\/p>\n","protected":false},"author":990158,"featured_media":0,"parent":0,"menu_order":0,"comment_status":"closed","ping_status":"closed","template":"","meta":{"footnotes":""},"class_list":["post-1550","page","type-page","status-publish","hentry"],"_links":{"self":[{"href":"https:\/\/aupairscout.com\/es\/wp-json\/wp\/v2\/pages\/1550","targetHints":{"allow":["GET"]}}],"collection":[{"href":"https:\/\/aupairscout.com\/es\/wp-json\/wp\/v2\/pages"}],"about":[{"href":"https:\/\/aupairscout.com\/es\/wp-json\/wp\/v2\/types\/page"}],"author":[{"embeddable":true,"href":"https:\/\/aupairscout.com\/es\/wp-json\/wp\/v2\/users\/990158"}],"replies":[{"embeddable":true,"href":"https:\/\/aupairscout.com\/es\/wp-json\/wp\/v2\/comments?post=1550"}],"version-history":[{"count":11,"href":"https:\/\/aupairscout.com\/es\/wp-json\/wp\/v2\/pages\/1550\/revisions"}],"predecessor-version":[{"id":6528,"href":"https:\/\/aupairscout.com\/es\/wp-json\/wp\/v2\/pages\/1550\/revisions\/6528"}],"wp:attachment":[{"href":"https:\/\/aupairscout.com\/es\/wp-json\/wp\/v2\/media?parent=1550"}],"curies":[{"name":"wp","href":"https:\/\/api.w.org\/{rel}","templated":true}]}}