{"id":1449,"date":"2018-12-29T14:36:56","date_gmt":"2018-12-29T13:36:56","guid":{"rendered":"https:\/\/au-pair-agency.axiomthemes.com\/?page_id=1449"},"modified":"2024-01-05T08:23:16","modified_gmt":"2024-01-05T07:23:16","slug":"proteccion-de-datos","status":"publish","type":"page","link":"https:\/\/aupairscout.com\/es\/proteccion-de-datos\/","title":{"rendered":"protecci\u00f3n de Datos"},"content":{"rendered":"<h2 class=\"wp-block-post-title\"><div class=\"breadcrumbs\"><span class=\"crumb\"><a href=\"https:\/\/aupairscout.com\/es\">AuPairScout - Internacional<\/a> \u00bb <\/span><span class=\"crumb current-page\">protecci\u00f3n de Datos<\/span><\/div><\/h2>\n\n\n\n<section class=\"wp-block-group has-global-padding is-layout-constrained wp-block-group-is-layout-constrained\">\n<p><\/p>\n\n\n\n<p><strong>Protecci\u00f3n de Datos<\/strong><\/p>\n\n\n\n<p><strong>protecci\u00f3n de Datos<\/strong><\/p>\n\n\n\n<p>La protecci\u00f3n de datos personales es muy importante en nuestra empresa. Por este motivo, llevamos a cabo nuestras actividades de acuerdo con las leyes sobre protecci\u00f3n de datos personales y seguridad de los datos. A continuaci\u00f3n encontrar\u00e1 qu\u00e9 datos podemos recopilar, c\u00f3mo los procesamos y utilizamos y a qui\u00e9n podemos transmitirlos.<\/p>\n\n\n\n<p><strong>Recopilaci\u00f3n, procesamiento y uso de datos personales<\/strong><\/p>\n\n\n\n<p>Cuando visita las p\u00e1ginas de AuPairScout, solo obtenemos datos an\u00f3nimos, como el sitio web desde el que nos visita, su proveedor de servicios de Internet y las p\u00e1ginas a las que ha accedido desde nosotros. AuPairScout utiliza esta informaci\u00f3n exclusivamente con fines estad\u00edsticos para mejorar los productos, el servicio y este sitio web.<\/p>\n\n\n\n<p>No recopilamos ning\u00fan dato personal a trav\u00e9s de nuestros sitios web a menos que usted nos proporcione dichos datos voluntariamente (por ejemplo, registr\u00e1ndose, para recibir elogios o cr\u00edticas, en servicios en l\u00ednea, para jugar un juego o solicitar material informativo) o con su consentimiento o la autorizaci\u00f3n pertinente. La normativa legal en materia de protecci\u00f3n de tus datos lo permite.<\/p>\n\n\n\n<p>Los datos de uso, como la direcci\u00f3n de Protocolo de Internet o informaci\u00f3n sobre el inicio y la duraci\u00f3n del uso, en determinadas circunstancias pueden generarse autom\u00e1ticamente debido a los medios t\u00e9cnicos utilizados y, por lo tanto, son absolutamente necesarios para la comunicaci\u00f3n. Eliminamos o anonimizamos los datos que ya no son necesarios para transmitir un mensaje.<\/p>\n\n\n\n<p>AuPairScout s\u00f3lo crear\u00e1 perfiles de usuario de forma seud\u00f3nima con fines publicitarios, de investigaci\u00f3n de mercado o para adaptar sus sitios web a sus necesidades, a menos que usted se oponga a ello. Se le informar\u00e1 a tiempo antes de crear dichos perfiles de usuario.<\/p>\n\n\n\n<p>Para facilitar el suministro de nuestros sitios web, es decir, adaptar nuestros sitios web a sus intereses o guardar su contrase\u00f1a para que no tenga que volver a ingresarla cada vez o para reconocerlo autom\u00e1ticamente la pr\u00f3xima vez que los visite, nos permitimos utilizar galletas. Sin embargo, tiene la opci\u00f3n de rechazar el almacenamiento de una cookie configurando su navegador de Internet para que elimine las cookies del disco duro de su computadora, bloquee todas las cookies o le avise antes de que se almacene una cookie.<\/p>\n\n\n\n<p><strong>Uso previsto<\/strong><\/p>\n\n\n\n<p>Todos los datos personales generados como parte de nuestros servicios en l\u00ednea se recopilan, procesan y utilizan de acuerdo con las regulaciones aplicables para la protecci\u00f3n de datos personales, solo con el fin de procesar contratos y para proteger nuestros propios intereses comerciales leg\u00edtimos con respecto al asesoramiento y soporte. nuestros clientes y dise\u00f1ando productos para satisfacer sus necesidades.<\/p>\n\n\n\n<p>Para mantener las relaciones con los clientes, puede ser necesario que nosotros o un tercero en nuestro nombre utilicemos estos datos personales para informarle sobre nuestras ofertas.<\/p>\n\n\n\n<p>S\u00f3lo utilizaremos sus datos personales con fines de marketing directo o investigaci\u00f3n de mercado si usted lo acepta expresamente.<\/p>\n\n\n\n<p>No venderemos sus datos personales a terceros ni participaremos en ning\u00fan otro marketing similar.<\/p>\n\n\n\n<p><strong>Uso previsto<\/strong><\/p>\n\n\n\n<p>AuPairScout solo recopilar\u00e1, procesar\u00e1 y utilizar\u00e1 los datos personales que nos haya proporcionado en l\u00ednea para los fines que se le han comunicado, a menos que la recopilaci\u00f3n, el procesamiento o el uso sea para un fin que est\u00e9 directamente relacionado con el fin original y sea necesario para la preparaci\u00f3n, negociaci\u00f3n y cumplimiento de un contrato con usted es necesaria debido a una norma legal o una orden oficial o judicial es necesaria para fines de protecci\u00f3n legal o para defenderse de demandas sirve para prevenir abusos u otras acciones ilegales que pongan en peligro la integridad de los sistemas AuPairScout y as\u00ed poner en peligro la seguridad de los datos<\/p>\n\n\n\n<p><strong>Seguridad de datos<\/strong><\/p>\n\n\n\n<p>AuPairScout toma precauciones t\u00e9cnicas y organizativas para garantizar que sus datos personales est\u00e9n protegidos contra eliminaci\u00f3n, alteraci\u00f3n o p\u00e9rdida accidental o ilegal y divulgaci\u00f3n o acceso no autorizados.<\/p>\n\n\n\n<p><strong>Izquierda<\/strong><\/p>\n\n\n\n<p>AuPairScout no se hace responsable de las pol\u00edticas de protecci\u00f3n de datos de otras p\u00e1ginas web ni de su contenido a las que existan enlaces.<\/p>\n\n\n\n<p>Tus derechos como usuario de Internet<\/p>\n\n\n\n<p>AuPairScout atender\u00e1 tus solicitudes de informaci\u00f3n, rectificaci\u00f3n y supresi\u00f3n y tus dem\u00e1s derechos de forma voluntaria y dentro del marco legal.<\/p>\n\n\n\n<p>A medida que Internet siga desarroll\u00e1ndose, tambi\u00e9n adaptaremos continuamente nuestra pol\u00edtica de protecci\u00f3n de datos. Los cambios se anunciar\u00e1n a tiempo en este sitio. Por lo tanto, debes visitarla peri\u00f3dicamente para conocer el estado m\u00e1s reciente de la declaraci\u00f3n de protecci\u00f3n de datos.<\/p>\n\n\n\n<p><strong>Persona de contacto<\/strong><\/p>\n\n\n\n<p>Si tiene alguna pregunta sobre el procesamiento de sus datos personales, puede contactarnos directamente. Puede encontrar nuestros datos de contacto en nuestra informaci\u00f3n seg\u00fan TDG.<\/p>\n\n\n\n<p><strong>An\u00e1lisis, seguimiento y optimizaci\u00f3n web.<\/strong><\/p>\n\n\n\n<p>El an\u00e1lisis web (tambi\u00e9n conocido como &quot;medici\u00f3n de alcance&quot;) se utiliza para evaluar el flujo de visitantes a nuestra oferta en l\u00ednea y puede incluir comportamiento, intereses o informaci\u00f3n demogr\u00e1fica sobre los visitantes, como la edad o el sexo, como valores seud\u00f3nimos. Con la ayuda del an\u00e1lisis de alcance podemos, por ejemplo, identificar en qu\u00e9 momento se utiliza con mayor frecuencia nuestra oferta en l\u00ednea, sus funciones o contenidos o invitar a su reutilizaci\u00f3n. Tambi\u00e9n podemos entender qu\u00e9 \u00e1reas requieren optimizaci\u00f3n.<\/p>\n\n\n\n<p>Adem\u00e1s del an\u00e1lisis web, tambi\u00e9n podemos utilizar procedimientos de prueba, por ejemplo para probar y optimizar diferentes versiones de nuestra oferta en l\u00ednea o de sus componentes.<\/p>\n\n\n\n<p>Para estos fines, se pueden crear los llamados perfiles de usuario y almacenarlos en un archivo (la llamada \u201ccookie\u201d) o se pueden utilizar procedimientos similares para el mismo prop\u00f3sito. Esta informaci\u00f3n puede incluir, por ejemplo, el contenido visto, los sitios web visitados y los elementos utilizados all\u00ed e informaci\u00f3n t\u00e9cnica como el navegador utilizado, el sistema inform\u00e1tico utilizado e informaci\u00f3n sobre los tiempos de uso. Si el usuario ha dado su consentimiento para que se recopilen sus datos de ubicaci\u00f3n, estos tambi\u00e9n podr\u00e1n procesarse, dependiendo del proveedor.<\/p>\n\n\n\n<p>Tambi\u00e9n se almacenan las direcciones IP de los usuarios. Sin embargo, utilizamos un proceso de enmascaramiento de IP (es decir, seudonimizaci\u00f3n acortando la direcci\u00f3n IP) para proteger a los usuarios. En general, en el marco del an\u00e1lisis web, las pruebas A\/B y la optimizaci\u00f3n, no se almacenan datos claros del usuario (como direcciones de correo electr\u00f3nico o nombres), sino seud\u00f3nimos. Esto significa que ni nosotros ni los proveedores del software utilizado conocemos la identidad real de los usuarios, sino s\u00f3lo la informaci\u00f3n almacenada en sus perfiles para los fines de los respectivos procedimientos.<\/p>\n\n\n\n<p class=\"listcaption\"><strong>Informaci\u00f3n sobre bases legales<\/strong>: Si solicitamos a los usuarios su consentimiento para el uso de proveedores externos, la base legal para el procesamiento de datos es el consentimiento. De lo contrario, los datos del usuario se procesar\u00e1n en funci\u00f3n de nuestros intereses leg\u00edtimos (es decir, inter\u00e9s en servicios eficientes, econ\u00f3micos y amigables para el destinatario). En este contexto, tambi\u00e9n nos gustar\u00eda llamar su atenci\u00f3n sobre la informaci\u00f3n sobre el uso de cookies en esta declaraci\u00f3n de protecci\u00f3n de datos.<\/p>\n\n\n\n<ul class=\"wp-block-list\">\n<li><strong>Personas afectadas<\/strong>: Usuarios (por ejemplo, visitantes del sitio web, usuarios de servicios en l\u00ednea).<\/li>\n\n\n\n<li><strong>Finalidades del tratamiento<\/strong>: Medici\u00f3n de alcance (por ejemplo, estad\u00edsticas de acceso, reconocimiento de visitantes que regresan), seguimiento (por ejemplo, perfiles de inter\u00e9s\/comportamiento, uso de cookies), evaluaci\u00f3n de acciones de visita, elaboraci\u00f3n de perfiles (creaci\u00f3n de perfiles de usuario).<\/li>\n\n\n\n<li><strong>Medidas de seguridad<\/strong>: Enmascaramiento de IP (seud\u00f3nimizaci\u00f3n de la direcci\u00f3n IP).<\/li>\n\n\n\n<li><strong>Base legal<\/strong>: Consentimiento (Art. 6 P\u00e1rr. 1 S. 1 lit. a GDPR), intereses leg\u00edtimos (Art. 6 P\u00e1rr. 1 S. 1 lit. f. GDPR).<\/li>\n<\/ul>\n\n\n\n<p class=\"listcaption\"><strong>Servicios y proveedores de servicios utilizados.<\/strong>:<\/p>\n\n\n\n<ul class=\"wp-block-list\">\n<li><strong>Matomo (sin galletas)<\/strong>:<br>\nMatomo es un software de an\u00e1lisis web respetuoso con la privacidad que se utiliza sin cookies y en el que los usuarios recurrentes son reconocidos mediante la llamada &quot;huella digital&quot;, que se almacena de forma an\u00f3nima y se modifica cada 24 horas; Con la &quot;huella digital&quot;, los movimientos de los usuarios dentro de nuestra oferta en l\u00ednea se registran mediante direcciones IP seud\u00f3nimas en combinaci\u00f3n con la configuraci\u00f3n del navegador del usuario, de tal manera que no es posible sacar conclusiones sobre la identidad de los usuarios individuales; Proveedor de servicios: an\u00e1lisis web\/medici\u00f3n de alcance en autohospedaje; Sitio web: <a href=\"https:\/\/matomo.org\" target=\"blank\" rel=\"noopener\"> matomo.org <\/a>.<\/li>\n<\/ul>\n<\/section>","protected":false},"excerpt":{"rendered":"<p>Datenschutzerkl\u00e4rung Datenschutz Der Schutz personenbezogener Daten nimmt in unserem Unternehmen einen hohen Stellenwert ein. Aus diesem Grunde betreiben wir unsere Aktivit\u00e4ten im Einklang mit den Gesetzen zum Schutz personenbezogener Daten und zur Datensicherheit. Im Folgenden erfahren Sie, welche Daten wir ggf. erheben, wie wir Sie verarbeiten und nutzen und wem wir Sie ggf. \u00fcbermitteln. Erhebung, [&hellip;]<\/p>\n","protected":false},"author":990158,"featured_media":0,"parent":0,"menu_order":0,"comment_status":"closed","ping_status":"closed","template":"","meta":{"footnotes":""},"class_list":["post-1449","page","type-page","status-publish","hentry"],"_links":{"self":[{"href":"https:\/\/aupairscout.com\/es\/wp-json\/wp\/v2\/pages\/1449","targetHints":{"allow":["GET"]}}],"collection":[{"href":"https:\/\/aupairscout.com\/es\/wp-json\/wp\/v2\/pages"}],"about":[{"href":"https:\/\/aupairscout.com\/es\/wp-json\/wp\/v2\/types\/page"}],"author":[{"embeddable":true,"href":"https:\/\/aupairscout.com\/es\/wp-json\/wp\/v2\/users\/990158"}],"replies":[{"embeddable":true,"href":"https:\/\/aupairscout.com\/es\/wp-json\/wp\/v2\/comments?post=1449"}],"version-history":[{"count":9,"href":"https:\/\/aupairscout.com\/es\/wp-json\/wp\/v2\/pages\/1449\/revisions"}],"predecessor-version":[{"id":5722,"href":"https:\/\/aupairscout.com\/es\/wp-json\/wp\/v2\/pages\/1449\/revisions\/5722"}],"wp:attachment":[{"href":"https:\/\/aupairscout.com\/es\/wp-json\/wp\/v2\/media?parent=1449"}],"curies":[{"name":"wp","href":"https:\/\/api.w.org\/{rel}","templated":true}]}}