{"id":14,"date":"2016-04-15T14:41:16","date_gmt":"2016-04-15T12:41:16","guid":{"rendered":"https:\/\/au-pair-agency.axiomthemes.com.dv.axiomthemes.com\/?page_id=14"},"modified":"2025-08-19T14:19:37","modified_gmt":"2025-08-19T12:19:37","slug":"familias-premium","status":"publish","type":"page","link":"https:\/\/aupairscout.com\/es\/familias-premium\/","title":{"rendered":"lista de precios familiar"},"content":{"rendered":"<div class=\"wp-block-group pricelist family-premium has-global-padding is-layout-constrained wp-block-group-is-layout-constrained\">\n<section class=\"wp-block-group has-global-padding is-layout-constrained wp-block-group-is-layout-constrained\">\n<div class=\"wp-block-columns tiles aupair is-layout-flex wp-container-core-columns-is-layout-28f84493 wp-block-columns-is-layout-flex\">\n<div class=\"wp-block-column black flipbox is-layout-flow wp-block-column-is-layout-flow\">\n<div class=\"wp-block-group front has-global-padding is-layout-constrained wp-block-group-is-layout-constrained\">\n<figure class=\"wp-block-image size-full\"><img decoding=\"async\" src=\"https:\/\/aupairscout.com\/wp-content\/uploads\/2023\/10\/Abo-Kaufen.png\" alt=\"Comprar membres\u00eda b\u00e1sica para familia anfitriona \" class=\"wp-image-5172\"\/><\/figure>\n\n\n\n<h3 class=\"wp-block-heading\"><strong>3 meses<\/strong><\/h3>\n\n\n\n<p><strong>25,00 \u20ac al mes<\/strong> <br>Total 75,00 \u20ac<\/p>\n\n\n<div class=\"wp-block-buttons is-layout-flex wp-block-buttons-is-layout-flex\"><div class=\"wp-block-button\"><a class=\"wp-block-button__link wp-element-button\" href=\"\/familien-registrierung\">Registrarse + Comprar<\/a><\/div><!-- .wp-block-button --><\/div><!-- .wp-block-buttons is-layout-flex wp-block-buttons-is-layout-flex -->\n<\/div>\n\n\n\n<div class=\"wp-block-group back has-global-padding is-layout-constrained wp-block-group-is-layout-constrained\">\n<p>Paquete b\u00e1sico<br>Charla con au pairs durante 3 meses.<\/p>\n<\/div>\n<\/div>\n\n\n\n<div class=\"wp-block-column black flipbox is-layout-flow wp-block-column-is-layout-flow\">\n<div class=\"wp-block-group front has-global-padding is-layout-constrained wp-block-group-is-layout-constrained\">\n<figure class=\"wp-block-image size-full\"><img decoding=\"async\" src=\"https:\/\/aupairscout.com\/wp-content\/uploads\/2023\/10\/Abo-Kaufen.png\" alt=\"Comprar membres\u00eda est\u00e1ndar para familia anfitriona \" class=\"wp-image-5172\"\/><\/figure>\n\n\n\n<h3 class=\"wp-block-heading\"><strong>6 meses<\/strong><\/h3>\n\n\n\n<p><strong>20.00 \u20ac por mes<\/strong> <br>Total 120,00 \u20ac<\/p>\n\n\n<div class=\"wp-block-buttons is-layout-flex wp-block-buttons-is-layout-flex\"><div class=\"wp-block-button\"><a class=\"wp-block-button__link wp-element-button\" href=\"\/familien-registrierung\">Registrarse + Comprar<\/a><\/div><!-- .wp-block-button --><\/div><!-- .wp-block-buttons is-layout-flex wp-block-buttons-is-layout-flex -->\n<\/div>\n\n\n\n<div class=\"wp-block-group back has-global-padding is-layout-constrained wp-block-group-is-layout-constrained\">\n<p>Paquete est\u00e1ndar<br>Charla con au pairs durante 6 meses.<\/p>\n<\/div>\n<\/div>\n\n\n\n<div class=\"wp-block-column black flipbox is-layout-flow wp-block-column-is-layout-flow\">\n<div class=\"wp-block-group front has-global-padding is-layout-constrained wp-block-group-is-layout-constrained\">\n<figure class=\"wp-block-image size-full\"><img decoding=\"async\" src=\"https:\/\/aupairscout.com\/wp-content\/uploads\/2023\/10\/Abo-Kaufen.png\" alt=\"Comprar Membres\u00eda Premium para Familia Anfitriona \" class=\"wp-image-5172\"\/><\/figure>\n\n\n\n<h3 class=\"wp-block-heading\"><strong>12 meses<\/strong><\/h3>\n\n\n\n<p><strong>15.00 \u20ac por mes<\/strong> <br>Total 180,00 \u20ac<\/p>\n\n\n<div class=\"wp-block-buttons is-layout-flex wp-block-buttons-is-layout-flex\"><div class=\"wp-block-button\"><a class=\"wp-block-button__link wp-element-button\" href=\"\/familien-registrierung\">Registrarse + Comprar<\/a><\/div><!-- .wp-block-button --><\/div><!-- .wp-block-buttons is-layout-flex wp-block-buttons-is-layout-flex -->\n<\/div>\n\n\n\n<div class=\"wp-block-group back has-global-padding is-layout-constrained wp-block-group-is-layout-constrained\">\n<p>Paquete Premium<br>Charla con au pairs durante 12 meses.<\/p>\n<\/div>\n<\/div>\n<\/div>\n<\/section>\n\n\n\n<section class=\"wp-block-group has-global-padding is-layout-constrained wp-block-group-is-layout-constrained\">\n<h2 class=\"wp-block-heading\"><strong>lista de precios familiar<\/strong><\/h2>\n\n\n\n<p>Despu\u00e9s de tu registro gratuito, tienes la opci\u00f3n de elegir una de las tres opciones para ponerte en contacto con las au pairs. Estos difieren \u00fanicamente en la duraci\u00f3n del mandato.<\/p>\n\n\n\n<p class=\"listcaption\">AuPairScout ofrece a cambio:<\/p>\n\n\n\n<ul class=\"wp-block-list\">\n<li>Cont\u00e1ctanos a trav\u00e9s de mensajes personalizados<\/li>\n\n\n\n<li>Intercambio de m\u00e1s datos e informaci\u00f3n entre usuarios.<\/li>\n\n\n\n<li>Acceso a descripciones personales y referencias de los au pairs.<\/li>\n\n\n\n<li>Asesoramiento personal de AuPairScout<\/li>\n\n\n\n<li>D\u00e9cadas de experiencia como agencia au pair<\/li>\n\n\n\n<li>Comunicaci\u00f3n con nuestro equipo AuPairScout<\/li>\n<\/ul>\n<\/section>\n\n\n\n<section class=\"wp-block-group has-global-padding is-layout-constrained wp-block-group-is-layout-constrained\">\n<p><strong>Queridas familias de acogida alemanas:<\/strong><\/p>\n\n\n\n<p>\u00bfHas encontrado una au pair con nosotros o en otro lugar y te gustar\u00eda que te ayudemos con el proceso de colocaci\u00f3n con el servicio extra y que lo iniciemos nosotros por ti?<\/p>\n\n\n\n<p>Con nuestro \u201c<strong>Servicio Extra<\/strong>&quot; entonces <strong>S\u00f3lo mediaci\u00f3n<\/strong>, te ofrecemos: la colocaci\u00f3n de una au pair que t\u00fa mismo est\u00e1s buscando. Se refiere a un au pair que se ha registrado en nuestra galer\u00eda y que encontr\u00f3 a la familia anfitriona en nuestra galer\u00eda, o a trav\u00e9s de conocidos, anuncios, etc. Te cobramos por este servicio <strong>Tarifa \u00fanica de 250 \u20ac<\/strong>. Le proporcionaremos los documentos y consejos necesarios para la emisi\u00f3n de una visa au pair, as\u00ed como asistencia con los tr\u00e1mites necesarios.<\/p>\n\n\n\n<p>\u00a1Este servicio no se aplica a los au pairs que fueron colocados en nuestra galer\u00eda por nuestras agencias asociadas! Si un au pair viene a trav\u00e9s de una agencia se puede ver en el perfil del au pair. Esta mediaci\u00f3n la realiza exclusivamente la agencia del usuario.<\/p>\n\n\n\n<p>Puede encontrar m\u00e1s informaci\u00f3n en &quot;Preguntas frecuentes sobre el servicio adicional&quot;.<\/p>\n\n\n\n<p>Tenga en cuenta que la tarifa por este servicio es:&nbsp;<strong>250 euros<\/strong>&nbsp;vence inmediatamente y no podemos garantizar la au pair que has encontrado. Si su au pair no ingresa al pa\u00eds por alg\u00fan motivo o la relaci\u00f3n de au pair termina prematuramente, no le proporcionaremos ninguna compensaci\u00f3n y usted no recibir\u00e1 ning\u00fan cr\u00e9dito de nuestra parte.<\/p>\n<\/section>\n\n\n\n<section class=\"wp-block-group has-global-padding is-layout-constrained wp-block-group-is-layout-constrained\">\n<h2 class=\"wp-block-heading list-caption\">Opciones de pago<\/h2>\n\n\n\n<ul class=\"wp-block-list\">\n<li>PayPal<\/li>\n\n\n\n<li>Tarjeta de cr\u00e9dito<\/li>\n\n\n\n<li>Transferir<\/li>\n<\/ul>\n<\/section>\n\n\n\n<section class=\"wp-block-group with-background grey has-global-padding is-layout-constrained wp-block-group-is-layout-constrained\">\n<h2 class=\"wp-block-heading\">\u00bfPreguntas o inquietudes sobre la lista de precios?<\/h2>\n\n\n\n<div class=\"wp-block-getwid-accordion faq has-icon-left\" data-active-element=\"none\">\n<div class=\"wp-block-getwid-accordion__header-wrapper\"><span class=\"wp-block-getwid-accordion__header\"><a href=\"#\"><span class=\"wp-block-getwid-accordion__header-title\">\u00bfC\u00f3mo puedo ponerme en contacto con la au pair?<\/span><span class=\"wp-block-getwid-accordion__icon is-active\"><i class=\"fas fa-plus\"><\/i><\/span><span class=\"wp-block-getwid-accordion__icon is-passive\"><i class=\"fas fa-minus\"><\/i><\/span><\/a><\/span><\/div><div class=\"wp-block-getwid-accordion__content-wrapper\"><div class=\"wp-block-getwid-accordion__content\">\n<div class=\"wp-block-getwid-accordion has-icon-left\" data-active-element=\"none\">\n<div class=\"wp-block-getwid-accordion__header-wrapper\"><span class=\"wp-block-getwid-accordion__header\"><a href=\"#\"><span class=\"wp-block-getwid-accordion__header-title\">Ofertas por 3, 6 o 12 meses<\/span><span class=\"wp-block-getwid-accordion__icon is-active\"><i class=\"fas fa-plus\"><\/i><\/span><span class=\"wp-block-getwid-accordion__icon is-passive\"><i class=\"fas fa-minus\"><\/i><\/span><\/a><\/span><\/div><div class=\"wp-block-getwid-accordion__content-wrapper\"><div class=\"wp-block-getwid-accordion__content\">\n<p>Podr\u00e1s adquirir una opci\u00f3n de chat despu\u00e9s de haberte registrado y activado.<\/p>\n<\/div><\/div>\n\n\n\n<div class=\"wp-block-getwid-accordion__header-wrapper\"><span class=\"wp-block-getwid-accordion__header\"><a href=\"#\"><span class=\"wp-block-getwid-accordion__header-title\">\u00bfPor qu\u00e9 se cobran tarifas?<\/span><span class=\"wp-block-getwid-accordion__icon is-active\"><i class=\"fas fa-plus\"><\/i><\/span><span class=\"wp-block-getwid-accordion__icon is-passive\"><i class=\"fas fa-minus\"><\/i><\/span><\/a><\/span><\/div><div class=\"wp-block-getwid-accordion__content-wrapper\"><div class=\"wp-block-getwid-accordion__content\">\n<p>Solo puedes contactar a las au pairs mediante una opci\u00f3n de chat.<\/p>\n<\/div><\/div>\n\n\n\n<div class=\"wp-block-getwid-accordion__header-wrapper\"><span class=\"wp-block-getwid-accordion__header\"><a href=\"#\"><span class=\"wp-block-getwid-accordion__header-title\">AuPairScout ofrece a cambio:<\/span><span class=\"wp-block-getwid-accordion__icon is-active\"><i class=\"fas fa-plus\"><\/i><\/span><span class=\"wp-block-getwid-accordion__icon is-passive\"><i class=\"fas fa-minus\"><\/i><\/span><\/a><\/span><\/div><div class=\"wp-block-getwid-accordion__content-wrapper\"><div class=\"wp-block-getwid-accordion__content\">\n<ul class=\"wp-block-list\">\n<li>Cont\u00e1ctanos a trav\u00e9s de mensajes personalizados<\/li>\n\n\n\n<li>Intercambio de m\u00e1s datos e informaci\u00f3n entre usuarios.<\/li>\n\n\n\n<li>Acceso a descripciones personales y referencias de los au pairs.<\/li>\n\n\n\n<li>D\u00e9cadas de experiencia como agencia au pair<\/li>\n\n\n\n<li>Comunicaci\u00f3n con nuestro equipo AuPairScout<\/li>\n<\/ul>\n<\/div><\/div>\n<\/div>\n<\/div><\/div>\n\n\n\n<div class=\"wp-block-getwid-accordion__header-wrapper\"><span class=\"wp-block-getwid-accordion__header\"><a href=\"#\"><span class=\"wp-block-getwid-accordion__header-title\">\u00bfQu\u00e9 sucede al final del per\u00edodo pagado?<\/span><span class=\"wp-block-getwid-accordion__icon is-active\"><i class=\"fas fa-plus\"><\/i><\/span><span class=\"wp-block-getwid-accordion__icon is-passive\"><i class=\"fas fa-minus\"><\/i><\/span><\/a><\/span><\/div><div class=\"wp-block-getwid-accordion__content-wrapper\"><div class=\"wp-block-getwid-accordion__content\">\n<div class=\"wp-block-getwid-accordion has-icon-left\" data-active-element=\"none\">\n<div class=\"wp-block-getwid-accordion__header-wrapper\"><span class=\"wp-block-getwid-accordion__header\"><a href=\"#\"><span class=\"wp-block-getwid-accordion__header-title\">Cuando termina una oportunidad de chat<\/span><span class=\"wp-block-getwid-accordion__icon is-active\"><i class=\"fas fa-plus\"><\/i><\/span><span class=\"wp-block-getwid-accordion__icon is-passive\"><i class=\"fas fa-minus\"><\/i><\/span><\/a><\/span><\/div><div class=\"wp-block-getwid-accordion__content-wrapper\"><div class=\"wp-block-getwid-accordion__content\">\n<p>Una vez cerrada la opci\u00f3n de chat, ya no podr\u00e1s contactar con la au pair ni leer ni responder mensajes. Sin embargo, siempre puedes comprar una nueva opci\u00f3n de chat y volver\u00e1 a funcionar.<\/p>\n<\/div><\/div>\n<\/div>\n<\/div><\/div>\n\n\n\n<div class=\"wp-block-getwid-accordion__header-wrapper\"><span class=\"wp-block-getwid-accordion__header\"><a href=\"#\"><span class=\"wp-block-getwid-accordion__header-title\">\u00bfC\u00f3mo puedo cancelar mi membres\u00eda?<\/span><span class=\"wp-block-getwid-accordion__icon is-active\"><i class=\"fas fa-plus\"><\/i><\/span><span class=\"wp-block-getwid-accordion__icon is-passive\"><i class=\"fas fa-minus\"><\/i><\/span><\/a><\/span><\/div><div class=\"wp-block-getwid-accordion__content-wrapper\"><div class=\"wp-block-getwid-accordion__content\">\n<div class=\"wp-block-getwid-accordion has-icon-left\" data-active-element=\"none\">\n<div class=\"wp-block-getwid-accordion__header-wrapper\"><span class=\"wp-block-getwid-accordion__header\"><a href=\"#\"><span class=\"wp-block-getwid-accordion__header-title\">\u00bfC\u00f3mo cancelo una membres\u00eda?<\/span><span class=\"wp-block-getwid-accordion__icon is-active\"><i class=\"fas fa-plus\"><\/i><\/span><span class=\"wp-block-getwid-accordion__icon is-passive\"><i class=\"fas fa-minus\"><\/i><\/span><\/a><\/span><\/div><div class=\"wp-block-getwid-accordion__content-wrapper\"><div class=\"wp-block-getwid-accordion__content\">\n<p>Cada opci\u00f3n de chat finaliza autom\u00e1ticamente despu\u00e9s del t\u00e9rmino seleccionado y no es necesario cancelarla. Sin embargo, si desea ampliar su suscripci\u00f3n, puede adquirir una nueva opci\u00f3n de chat.<\/p>\n<\/div><\/div>\n<\/div>\n<\/div><\/div>\n<\/div>\n<\/section>\n<\/div>\n\n\n\n<section id=\"last-cta\" class=\"wp-block-group with-background small has-global-padding is-layout-constrained wp-block-group-is-layout-constrained\">\n<div class=\"wp-block-columns aupair is-layout-flex wp-container-core-columns-is-layout-28f84493 wp-block-columns-is-layout-flex\">\n<div class=\"wp-block-column is-layout-flow wp-block-column-is-layout-flow\">\n<h2 class=\"wp-block-heading\"><strong>\u00a1Reg\u00edstrate ahora gratis!<\/strong><\/h2>\n\n\n\n<h5 class=\"wp-block-heading\">HEMOS REUNIDO A AU PAIRS, FAMILIAS ANFITRIONES, AGENCIAS, ESCUELAS DE IDIOMAS Y CLUBS AU PAIR EN TODO EL MUNDO DESDE 1997.<\/h5>\n<\/div>\n\n\n\n<div class=\"wp-block-column is-layout-flow wp-block-column-is-layout-flow\">\n<div class=\"wp-block-buttons is-layout-flex wp-block-buttons-is-layout-flex\">\n<div class=\"wp-block-button highlighted\"><a class=\"wp-block-button__link wp-element-button\" href=\"\/#registrierung\"><strong>Vamos a ir<\/strong><\/a><\/div>\n<\/div>\n<\/div>\n<\/div>\n<\/section>","protected":false},"excerpt":{"rendered":"","protected":false},"author":990158,"featured_media":0,"parent":0,"menu_order":0,"comment_status":"closed","ping_status":"closed","template":"","meta":{"footnotes":""},"class_list":["post-14","page","type-page","status-publish","hentry"],"_links":{"self":[{"href":"https:\/\/aupairscout.com\/es\/wp-json\/wp\/v2\/pages\/14","targetHints":{"allow":["GET"]}}],"collection":[{"href":"https:\/\/aupairscout.com\/es\/wp-json\/wp\/v2\/pages"}],"about":[{"href":"https:\/\/aupairscout.com\/es\/wp-json\/wp\/v2\/types\/page"}],"author":[{"embeddable":true,"href":"https:\/\/aupairscout.com\/es\/wp-json\/wp\/v2\/users\/990158"}],"replies":[{"embeddable":true,"href":"https:\/\/aupairscout.com\/es\/wp-json\/wp\/v2\/comments?post=14"}],"version-history":[{"count":52,"href":"https:\/\/aupairscout.com\/es\/wp-json\/wp\/v2\/pages\/14\/revisions"}],"predecessor-version":[{"id":7328,"href":"https:\/\/aupairscout.com\/es\/wp-json\/wp\/v2\/pages\/14\/revisions\/7328"}],"wp:attachment":[{"href":"https:\/\/aupairscout.com\/es\/wp-json\/wp\/v2\/media?parent=14"}],"curies":[{"name":"wp","href":"https:\/\/api.w.org\/{rel}","templated":true}]}}