{"id":10,"date":"2016-04-15T14:40:44","date_gmt":"2016-04-15T14:40:44","guid":{"rendered":"https:\/\/au-pair-agency.axiomthemes.com.dv.axiomthemes.com\/?page_id=10"},"modified":"2025-03-13T16:49:58","modified_gmt":"2025-03-13T15:49:58","slug":"sobre-aupairscout","status":"publish","type":"page","link":"https:\/\/aupairscout.com\/es\/sobre-aupairscout\/","title":{"rendered":"Acerca De AuPair Scout"},"content":{"rendered":"<section class=\"wp-block-group has-global-padding is-layout-constrained wp-block-group-is-layout-constrained\">\n<h2 class=\"wp-block-heading centred\"><strong>La sede de Aupair ahora es AuPairScout<\/strong><\/h2>\n\n\n\n<div class=\"wp-block-columns is-layout-flex wp-container-core-columns-is-layout-28f84493 wp-block-columns-is-layout-flex\">\n<div class=\"wp-block-column is-layout-flow wp-block-column-is-layout-flow\">\n<figure class=\"wp-block-image size-full\"><img loading=\"lazy\" decoding=\"async\" width=\"900\" height=\"600\" src=\"https:\/\/aupairscout.com\/wp-content\/uploads\/2025\/03\/Au-pair-Scout-weltweit.jpg\" alt=\"AuPairScout ofrece la oportunidad de intercambio mundial entre au pairs, familias anfitrionas, agencias, escuelas de idiomas y clubes de au pairs. \" class=\"wp-image-6852\" srcset=\"https:\/\/aupairscout.com\/wp-content\/uploads\/2025\/03\/Au-pair-Scout-weltweit.jpg 900w, https:\/\/aupairscout.com\/wp-content\/uploads\/2025\/03\/Au-pair-Scout-weltweit-300x200.jpg 300w, https:\/\/aupairscout.com\/wp-content\/uploads\/2025\/03\/Au-pair-Scout-weltweit-768x512.jpg 768w, https:\/\/aupairscout.com\/wp-content\/uploads\/2025\/03\/Au-pair-Scout-weltweit-18x12.jpg 18w, https:\/\/aupairscout.com\/wp-content\/uploads\/2025\/03\/Au-pair-Scout-weltweit-600x400.jpg 600w\" sizes=\"auto, (max-width: 900px) 100vw, 900px\" \/><\/figure>\n<\/div>\n\n\n\n<div class=\"wp-block-column is-layout-flow wp-block-column-is-layout-flow\">\n<figure class=\"wp-block-image size-full\"><img loading=\"lazy\" decoding=\"async\" width=\"900\" height=\"600\" src=\"https:\/\/aupairscout.com\/wp-content\/uploads\/2025\/03\/Au-pair-Zentrale-seit-1997.jpg\" alt=\"Desde que se fund\u00f3 la sede de au pairs en 1997, hemos colocado con \u00e9xito au pairs con familias anfitrionas en Alemania como una agencia de Internet de servicio completo.\" class=\"wp-image-6853\" srcset=\"https:\/\/aupairscout.com\/wp-content\/uploads\/2025\/03\/Au-pair-Zentrale-seit-1997.jpg 900w, https:\/\/aupairscout.com\/wp-content\/uploads\/2025\/03\/Au-pair-Zentrale-seit-1997-300x200.jpg 300w, https:\/\/aupairscout.com\/wp-content\/uploads\/2025\/03\/Au-pair-Zentrale-seit-1997-768x512.jpg 768w, https:\/\/aupairscout.com\/wp-content\/uploads\/2025\/03\/Au-pair-Zentrale-seit-1997-18x12.jpg 18w, https:\/\/aupairscout.com\/wp-content\/uploads\/2025\/03\/Au-pair-Zentrale-seit-1997-600x400.jpg 600w\" sizes=\"auto, (max-width: 900px) 100vw, 900px\" \/><\/figure>\n<\/div>\n<\/div>\n\n\n\n<p>Desde que se fund\u00f3 la sede de au pairs en 1997 \u2013 2023, hemos colocado con \u00e9xito au pairs con familias anfitrionas en Alemania como una agencia de Internet de servicio completo.<\/p>\n\n\n\n<p>Con AuPairScout desde el 01.2024 \u2013 \u221e . Bas\u00e1ndonos en esta experiencia, nos hemos reorientado en lo que respecta a la colocaci\u00f3n de au pair. Ahora dispone de una presentaci\u00f3n en Internet moderna, contempor\u00e1nea y orientada al cliente.<\/p>\n\n\n\n<p>Pero sobre todo: con un nuevo concepto, AuPairScout le ofrecer\u00e1 en el futuro la oportunidad de un intercambio global entre au pairs, familias anfitrionas, agencias, escuelas de idiomas y clubes de au pairs. Por supuesto, todav\u00eda estamos disponibles para asesorarte.<\/p>\n\n\n\n<p><strong>Nuestra experiencia:<\/strong> Con el tiempo, hemos conseguido conquistar un gran n\u00famero de clientes habituales, entre ellos numerosos personajes p\u00fablicos, que a\u00f1o tras a\u00f1o siguen confiando en nosotros.<\/p>\n\n\n\n<p><strong>Nuestro lema:<\/strong> \u00a1Calidad sobre cantidad! La gran mayor\u00eda de nuestros au pairs est\u00e1n registrados con nosotros a trav\u00e9s de nuestras agencias asociadas. Esto le brinda la seguridad de que toda la informaci\u00f3n proporcionada en el perfil del au pair ha sido verificada en el sitio. Entrevistamos en detalle a los au pairs que no est\u00e1n registrados a trav\u00e9s de agencias asociadas.<\/p>\n\n\n\n<div class=\"wp-block-columns is-layout-flex wp-container-core-columns-is-layout-28f84493 wp-block-columns-is-layout-flex\">\n<div class=\"wp-block-column is-layout-flow wp-block-column-is-layout-flow\">\n<ul class=\"wp-block-list checked\">\n<li>Experiencia au pair desde 1997<\/li>\n\n\n\n<li>Registro gratis<\/li>\n\n\n\n<li>Precios transparentes<\/li>\n\n\n\n<li>Preguntas frecuentes detalladas<\/li>\n\n\n\n<li>Perfiles verificados<\/li>\n<\/ul>\n<\/div>\n\n\n\n<div class=\"wp-block-column is-layout-flow wp-block-column-is-layout-flow\">\n<ul class=\"wp-block-list checked\">\n<li>Seguridad cifrada SSL<\/li>\n\n\n\n<li>Soporte por correo electr\u00f3nico y tel\u00e9fono<\/li>\n\n\n\n<li>Agencias con asesoramiento<\/li>\n\n\n\n<li>Escuelas de idiomas<\/li>\n\n\n\n<li>clubes de au pairs<\/li>\n<\/ul>\n<\/div>\n<\/div>\n<\/section>","protected":false},"excerpt":{"rendered":"<p>Aupairzentrale ist jetzt AuPairScout Seit Gr\u00fcndung der Aupairzentrale im Jahre 1997 &#8211; 2023, vermitteln wir als Full Service Internet-Agentur erfolgreich Au-pairs an Gastfamilien in Deutschland. Mit AuPairScout seit 01.2024 &#8211; \u221e . basierend auf dieser Erfahrung \u2013 haben wir uns bei der Au-pair-Vermittlung neu orientiert. Ihnen er\u00f6ffnet sich nunmehr eine moderne, zeitgem\u00e4\u00dfe und kundenorientierte Internet-Pr\u00e4sentation. [&hellip;]<\/p>\n","protected":false},"author":990158,"featured_media":0,"parent":0,"menu_order":0,"comment_status":"closed","ping_status":"closed","template":"","meta":{"footnotes":""},"class_list":["post-10","page","type-page","status-publish","hentry"],"_links":{"self":[{"href":"https:\/\/aupairscout.com\/es\/wp-json\/wp\/v2\/pages\/10","targetHints":{"allow":["GET"]}}],"collection":[{"href":"https:\/\/aupairscout.com\/es\/wp-json\/wp\/v2\/pages"}],"about":[{"href":"https:\/\/aupairscout.com\/es\/wp-json\/wp\/v2\/types\/page"}],"author":[{"embeddable":true,"href":"https:\/\/aupairscout.com\/es\/wp-json\/wp\/v2\/users\/990158"}],"replies":[{"embeddable":true,"href":"https:\/\/aupairscout.com\/es\/wp-json\/wp\/v2\/comments?post=10"}],"version-history":[{"count":11,"href":"https:\/\/aupairscout.com\/es\/wp-json\/wp\/v2\/pages\/10\/revisions"}],"predecessor-version":[{"id":6856,"href":"https:\/\/aupairscout.com\/es\/wp-json\/wp\/v2\/pages\/10\/revisions\/6856"}],"wp:attachment":[{"href":"https:\/\/aupairscout.com\/es\/wp-json\/wp\/v2\/media?parent=10"}],"curies":[{"name":"wp","href":"https:\/\/api.w.org\/{rel}","templated":true}]}}