{"id":7281,"date":"2025-08-14T11:25:52","date_gmt":"2025-08-14T09:25:52","guid":{"rendered":"https:\/\/aupairscout.com\/?page_id=7281"},"modified":"2025-08-19T12:32:13","modified_gmt":"2025-08-19T10:32:13","slug":"au-pair-price-list","status":"publish","type":"page","link":"https:\/\/aupairscout.com\/en\/au-pair-price-list\/","title":{"rendered":"Au pair price list"},"content":{"rendered":"<section class=\"wp-block-group pricelist au-pair-premium has-global-padding is-layout-constrained wp-block-group-is-layout-constrained\">\n<div class=\"wp-block-columns tiles text-left aupair is-layout-flex wp-container-core-columns-is-layout-28f84493 wp-block-columns-is-layout-flex\">\n<div class=\"wp-block-column is-layout-flow wp-block-column-is-layout-flow\">\n<h2 class=\"wp-block-heading\">Au pair price list<\/h2>\n\n\n\n<p>Au pairs with a basic profile can find and contact families for free. Families with a premium membership can then reply.<\/p>\n\n\n\n<p><strong>New:<\/strong> Au pairs now also have the option to purchase a premium membership, allowing them to reply to families and other participants even without their own premium membership. Don&#039;t wait for the families to reply \u2013 take the initiative yourself!<\/p>\n\n\n\n<p class=\"listcaption\">In return, AuPairScout offers:<\/p>\n\n\n\n<ul class=\"wp-block-list\">\n<li>Actively establish contact with families and other participants<\/li>\n\n\n\n<li>Families and other participants can reply without their own membership.<\/li>\n\n\n\n<li>Access to all family data<\/li>\n\n\n\n<li>Personal advice from AuPairScout<\/li>\n\n\n\n<li>Membership is <strong>Valid for 12 months<\/strong>This is also sufficient for finding another position afterwards, for example in another host country.<\/li>\n<\/ul>\n<\/div>\n\n\n\n<div class=\"wp-block-column black front is-layout-flow wp-block-column-is-layout-flow\">\n<figure class=\"wp-block-image size-large\"><img decoding=\"async\" src=\"https:\/\/aupairscout.com\/wp-content\/uploads\/2023\/10\/Abo-Kaufen.png\" alt=\"Buy an au pair membership \"\/><\/figure>\n\n\n\n<h3 class=\"wp-block-heading\"><strong><strong>Membership 12 months<\/strong><\/strong><\/h3>\n\n\n\n<p><strong>120.00 \u20ac<\/strong><br>10.00 \u20ac per month<\/p>\n\n\n<div class=\"wp-block-buttons is-layout-flex wp-block-buttons-is-layout-flex\"><div class=\"wp-block-button\"><a class=\"single_add_to_cart_button button wp-block-button__link wp-element-button\" href=\"\/au-pair-registrierung\">Register + Buy<\/a><\/div><!-- .wp-block-button --><\/div><!-- .wp-block-buttons is-layout-flex wp-block-buttons-is-layout-flex -->\n\n\n\n<p>Premium Membership<br>Chat with families for 12 months.<\/p>\n<\/div>\n<\/div>\n<\/section>","protected":false},"excerpt":{"rendered":"<p>Au-pair Preisliste Au-pairs mit Basis Profil k\u00f6nnen kostenlos Familien finden und diese kontaktieren. Diese k\u00f6nnen darauf bei eigener Premium Mitgliedschaft antworten. Neu: Auch f\u00fcr Au-pairs besteht nun die M\u00f6glichkeit, eine Premium Mitgliedschaft zu kaufen, dann k\u00f6nnen Familien und anderen Teilnehmern auch ohne eigene Premium Mitgliedschaft antworten. Nicht auf die Familien warten, sondern selbst aktiv werden! [&hellip;]<\/p>\n","protected":false},"author":1,"featured_media":0,"parent":0,"menu_order":0,"comment_status":"closed","ping_status":"closed","template":"","meta":{"footnotes":""},"class_list":["post-7281","page","type-page","status-publish","hentry"],"_links":{"self":[{"href":"https:\/\/aupairscout.com\/en\/wp-json\/wp\/v2\/pages\/7281","targetHints":{"allow":["GET"]}}],"collection":[{"href":"https:\/\/aupairscout.com\/en\/wp-json\/wp\/v2\/pages"}],"about":[{"href":"https:\/\/aupairscout.com\/en\/wp-json\/wp\/v2\/types\/page"}],"author":[{"embeddable":true,"href":"https:\/\/aupairscout.com\/en\/wp-json\/wp\/v2\/users\/1"}],"replies":[{"embeddable":true,"href":"https:\/\/aupairscout.com\/en\/wp-json\/wp\/v2\/comments?post=7281"}],"version-history":[{"count":8,"href":"https:\/\/aupairscout.com\/en\/wp-json\/wp\/v2\/pages\/7281\/revisions"}],"predecessor-version":[{"id":7327,"href":"https:\/\/aupairscout.com\/en\/wp-json\/wp\/v2\/pages\/7281\/revisions\/7327"}],"wp:attachment":[{"href":"https:\/\/aupairscout.com\/en\/wp-json\/wp\/v2\/media?parent=7281"}],"curies":[{"name":"wp","href":"https:\/\/api.w.org\/{rel}","templated":true}]}}