{"id":6987,"date":"2025-04-27T15:38:11","date_gmt":"2025-04-27T13:38:11","guid":{"rendered":"https:\/\/aupairscout.com\/?page_id=6987"},"modified":"2025-07-30T17:40:08","modified_gmt":"2025-07-30T15:40:08","slug":"extension-of-information-service","status":"publish","type":"page","link":"https:\/\/aupairscout.com\/en\/extension-of-information-service\/","title":{"rendered":"Extension of information service"},"content":{"rendered":"<section class=\"wp-block-group single-track near has-global-padding is-layout-constrained wp-block-group-is-layout-constrained\">\n<p>Dear prospective customer,<\/p>\n\n\n\n<p>Here you can renew a specific information service if you want to continue receiving emails related to this search query. Or you can renew all information services for your email address at once.<\/p>\n\n\n\n<p>We hope the information services help you find an au pair or host family, and we will remind you again in a few weeks to deregister or extend your stay.<\/p>\n\n\n\n<p>Best regards,<br>\u00a0 the AuPairScout team<\/p>\n\n\n<p class=\"shortcode-message error\">No data found<\/p>\n<\/section>","protected":false},"excerpt":{"rendered":"<p>Liebe Interessentin \/ lieber Interessent, hier kannst du einen bestimmten Infodienst verl\u00e4ngern, wenn du zu dieser Suchanfrage weiterhin Mails bekommen m\u00f6chtest. Oder du verl\u00e4ngerst alle Infodienste zu deiner E-Mail-Adresse gleichzeitig. Wir hoffen, die Infodienste helfen dir, ein Au-pair oder eine Gastfamilie zu finden und werden wir dich f\u00fcr die Verl\u00e4ngerungen in ein paar Wochen wieder [&hellip;]<\/p>\n","protected":false},"author":1,"featured_media":0,"parent":0,"menu_order":0,"comment_status":"closed","ping_status":"closed","template":"","meta":{"footnotes":""},"class_list":["post-6987","page","type-page","status-publish","hentry"],"_links":{"self":[{"href":"https:\/\/aupairscout.com\/en\/wp-json\/wp\/v2\/pages\/6987","targetHints":{"allow":["GET"]}}],"collection":[{"href":"https:\/\/aupairscout.com\/en\/wp-json\/wp\/v2\/pages"}],"about":[{"href":"https:\/\/aupairscout.com\/en\/wp-json\/wp\/v2\/types\/page"}],"author":[{"embeddable":true,"href":"https:\/\/aupairscout.com\/en\/wp-json\/wp\/v2\/users\/1"}],"replies":[{"embeddable":true,"href":"https:\/\/aupairscout.com\/en\/wp-json\/wp\/v2\/comments?post=6987"}],"version-history":[{"count":2,"href":"https:\/\/aupairscout.com\/en\/wp-json\/wp\/v2\/pages\/6987\/revisions"}],"predecessor-version":[{"id":7192,"href":"https:\/\/aupairscout.com\/en\/wp-json\/wp\/v2\/pages\/6987\/revisions\/7192"}],"wp:attachment":[{"href":"https:\/\/aupairscout.com\/en\/wp-json\/wp\/v2\/media?parent=6987"}],"curies":[{"name":"wp","href":"https:\/\/api.w.org\/{rel}","templated":true}]}}