{"id":6971,"date":"2025-04-21T18:05:12","date_gmt":"2025-04-21T16:05:12","guid":{"rendered":"https:\/\/aupairscout.com\/?page_id=6971"},"modified":"2025-06-16T15:46:14","modified_gmt":"2025-06-16T13:46:14","slug":"unsubscribe-from-information-service","status":"publish","type":"page","link":"https:\/\/aupairscout.com\/en\/unsubscribe-from-information-service\/","title":{"rendered":"Unsubscribe from information service"},"content":{"rendered":"<section class=\"wp-block-group single-track near has-global-padding is-layout-constrained wp-block-group-is-layout-constrained\">\n<h2 class=\"wp-block-heading\">Unsubscribe from information service<\/h2>\n\n\n\n<p>Dear Users,<\/p>\n\n\n\n<p>Here you can unsubscribe from a specific information service and will no longer receive emails for this search query. Alternatively, you can unsubscribe from all information services associated with your email address. You can resubscribe to information services (searching for au pairs, host families, etc.) at any time later.<\/p>\n\n\n\n<p>Best regards,<\/p>\n\n\n\n<p>Your AuPairScout team<\/p>\n\n\n<p class=\"shortcode-message error\">No data found<\/p>\n<\/section>","protected":false},"excerpt":{"rendered":"<p>Abmeldung Infodienst Liebe Nutzer, hier k\u00f6nnen sie einen bestimmten Infodienst beenden und bekommen dann f\u00fcr diese Suchanfrage keine Mails mehr. Oder Sie beenden alle Infodienste zu Ihrer E-Mail-Adresse. Sie k\u00f6nnen sich sp\u00e4ter jederzeit wieder neu f\u00fcr Infodienste (Suche nach Au-pairs \/ Gastfamilien \/ usw.) anmelden. Mit freundlichen Gr\u00fc\u00dfen, Ihr Team von AuPairScout<\/p>","protected":false},"author":990158,"featured_media":0,"parent":0,"menu_order":0,"comment_status":"closed","ping_status":"closed","template":"","meta":{"footnotes":""},"class_list":["post-6971","page","type-page","status-publish","hentry"],"_links":{"self":[{"href":"https:\/\/aupairscout.com\/en\/wp-json\/wp\/v2\/pages\/6971","targetHints":{"allow":["GET"]}}],"collection":[{"href":"https:\/\/aupairscout.com\/en\/wp-json\/wp\/v2\/pages"}],"about":[{"href":"https:\/\/aupairscout.com\/en\/wp-json\/wp\/v2\/types\/page"}],"author":[{"embeddable":true,"href":"https:\/\/aupairscout.com\/en\/wp-json\/wp\/v2\/users\/990158"}],"replies":[{"embeddable":true,"href":"https:\/\/aupairscout.com\/en\/wp-json\/wp\/v2\/comments?post=6971"}],"version-history":[{"count":12,"href":"https:\/\/aupairscout.com\/en\/wp-json\/wp\/v2\/pages\/6971\/revisions"}],"predecessor-version":[{"id":7107,"href":"https:\/\/aupairscout.com\/en\/wp-json\/wp\/v2\/pages\/6971\/revisions\/7107"}],"wp:attachment":[{"href":"https:\/\/aupairscout.com\/en\/wp-json\/wp\/v2\/media?parent=6971"}],"curies":[{"name":"wp","href":"https:\/\/api.w.org\/{rel}","templated":true}]}}