{"id":6128,"date":"2024-06-19T12:54:57","date_gmt":"2024-06-19T10:54:57","guid":{"rendered":"https:\/\/aupairscout.com\/?page_id=6128"},"modified":"2025-03-21T08:22:39","modified_gmt":"2025-03-21T07:22:39","slug":"language-workshop","status":"publish","type":"page","link":"https:\/\/aupairscout.com\/en\/language-workshop\/","title":{"rendered":"Language workshop"},"content":{"rendered":"<section id=\"Profilseite\" class=\"wp-block-group has-global-padding is-layout-constrained wp-block-group-is-layout-constrained\">\n<p>Family membership at aupairscout.de<\/p>\n\n\n\n<p>Agency membership at aupairscout.de<\/p>\n\n\n\n<p>Language schools Membership at aupairscout.de<\/p>\n\n\n\n<p>Buy a host family membership and activate messages!<\/p>\n\n\n\n<p>Buy agency membership and activate messages!<\/p>\n\n\n\n<p>Buy a language school membership and activate messages!<\/p>\n<\/section>\n\n\n\n<section id=\"Meldungen\" class=\"wp-block-group has-global-padding is-layout-constrained wp-block-group-is-layout-constrained\">\n<p><strong>Unfortunately, the AuPairScout database currently does not contain any au pair clubs that match your search<\/strong>. Therefore, first try to expand your search by avoiding restrictive search criteria.<\/p>\n\n\n\n<p>If you still can\u2019t find what you\u2019re looking for, use our free&nbsp;<a href=\"https:\/\/aupairscout.com\/%20au-pair-club-finden#info-service\">Info service<\/a>. Tip: If you&nbsp;<a href=\"https:\/\/aupairscout.com\/au-pair-registrierung\">register here on the website<\/a>, then you will be found and contacted by host families, agencies and language schools.<\/p>\n\n\n\n<p><strong>Unfortunately, the AuPairScout database currently does not contain any language schools that match your search<\/strong>. Therefore, first try to expand your search by avoiding restrictive search criteria.<\/p>\n\n\n\n<p>If you still can\u2019t find what you\u2019re looking for, use our free&nbsp;<a href=\"https:\/\/aupairscout.com\/sprachschule-finden#info-service\">Info service<\/a>. Or you&nbsp;<a href=\"https:\/\/aupairscout.com\/au-pair-registrierung\">register right here on the website<\/a>, then you will be found and contacted by host families, agencies and language schools.<\/p>\n\n\n\n<p><strong>Unfortunately, the AuPairScout database currently does not contain any agencies that match your search<\/strong>. Therefore, first try to expand your search by avoiding restrictive search criteria.<\/p>\n\n\n\n<p>If you still can\u2019t find what you\u2019re looking for, use our free&nbsp;<a href=\"https:\/\/aupairscout.com\/agenturen-finden#info-service\">Info service<\/a>. Or you&nbsp;<a href=\"https:\/\/aupairscout.com\/au-pair-registrierung\">register right here on the website<\/a>, then you will be found and contacted by agencies.<\/p>\n\n\n\n<p><strong>Unfortunately, the AuPairScout database currently does not contain any host families that match your search<\/strong>. So first try to broaden your search by avoiding restrictive search criteria. Maybe you will find a suitable family for you.<\/p>\n\n\n\n<p>If you still can\u2019t find what you\u2019re looking for, use our free&nbsp;<a href=\"https:\/\/aupairscout.com\/gastfamilie-finden#info-service\">Info service<\/a>The better you specify what you are looking for, the sooner we can inform you by email about new host families on Au-Pair Scout that match your search. Or you can register&nbsp;<a href=\"https:\/\/aupairscout.com\/au-pair-registrierung\">right here on the website<\/a>, then you will be found and contacted.<\/p>\n\n\n\n<p><strong>Unfortunately, the AuPairScout database currently does not contain any au pairs that match your search<\/strong>. Therefore, try to broaden your search by avoiding restrictive search criteria. Perhaps you will find a suitable au pair after all.<\/p>\n\n\n\n<p>If you still can\u2019t find what you\u2019re looking for, use our free&nbsp;<a href=\"https:\/\/aupairscout.com\/au-pair-finden#info-service\">Info service<\/a>The better you specify what you are looking for, the sooner we can inform you by email about new au pairs on Au-pair Scout who match your search. Or you can register&nbsp;<a href=\"https:\/\/aupairscout.com\/familien-registrierung\">right here on the website<\/a>, then they will be found and contacted themselves.<\/p>\n<\/section>","protected":false},"excerpt":{"rendered":"<p>Familien Mitgliedschaft bei aupairscout.de Agentur Mitgliedschaft bei aupairscout.de Sprachschulen Mitgliedschaft bei aupairscout.de Mitgliedschaft f\u00fcr Gastfamilie kaufen und Nachrichten aktivieren! Mitgliedschaft f\u00fcr Agentur kaufen und Nachrichten aktivieren! Mitgliedschaft f\u00fcr Sprachschule kaufen und Nachrichten aktivieren! Leider enth\u00e4lt die AuPairScout Datenbank derzeit keine Au-pair Clubs, die zu deiner Suche passen. Versuche daher zun\u00e4chst die Suche zu erweitern, indem [&hellip;]<\/p>\n","protected":false},"author":1,"featured_media":0,"parent":0,"menu_order":0,"comment_status":"closed","ping_status":"closed","template":"","meta":{"footnotes":""},"class_list":["post-6128","page","type-page","status-publish","hentry"],"_links":{"self":[{"href":"https:\/\/aupairscout.com\/en\/wp-json\/wp\/v2\/pages\/6128","targetHints":{"allow":["GET"]}}],"collection":[{"href":"https:\/\/aupairscout.com\/en\/wp-json\/wp\/v2\/pages"}],"about":[{"href":"https:\/\/aupairscout.com\/en\/wp-json\/wp\/v2\/types\/page"}],"author":[{"embeddable":true,"href":"https:\/\/aupairscout.com\/en\/wp-json\/wp\/v2\/users\/1"}],"replies":[{"embeddable":true,"href":"https:\/\/aupairscout.com\/en\/wp-json\/wp\/v2\/comments?post=6128"}],"version-history":[{"count":9,"href":"https:\/\/aupairscout.com\/en\/wp-json\/wp\/v2\/pages\/6128\/revisions"}],"predecessor-version":[{"id":6902,"href":"https:\/\/aupairscout.com\/en\/wp-json\/wp\/v2\/pages\/6128\/revisions\/6902"}],"wp:attachment":[{"href":"https:\/\/aupairscout.com\/en\/wp-json\/wp\/v2\/media?parent=6128"}],"curies":[{"name":"wp","href":"https:\/\/api.w.org\/{rel}","templated":true}]}}