{"id":5134,"date":"2023-10-15T17:24:54","date_gmt":"2023-10-15T15:24:54","guid":{"rendered":"https:\/\/aupairscout.com\/?page_id=5134"},"modified":"2024-12-26T10:32:46","modified_gmt":"2024-12-26T09:32:46","slug":"this-is-how-it-works-for-au-pair-clubs","status":"publish","type":"page","link":"https:\/\/aupairscout.com\/en\/this-is-how-it-works-for-au-pair-clubs\/","title":{"rendered":"Au pair clubs: How they work"},"content":{"rendered":"<div id=\"pagehead\" class=\"wp-block-group has-global-padding is-layout-constrained wp-block-group-is-layout-constrained\">\n<div class=\"wp-block-columns is-layout-flex wp-container-core-columns-is-layout-28f84493 wp-block-columns-is-layout-flex\">\n<div class=\"wp-block-column is-layout-flow wp-block-column-is-layout-flow\">\n<figure class=\"wp-block-image size-large\"><img loading=\"lazy\" decoding=\"async\" width=\"1024\" height=\"672\" src=\"https:\/\/aupairscout.com\/wp-content\/uploads\/2023\/10\/Registrierung-Au-Pair-Club-1024x672.jpg\" alt=\"4 steps to Au-pair Club registration\" class=\"wp-image-4845\" srcset=\"https:\/\/aupairscout.com\/wp-content\/uploads\/2023\/10\/Registrierung-Au-Pair-Club-1024x672.jpg 1024w, https:\/\/aupairscout.com\/wp-content\/uploads\/2023\/10\/Registrierung-Au-Pair-Club-300x197.jpg 300w, https:\/\/aupairscout.com\/wp-content\/uploads\/2023\/10\/Registrierung-Au-Pair-Club-768x504.jpg 768w, https:\/\/aupairscout.com\/wp-content\/uploads\/2023\/10\/Registrierung-Au-Pair-Club-18x12.jpg 18w, https:\/\/aupairscout.com\/wp-content\/uploads\/2023\/10\/Registrierung-Au-Pair-Club-600x394.jpg 600w, https:\/\/aupairscout.com\/wp-content\/uploads\/2023\/10\/Registrierung-Au-Pair-Club.jpg 1280w\" sizes=\"auto, (max-width: 1024px) 100vw, 1024px\" \/><\/figure>\n<\/div>\n\n\n\n<div class=\"wp-block-column is-layout-flow wp-block-column-is-layout-flow\">\n<h2 class=\"wp-block-heading\"><strong>4 steps to Au-pair Club registration<\/strong><\/h2>\n\n\n\n<p>Here you have the opportunity to register for free as an au pair club\/meeting point and present yourself online worldwide. Here you will be contacted by au pairs who have found a host family nearby or by host families who have taken in an au pair in their home nearby. Au pairs are often looking for like-minded people or new friends for their free time. Please follow the 4 steps below. <\/p>\n<\/div>\n<\/div>\n<\/div>\n\n\n\n<section class=\"wp-block-group near has-global-padding is-layout-constrained wp-block-group-is-layout-constrained\">\n<div class=\"wp-block-getwid-accordion has-icon-left\" data-active-element=\"0\">\n<div class=\"wp-block-getwid-accordion__header-wrapper\"><span class=\"wp-block-getwid-accordion__header\"><a href=\"#\"><span class=\"wp-block-getwid-accordion__header-title\">Registration<\/span><span class=\"wp-block-getwid-accordion__icon is-active\"><i class=\"\"><\/i><\/span><span class=\"wp-block-getwid-accordion__icon is-passive\"><i class=\"\"><\/i><\/span><\/a><\/span><\/div><div class=\"wp-block-getwid-accordion__content-wrapper\"><div class=\"wp-block-getwid-accordion__content\">\n<p>Registration as an Au Pair Club \/ Meeting is free and non-binding.<\/p>\n\n\n\n<p>Would you like to become visible as an au pair club for au pairs and invite them to meetings in your club?<\/p>\n\n\n\n<p>Then register on our site by filling out the questionnaire completely and truthfully.<\/p>\n\n\n\n<p>Add a nice photo and logo of your au pair club and present yourself to the au pairs.<\/p>\n<\/div><\/div>\n\n\n\n<div class=\"wp-block-getwid-accordion__header-wrapper\"><span class=\"wp-block-getwid-accordion__header\"><a href=\"#\"><span class=\"wp-block-getwid-accordion__header-title\">Activation<\/span><span class=\"wp-block-getwid-accordion__icon is-active\"><i class=\"\"><\/i><\/span><span class=\"wp-block-getwid-accordion__icon is-passive\"><i class=\"\"><\/i><\/span><\/a><\/span><\/div><div class=\"wp-block-getwid-accordion__content-wrapper\"><div class=\"wp-block-getwid-accordion__content\">\n<p>After we receive your profile, we will review it and activate it within 24 \u2013 48 hours \u2013 if there are no questions from us.<\/p>\n<\/div><\/div>\n\n\n\n<div class=\"wp-block-getwid-accordion__header-wrapper\"><span class=\"wp-block-getwid-accordion__header\"><a href=\"#\"><span class=\"wp-block-getwid-accordion__header-title\">Being found<\/span><span class=\"wp-block-getwid-accordion__icon is-active\"><i class=\"\"><\/i><\/span><span class=\"wp-block-getwid-accordion__icon is-passive\"><i class=\"\"><\/i><\/span><\/a><\/span><\/div><div class=\"wp-block-getwid-accordion__content-wrapper\"><div class=\"wp-block-getwid-accordion__content\">\n<p>After your free registration and activation, you can be contacted \/ chatted by everyone.<\/p>\n<\/div><\/div>\n\n\n\n<div class=\"wp-block-getwid-accordion__header-wrapper\"><span class=\"wp-block-getwid-accordion__header\"><a href=\"#\"><span class=\"wp-block-getwid-accordion__header-title\">Chat<\/span><span class=\"wp-block-getwid-accordion__icon is-active\"><i class=\"\"><\/i><\/span><span class=\"wp-block-getwid-accordion__icon is-passive\"><i class=\"\"><\/i><\/span><\/a><\/span><\/div><div class=\"wp-block-getwid-accordion__content-wrapper\"><div class=\"wp-block-getwid-accordion__content\">\n<p>You can contact au pairs and families via chat and exchange ideas and get to know them in depth.<\/p>\n<\/div><\/div>\n<\/div>\n\n\n\n<div class=\"wp-block-group aupair is-layout-flow wp-block-group-is-layout-flow\">\n<div class=\"wp-block-buttons is-layout-flex wp-block-buttons-is-layout-flex\">\n<div class=\"wp-block-button CTA\"><a class=\"wp-block-button__link wp-element-button\" href=\"\/registrierung-als-au-pair-club\">Let&#039;s go<\/a><\/div>\n<\/div>\n<\/div>\n<\/section>\n\n\n\n<section class=\"wp-block-group with-background has-global-padding is-layout-constrained wp-block-group-is-layout-constrained\">\n<h3 class=\"wp-block-heading\">Still questions?<\/h3>\n\n\n\n<p>ANY MORE QUESTIONS? If you have any questions, problems or suggestions, we are happy to help you during normal office hours. You can reach us by phone, email or contact form. Under the heading &quot;frequently asked questions&quot; we have put together a list of questions and answers - divided into subject areas.<\/p>\n<\/section>","protected":false},"excerpt":{"rendered":"<p>In 4 Schritten zur Au-pair Club Registrierung Hier haben Sie die M\u00f6glichkeit, sich kostenlos als Au-pair Club\/Treff zu registrieren und sich weltweit online zu pr\u00e4sentieren. Hier werden Sie von Au-pairs angesprochen, die in der N\u00e4he eine Gastfamilie gefunden haben oder von Gastfamilien, die in ihrer N\u00e4he ein Au-pair im Hause aufgenommen haben. Oft suchen Au-pairs [&hellip;]<\/p>\n","protected":false},"author":990158,"featured_media":0,"parent":0,"menu_order":0,"comment_status":"closed","ping_status":"closed","template":"","meta":{"footnotes":""},"class_list":["post-5134","page","type-page","status-publish","hentry"],"_links":{"self":[{"href":"https:\/\/aupairscout.com\/en\/wp-json\/wp\/v2\/pages\/5134","targetHints":{"allow":["GET"]}}],"collection":[{"href":"https:\/\/aupairscout.com\/en\/wp-json\/wp\/v2\/pages"}],"about":[{"href":"https:\/\/aupairscout.com\/en\/wp-json\/wp\/v2\/types\/page"}],"author":[{"embeddable":true,"href":"https:\/\/aupairscout.com\/en\/wp-json\/wp\/v2\/users\/990158"}],"replies":[{"embeddable":true,"href":"https:\/\/aupairscout.com\/en\/wp-json\/wp\/v2\/comments?post=5134"}],"version-history":[{"count":14,"href":"https:\/\/aupairscout.com\/en\/wp-json\/wp\/v2\/pages\/5134\/revisions"}],"predecessor-version":[{"id":6532,"href":"https:\/\/aupairscout.com\/en\/wp-json\/wp\/v2\/pages\/5134\/revisions\/6532"}],"wp:attachment":[{"href":"https:\/\/aupairscout.com\/en\/wp-json\/wp\/v2\/media?parent=5134"}],"curies":[{"name":"wp","href":"https:\/\/api.w.org\/{rel}","templated":true}]}}