{"id":2697,"date":"2022-08-08T11:49:29","date_gmt":"2022-08-08T09:49:29","guid":{"rendered":"https:\/\/aupair.mondoit.de\/?page_id=2697"},"modified":"2023-10-12T23:40:19","modified_gmt":"2023-10-12T21:40:19","slug":"verifizierungskonto","status":"publish","type":"page","link":"https:\/\/aupairscout.com\/en\/verifizierungskonto\/","title":{"rendered":"Verification account"},"content":{"rendered":"<section class=\"wp-block-group has-global-padding is-layout-constrained wp-block-group-is-layout-constrained\">\n<h2 class=\"wp-block-heading\">Verifizierungsanfrage<\/h2>\n\n\n\n<p>Lieber Nutzer,<\/p>\n\n\n\n<p>Sie haben erfolgreich eine Anfrage zur \u00dcberpr\u00fcfung Ihres Profils gesendet. Nach \u00dcberpr\u00fcfen Ihres Profils, werden wir die Verifizierung abschlie\u00dfen.<\/p>\n\n\n\n<p>Im Falle einer Ablehnung der Verifizierung, erhalten Sie per E-Mail eine Nachricht, aus welchen Gr\u00fcnden Ihr Profil abgelehnt wurde.<\/p>\n\n\n\n<div class=\"wp-block-buttons aupair is-layout-flex wp-block-buttons-is-layout-flex\">\n<div class=\"wp-block-button\"><a class=\"wp-block-button__link wp-element-button\" href=\"\/benutzer-seite\">Zur\u00fcck<\/a><\/div>\n<\/div>\n<\/section>","protected":false},"excerpt":{"rendered":"<p>Verifizierungsanfrage Lieber Nutzer, Sie haben erfolgreich eine Anfrage zur \u00dcberpr\u00fcfung Ihres Profils gesendet. Nach \u00dcberpr\u00fcfen Ihres Profils, werden wir die Verifizierung abschlie\u00dfen. Im Falle einer Ablehnung der Verifizierung, erhalten Sie per E-Mail eine Nachricht, aus welchen Gr\u00fcnden Ihr Profil abgelehnt wurde.<\/p>","protected":false},"author":990158,"featured_media":0,"parent":0,"menu_order":0,"comment_status":"closed","ping_status":"closed","template":"","meta":{"footnotes":""},"class_list":["post-2697","page","type-page","status-publish","hentry"],"_links":{"self":[{"href":"https:\/\/aupairscout.com\/en\/wp-json\/wp\/v2\/pages\/2697","targetHints":{"allow":["GET"]}}],"collection":[{"href":"https:\/\/aupairscout.com\/en\/wp-json\/wp\/v2\/pages"}],"about":[{"href":"https:\/\/aupairscout.com\/en\/wp-json\/wp\/v2\/types\/page"}],"author":[{"embeddable":true,"href":"https:\/\/aupairscout.com\/en\/wp-json\/wp\/v2\/users\/990158"}],"replies":[{"embeddable":true,"href":"https:\/\/aupairscout.com\/en\/wp-json\/wp\/v2\/comments?post=2697"}],"version-history":[{"count":10,"href":"https:\/\/aupairscout.com\/en\/wp-json\/wp\/v2\/pages\/2697\/revisions"}],"predecessor-version":[{"id":4972,"href":"https:\/\/aupairscout.com\/en\/wp-json\/wp\/v2\/pages\/2697\/revisions\/4972"}],"wp:attachment":[{"href":"https:\/\/aupairscout.com\/en\/wp-json\/wp\/v2\/media?parent=2697"}],"curies":[{"name":"wp","href":"https:\/\/api.w.org\/{rel}","templated":true}]}}