{"id":1954,"date":"2022-05-31T11:54:22","date_gmt":"2022-05-31T09:54:22","guid":{"rendered":"https:\/\/aupair.mondoit.de\/?page_id=1954"},"modified":"2024-12-24T10:37:20","modified_gmt":"2024-12-24T09:37:20","slug":"how-it-works-for-agencies","status":"publish","type":"page","link":"https:\/\/aupairscout.com\/en\/how-it-works-for-agencies\/","title":{"rendered":"Agenturen So funktioniert\u2019s"},"content":{"rendered":"<div id=\"pagehead\" class=\"wp-block-group has-global-padding is-layout-constrained wp-block-group-is-layout-constrained\">\n<div class=\"wp-block-columns is-layout-flex wp-container-core-columns-is-layout-28f84493 wp-block-columns-is-layout-flex\">\n<div class=\"wp-block-column is-layout-flow wp-block-column-is-layout-flow\">\n<figure class=\"wp-block-image size-large\"><img loading=\"lazy\" decoding=\"async\" width=\"1024\" height=\"672\" src=\"https:\/\/aupairscout.com\/wp-content\/uploads\/2023\/09\/Registrierung-Agentur-1024x672.jpg\" alt=\"Au-pair Scout can be used by agencies as an au pair platform: register, become a member, present your own au pairs.\" class=\"wp-image-4382\" srcset=\"https:\/\/aupairscout.com\/wp-content\/uploads\/2023\/09\/Registrierung-Agentur-1024x672.jpg 1024w, https:\/\/aupairscout.com\/wp-content\/uploads\/2023\/09\/Registrierung-Agentur-300x197.jpg 300w, https:\/\/aupairscout.com\/wp-content\/uploads\/2023\/09\/Registrierung-Agentur-768x504.jpg 768w, https:\/\/aupairscout.com\/wp-content\/uploads\/2023\/09\/Registrierung-Agentur-18x12.jpg 18w, https:\/\/aupairscout.com\/wp-content\/uploads\/2023\/09\/Registrierung-Agentur.jpg 1280w\" sizes=\"auto, (max-width: 1024px) 100vw, 1024px\" \/><\/figure>\n<\/div>\n\n\n\n<div class=\"wp-block-column is-layout-flow wp-block-column-is-layout-flow\">\n<h2 class=\"wp-block-heading\">Au pair platform \u2013 how it works for agencies: 5 steps to agency registration.<\/h2>\n\n\n\n<p>Here you have the opportunity to register as an au pair agency and present yourself online worldwide with a membership. You can use it to register your own au pairs or communicate with inquiring au pairs, host families and agencies. Simply follow the 5 steps below.<\/p>\n<\/div>\n<\/div>\n<\/div>\n\n\n\n<section class=\"wp-block-group near has-global-padding is-layout-constrained wp-block-group-is-layout-constrained\">\n<div class=\"wp-block-getwid-accordion has-icon-left\" data-active-element=\"0\">\n<div class=\"wp-block-getwid-accordion__header-wrapper\"><span class=\"wp-block-getwid-accordion__header\"><a href=\"#\"><span class=\"wp-block-getwid-accordion__header-title\">Registration<\/span><span class=\"wp-block-getwid-accordion__icon is-active\"><i class=\"\"><\/i><\/span><span class=\"wp-block-getwid-accordion__icon is-passive\"><i class=\"\"><\/i><\/span><\/a><\/span><\/div><div class=\"wp-block-getwid-accordion__content-wrapper\"><div class=\"wp-block-getwid-accordion__content\">\n<p>Would you like to find au pairs and host families worldwide as an agency and add your own au pairs to our gallery? Then register on our website by filling out the questionnaire completely and truthfully.<\/p>\n\n\n\n<p>Add a nice photo and a logo of your agency (without contact details) and present yourself to au pairs, host families and other agencies.<\/p>\n\n\n\n<p>As soon as you have completed your registration, you will receive your profile number and registration details by email. We will publish your agency contact details so that everyone can find and contact you.<\/p>\n<\/div><\/div>\n\n\n\n<div class=\"wp-block-getwid-accordion__header-wrapper\"><span class=\"wp-block-getwid-accordion__header\"><a href=\"#\"><span class=\"wp-block-getwid-accordion__header-title\">Activation<\/span><span class=\"wp-block-getwid-accordion__icon is-active\"><i class=\"\"><\/i><\/span><span class=\"wp-block-getwid-accordion__icon is-passive\"><i class=\"\"><\/i><\/span><\/a><\/span><\/div><div class=\"wp-block-getwid-accordion__content-wrapper\"><div class=\"wp-block-getwid-accordion__content\">\n<p>After we have received your profile, we will review it and activate your subscription within 24 \u2013 48 hours \u2013 if there are no questions from us.<\/p>\n<\/div><\/div>\n\n\n\n<div class=\"wp-block-getwid-accordion__header-wrapper\"><span class=\"wp-block-getwid-accordion__header\"><a href=\"#\"><span class=\"wp-block-getwid-accordion__header-title\">Search and find<\/span><span class=\"wp-block-getwid-accordion__icon is-active\"><i class=\"\"><\/i><\/span><span class=\"wp-block-getwid-accordion__icon is-passive\"><i class=\"\"><\/i><\/span><\/a><\/span><\/div><div class=\"wp-block-getwid-accordion__content-wrapper\"><div class=\"wp-block-getwid-accordion__content\">\n<p>After your free registration, you have the option of purchasing one of the three memberships offered, which only differ in their duration.<\/p>\n\n\n\n<p>Now you can \u2013 whenever you want \u2013 browse through our constantly updated au pair and family gallery or use our convenient au pair and family search and contact au pairs and host families who are of interest to you with just a click of the mouse.<\/p>\n<\/div><\/div>\n\n\n\n<div class=\"wp-block-getwid-accordion__header-wrapper\"><span class=\"wp-block-getwid-accordion__header\"><a href=\"#\"><span class=\"wp-block-getwid-accordion__header-title\">Chat<\/span><span class=\"wp-block-getwid-accordion__icon is-active\"><i class=\"\"><\/i><\/span><span class=\"wp-block-getwid-accordion__icon is-passive\"><i class=\"\"><\/i><\/span><\/a><\/span><\/div><div class=\"wp-block-getwid-accordion__content-wrapper\"><div class=\"wp-block-getwid-accordion__content\">\n<p>You can contact au pairs, host families and agencies via chat, exchange information and get to know them, and express your serious interest. Of course, you can communicate with several au pairs for whom you have a suitable host family or with several host families for whom you have the right au pair before you make a final decision.<\/p>\n<\/div><\/div>\n\n\n\n<div class=\"wp-block-getwid-accordion__header-wrapper\"><span class=\"wp-block-getwid-accordion__header\"><a href=\"#\"><span class=\"wp-block-getwid-accordion__header-title\">Mediation<\/span><span class=\"wp-block-getwid-accordion__icon is-active\"><i class=\"\"><\/i><\/span><span class=\"wp-block-getwid-accordion__icon is-passive\"><i class=\"\"><\/i><\/span><\/a><\/span><\/div><div class=\"wp-block-getwid-accordion__content-wrapper\"><div class=\"wp-block-getwid-accordion__content\">\n<p>Have you found an au pair for a host family or a host family for your au pair? Then you, as an agency, will arrange everything else.<\/p>\n<\/div><\/div>\n<\/div>\n\n\n\n<div class=\"wp-block-group aupair is-layout-flow wp-block-group-is-layout-flow\">\n<div class=\"wp-block-buttons is-layout-flex wp-block-buttons-is-layout-flex\">\n<div class=\"wp-block-button CTA\"><a class=\"wp-block-button__link wp-element-button\" href=\"\/registrierung-als-agentur\/\">Let&#039;s go<\/a><\/div>\n<\/div>\n<\/div>\n<\/section>\n\n\n\n<section class=\"wp-block-group with-background has-global-padding is-layout-constrained wp-block-group-is-layout-constrained\">\n<h3 class=\"wp-block-heading\">Still questions?<\/h3>\n\n\n\n<p>ANY MORE QUESTIONS? If you have any questions, problems or suggestions, we are happy to help you during normal office hours. You can reach us by phone, email or contact form. Under the heading &quot;frequently asked questions&quot; we have put together a list of questions and answers - divided into subject areas.<\/p>\n<\/section>","protected":false},"excerpt":{"rendered":"<p>Au-pair Plattform \u2013 so funktioniert\u2019s f\u00fcr Agenturen: In 5 Schritten zur Agentur-Registrierung. Hier haben Sie die M\u00f6glichkeit, sich als Au-pair Agentur zu registrieren und sich mit einer Mitgliedschaft online weltweit zu pr\u00e4sentieren. Sie k\u00f6nnen damit eigene Au-pairs registrieren oder mit anfragenden Au-pairs, Gastfamilien und Agenturen kommunizieren. Folgen Sie einfach den nachstehenden 5 Schritten.<\/p>","protected":false},"author":990158,"featured_media":0,"parent":0,"menu_order":0,"comment_status":"closed","ping_status":"closed","template":"","meta":{"footnotes":""},"class_list":["post-1954","page","type-page","status-publish","hentry"],"_links":{"self":[{"href":"https:\/\/aupairscout.com\/en\/wp-json\/wp\/v2\/pages\/1954","targetHints":{"allow":["GET"]}}],"collection":[{"href":"https:\/\/aupairscout.com\/en\/wp-json\/wp\/v2\/pages"}],"about":[{"href":"https:\/\/aupairscout.com\/en\/wp-json\/wp\/v2\/types\/page"}],"author":[{"embeddable":true,"href":"https:\/\/aupairscout.com\/en\/wp-json\/wp\/v2\/users\/990158"}],"replies":[{"embeddable":true,"href":"https:\/\/aupairscout.com\/en\/wp-json\/wp\/v2\/comments?post=1954"}],"version-history":[{"count":16,"href":"https:\/\/aupairscout.com\/en\/wp-json\/wp\/v2\/pages\/1954\/revisions"}],"predecessor-version":[{"id":6522,"href":"https:\/\/aupairscout.com\/en\/wp-json\/wp\/v2\/pages\/1954\/revisions\/6522"}],"wp:attachment":[{"href":"https:\/\/aupairscout.com\/en\/wp-json\/wp\/v2\/media?parent=1954"}],"curies":[{"name":"wp","href":"https:\/\/api.w.org\/{rel}","templated":true}]}}