{"id":1886,"date":"2022-05-31T09:44:13","date_gmt":"2022-05-31T07:44:13","guid":{"rendered":"https:\/\/aupair.mondoit.de\/?page_id=1886"},"modified":"2023-08-20T12:03:28","modified_gmt":"2023-08-20T10:03:28","slug":"for-agencies","status":"publish","type":"page","link":"https:\/\/aupairscout.com\/en\/for-agencies\/","title":{"rendered":"For Agencies"},"content":{"rendered":"<p>[vc_row hide_bg_image_on_tablet=&#8221;&#8221; hide_bg_image_on_mobile=&#8221;&#8221; css=&#8221;.vc_custom_1653988540541{margin-top: 0px !important;padding-top: 0px !important;}&#8221;][vc_column icons_position=&#8221;left&#8221; css=&#8221;.vc_custom_1653988529621{margin-top: 0px !important;}&#8221;][trx_title top=&#8221;null&#8221; bottom=&#8221;null&#8221;]<\/p>\n<p style=\"text-align: center;\">Gemeinsam zum Erfolg als<br \/>\nPartneragentur der Aupairzentrale![\/trx_title][vc_column_text]Die Aupairzentrale ist eine seri\u00f6se und eine der gr\u00f6\u00dften deutschen Au-pair-Agenturen mit Sitz in M\u00fcnchen und verf\u00fcgt \u00fcber eine \u00fcber eine langj\u00e4hrige Erfahrung im Bereich der Au-pair Vermittlung. Sie hat einen sehr gro\u00dfen Kundenstamm von zufriedenen deutschen Gasteltern, die zum Teil j\u00e4hrlich ihr Au-pair \u00fcber uns beziehen.[\/vc_column_text][trx_title type=&#8221;2&#8243;]Ihre Vorteile als Partneragentur der Aupairzentrale[\/trx_title][vc_column_text]Wir sprechen nicht nur Deutsch und Englisch, sondern auch Spanisch, Franz\u00f6sisch und Griechisch.<\/p>\n<p>Unser datenbankgest\u00fctztes Internetangebot ist auf dem neuesten Stand der Technik und wird mehrmals t\u00e4glich aktualisiert.<\/p>\n<p>Als Partneragentur erhalten Sie nach Ihrer Registrierung und Freischaltung des Zugang zu einem gesch\u00fctzten Bereich, in dem Sie \u201eIhre\u201c Au-pairs verwalten k\u00f6nnen \u2013 z.B. neue Au-pairs eintragen und gegebenenfalls Angaben korrigieren k\u00f6nnen. Wir legen Wert auf eine ehrliche und transparente Partnerschaft, und daher haben Sie jederzeit den \u00dcberblick \u00fcber den Vermittlungsstatus Ihrer Au-pairs.[\/vc_column_text][vc_row_inner][vc_column_inner][trx_title type=&#8221;2&#8243; bottom=&#8221;null&#8221;]<\/p>\n<p style=\"text-align: center;\">Wir suchen Sie!<\/p>\n<p>[\/trx_title][\/vc_column_inner][\/vc_row_inner][vc_row_inner][vc_column_inner width=&#8221;1\/2&#8243;][cq_vc_flipbox avatarstyle=&#8221;fixed&#8221; avatartype=&#8221;icon&#8221; icon_fontawesome=&#8221;far fa-hand-point-down&#8221; fronttitle=&#8221;Sie&#8221; frontcontent=&#8221;betreiben eine Au-pair-Vermittlung au\u00dferhalb Deutschlands und verf\u00fcgen regelm\u00e4\u00dfig \u00fcber Au-pairs, die deutsche Gastfamilien suchen&#8221; backtitle=&#8221;Wir&#8221; flipdirection=&#8221;rightleft&#8221; cardstyle=&#8221;customized&#8221; frontbg=&#8221;#289e6a&#8221; backbg=&#8221;#289e6a&#8221; iconcolor=&#8221;#ffffff&#8221; iconbg=&#8221;#289e6a&#8221; elementwidth=&#8221;80%&#8221; elementheight=&#8221;250px&#8221;]betreiben eine Au-pair-Vermittlung in Deutschland und verf\u00fcgen \u00fcber eine gro\u00dfe Anzahl von deutschen Gasteltern, die ein Au-pair suchen[\/cq_vc_flipbox][\/vc_column_inner][vc_column_inner width=&#8221;1\/2&#8243;][cq_vc_flipbox avatarstyle=&#8221;fixed&#8221; avatartype=&#8221;icon&#8221; icon_fontawesome=&#8221;far fa-hand-point-down&#8221; fronttitle=&#8221;Sie&#8221; frontcontent=&#8221;stehen in engem Kontakt zu Ihren Au-pairs und \u00fcberpr\u00fcfen deren Angaben&#8221; backtitle=&#8221;Wir&#8221; flipdirection=&#8221;rightleft&#8221; cardstyle=&#8221;customized&#8221; frontbg=&#8221;#289e6a&#8221; backbg=&#8221;#289e6a&#8221; iconcolor=&#8221;#ffffff&#8221; iconbg=&#8221;#289e6a&#8221; elementwidth=&#8221;80%&#8221; elementheight=&#8221;250px&#8221;]k\u00f6nnen uns ganz auf Ihre sorgf\u00e4ltige \u00dcberpr\u00fcfung verlassen[\/cq_vc_flipbox][\/vc_column_inner][\/vc_row_inner][\/vc_column][\/vc_row][vc_row][vc_column][vc_empty_space height=&#8221;100px&#8221;][\/vc_column][\/vc_row]<\/p>\n","protected":false},"excerpt":{"rendered":"<p>[vc_row hide_bg_image_on_tablet=&#8221;&#8221; hide_bg_image_on_mobile=&#8221;&#8221; css=&#8221;.vc_custom_1653988540541{margin-top: 0px !important;padding-top: 0px !important;}&#8221;][vc_column icons_position=&#8221;left&#8221; css=&#8221;.vc_custom_1653988529621{margin-top: 0px !important;}&#8221;][trx_title top=&#8221;null&#8221; bottom=&#8221;null&#8221;] Gemeinsam zum Erfolg als Partneragentur der Aupairzentrale![\/trx_title][vc_column_text]Die Aupairzentrale ist eine seri\u00f6se und eine der gr\u00f6\u00dften deutschen Au-pair-Agenturen mit Sitz in M\u00fcnchen und verf\u00fcgt \u00fcber eine \u00fcber eine langj\u00e4hrige Erfahrung im Bereich der Au-pair Vermittlung. Sie hat einen sehr gro\u00dfen Kundenstamm von [&hellip;]<\/p>\n","protected":false},"author":990158,"featured_media":0,"parent":0,"menu_order":0,"comment_status":"closed","ping_status":"closed","template":"","meta":{"footnotes":""},"class_list":["post-1886","page","type-page","status-publish","hentry"],"_links":{"self":[{"href":"https:\/\/aupairscout.com\/en\/wp-json\/wp\/v2\/pages\/1886","targetHints":{"allow":["GET"]}}],"collection":[{"href":"https:\/\/aupairscout.com\/en\/wp-json\/wp\/v2\/pages"}],"about":[{"href":"https:\/\/aupairscout.com\/en\/wp-json\/wp\/v2\/types\/page"}],"author":[{"embeddable":true,"href":"https:\/\/aupairscout.com\/en\/wp-json\/wp\/v2\/users\/990158"}],"replies":[{"embeddable":true,"href":"https:\/\/aupairscout.com\/en\/wp-json\/wp\/v2\/comments?post=1886"}],"version-history":[{"count":11,"href":"https:\/\/aupairscout.com\/en\/wp-json\/wp\/v2\/pages\/1886\/revisions"}],"predecessor-version":[{"id":1952,"href":"https:\/\/aupairscout.com\/en\/wp-json\/wp\/v2\/pages\/1886\/revisions\/1952"}],"wp:attachment":[{"href":"https:\/\/aupairscout.com\/en\/wp-json\/wp\/v2\/media?parent=1886"}],"curies":[{"name":"wp","href":"https:\/\/api.w.org\/{rel}","templated":true}]}}