{"id":1742,"date":"2022-05-30T14:24:56","date_gmt":"2022-05-30T12:24:56","guid":{"rendered":"https:\/\/aupair.mondoit.de\/?page_id=1742"},"modified":"2023-08-20T12:03:28","modified_gmt":"2023-08-20T10:03:28","slug":"information-from-the-federal-employment-agency","status":"publish","type":"page","link":"https:\/\/aupairscout.com\/en\/information-from-the-federal-employment-agency\/","title":{"rendered":"News of the Federal Agency"},"content":{"rendered":"<p>[vc_row hide_bg_image_on_tablet=&#8221;&#8221; hide_bg_image_on_mobile=&#8221;&#8221; css=&#8221;.vc_custom_1653915698930{margin-top: 0px !important;padding-top: 0px !important;}&#8221;][vc_column icons_position=&#8221;left&#8221;][trx_title top=&#8221;null&#8221;]<\/p>\n<h3><strong>Allgemeine Informationen der Bundesagentur\u00a0f\u00fcr Arbeit f\u00fcr deutsche Gastfamilien und Au-pairs<\/strong><\/h3>\n<p>[\/trx_title][vc_single_image image=&#8221;1941&#8243; img_size=&#8221;full&#8221; alignment=&#8221;center&#8221;][vc_empty_space height=&#8221;20px&#8221;][vc_empty_space][\/vc_column][\/vc_row][vc_row][vc_column][trx_toggles][trx_toggles_item title=&#8221;Aufgaben eines Au-pairs&#8221;][vc_column_text]Die t\u00e4glichen Aufgaben eines Au-pairs sind sehr unterschiedlich. Sie h\u00e4ngen ganz von der Eigenart und dem Lebensstil der Familie ab, die das Au-pair bei sich aufgenommen hat. Zum Alltag eines Au-pairs geh\u00f6rt im Allgemeinen:<\/p>\n<ul>\n<li>Leichte Hausarbeiten zu verrichten, also mitzuhelfen, die Wohnung sauber und in Ordnung zu halten sowie die W\u00e4sche zu waschen und zu b\u00fcgeln;<\/li>\n<li>das Fr\u00fchst\u00fcck und einfache Mahlzeiten zuzubereiten;<\/li>\n<li>die j\u00fcngeren Kinder zu betreuen, das hei\u00dft, sie zu beaufsichtigen und auf dem Wegin den Kindergarten oder in die Schule oder zu bestimmten Veranstaltungen zubegleiten, mit ihnen spazieren zu gehen oder zu spielen;das Haus bzw. die Wohnung zu h\u00fcten und die Haustiere zu betreuen.Nicht zu den Aufgaben eines Au-pairs geh\u00f6ren die Kranken- und Altenpflege (Betreuung pflegebed\u00fcrftiger Familienangeh\u00f6riger).<\/li>\n<\/ul>\n<p>[\/vc_column_text][\/trx_toggles_item][trx_toggles_item title=&#8221;Rechte und Pflichten&#8221;][vc_column_text]Das \u201eEurop\u00e4ische Abkommen \u00fcber die Au-pair-Besch\u00e4ftigung\u201c enth\u00e4lt Rahmenvorschriften \u00fcber die Lebens- und Arbeitsbedingungen, den Sprachunterricht, die soziale Sicherung sowie \u00fcber die Rechte und Pflichten der Gastfamilie und des Au-pairs. Dieses Abkommen wurde zwar von der Bundesrepublik Deutschland nicht best\u00e4tigt, es wird jedoch im Allgemeinen danach verfahren. Dazu kommen, da man das Au-pair-Verh\u00e4ltnis in Deutschland schon seit vielen Jahren kennt, gewisse Gepflogenheiten.[\/vc_column_text][\/trx_toggles_item][trx_toggles_item title=&#8221;Dauer des Au-pair-Verh\u00e4ltnisses&#8221;][vc_column_text]Das Au-pair-Verh\u00e4ltnis muss mindestens 6 Monate dauern und kann maximal ein Jahr umfassen. Eine erneute Besch\u00e4ftigung als Au-pair ist nicht m\u00f6glich, auch wenn die H\u00f6chstdauer von einem Jahr nicht ausgesch\u00f6pft wurde.[\/vc_column_text][\/trx_toggles_item][trx_toggles_item title=&#8221;Arbeit und Freizeit&#8221;][vc_column_text]Die Aufgaben im Haushalt (einschlie\u00dflich Babysitting) d\u00fcrfen das Au-pair grunds\u00e4tzlich nicht mehr als 6 Stunden t\u00e4glich und 30 Stunden w\u00f6chentlich in Anspruch nehmen. Soll diese Zeitdauer aus besonderem Anlass \u00fcberschritten werden, so bedarf dies einer vorherigen Absprache. Die \u00dcberstunden m\u00fcssen zeitlich ausgeglichen werden.<\/p>\n<p>Von der Familie kann verlangt werden, dass das Au-pair die \u00fcbertragenen Aufgaben in angemessener Zeit erledigt. Die Erledigung privater Angelegenheiten (z. B. das Sauberhalten und Aufr\u00e4umen des eigenen Zimmers) z\u00e4hlt nicht als Hausarbeitszeit. Die Einteilung der Hausarbeitszeit richtet sich nach den h\u00e4uslichen Gewohnheiten und Bed\u00fcrfnissen der Familie. Eine gewisse Regelm\u00e4\u00dfigkeit im Tagesablauf kann jedoch erwartet werden.<\/p>\n<p>Dem Au-pair steht mindestens ein voller Ruhetag in der Woche zu (nicht notwendigerweise am Wochenende, mindestens ein Sonntag im Monat muss jedoch frei sein). Au\u00dferdem sind mindestens 4 freie Abende pro Woche zu gew\u00e4hren.[\/vc_column_text][\/trx_toggles_item][trx_toggles_item title=&#8221;Erholungsurlaub&#8221;][vc_column_text]Wird ein Au-pair f\u00fcr ein volles Jahr in die Familie aufgenommen, steht ihm ein bezahlter Erholungsurlaub von 4 Wochen zu. Ansonsten f\u00fcr jeden vollen Monat ein Urlaub von 2 Werktagen.<\/p>\n<p>F\u00e4hrt die Familie selbst in den Urlaub, nimmt sie h\u00e4ufig das Au-pair mit. In diesem Fall muss das Au-pair dann jedoch auch gewisse Aufgaben und Verpflichtungen \u00fcbernehmen (z. B. Betreuung der Kinder usw.). Ein Familienurlaub z\u00e4hlt aber f\u00fcr ein Au-pair nur dann als eigener Urlaub, wenn lediglich unwesentliche Aufgaben \u00fcbernommen werden m\u00fcssen und keine Anwesenheitspflicht besteht. F\u00e4hrt das Au-pair nicht mit in den Familienurlaub, ist eine Besch\u00e4ftigung bei einer anderen Familie (Nachbarn, Bekannte etc.) nicht zul\u00e4ssig.[\/vc_column_text][\/trx_toggles_item][trx_toggles_item title=&#8221;Sprachkurs&#8221;][vc_column_text]Jedem Au-pair ist die M\u00f6glichkeit zu geben, in seiner Freizeit an einem Deutsch-Sprachkurs teilzunehmen sowie kulturelle und geistig anregende Veranstaltungen zu besuchen. Die Gastfamilie ist verpflichtet sich an den Kosten des Sprachkurses mit 50 Euro monatlich zu beteiligen. Die Kosten f\u00fcr andere Veranstaltungen muss das Au-pair jedoch selbst tragen.[\/vc_column_text][\/trx_toggles_item][trx_toggles_item title=&#8221;Unterkunft und Verpflegung&#8221;][vc_column_text]Unterkunft und Verpflegung werden von der Familie unentgeltlich gestellt. Grunds\u00e4tzlich steht dem Au-pair ein eigenes Zimmer innerhalb der Familienwohnung zur Verf\u00fcgung. Es nimmt an den gemeinsamen Mahlzeiten teil und erh\u00e4lt dasselbe Essen wie die Familienangeh\u00f6rigen. Wird eine bestimmte Ern\u00e4hrungsform gew\u00fcnscht, sollte dies in der Bewerbung angegeben werden.[\/vc_column_text][\/trx_toggles_item][trx_toggles_item title=&#8221;Taschengeld und Reisekosten&#8221;][vc_column_text]Ziel und Zweck eines Au-pair-Verh\u00e4ltnisses ist die Vervollst\u00e4ndigung der Sprachkenntnisse (ggf. der Berufserfahrung) sowie die Erweiterung des Allgemeinwissens durch eine bessere Kenntnis des Gastlandes. Ein Au-pair erh\u00e4lt daher keinen Arbeitslohn im \u00fcblichen Sinne, sondern lediglich ein sogenanntes Taschengeld. Es betr\u00e4gt zurzeit 260 Euro im Monat, unabh\u00e4ngig von der Dauer der Hausarbeitszeit. Die Kosten f\u00fcr die An- und R\u00fcckreise tr\u00e4gt in der Regel das Au-pair.[\/vc_column_text][\/trx_toggles_item][trx_toggles_item title=&#8221;Kranken- und Unfallversicherung, Schwangerschaft&#8221;][vc_column_text]F\u00fcr das Au-pair muss in Deutschland eine Versicherung f\u00fcr den Fall der Krankheit, Schwangerschaft und Geburt sowie eines Unfalls abgeschlossen werden. Alle Versicherungsbeitr\u00e4ge gehen zu Lasten der Familie.[\/vc_column_text][\/trx_toggles_item][trx_toggles_item title=&#8221;Aufl\u00f6sung des Au-pair-Verh\u00e4ltnisses&#8221;][vc_column_text]Das Au-pair-Verh\u00e4ltnis endet nach Ablauf der vereinbarten Zeit. Sofern keine K\u00fcndigungsfrist vereinbart wurde, kann das Vertragsverh\u00e4ltnis vor Ablauf dieser Zeit grunds\u00e4tzlich nur im gegenseitigen Einvernehmen gel\u00f6st werden (Aufl\u00f6sungsvertrag). In den meisten F\u00e4llen einigen sich beide Seiten darauf, dass das Au-pair so lange bleibt, bis es eine andere Gastfamilie gefunden hat. Liegt ein schwerwiegender Grund vor, kann das Au-pair- Verh\u00e4ltnis fristlos gek\u00fcndigt werden. Abgesehen von diesem Fall d\u00fcrfte es selbstverst\u00e4ndlich sein, dass man sich nicht schon in den ersten Tagen des Zusammenlebens trennt; der erste \u201eKulturschock\u201c (z.B. aufgrund der andersartigen Lebens- und Essensgewohnheiten) wird bei gutem Willen erfahrungsgem\u00e4\u00df nach kurzer Zeit \u00fcberwunden. Sollte jedoch ein harmonisches Zusammenleben nicht m\u00f6glich sein, sollte die Au-pair-Agentur hier\u00fcber so bald wie m\u00f6glich informiert werden. Sie wird versuchen, sich ein m\u00f6glichst objektives Bild zu verschaffen und eine f\u00fcr beide Seiten annehmbare L\u00f6sung zu finden.[\/vc_column_text][\/trx_toggles_item][trx_toggles_item title=&#8221;Bewerbung, Vermittlung und Besch\u00e4ftigung&#8221;][vc_column_text]Das Mindestalter f\u00fcr Au-pairs betr\u00e4gt 18 Jahre, bei Au-pairs aus den EU-\/EWR-Staaten und aus der Schweiz 17 Jahre. Ma\u00dfgebend hierf\u00fcr ist der Besch\u00e4ftigungsbeginn. Bei Minderj\u00e4hrigen ist eine schriftliche Einverst\u00e4ndniserkl\u00e4rung der gesetzlichen Vertreter erforderlich. Auch verheiratete Au-pairs k\u00f6nnen zugelassen werden.<\/p>\n<p>Es wird erwartet, dass das Au-pair \u00fcber Grundkenntnisse der deutschen Sprache verf\u00fcgt. Verlangt werden Sprachkenntnisse, die mindestens dem Level A 1 des Gemeinsamen Europ\u00e4ischen Referenzrahmens entsprechen.<\/p>\n<p>Bewerberinnen und Bewerber sollten ihre Bewerbungsunterlagen (Bewerbungsschreiben, Lebenslauf) sorgf\u00e4ltig und genau in deutscher Sprache abfassen und ein ansprechendes Passbild beif\u00fcgen (bitte auf dem Lebenslauf befestigen). Viele Au-pair-Agenturen verlangen dar\u00fcber hinaus das Ausf\u00fcllen eines Fragebogens. Alle Angaben m\u00fcssen wahrheitsgem\u00e4\u00df sein.<\/p>\n<p>Besteht zwischen der Gastfamilie und dem Au-pair ein Verwandtschaftsverh\u00e4ltnis, soll keine Au-pair-Besch\u00e4ftigung zugelassen werden.<\/p>\n<p>Bei der Vermittlung wird die Au-pair-Agentur die Vorstellungen der Familie und der Bewerberin bzw. des Bewerbers soweit wie m\u00f6glich ber\u00fccksichtigen. Das Angebot an interessierten Familien ist in der Bundesrepublik Deutschland im Allgemeinen gro\u00df.<\/p>\n<p>Bei Au-pairs aus Staaten, die nicht der Europ\u00e4ischen Union (EU, dem Europ\u00e4ischen Wirtschaftsraum (EWR) oder der Schweiz angeh\u00f6ren (sogenannte Drittstaaten) sowie aus dem neuen EU-Mitgliedstaat\u00a0 Kroatien m\u00fcssen folgende Bedingungen erf\u00fcllt sein:<\/p>\n<ul>\n<li>Die Besch\u00e4ftigung von Au-pairs darf grunds\u00e4tzlich nur in Gastfamilien erfolgen, in denen Deutsch als Muttersprache gesprochen wird. Wenigstens ein erwachsenes Familienmitglied muss die deutsche Staatsangeh\u00f6rigkeit bzw. die Staatsangeh\u00f6rigkeit eines EU-\/EWR-Staates oder der Schweiz besitzen.<\/li>\n<li>Wird in der Familie Deutsch als Familiensprache gesprochen, kann die Zustimmung erteilt werden, wenn der oder die Besch\u00e4ftigte nicht aus einem Heimatland der Gasteltern stammt.<\/li>\n<li>Soweit sich aus dem Freiz\u00fcgigkeits- oder Niederlassungsrecht der Europ\u00e4ischen Gemeinschaft f\u00fcr das Au-pair oder die in Deutschland lebenden Gasteltern aus EU- Mitgliedstaaten, eines EWR-Staates oder der Schweiz g\u00fcnstigere Regelungen ergeben, sind diese zu beachten.Au-pair-Agenturen mit Sitz in Deutschland d\u00fcrfen von Au-pairs f\u00fcr die Vermittlung eine Verg\u00fctung von h\u00f6chstens 150 Euro verlangen (einschlie\u00dflich der gesetzlichen Umsatzsteuer). Vorsch\u00fcsse auf diese Verg\u00fctung d\u00fcrfen nicht erhoben werden. Die Verg\u00fctung wird erst dann geschuldet, wenn der Au-pair-Vertrag rechtswirksam zustande gekommen ist. Bei Au-pairs aus Nicht-EU-\/EWR-Staaten (mit Ausnahme der Schweiz) sowie aus dem neuen EU-Mitgliedstaat Kroatien ist dies erst dann der Fall, wenn der erforderliche Aufenthaltstitel bzw. die erforderliche Arbeitserlaubnis-EU erteilt wurde.<\/li>\n<\/ul>\n<p>[\/vc_column_text][\/trx_toggles_item][trx_toggles_item title=&#8221;Einreise-, Aufenthalts- und Arbeitsgenehmigungsbestimmungen&#8221;][vc_column_text]Au-pairs aus Drittstaaten<\/p>\n<p>Au-pairs aus den sogenannten Drittstaaten ben\u00f6tigen einen Aufenthaltstitel (Visum\/ Aufenthaltserlaubnis). Der Aufenthaltstitel muss vor der Einreise bei der zust\u00e4ndigen deutschen Auslandsvertretung (das ist die Botschaft der Bundesrepublik Deutschland oder ein regional zust\u00e4ndiges Konsulat) in Form eines Visums beantragt werden. Angeh\u00f6rige bestimmter Staaten (z.B. aus Australien, Israel, Japan, Kanada, der Republik Korea, Neuseeland, den Vereinigten Staaten von Amerika) k\u00f6nnen ohne Visum einreisen. Bitte erkundigen Sie sich bei der Deutschen Botschaft bzw. dem Deutschen Konsulat.<\/p>\n<p>Voraussetzung f\u00fcr die Erteilung des Visums ist die vorherige Zustimmung der ZAV. Das Visum muss vor Vollendung des 27. Lebensjahres und sollte &#8211; zur Vermeidung von Schwierigkeiten &#8211; so rechtzeitig beantragt werden, dass diese Altersgrenze bis zur Entscheidung der Ausl\u00e4nderbeh\u00f6rde nicht \u00fcberschritten wird.<\/p>\n<p>Nach Einreise wird die Aufenthaltserlaubnis auf Antrag von der \u00f6rtlich zust\u00e4ndigen Ausl\u00e4nderbeh\u00f6rde erteilt. Sie muss vor Ablauf des Visums bei der zust\u00e4ndigen Ausl\u00e4nderbeh\u00f6rde eingeholt werden. Die Au-pair-Besch\u00e4ftigung darf erst nach der Erteilung des Aufenthaltstitels (Visum\/Aufenthaltserlaubnis), der ausdr\u00fccklich die Aufnahme einer Au- pair-Besch\u00e4ftigung erlaubt, aufgenommen werden.<\/p>\n<p>F\u00fcr die Einreise und f\u00fcr die Dauer des vorgesehenen Aufenthalts ist ein g\u00fcltiger Reisepass des Herkunftslandes erforderlich.[\/vc_column_text][\/trx_toggles_item][trx_toggles_item title=&#8221;Au-pairs aus dem neuen EU-Mitgliedstaat Kroatien&#8221;][vc_column_text]Unionsb\u00fcrger ben\u00f6tigen kein Visum und keinen Aufenthaltstitel. F\u00fcr die Einreise ist nur ein g\u00fcltiger Personalausweis erforderlich. Es empfiehlt sich jedoch (f\u00fcr den Fall eines Verlustes des Personalausweises), auch den Reisepass mitzunehmen.<\/p>\n<p>Nach der Einreise und vor Vollendung des\u00a0<strong>27<\/strong>. Lebensjahres muss bei dem zust\u00e4ndigen Arbeitserlaubnis-Team der ZAV eine Arbeitserlaubnis-EU beantragt werden. Ansprechpartner ist das f\u00fcr den Wohnort der Gastfamilie zust\u00e4ndige Arbeitserlaubnis-Team der ZAV: www.zav.de\/arbeitsmarktzulassung &gt; Weitere Informationen. Erst nach Erteilung dieser Erlaubnis darf die Au-pair-Besch\u00e4ftigung aufgenommen werden.[\/vc_column_text][\/trx_toggles_item][trx_toggles_item title=&#8221;Au-pairs aus anderen EU-\/EWR-Mitgliedstaaten sowie aus der Schweiz&#8221;][vc_column_text]F\u00fcr Au-pairs aus diesen Staaten gelten keine arbeitsgenehmigungsrechtlichen Beschr\u00e4nkungen.[\/vc_column_text][\/trx_toggles_item][trx_toggles_item title=&#8221;Zu guter Letzt&#8221;][vc_column_text]Es empfiehlt sich, nur eine Au-pair-Agentur in Anspruch zu nehmen, die sich verpflichtet, Ihnen w\u00e4hrend des Aufenthalts zum Beispiel bei Schwierigkeiten mit der Gastfamilie beizustehen. Anderenfalls sind Sie unter Umst\u00e4nden in Deutschland auf sich allein gestellt.<\/p>\n<p>Wenn Sie sich entschlossen haben, als Au-pair in die Bundesrepublik Deutschland zu kommen, gehen Sie aufgeschlossen auf Ihre Gastfamilie zu und teilen Sie mit ihr unvoreingenommen ihre Lebensgewohnheiten und Gepflogenheiten, die Sie ja in Deutschland kennen lernen m\u00f6chten. Bem\u00fchen Sie sich ernsthaft und nachdr\u00fccklich um die Vervollst\u00e4ndigung Ihrer Kenntnisse der deutschen Sprache. Nehmen Sie sich vor, aus den vielen neuen und zum Teil ungewohnten, manchmal schwierigen, aber auch sch\u00f6nen Eindr\u00fccken eine wertvolle Lebenserfahrung zu gewinnen. Einem erfolgreichen Aufenthalt in Deutschland d\u00fcrfte dann nichts im Wege stehen.[\/vc_column_text][\/trx_toggles_item][\/trx_toggles][\/vc_column][\/vc_row][vc_row][vc_column][vc_empty_space height=&#8221;100px&#8221;][\/vc_column][\/vc_row]<\/p>\n","protected":false},"excerpt":{"rendered":"<p>[vc_row hide_bg_image_on_tablet=&#8221;&#8221; hide_bg_image_on_mobile=&#8221;&#8221; css=&#8221;.vc_custom_1653915698930{margin-top: 0px !important;padding-top: 0px !important;}&#8221;][vc_column icons_position=&#8221;left&#8221;][trx_title top=&#8221;null&#8221;] Allgemeine Informationen der Bundesagentur\u00a0f\u00fcr Arbeit f\u00fcr deutsche Gastfamilien und Au-pairs [\/trx_title][vc_single_image image=&#8221;1941&#8243; img_size=&#8221;full&#8221; alignment=&#8221;center&#8221;][vc_empty_space height=&#8221;20px&#8221;][vc_empty_space][\/vc_column][\/vc_row][vc_row][vc_column][trx_toggles][trx_toggles_item title=&#8221;Aufgaben eines Au-pairs&#8221;][vc_column_text]Die t\u00e4glichen Aufgaben eines Au-pairs sind sehr unterschiedlich. Sie h\u00e4ngen ganz von der Eigenart und dem Lebensstil der Familie ab, die das Au-pair bei sich aufgenommen hat. Zum [&hellip;]<\/p>\n","protected":false},"author":990158,"featured_media":0,"parent":0,"menu_order":0,"comment_status":"closed","ping_status":"closed","template":"","meta":{"footnotes":""},"class_list":["post-1742","page","type-page","status-publish","hentry"],"_links":{"self":[{"href":"https:\/\/aupairscout.com\/en\/wp-json\/wp\/v2\/pages\/1742","targetHints":{"allow":["GET"]}}],"collection":[{"href":"https:\/\/aupairscout.com\/en\/wp-json\/wp\/v2\/pages"}],"about":[{"href":"https:\/\/aupairscout.com\/en\/wp-json\/wp\/v2\/types\/page"}],"author":[{"embeddable":true,"href":"https:\/\/aupairscout.com\/en\/wp-json\/wp\/v2\/users\/990158"}],"replies":[{"embeddable":true,"href":"https:\/\/aupairscout.com\/en\/wp-json\/wp\/v2\/comments?post=1742"}],"version-history":[{"count":82,"href":"https:\/\/aupairscout.com\/en\/wp-json\/wp\/v2\/pages\/1742\/revisions"}],"predecessor-version":[{"id":1942,"href":"https:\/\/aupairscout.com\/en\/wp-json\/wp\/v2\/pages\/1742\/revisions\/1942"}],"wp:attachment":[{"href":"https:\/\/aupairscout.com\/en\/wp-json\/wp\/v2\/media?parent=1742"}],"curies":[{"name":"wp","href":"https:\/\/api.w.org\/{rel}","templated":true}]}}