{"id":1693,"date":"2022-05-30T10:37:45","date_gmt":"2022-05-30T08:37:45","guid":{"rendered":"https:\/\/aupair.mondoit.de\/?page_id=1693"},"modified":"2025-09-24T18:24:05","modified_gmt":"2025-09-24T16:24:05","slug":"how-it-works-for-families","status":"publish","type":"page","link":"https:\/\/aupairscout.com\/en\/how-it-works-for-families\/","title":{"rendered":"Familien so funktioniert\u2019s"},"content":{"rendered":"<div id=\"pagehead\" class=\"wp-block-group has-global-padding is-layout-constrained wp-block-group-is-layout-constrained\">\n<div class=\"wp-block-columns is-layout-flex wp-container-core-columns-is-layout-28f84493 wp-block-columns-is-layout-flex\">\n<div class=\"wp-block-column is-layout-flow wp-block-column-is-layout-flow\">\n<figure class=\"wp-block-image size-large\"><img loading=\"lazy\" decoding=\"async\" width=\"1024\" height=\"672\" src=\"https:\/\/aupairscout.com\/wp-content\/uploads\/2023\/09\/Registrierung-Familie-1024x672.jpg\" alt=\"au pair placement for host families \" class=\"wp-image-4257\" srcset=\"https:\/\/aupairscout.com\/wp-content\/uploads\/2023\/09\/Registrierung-Familie-1024x672.jpg 1024w, https:\/\/aupairscout.com\/wp-content\/uploads\/2023\/09\/Registrierung-Familie-300x197.jpg 300w, https:\/\/aupairscout.com\/wp-content\/uploads\/2023\/09\/Registrierung-Familie-768x504.jpg 768w, https:\/\/aupairscout.com\/wp-content\/uploads\/2023\/09\/Registrierung-Familie-18x12.jpg 18w, https:\/\/aupairscout.com\/wp-content\/uploads\/2023\/09\/Registrierung-Familie.jpg 1280w\" sizes=\"auto, (max-width: 1024px) 100vw, 1024px\" \/><\/figure>\n<\/div>\n\n\n\n<div class=\"wp-block-column is-layout-flow wp-block-column-is-layout-flow\">\n<h2 class=\"wp-block-heading\"><strong>au pair placement for host families <\/strong>&#8211; <strong>5 steps to becoming your dream au pair<\/strong><\/h2>\n\n\n\n<p>Here you can register as a host family for free and contact au pairs. A membership allows you to read the au pair&#039;s responses and continue to communicate with the au pair, select them and ultimately invite them. If you are unable to create the invitation documents yourself, we will be happy to help you under the &quot;Extra Service&quot; section. Please follow the 5 steps below. Don&#039;t forget to upload more photos and albums after you have registered.<\/p>\n<\/div>\n<\/div>\n<\/div>\n\n\n\n<section class=\"wp-block-group near has-global-padding is-layout-constrained wp-block-group-is-layout-constrained\">\n<div class=\"wp-block-getwid-accordion has-icon-left\" data-active-element=\"0\">\n<div class=\"wp-block-getwid-accordion__header-wrapper\"><span class=\"wp-block-getwid-accordion__header\"><a href=\"#\"><span class=\"wp-block-getwid-accordion__header-title\">Registration<\/span><span class=\"wp-block-getwid-accordion__icon is-active\"><i class=\"\"><\/i><\/span><span class=\"wp-block-getwid-accordion__icon is-passive\"><i class=\"\"><\/i><\/span><\/a><\/span><\/div><div class=\"wp-block-getwid-accordion__content-wrapper\"><div class=\"wp-block-getwid-accordion__content\">\n<p>Would you like to find an au pair as a host family? Registration is free and non-binding.<\/p>\n\n\n\n<p>Then register on our site by filling out the questionnaire completely and truthfully.<\/p>\n\n\n\n<p>Add nice photos of your family, yourself, your children, your apartment\/house\/environment and the future room for the au pair, along with a nice letter to the future au pair, but without personal contact details!<\/p>\n\n\n\n<p>Once you have completed your registration, you will receive a copy of your profile, your profile number and your registration data via email.<\/p>\n\n\n\n<p><strong>We will never publish your personal contact details.<\/strong><\/p>\n<\/div><\/div>\n\n\n\n<div class=\"wp-block-getwid-accordion__header-wrapper\"><span class=\"wp-block-getwid-accordion__header\"><a href=\"#\"><span class=\"wp-block-getwid-accordion__header-title\">Activation<\/span><span class=\"wp-block-getwid-accordion__icon is-active\"><i class=\"\"><\/i><\/span><span class=\"wp-block-getwid-accordion__icon is-passive\"><i class=\"\"><\/i><\/span><\/a><\/span><\/div><div class=\"wp-block-getwid-accordion__content-wrapper\"><div class=\"wp-block-getwid-accordion__content\">\n<p>After we receive your profile, we will review it and activate it within 24 \u2013 48 hours \u2013 if there are no questions from us.<\/p>\n<\/div><\/div>\n\n\n\n<div class=\"wp-block-getwid-accordion__header-wrapper\"><span class=\"wp-block-getwid-accordion__header\"><a href=\"#\"><span class=\"wp-block-getwid-accordion__header-title\">Search and find<\/span><span class=\"wp-block-getwid-accordion__icon is-active\"><i class=\"\"><\/i><\/span><span class=\"wp-block-getwid-accordion__icon is-passive\"><i class=\"\"><\/i><\/span><\/a><\/span><\/div><div class=\"wp-block-getwid-accordion__content-wrapper\"><div class=\"wp-block-getwid-accordion__content\">\n<p>After your free registration, you have the opportunity to choose one of the 3 membership options offered, which only differ in their duration.<\/p>\n\n\n\n<p>Now you can \u2013 whenever you want \u2013 browse through our constantly updated au pair gallery or use our convenient au pair search and contact suitable au pairs with a click of the mouse.<\/p>\n\n\n\n<p><strong>Our guarantee for families.<\/strong><\/p>\n\n\n\n<p>With us you have the opportunity to find an au pair yourself from EUR 10 per month. Please refer to our &quot;subscription prices&quot; for this. Have you found an au pair and would you like us to help you find them and initiate the process for you? In this case we will refund the subscription fee you have already paid and offset it against the placement fees incurred.<\/p>\n<\/div><\/div>\n\n\n\n<div class=\"wp-block-getwid-accordion__header-wrapper\"><span class=\"wp-block-getwid-accordion__header\"><a href=\"#\"><span class=\"wp-block-getwid-accordion__header-title\">Chat<\/span><span class=\"wp-block-getwid-accordion__icon is-active\"><i class=\"\"><\/i><\/span><span class=\"wp-block-getwid-accordion__icon is-passive\"><i class=\"\"><\/i><\/span><\/a><\/span><\/div><div class=\"wp-block-getwid-accordion__content-wrapper\"><div class=\"wp-block-getwid-accordion__content\">\n<p>You can contact your desired au pair via chat, exchange information and get to know them, and express your serious interest. Of course, you also have the option of communicating with other au pairs before you make a final decision. We have put together tips for the getting-to-know-you phase in your personal area under FAQ.<\/p>\n<\/div><\/div>\n\n\n\n<div class=\"wp-block-getwid-accordion__header-wrapper\"><span class=\"wp-block-getwid-accordion__header\"><a href=\"#\"><span class=\"wp-block-getwid-accordion__header-title\">Mediation<\/span><span class=\"wp-block-getwid-accordion__icon is-active\"><i class=\"\"><\/i><\/span><span class=\"wp-block-getwid-accordion__icon is-passive\"><i class=\"\"><\/i><\/span><\/a><\/span><\/div><div class=\"wp-block-getwid-accordion__content-wrapper\"><div class=\"wp-block-getwid-accordion__content\">\n<p>Have you chosen a nice au pair and is the au pair interested in your family? Then you can arrange everything else yourself. You can find more information about the procedure under \u201cFrequently Asked Questions\u201d.<\/p>\n\n\n\n<p><strong>Our guarantee for families.<\/strong><\/p>\n\n\n\n<p>With us you have the opportunity to find an au pair yourself from EUR 10 per month. Please refer to our &quot;subscription prices&quot; for this. Have you found an au pair and would you like us to help you find them and initiate the process for you? In this case we will refund the subscription fee you have already paid and offset it against the placement fees incurred.<\/p>\n<\/div><\/div>\n<\/div>\n\n\n\n<div class=\"wp-block-group aupair is-layout-flow wp-block-group-is-layout-flow\">\n<div class=\"wp-block-buttons is-layout-flex wp-block-buttons-is-layout-flex\">\n<div class=\"wp-block-button CTA\"><a class=\"wp-block-button__link wp-element-button\" href=\"\/familien-registrierung\/\">Let&#039;s go<\/a><\/div>\n<\/div>\n<\/div>\n<\/section>\n\n\n\n<section class=\"wp-block-group with-background has-global-padding is-layout-constrained wp-block-group-is-layout-constrained\">\n<h3 class=\"wp-block-heading\">Still questions?<\/h3>\n\n\n\n<p>ANY MORE QUESTIONS? If you have any questions, problems or suggestions, we are happy to help you during normal office hours. You can reach us by phone, email or contact form. Under the heading &quot;frequently asked questions&quot; we have put together a list of questions and answers - divided into subject areas.<\/p>\n<\/section>","protected":false},"excerpt":{"rendered":"<p>Au-pair Vermittlung f\u00fcr Gastfamilien &#8211; in 5 Schritten zum Wunsch-Au-pair Hier k\u00f6nnen Sie sich als Gastfamilie kostenlos registrieren und Au-pairs kontaktieren. Eine Mitgliedschaft erm\u00f6glicht es Ihnen, die Au-pair-Antworten zu lesen und mit dem Au-pair weiter zu kommunizieren, es auszuw\u00e4hlen und letztendes einzuladen. Sollte es Ihnen nicht m\u00f6glich sein, selbst die Einladungs-Unterlagen zu erstellen, helfen wir [&hellip;]<\/p>\n","protected":false},"author":990158,"featured_media":0,"parent":0,"menu_order":0,"comment_status":"closed","ping_status":"closed","template":"","meta":{"footnotes":""},"class_list":["post-1693","page","type-page","status-publish","hentry"],"_links":{"self":[{"href":"https:\/\/aupairscout.com\/en\/wp-json\/wp\/v2\/pages\/1693","targetHints":{"allow":["GET"]}}],"collection":[{"href":"https:\/\/aupairscout.com\/en\/wp-json\/wp\/v2\/pages"}],"about":[{"href":"https:\/\/aupairscout.com\/en\/wp-json\/wp\/v2\/types\/page"}],"author":[{"embeddable":true,"href":"https:\/\/aupairscout.com\/en\/wp-json\/wp\/v2\/users\/990158"}],"replies":[{"embeddable":true,"href":"https:\/\/aupairscout.com\/en\/wp-json\/wp\/v2\/comments?post=1693"}],"version-history":[{"count":18,"href":"https:\/\/aupairscout.com\/en\/wp-json\/wp\/v2\/pages\/1693\/revisions"}],"predecessor-version":[{"id":6471,"href":"https:\/\/aupairscout.com\/en\/wp-json\/wp\/v2\/pages\/1693\/revisions\/6471"}],"wp:attachment":[{"href":"https:\/\/aupairscout.com\/en\/wp-json\/wp\/v2\/media?parent=1693"}],"curies":[{"name":"wp","href":"https:\/\/api.w.org\/{rel}","templated":true}]}}