{"id":10,"date":"2016-04-15T14:40:44","date_gmt":"2016-04-15T14:40:44","guid":{"rendered":"https:\/\/au-pair-agency.axiomthemes.com.dv.axiomthemes.com\/?page_id=10"},"modified":"2025-03-13T16:49:58","modified_gmt":"2025-03-13T15:49:58","slug":"about-aupairscout","status":"publish","type":"page","link":"https:\/\/aupairscout.com\/en\/about-aupairscout\/","title":{"rendered":"About AuPair Scout"},"content":{"rendered":"<section class=\"wp-block-group has-global-padding is-layout-constrained wp-block-group-is-layout-constrained\">\n<h2 class=\"wp-block-heading centred\"><strong>Aupairzentrale is now AuPairScout<\/strong><\/h2>\n\n\n\n<div class=\"wp-block-columns is-layout-flex wp-container-core-columns-is-layout-28f84493 wp-block-columns-is-layout-flex\">\n<div class=\"wp-block-column is-layout-flow wp-block-column-is-layout-flow\">\n<figure class=\"wp-block-image size-full\"><img loading=\"lazy\" decoding=\"async\" width=\"900\" height=\"600\" src=\"https:\/\/aupairscout.com\/wp-content\/uploads\/2025\/03\/Au-pair-Scout-weltweit.jpg\" alt=\"AuPairScout offers the possibility of a worldwide exchange between au pairs, host families, agencies, language schools and au pair clubs. \" class=\"wp-image-6852\" srcset=\"https:\/\/aupairscout.com\/wp-content\/uploads\/2025\/03\/Au-pair-Scout-weltweit.jpg 900w, https:\/\/aupairscout.com\/wp-content\/uploads\/2025\/03\/Au-pair-Scout-weltweit-300x200.jpg 300w, https:\/\/aupairscout.com\/wp-content\/uploads\/2025\/03\/Au-pair-Scout-weltweit-768x512.jpg 768w, https:\/\/aupairscout.com\/wp-content\/uploads\/2025\/03\/Au-pair-Scout-weltweit-18x12.jpg 18w, https:\/\/aupairscout.com\/wp-content\/uploads\/2025\/03\/Au-pair-Scout-weltweit-600x400.jpg 600w\" sizes=\"auto, (max-width: 900px) 100vw, 900px\" \/><\/figure>\n<\/div>\n\n\n\n<div class=\"wp-block-column is-layout-flow wp-block-column-is-layout-flow\">\n<figure class=\"wp-block-image size-full\"><img loading=\"lazy\" decoding=\"async\" width=\"900\" height=\"600\" src=\"https:\/\/aupairscout.com\/wp-content\/uploads\/2025\/03\/Au-pair-Zentrale-seit-1997.jpg\" alt=\"Since the Aupairzentrale was founded in 1997, we have been a full-service internet agency that successfully places au pairs with host families in Germany.\" class=\"wp-image-6853\" srcset=\"https:\/\/aupairscout.com\/wp-content\/uploads\/2025\/03\/Au-pair-Zentrale-seit-1997.jpg 900w, https:\/\/aupairscout.com\/wp-content\/uploads\/2025\/03\/Au-pair-Zentrale-seit-1997-300x200.jpg 300w, https:\/\/aupairscout.com\/wp-content\/uploads\/2025\/03\/Au-pair-Zentrale-seit-1997-768x512.jpg 768w, https:\/\/aupairscout.com\/wp-content\/uploads\/2025\/03\/Au-pair-Zentrale-seit-1997-18x12.jpg 18w, https:\/\/aupairscout.com\/wp-content\/uploads\/2025\/03\/Au-pair-Zentrale-seit-1997-600x400.jpg 600w\" sizes=\"auto, (max-width: 900px) 100vw, 900px\" \/><\/figure>\n<\/div>\n<\/div>\n\n\n\n<p>Since the Aupairzentrale was founded in 1997 \u2013 2023, we have been successfully placing au pairs with host families in Germany as a full-service internet agency.<\/p>\n\n\n\n<p>With AuPairScout since 01.2024 \u2013 \u221e . Based on this experience \u2013 we have reoriented ourselves in au pair placement. You now have access to a modern, contemporary and customer-oriented internet presentation.<\/p>\n\n\n\n<p>But above all: AuPairScout will now offer you the opportunity for a worldwide exchange between au pairs, host families, agencies, language schools and au pair clubs with its new concept. Of course, we will continue to be available to advise you.<\/p>\n\n\n\n<p><strong>Our experience:<\/strong> Over time, we have been able to gain a very large number of regular customers \u2013 including numerous public figures \u2013 who continue to trust us year after year.<\/p>\n\n\n\n<p><strong>Our motto:<\/strong> Quality comes before quantity! The vast majority of our au pairs are registered with us through our partner agencies. This gives you the assurance that all information provided in the au pairs&#039; profiles has been checked on site. Au pairs not registered through partner agencies are interviewed in detail by us.<\/p>\n\n\n\n<div class=\"wp-block-columns is-layout-flex wp-container-core-columns-is-layout-28f84493 wp-block-columns-is-layout-flex\">\n<div class=\"wp-block-column is-layout-flow wp-block-column-is-layout-flow\">\n<ul class=\"wp-block-list checked\">\n<li>Au pair experience since 1997<\/li>\n\n\n\n<li>Free Registration<\/li>\n\n\n\n<li>Transparent Prices<\/li>\n\n\n\n<li>Detailed FAQs<\/li>\n\n\n\n<li>Verified Profiles<\/li>\n<\/ul>\n<\/div>\n\n\n\n<div class=\"wp-block-column is-layout-flow wp-block-column-is-layout-flow\">\n<ul class=\"wp-block-list checked\">\n<li>Encrypted SSL security<\/li>\n\n\n\n<li>E-Mail and phone Support<\/li>\n\n\n\n<li>Agencies with advice<\/li>\n\n\n\n<li>Language schools<\/li>\n\n\n\n<li>Au-pair clubs<\/li>\n<\/ul>\n<\/div>\n<\/div>\n<\/section>","protected":false},"excerpt":{"rendered":"<p>Aupairzentrale ist jetzt AuPairScout Seit Gr\u00fcndung der Aupairzentrale im Jahre 1997 &#8211; 2023, vermitteln wir als Full Service Internet-Agentur erfolgreich Au-pairs an Gastfamilien in Deutschland. Mit AuPairScout seit 01.2024 &#8211; \u221e . basierend auf dieser Erfahrung \u2013 haben wir uns bei der Au-pair-Vermittlung neu orientiert. Ihnen er\u00f6ffnet sich nunmehr eine moderne, zeitgem\u00e4\u00dfe und kundenorientierte Internet-Pr\u00e4sentation. [&hellip;]<\/p>\n","protected":false},"author":990158,"featured_media":0,"parent":0,"menu_order":0,"comment_status":"closed","ping_status":"closed","template":"","meta":{"footnotes":""},"class_list":["post-10","page","type-page","status-publish","hentry"],"_links":{"self":[{"href":"https:\/\/aupairscout.com\/en\/wp-json\/wp\/v2\/pages\/10","targetHints":{"allow":["GET"]}}],"collection":[{"href":"https:\/\/aupairscout.com\/en\/wp-json\/wp\/v2\/pages"}],"about":[{"href":"https:\/\/aupairscout.com\/en\/wp-json\/wp\/v2\/types\/page"}],"author":[{"embeddable":true,"href":"https:\/\/aupairscout.com\/en\/wp-json\/wp\/v2\/users\/990158"}],"replies":[{"embeddable":true,"href":"https:\/\/aupairscout.com\/en\/wp-json\/wp\/v2\/comments?post=10"}],"version-history":[{"count":11,"href":"https:\/\/aupairscout.com\/en\/wp-json\/wp\/v2\/pages\/10\/revisions"}],"predecessor-version":[{"id":6856,"href":"https:\/\/aupairscout.com\/en\/wp-json\/wp\/v2\/pages\/10\/revisions\/6856"}],"wp:attachment":[{"href":"https:\/\/aupairscout.com\/en\/wp-json\/wp\/v2\/media?parent=10"}],"curies":[{"name":"wp","href":"https:\/\/api.w.org\/{rel}","templated":true}]}}